{"id":19,"date":"2013-12-11T10:51:42","date_gmt":"2013-12-11T09:51:42","guid":{"rendered":"http:\/\/blog.uclm.es\/anasanz\/?page_id=19"},"modified":"2013-12-11T10:51:42","modified_gmt":"2013-12-11T09:51:42","slug":"curriculum-2","status":"publish","type":"page","link":"https:\/\/blog.uclm.es\/anasanz\/curriculum-2\/","title":{"rendered":"Curriculum"},"content":{"rendered":"<div class=\"Section1\">\n<table class=\"MsoTableGrid\" style=\"width: 477.0pt;border-collapse: collapse\" border=\"0\" width=\"636\" cellspacing=\"0\" cellpadding=\"0\">\n<tbody>\n<tr>\n<td style=\"width: 477.0pt;padding: 0cm 5.4pt 0cm 5.4pt\" valign=\"top\" width=\"636\">\n<p class=\"MsoNormal\"><b><span style=\"font-size: 18.0pt;color: maroon\">Datos Personales:<\/span><\/b><\/p>\n<p class=\"MsoNormal\">Nombre: Ana Mar\u00eda Sanz Redondo<\/p>\n<p class=\"MsoNormal\">Nacionalidad: Espa\u00f1ola<\/p>\n<p class=\"MsoNormal\">Lugar de nacimiento: Madrid<\/p>\n<p class=\"MsoNormal\">Especializaci\u00f3n (C\u00f3digos UNESCO): <b>2504<\/b>.(02, 04, 07) y <b>2505.<\/b>(02,03, 08)<\/p>\n<p class=\"MsoNormal\"><b><span style=\"font-size: 18.0pt;color: maroon\">Situaci\u00f3n Profesional Actual:<\/span><\/b><\/p>\n<p class=\"MsoNormal\" style=\"text-align: justify\">Categor\u00eda Profesional y Fecha de Inicio<i>: <b>Titular de Universidad (14-IV-02)<\/b><\/i><\/p>\n<p class=\"MsoNormal\" style=\"text-align: justify\">Organismo<i>:<b> Universidad de Castilla-La Mancha<\/b><\/i><\/p>\n<p class=\"MsoNormal\" style=\"text-align: justify\">Facultad, Escuela o Instituto<i>: <span class=\"SpellE\"><b>E.T.S.I<\/b><\/span><b>. Caminos, Canales y Puertos<\/b><\/i><\/p>\n<p class=\"MsoNormal\" style=\"text-align: justify\">Departamento<i>: <b>Ingenier\u00eda Geol\u00f3gica y Minera<\/b><\/i><\/p>\n<p class=\"MsoNormal\" style=\"text-align: justify\">Direcci\u00f3n Postal<i>: <span class=\"SpellE\"><b>Avda<\/b><\/span><b>. Camilo Jos\u00e9 Cela s\/n 13071 Ciudad Real<\/b><\/i><\/p>\n<p class=\"MsoNormal\" style=\"text-align: justify\">Tel\u00e9fono<i>: <b>034-926\/295454 <\/b><\/i><\/p>\n<p class=\"MsoNormal\">Asignaturas:<i>\u00a0\u00a0\u00a0\u00a0 <\/i><\/p>\n<p class=\"MsoNormal\"><b><i>\u00a0 \u00a0 \u00a0 \u00a0 \u00a0 \u00a0\u00a0Topograf\u00eda<\/i><\/b><\/p>\n<p class=\"MsoNormal\"><b><i>\u00a0\u00a0\u00a0\u00a0\u00a0\u00a0\u00a0\u00a0\u00a0\u00a0\u00a0 TP: Expresi\u00f3n Gr\u00e1fica-Cartogr\u00e1fica<\/i><\/b><\/p>\n<p class=\"MsoNormal\"><b><i>\u00a0\u00a0\u00a0\u00a0\u00a0\u00a0\u00a0\u00a0\u00a0\u00a0\u00a0 TP: Herramientas para el An\u00e1lisis del Territorio<\/i><\/b><\/p>\n<p class=\"MsoNormal\"><b><\/b><b><span style=\"font-size: 18.0pt;color: maroon\">Actividades Anteriores de Car\u00e1cter Cient\u00edfico o Profesional:<\/span><\/b><\/p>\n<p class=\"MsoNormal\"><b>\u00a0<\/b>Puesto: <b>Becaria de Investigaci\u00f3n<\/b><\/p>\n<p class=\"MsoNormal\" style=\"margin-left: 35.4pt;text-align: justify;text-indent: -35.4pt\">Instituci\u00f3n: Direcci\u00f3n General de Investigaci\u00f3n Agraria Junta de Andaluc\u00eda<\/p>\n<p class=\"MsoNormal\" style=\"margin-left: 35.4pt;text-align: justify;text-indent: -35.4pt\">Fecha: <b><i>1-IX-93<\/i><\/b><\/p>\n<p class=\"MsoNormal\" style=\"margin-left: 35.4pt;text-align: justify;text-indent: -35.4pt\">Puesto: <b>Profesora Asociada<\/b><\/p>\n<p class=\"MsoNormal\" style=\"margin-left: 35.4pt;text-align: justify;text-indent: -35.4pt\">Instituci\u00f3n: <span class=\"SpellE\">E.T.S.I<\/span>. Agr\u00f3nomos y Montes de C\u00f3rdoba<\/p>\n<p class=\"MsoNormal\" style=\"margin-left: 35.4pt;text-align: justify;text-indent: -35.4pt\">Fecha: <b><i>1-VI-97<\/i><\/b><b><i><\/i><\/b><\/p>\n<p class=\"MsoNormal\" style=\"margin-left: 35.4pt;text-align: justify;text-indent: -35.4pt\">Puesto: <b>Profesora Asociada Tiempo Completo<\/b><\/p>\n<p class=\"MsoNormal\" style=\"margin-left: 35.4pt;text-align: justify;text-indent: -35.4pt\">Instituci\u00f3n: <span class=\"SpellE\">E.T.S.I<\/span>. Caminos, Canales y Puertos de Ciudad Real<\/p>\n<p class=\"MsoNormal\" style=\"margin-left: 35.4pt;text-align: justify;text-indent: -35.4pt\">Fecha: <b><i>1-X-98<\/i><\/b><\/p>\n<p class=\"MsoNormal\" style=\"margin-left: 35.4pt;text-indent: -35.4pt\"><b style=\"line-height: 19px\"><span style=\"font-size: 18.0pt;color: maroon\">Formaci\u00f3n Acad\u00e9mica:<\/span><\/b><\/p>\n<p class=\"MsoNormal\"><span style=\"line-height: 19px\">T\u00edtulo: <\/span><b style=\"line-height: 19px\">Doctor Ingeniero T\u00e9cnico Superior Agr\u00f3nomo<\/b><\/p>\n<p class=\"MsoNormal\">Universidad: \u00a0\u00a0\u00a0 <span class=\"SpellE\">E.T.S.I<\/span>. Agr\u00f3nomos y Montes de C\u00f3rdoba<\/p>\n<p class=\"MsoNormal\">Fecha:\u00a0\u00a0\u00a0\u00a0\u00a0\u00a0\u00a0\u00a0\u00a0\u00a0\u00a0\u00a0\u00a0 29-IX-97<\/p>\n<p class=\"MsoNormal\">T\u00edtulo: <b>Ingeniero T\u00e9cnico Superior Agr\u00f3nomo<\/b><\/p>\n<p class=\"MsoNormal\">Universidad: \u00a0\u00a0\u00a0 <span class=\"SpellE\">E.T.S.I<\/span>. Agr\u00f3nomos y Montes de C\u00f3rdoba<\/p>\n<p class=\"MsoNormal\">Fecha:\u00a0\u00a0\u00a0\u00a0\u00a0\u00a0\u00a0\u00a0\u00a0\u00a0\u00a0\u00a0\u00a0 24-II-93<\/p>\n<p class=\"MsoNormal\"><b><i>\u00a0<\/i><\/b><b><span style=\"font-size: 18.0pt;color: maroon\">Publicaciones:<\/span><\/b><\/p>\n<p class=\"MsoNormal\"><span style=\"color: #0000ff\"><strong><a href=\"http:\/\/blog.uclm.es\/anasanz\"><span style=\"color: #0000ff\">Ver Publicaciones<\/span><\/a><\/strong><\/span><\/p>\n<p class=\"MsoNormal\"><b><span style=\"font-size: 18.0pt;color: maroon\">Estancias en centros de Investigaci\u00f3n:<\/span><\/b><\/p>\n<p class=\"MsoNormal\">Estancia realizada en el <strong><span style=\"color: #0000ff\"><a href=\"http:\/\/www.hutton.ac.uk\/\"><span style=\"color: #0000ff\">James Hutton <span class=\"SpellE\">Institute<\/span><\/span><\/a> <\/span>de Escocia (Gran Breta\u00f1a)<\/strong><\/p>\n<p class=\"MsoNormal\">Duraci\u00f3n: 1 mes<\/p>\n<p class=\"MsoNormal\">Fechas: 1-31 Julio de 2013<\/p>\n<p class=\"MsoNormal\">Investigador responsable: Jos\u00e9 Mu\u00f1oz <span class=\"SpellE\">Moren\u00e9s<\/span><\/p>\n<p class=\"MsoNormal\"><b><span style=\"font-size: 18.0pt;color: maroon\">Idiomas:<\/span><\/b><\/p>\n<p class=\"MsoNormal\"><b>Espa\u00f1ol<\/b>: habla, lee y escribe (lengua materna)<\/p>\n<p class=\"MsoNormal\"><b>Franc\u00e9s<\/b>: habla, lee y escribe (nivel medio-alto)<\/p>\n<p class=\"MsoNormal\"><b>Ingl\u00e9s<\/b>: habla, lee y escribe (nivel avanzado: B2)<\/p>\n<p class=\"MsoNormal\"><b>\u00a0<\/b><\/p>\n<\/td>\n<\/tr>\n<\/tbody>\n<\/table>\n<p class=\"MsoNormal\">\n<\/div>\n","protected":false},"excerpt":{"rendered":"<p>Datos Personales: Nombre: Ana Mar\u00eda Sanz Redondo Nacionalidad: Espa\u00f1ola Lugar de nacimiento: Madrid Especializaci\u00f3n (C\u00f3digos UNESCO): 2504.(02, 04, 07) y 2505.(02,03, 08) Situaci\u00f3n Profesional Actual: Categor\u00eda Profesional y Fecha de Inicio: Titular de Universidad (14-IV-02) Organismo: Universidad de Castilla-La Mancha Facultad, Escuela o Instituto: E.T.S.I. Caminos, Canales y Puertos Departamento: Ingenier\u00eda Geol\u00f3gica y Minera Direcci\u00f3n &hellip; <a href=\"https:\/\/blog.uclm.es\/anasanz\/curriculum-2\/\" class=\"more-link\">Continuar leyendo<span class=\"screen-reader-text\"> \u00abCurriculum\u00bb<\/span><\/a><\/p>\n","protected":false},"author":48,"featured_media":0,"parent":0,"menu_order":2,"comment_status":"closed","ping_status":"closed","template":"","meta":{"footnotes":""},"class_list":["post-19","page","type-page","status-publish","hentry"],"_links":{"self":[{"href":"https:\/\/blog.uclm.es\/anasanz\/wp-json\/wp\/v2\/pages\/19","targetHints":{"allow":["GET"]}}],"collection":[{"href":"https:\/\/blog.uclm.es\/anasanz\/wp-json\/wp\/v2\/pages"}],"about":[{"href":"https:\/\/blog.uclm.es\/anasanz\/wp-json\/wp\/v2\/types\/page"}],"author":[{"embeddable":true,"href":"https:\/\/blog.uclm.es\/anasanz\/wp-json\/wp\/v2\/users\/48"}],"replies":[{"embeddable":true,"href":"https:\/\/blog.uclm.es\/anasanz\/wp-json\/wp\/v2\/comments?post=19"}],"version-history":[{"count":0,"href":"https:\/\/blog.uclm.es\/anasanz\/wp-json\/wp\/v2\/pages\/19\/revisions"}],"wp:attachment":[{"href":"https:\/\/blog.uclm.es\/anasanz\/wp-json\/wp\/v2\/media?parent=19"}],"curies":[{"name":"wp","href":"https:\/\/api.w.org\/{rel}","templated":true}]}}