{"id":15,"date":"2013-12-11T10:49:51","date_gmt":"2013-12-11T09:49:51","guid":{"rendered":"http:\/\/blog.uclm.es\/anasanz\/?page_id=15"},"modified":"2013-12-11T10:49:51","modified_gmt":"2013-12-11T09:49:51","slug":"publicaciones-2","status":"publish","type":"page","link":"https:\/\/blog.uclm.es\/anasanz\/publicaciones-2\/","title":{"rendered":"Proyectos con Empresas"},"content":{"rendered":"<p>&nbsp;<\/p>\n<table width=\"559\" border=\"0\" cellspacing=\"0\" cellpadding=\"0\">\n<tbody>\n<tr>\n<td valign=\"top\" width=\"559\"><span style=\"color: #800000\"><b>PARTICIPACION EN CONTRATOS DE INVESTIGACION DE ESPECIAL\u00a0 RELEVANCIA CON EMPRESAS Y\/O ADMINISTRACIONES (en los \u00faltimos 5 a\u00f1os)<\/b><\/span><i>\u00a0<\/i><i>\u00a0<\/i>&nbsp;<\/p>\n<p><i>TITULO DEL CONTRATO: <\/i><b><i>SIG Caminos Rurales<\/i><\/b><i><\/i><br \/>\n<i>EMPRESA\/ADMINISTRACI\u00d3N FINANCIADORA: <span style=\"color: #3366ff\">AENOR<\/span><\/i><br \/>\n<i>DURACI\u00d3N DESDE: Marzo 2008\u00a0\u00a0\u00a0\u00a0\u00a0\u00a0\u00a0\u00a0 HASTA: Marzo 2008<\/i><\/p>\n<p><i>INVESTIGADOR RESPONSABLE: Ana M\u00aa Sanz Redondo<\/i><\/p>\n<p><i>\u00a0<\/i><\/p>\n<p><i>\u00a0<\/i><\/p>\n<p><i>TITULO DEL CONTRATO<b>: <\/b><\/i><b><i>Cinqoli-Noisemaps (Red de Indicadores Cuantitativos para la Mejora del Medio Ambiente y la Calidad de Vida en las Ciudades: Cartograf\u00eda del Ruido)<\/i><\/b><br \/>\n<i>EMPRESA\/ADMINISTRACI\u00d3N FINANCIADORA: <span style=\"color: #3366ff\">AENOR<\/span><\/i><br \/>\n<i>DURACI\u00d3N DESDE: Diciembre\u00a0 2009\u00a0\u00a0\u00a0\u00a0\u00a0\u00a0\u00a0\u00a0 HASTA: Diciembre\u00a0 2009<\/i><\/p>\n<p><i>INVESTIGADOR RESPONSABLE: Ana M\u00aa Sanz Redondo<\/i><\/p>\n<p><i>\u00a0<\/i><\/p>\n<p><i>TITULO DEL CONTRATO<\/i><i>: <b>Evaluaci\u00f3n\u00a0 como Tep\/Supervisor del Proyecto de Referencia 068\/1174: <\/b><\/i><b><i>\u201cSistema De Gesti\u00f3n De Informaci\u00f3n Geogr\u00e1fica Para El Servicio Postal\u201d<\/i><\/b><br \/>\n<i>EMPRESA\/ADMINISTRACI\u00d3N FINANCIADORA: <span style=\"color: #3366ff\">AENOR<\/span><\/i><br \/>\n<i>DURACI\u00d3N DESDE:\u00a0 2010\u00a0\u00a0\u00a0\u00a0\u00a0\u00a0\u00a0\u00a0 HASTA: 2010<\/i><\/p>\n<p><i>INVESTIGADOR RESPONSABLE: Ana M\u00aa Sanz Redondo<\/i><\/p>\n<p><i>\u00a0<\/i><\/p>\n<p><i>\u00a0<\/i><\/p>\n<p><i>TITULO DEL CONTRATO<\/i><i>: <\/i><b><i>Evaluaci\u00f3n\u00a0 como Tep\/Supervisor del Proyecto de Referencia 068\/1655: Desarrollo de un Sistema para la Extracci\u00f3n de Informaci\u00f3n \u00fatil a partir de datos de Sensores L\u00e1ser Aerotransportados y terrestres Aplicados a ala Obra Civil.<\/i><\/b><b><i><\/i><\/b><br \/>\n<i>EMPRESA\/ADMINISTRACI\u00d3N FINANCIADORA: <span style=\"color: #3366ff\">AENOR<\/span><\/i><br \/>\n<i>DURACI\u00d3N DESDE: 2012\u00a0\u00a0\u00a0\u00a0\u00a0\u00a0\u00a0\u00a0 HASTA: 2012<\/i><\/p>\n<p><i>INVESTIGADOR RESPONSABLE: Ana M\u00aa Sanz Redondo<\/i><\/p>\n<p><i>\u00a0<\/i><\/p>\n<p><i>\u00a0<\/i><\/p>\n<p><i>TITULO DEL CONTRATO<\/i><i>: <b>Evaluaci\u00f3n\u00a0 como Tep\/Supervisor del Proyecto de Referencia 068\/1592: Desarrollo de un Sistema de navegaci\u00f3n WEB para la Cartograf\u00eda de operaci\u00f3n de la Red de metro de Madrid.<\/b><\/i><b><i><\/i><\/b><br \/>\n<i>EMPRESA\/ADMINISTRACI\u00d3N FINANCIADORA: <span style=\"color: #3366ff\">AENOR<\/span><\/i><br \/>\n<i>DURACI\u00d3N DESDE: 2012\u00a0\u00a0\u00a0\u00a0\u00a0\u00a0\u00a0\u00a0 HASTA: 2012<\/i><\/p>\n<p><i>INVESTIGADOR RESPONSABLE: Ana M\u00aa Sanz Redondo<\/i><\/p>\n<p><i>\u00a0<\/i><\/p>\n<p>&nbsp;<\/p>\n<p>&nbsp;<\/p>\n<p>&nbsp;<\/td>\n<\/tr>\n<\/tbody>\n<\/table>\n<p><i>\u00a0<\/i><\/p>\n","protected":false},"excerpt":{"rendered":"<p>&nbsp; PARTICIPACION EN CONTRATOS DE INVESTIGACION DE ESPECIAL\u00a0 RELEVANCIA CON EMPRESAS Y\/O ADMINISTRACIONES (en los \u00faltimos 5 a\u00f1os)\u00a0\u00a0&nbsp; TITULO DEL CONTRATO: SIG Caminos Rurales EMPRESA\/ADMINISTRACI\u00d3N FINANCIADORA: AENOR DURACI\u00d3N DESDE: Marzo 2008\u00a0\u00a0\u00a0\u00a0\u00a0\u00a0\u00a0\u00a0 HASTA: Marzo 2008 INVESTIGADOR RESPONSABLE: Ana M\u00aa Sanz Redondo \u00a0 \u00a0 TITULO DEL CONTRATO: Cinqoli-Noisemaps (Red de Indicadores Cuantitativos para la Mejora del Medio &hellip; <a href=\"https:\/\/blog.uclm.es\/anasanz\/publicaciones-2\/\" class=\"more-link\">Continuar leyendo<span class=\"screen-reader-text\"> \u00abProyectos con Empresas\u00bb<\/span><\/a><\/p>\n","protected":false},"author":48,"featured_media":0,"parent":0,"menu_order":5,"comment_status":"closed","ping_status":"closed","template":"","meta":{"footnotes":""},"class_list":["post-15","page","type-page","status-publish","hentry"],"_links":{"self":[{"href":"https:\/\/blog.uclm.es\/anasanz\/wp-json\/wp\/v2\/pages\/15","targetHints":{"allow":["GET"]}}],"collection":[{"href":"https:\/\/blog.uclm.es\/anasanz\/wp-json\/wp\/v2\/pages"}],"about":[{"href":"https:\/\/blog.uclm.es\/anasanz\/wp-json\/wp\/v2\/types\/page"}],"author":[{"embeddable":true,"href":"https:\/\/blog.uclm.es\/anasanz\/wp-json\/wp\/v2\/users\/48"}],"replies":[{"embeddable":true,"href":"https:\/\/blog.uclm.es\/anasanz\/wp-json\/wp\/v2\/comments?post=15"}],"version-history":[{"count":0,"href":"https:\/\/blog.uclm.es\/anasanz\/wp-json\/wp\/v2\/pages\/15\/revisions"}],"wp:attachment":[{"href":"https:\/\/blog.uclm.es\/anasanz\/wp-json\/wp\/v2\/media?parent=15"}],"curies":[{"name":"wp","href":"https:\/\/api.w.org\/{rel}","templated":true}]}}