{"id":209,"date":"2022-07-25T10:32:04","date_gmt":"2022-07-25T09:32:04","guid":{"rendered":"https:\/\/blogdev.uclm.es\/fullsite\/?page_id=209"},"modified":"2026-03-13T15:01:41","modified_gmt":"2026-03-13T14:01:41","slug":"bio","status":"publish","type":"page","link":"https:\/\/blog.uclm.es\/anarubio\/","title":{"rendered":"Inicio"},"content":{"rendered":"\n<figure class=\"wp-block-image aligncenter size-full is-resized is-style-rounded wp-duotone-rgb131313-ffffff-1\"><img loading=\"lazy\" decoding=\"async\" width=\"714\" height=\"715\" src=\"https:\/\/blog.uclm.es\/anarubio\/wp-content\/uploads\/sites\/293\/2024\/12\/2024-12-13-11_51_01.35001004.jpg\" alt=\"\" class=\"wp-image-382\" style=\"aspect-ratio:1;width:242px;height:auto\" srcset=\"https:\/\/blog.uclm.es\/anarubio\/wp-content\/uploads\/sites\/293\/2024\/12\/2024-12-13-11_51_01.35001004.jpg 714w, https:\/\/blog.uclm.es\/anarubio\/wp-content\/uploads\/sites\/293\/2024\/12\/2024-12-13-11_51_01.35001004-300x300.jpg 300w, https:\/\/blog.uclm.es\/anarubio\/wp-content\/uploads\/sites\/293\/2024\/12\/2024-12-13-11_51_01.35001004-150x150.jpg 150w\" sizes=\"auto, (max-width: 714px) 100vw, 714px\" \/><\/figure>\n\n\n\n<blockquote class=\"wp-block-quote has-text-align-center is-style-large is-style-default is-layout-flow wp-block-quote-is-layout-flow\" style=\"font-size:12px\">\n<h2 class=\"wp-block-heading has-text-align-center\"><strong>Ana Rubio Ruiz<\/strong><\/h2>\n\n\n\n<p>Natural de Toledo. Graduada en Ingenier\u00eda Inform\u00e1tica (2016) y Doctora en Tecnolog\u00edas Inform\u00e1ticas Avanzadas (2024) por la Universidad de Castilla \u2013 La Mancha. Profesora Ayudante Doctora (2024-Actualidad).<\/p>\n\n\n\n<div style=\"display: flex;gap: 24px;align-items: center;flex-wrap: wrap;margin: 16px 0;justify-content: center\">\n\n  <!-- ORCID -->\n  <a href=\"https:\/\/orcid.org\/0000-0003-0343-8596\" target=\"_blank\" rel=\"noopener noreferrer\" title=\"ORCID\" style=\"display: flex;align-items: center;gap: 8px;text-decoration: none\">\n    <img loading=\"lazy\" decoding=\"async\" src=\"https:\/\/orcid.org\/assets\/icons\/favicon.ico\" width=\"24\" height=\"24\" alt=\"ORCID logo\" style=\"border-radius: 50%\">\n    <span style=\"font-size: 14px\">ORCID<\/span>\n  <\/a>\n\n  <!-- Web of Science -->\n  <a href=\"https:\/\/www.webofscience.com\/wos\/author\/record\/AAZ-8509-2021\" target=\"_blank\" rel=\"noopener noreferrer\" title=\"Web of Science\" style=\"display: flex;align-items: center;gap: 8px;text-decoration: none\">\n    <img loading=\"lazy\" decoding=\"async\" src=\"https:\/\/clarivate.com\/wp-content\/themes\/clarivate\/src\/favicon\/android-icon-144x144.png\" width=\"24\" height=\"24\" alt=\"Web of Science logo\">\n    <span style=\"font-size: 14px\">Web of Science<\/span>\n  <\/a>\n\n  <!-- Scopus -->\n  <a href=\"https:\/\/www.scopus.com\/authid\/detail.uri?authorId=57197593308\" target=\"_blank\" rel=\"noopener noreferrer\" title=\"Scopus profile\" style=\"display: flex;align-items: center;gap: 8px;text-decoration: none\">\n    <img loading=\"lazy\" decoding=\"async\" src=\"https:\/\/www.elsevier.com\/favicon.ico\" width=\"24\" height=\"24\" alt=\"Scopus logo\">\n    <span style=\"font-size: 14px\">Scopus<\/span>\n  <\/a>\n\n<!-- Google Scholar -->\n  <a href=\"https:\/\/scholar.google.com\/citations?user=GNpGXgUAAAAJ\" target=\"_blank\" rel=\"noopener noreferrer\" title=\"Google Scholar\" style=\"display: flex;align-items: center;gap: 8px;text-decoration: none\">\n    <img loading=\"lazy\" decoding=\"async\" src=\"https:\/\/scholar.google.com\/favicon.ico\" width=\"24\" height=\"24\" alt=\"Google Scholar logo\">\n    <span style=\"font-size: 14px\">Google Scholar<\/span>\n  <\/a>\n\n<\/div>\n\n\n\n<ul class=\"wp-block-social-links is-content-justification-center is-layout-flex wp-container-core-social-links-is-layout-a89b3969 wp-block-social-links-is-layout-flex\"><li class=\"wp-social-link wp-social-link-github  wp-block-social-link\"><a rel=\"noopener nofollow\" target=\"_blank\" href=\"https:\/\/github.com\/anarubioruiz\" class=\"wp-block-social-link-anchor\"><svg width=\"24\" height=\"24\" viewBox=\"0 0 24 24\" version=\"1.1\" xmlns=\"http:\/\/www.w3.org\/2000\/svg\" aria-hidden=\"true\" focusable=\"false\"><path d=\"M12,2C6.477,2,2,6.477,2,12c0,4.419,2.865,8.166,6.839,9.489c0.5,0.09,0.682-0.218,0.682-0.484 c0-0.236-0.009-0.866-0.014-1.699c-2.782,0.602-3.369-1.34-3.369-1.34c-0.455-1.157-1.11-1.465-1.11-1.465 c-0.909-0.62,0.069-0.608,0.069-0.608c1.004,0.071,1.532,1.03,1.532,1.03c0.891,1.529,2.341,1.089,2.91,0.833 c0.091-0.647,0.349-1.086,0.635-1.337c-2.22-0.251-4.555-1.111-4.555-4.943c0-1.091,0.39-1.984,1.03-2.682 C6.546,8.54,6.202,7.524,6.746,6.148c0,0,0.84-0.269,2.75,1.025C10.295,6.95,11.15,6.84,12,6.836 c0.85,0.004,1.705,0.114,2.504,0.336c1.909-1.294,2.748-1.025,2.748-1.025c0.546,1.376,0.202,2.394,0.1,2.646 c0.64,0.699,1.026,1.591,1.026,2.682c0,3.841-2.337,4.687-4.565,4.935c0.359,0.307,0.679,0.917,0.679,1.852 c0,1.335-0.012,2.415-0.012,2.741c0,0.269,0.18,0.579,0.688,0.481C19.138,20.161,22,16.416,22,12C22,6.477,17.523,2,12,2z\"><\/path><\/svg><span class=\"wp-block-social-link-label screen-reader-text\">GitHub<\/span><\/a><\/li>\n\n<li class=\"wp-social-link wp-social-link-linkedin  wp-block-social-link\"><a rel=\"noopener nofollow\" target=\"_blank\" href=\"https:\/\/www.linkedin.com\/in\/anarubioruiz\/\" class=\"wp-block-social-link-anchor\"><svg width=\"24\" height=\"24\" viewBox=\"0 0 24 24\" version=\"1.1\" xmlns=\"http:\/\/www.w3.org\/2000\/svg\" aria-hidden=\"true\" focusable=\"false\"><path d=\"M19.7,3H4.3C3.582,3,3,3.582,3,4.3v15.4C3,20.418,3.582,21,4.3,21h15.4c0.718,0,1.3-0.582,1.3-1.3V4.3 C21,3.582,20.418,3,19.7,3z M8.339,18.338H5.667v-8.59h2.672V18.338z M7.004,8.574c-0.857,0-1.549-0.694-1.549-1.548 c0-0.855,0.691-1.548,1.549-1.548c0.854,0,1.547,0.694,1.547,1.548C8.551,7.881,7.858,8.574,7.004,8.574z M18.339,18.338h-2.669 v-4.177c0-0.996-0.017-2.278-1.387-2.278c-1.389,0-1.601,1.086-1.601,2.206v4.249h-2.667v-8.59h2.559v1.174h0.037 c0.356-0.675,1.227-1.387,2.526-1.387c2.703,0,3.203,1.779,3.203,4.092V18.338z\"><\/path><\/svg><span class=\"wp-block-social-link-label screen-reader-text\">LinkedIn<\/span><\/a><\/li><\/ul>\n\n\n\n<hr class=\"wp-block-separator has-alpha-channel-opacity\" \/>\n\n\n\n<figure class=\"wp-block-table aligncenter is-style-regular\" style=\"margin-top:var(--wp--preset--spacing--50);margin-right:0;margin-bottom:var(--wp--preset--spacing--70);margin-left:0\"><table style=\"border-style:none;border-width:0px\"><tbody><tr><td class=\"has-text-align-right\" data-align=\"right\"><strong>Coordinadora de Grado<\/strong><br>Desde 2024<\/td><td class=\"has-text-align-left\" data-align=\"left\"><a href=\"https:\/\/www.uclm.es\/es\/estudios\/masteres\/master-direccion-estrategica-tecnologias\">Grado en Ingenier\u00eda Inform\u00e1tica en la<\/a><br><a href=\"https:\/\/www.uclm.es\/es\/estudios\/masteres\/master-direccion-estrategica-tecnologias\">Facultad de CC. SS. y TI de Talavera de la Reina<\/a><\/td><\/tr><tr><td class=\"has-text-align-right\" data-align=\"right\"><strong>Miembro de comisi\u00f3n<\/strong><br>Desde 2021<\/td><td class=\"has-text-align-left\" data-align=\"left\"><a href=\"https:\/\/www.uclm.es\/toledo\/fcsociales\/igualdad\">Comisi\u00f3n de Igualdad de la<\/a><br><a href=\"https:\/\/www.uclm.es\/toledo\/fcsociales\/igualdad\">Facultad de CC. SS. y TI de Talavera de la Reina<\/a><\/td><\/tr><\/tbody><\/table><\/figure>\n<\/blockquote>\n\n\n\n<figure class=\"wp-block-gallery has-nested-images columns-default is-cropped wp-block-gallery-2 is-layout-flex wp-block-gallery-is-layout-flex\">\n<figure class=\"wp-block-image size-full\"><img loading=\"lazy\" decoding=\"async\" width=\"1083\" height=\"850\" data-id=\"387\" src=\"https:\/\/blog.uclm.es\/anarubio\/wp-content\/uploads\/sites\/293\/2024\/12\/banner_docencia.png\" alt=\"\" class=\"wp-image-387\" srcset=\"https:\/\/blog.uclm.es\/anarubio\/wp-content\/uploads\/sites\/293\/2024\/12\/banner_docencia.png 1083w, https:\/\/blog.uclm.es\/anarubio\/wp-content\/uploads\/sites\/293\/2024\/12\/banner_docencia-300x235.png 300w, https:\/\/blog.uclm.es\/anarubio\/wp-content\/uploads\/sites\/293\/2024\/12\/banner_docencia-1024x804.png 1024w, https:\/\/blog.uclm.es\/anarubio\/wp-content\/uploads\/sites\/293\/2024\/12\/banner_docencia-768x603.png 768w\" sizes=\"auto, (max-width: 1083px) 100vw, 1083px\" \/><\/figure>\n\n\n\n<figure class=\"wp-block-image size-full\"><a href=\"https:\/\/blog.uclm.es\/anarubio\/investigacion\/\"><img loading=\"lazy\" decoding=\"async\" width=\"1083\" height=\"850\" data-id=\"388\" src=\"https:\/\/blog.uclm.es\/anarubio\/wp-content\/uploads\/sites\/293\/2024\/12\/banner_investigacion.png\" alt=\"\" class=\"wp-image-388\" srcset=\"https:\/\/blog.uclm.es\/anarubio\/wp-content\/uploads\/sites\/293\/2024\/12\/banner_investigacion.png 1083w, https:\/\/blog.uclm.es\/anarubio\/wp-content\/uploads\/sites\/293\/2024\/12\/banner_investigacion-300x235.png 300w, https:\/\/blog.uclm.es\/anarubio\/wp-content\/uploads\/sites\/293\/2024\/12\/banner_investigacion-1024x804.png 1024w, https:\/\/blog.uclm.es\/anarubio\/wp-content\/uploads\/sites\/293\/2024\/12\/banner_investigacion-768x603.png 768w\" sizes=\"auto, (max-width: 1083px) 100vw, 1083px\" \/><\/a><\/figure>\n\n\n\n<figure class=\"wp-block-image size-full\"><img loading=\"lazy\" decoding=\"async\" width=\"1083\" height=\"850\" data-id=\"389\" src=\"https:\/\/blog.uclm.es\/anarubio\/wp-content\/uploads\/sites\/293\/2024\/12\/banner_transferencia.png\" alt=\"\" class=\"wp-image-389\" srcset=\"https:\/\/blog.uclm.es\/anarubio\/wp-content\/uploads\/sites\/293\/2024\/12\/banner_transferencia.png 1083w, https:\/\/blog.uclm.es\/anarubio\/wp-content\/uploads\/sites\/293\/2024\/12\/banner_transferencia-300x235.png 300w, https:\/\/blog.uclm.es\/anarubio\/wp-content\/uploads\/sites\/293\/2024\/12\/banner_transferencia-1024x804.png 1024w, https:\/\/blog.uclm.es\/anarubio\/wp-content\/uploads\/sites\/293\/2024\/12\/banner_transferencia-768x603.png 768w\" sizes=\"auto, (max-width: 1083px) 100vw, 1083px\" \/><\/figure>\n\n\n\n<figure class=\"wp-block-image size-full\"><img loading=\"lazy\" decoding=\"async\" width=\"1024\" height=\"328\" data-id=\"308\" src=\"https:\/\/blog.uclm.es\/anarubio\/wp-content\/uploads\/sites\/293\/2022\/10\/9-scaled-e1658738834502-1024x328-1.jpg\" alt=\"\" class=\"wp-image-308\" srcset=\"https:\/\/blog.uclm.es\/anarubio\/wp-content\/uploads\/sites\/293\/2022\/10\/9-scaled-e1658738834502-1024x328-1.jpg 1024w, https:\/\/blog.uclm.es\/anarubio\/wp-content\/uploads\/sites\/293\/2022\/10\/9-scaled-e1658738834502-1024x328-1-300x96.jpg 300w, https:\/\/blog.uclm.es\/anarubio\/wp-content\/uploads\/sites\/293\/2022\/10\/9-scaled-e1658738834502-1024x328-1-768x246.jpg 768w\" sizes=\"auto, (max-width: 1024px) 100vw, 1024px\" \/><\/figure>\n<\/figure>\n\n\n\n<div class=\"wp-block-group is-layout-grid wp-container-core-group-is-layout-478b6e6b wp-block-group-is-layout-grid\">\n<p class=\"has-text-align-right has-medium-font-size wp-container-content-e29552f7\">\u00daltima modificaci\u00f3n:<\/p>\n\n\n<div class=\"wp-block-post-date__modified-date wp-block-post-date\"><time datetime=\"2026-03-13T15:01:41+01:00\">13 de marzo de 2026<\/time><\/div><\/div>\n\n\n\n<p><\/p>\n","protected":false},"excerpt":{"rendered":"<p>\u00daltima modificaci\u00f3n:<\/p>\n","protected":false},"author":490,"featured_media":0,"parent":0,"menu_order":0,"comment_status":"closed","ping_status":"closed","template":"","meta":{"footnotes":""},"class_list":["post-209","page","type-page","status-publish","hentry"],"_links":{"self":[{"href":"https:\/\/blog.uclm.es\/anarubio\/wp-json\/wp\/v2\/pages\/209","targetHints":{"allow":["GET"]}}],"collection":[{"href":"https:\/\/blog.uclm.es\/anarubio\/wp-json\/wp\/v2\/pages"}],"about":[{"href":"https:\/\/blog.uclm.es\/anarubio\/wp-json\/wp\/v2\/types\/page"}],"author":[{"embeddable":true,"href":"https:\/\/blog.uclm.es\/anarubio\/wp-json\/wp\/v2\/users\/490"}],"replies":[{"embeddable":true,"href":"https:\/\/blog.uclm.es\/anarubio\/wp-json\/wp\/v2\/comments?post=209"}],"version-history":[{"count":41,"href":"https:\/\/blog.uclm.es\/anarubio\/wp-json\/wp\/v2\/pages\/209\/revisions"}],"predecessor-version":[{"id":469,"href":"https:\/\/blog.uclm.es\/anarubio\/wp-json\/wp\/v2\/pages\/209\/revisions\/469"}],"wp:attachment":[{"href":"https:\/\/blog.uclm.es\/anarubio\/wp-json\/wp\/v2\/media?parent=209"}],"curies":[{"name":"wp","href":"https:\/\/api.w.org\/{rel}","templated":true}]}}