{"id":81,"date":"2019-02-07T08:21:31","date_gmt":"2019-02-07T07:21:31","guid":{"rendered":"http:\/\/blog.uclm.es\/anaisabelmolina\/?page_id=81"},"modified":"2024-06-08T07:05:30","modified_gmt":"2024-06-08T07:05:30","slug":"trabajos-fin-de-grado-y-proyectos-fin-de-carrera-dirigidos","status":"publish","type":"page","link":"https:\/\/blog.uclm.es\/anaisabelmolina\/docencia\/trabajos-fin-de-grado-y-proyectos-fin-de-carrera-dirigidos\/","title":{"rendered":"PFCs y TFGs"},"content":{"rendered":"\n<h4 class=\"wp-block-heading\"><strong>Trabajos Fin de Grado y Proyectos Fin de Carrera dirigidos<\/strong><\/h4>\n\n\n\n<figure class=\"wp-block-table\"><table><thead><tr><td><a><strong>Curso<\/strong><\/a><strong><\/strong><\/td><td><strong>T\u00edtulo<\/strong><strong><\/strong><\/td><td><strong>Autor<\/strong><strong><\/strong><\/td><td><strong>Tipo<\/strong><strong><\/strong><\/td><\/tr><\/thead><tbody><tr><td>2023\/2024<\/td><td>KinderHome: Una aplicaci\u00f3n para la creaci\u00f3n y resoluci\u00f3n de cuadernos de fichas personalizadas para ni\u00f1os en etapa infantil<\/td><td>V\u00edctor \u00c1vila Ortega<\/td><td>TFG<\/td><\/tr><tr><td>2022\/2023<\/td><td>Aplicaci\u00f3n m\u00f3vil colaborativa para realizar excursiones compartidas en la naturaleza <strong>1er Premio AULA CGI-UCLM<\/strong><strong> &#8211; Premio M\u00e1quina de Turing de la ESI<\/strong><\/td><td>Sergio Garrido Merino<\/td><td>TFG<\/td><\/tr><tr><td>2022\/2023<\/td><td>PlanTEA 3.0: Evoluci\u00f3n de un cuaderno de anticipaci\u00f3n\/planificaci\u00f3n y comunicaci\u00f3n aumentativa y alternativa para personas con TEA que asisten a consultas m\u00e9dicas <strong>1er Premio en los \u00abPremios TFGs sobre Discapacidad\u00bb organizados por el Vicerrectorado de Estudiantes y Banco Santander<\/strong><\/td><td>Laura Morales Caro<\/td><td>TFG<\/td><\/tr><tr><td>2022\/2023<\/td><td>Desarrollo e integraci\u00f3n de cuadros de mandos con KPIs de negocio y API para la centralizaci\u00f3n de necesidades <em>Business Intelligence<\/em><\/td><td>Mar\u00eda Jes\u00fas Due\u00f1as Recuero<\/td><td>TFG (FORTE)<\/td><\/tr><tr><td>2022\/2023<\/td><td>Aplicaci\u00f3n m\u00f3vil para la creaci\u00f3n y gesti\u00f3n de ejercicios de gram\u00e1tica francesa adaptados al nivel del alumno<\/td><td>Alberto D\u00edaz Mart\u00edn<\/td><td>TFG<\/td><\/tr><tr><td>2021\/2022<\/td><td>Evolutivo <em>Service Portfolio Plugin<\/em> <em>for JIRA<\/em><\/td><td>Javier Santana Delgado<\/td><td>TFG (FORTE)<\/td><\/tr><tr><td>2021\/2022<\/td><td>An\u00e1lisis e implementaci\u00f3n de un sistema de notificaciones en tiempo real basado en microservicios<\/td><td>Julio S\u00e1nchez de las Heras Mart\u00edn Consuegra<\/td><td>TFG (FORTE)<\/td><\/tr><tr><td>2021\/2022<\/td><td>Desarrollo de sistema para RTVE MVC Angular y Java 8<\/td><td>Julio Molina D\u00edaz<\/td><td>TFG (FORTE)<\/td><\/tr><tr><td>2021\/2022<\/td><td>VirtualFridge: Aplicaci\u00f3n para la planificaci\u00f3n de la alimentaci\u00f3n del d\u00eda a d\u00eda<\/td><td>Adri\u00e1n Mu\u00f1oz Llano<\/td><td>TFG<\/td><\/tr><tr><td>2021\/2022<\/td><td>Planificador inteligente de eventos con <em>dashboards<\/em> y <em>reporting<\/em> avanzados<em><\/em><\/td><td>Isabel Diezma Molero<\/td><td>TFG (FORTE)<em><\/em><\/td><\/tr><tr><td>2021\/2022<\/td><td>Desarrollo de CMS para portal de datos abiertos basada en el est\u00e1ndar CKAN y gestor de cat\u00e1logos de datos para <em>Smart Cities<\/em><em><\/em><\/td><td>Teresa Rodr\u00edguez de Dios<\/td><td>TFG (FORTE)<em><\/em><\/td><\/tr><tr><td>2020\/2021<\/td><td>Herramienta para la monitorizaci\u00f3n impl\u00edcita de relaciones interpersonales en contextos educativos<\/td><td>David Moreno Carmona<\/td><td>TFG<em><\/em><\/td><\/tr><tr><td>2020\/2021<\/td><td>Gesti\u00f3n de directorios virtuales y procesos de alto volumen<\/td><td>Mar\u00eda F\u00e1tima S\u00e1nchez Fuentes<\/td><td>TFG (FORTE)<\/td><\/tr><tr><td>2020\/2021<\/td><td>VISPEL: Sistema generador de definici\u00f3n de ejercicios de rehabilitaci\u00f3n mediante un editor visual<\/td><td>Ismael V\u00e9lez Recio<\/td><td>TFG<\/td><\/tr><tr><td><a>2020\/2021<\/a><\/td><td>Cuaderno de anticipaci\u00f3n\/planificaci\u00f3n y comunicaci\u00f3n aumentativa y alternativa para personas con TEA que asisten a consultas m\u00e9dicas<\/td><td><a>Sara Lara Caro<\/a><\/td><td>TFG<\/td><\/tr><tr><td>2019\/2020<\/td><td>Rachel Tu BOTicario: Asistente Virtual orientado a pacientes para el asesoramiento en la toma de medicamentos<\/td><td>Raquel Ramos L\u00f3pez<\/td><td>TFG (FORTE)<\/td><\/tr><tr><td>2019\/2020<\/td><td>Desarrollo de algoritmos de planificaci\u00f3n de turnos para empleados<\/td><td>Carlos Coello Ruedas<\/td><td>TFG (FORTE)<\/td><\/tr><tr><td>2019\/2020<\/td><td>STOPMiedo: Una herramienta para ayudar a pacientes que sufren amaxofobia <strong>Premio al Mejor TFG &#8211; Aula SMACT Avanttic &#8211; curso 2019\/2020<\/strong><strong>Premio al Mejor Trabajo Fin de Grado (6\u00ba Concurso 2021 AIPO de TFG\/TFM) celebrado en INTERACCI\u00d3N 2021<\/strong><\/td><td>Sergio Gonz\u00e1lez Vel\u00e1zquez<\/td><td>TFG<\/td><\/tr><tr><td>2019\/2020<\/td><td>Entrenados: Aplicaci\u00f3n colaborativa para la compartici\u00f3n de recursos multimedia de instrucci\u00f3n deportiva<\/td><td>Ra\u00fal Ru\u00edz del Valle<\/td><td>TFG &nbsp;<\/td><\/tr><tr><td>2019\/2020<\/td><td>KinderApp: Aplicaci\u00f3n para la gesti\u00f3n de Escuelas Infantiles\/Guarder\u00edas<\/td><td>Oliva G\u00e1lvez Garc\u00eda<\/td><td>TFG<\/td><\/tr><tr><td>2019\/2020<\/td><td>CHESSART: Ajedrez adaptado a personas con discapacidad motora<\/td><td>Francisco Murillo L\u00f3pez<\/td><td>TFG<\/td><\/tr><tr><td>2019\/2020<\/td><td>COLLECE 2.0: Un sistema CSCL de soporte a la programaci\u00f3n en Eclipse<\/td><td>Mar\u00eda de los \u00c1ngeles Garc\u00eda Mar\u00edn<\/td><td>TFG<\/td><\/tr><tr><td>2018\/2019<\/td><td>Integraci\u00f3n de asistentes de voz con dispositivos dom\u00f3ticos KNX<\/td><td>Marcos L\u00f3pez Sobrino<\/td><td>TFG (FORTE)<\/td><\/tr><tr><td>2018\/2019<\/td><td>Desarrollo de un editor para el dise\u00f1o de interfaces gr\u00e1ficas para el control de implementos agr\u00edcolas desde terminales virtuales de tractores<\/td><td>Carlos Del Cerro Escudero<\/td><td>TFG (FORTE)<\/td><\/tr><tr><td><a>2018\/2019<\/a><\/td><td><a>EduCMap: Una herramienta para el an\u00e1lisis y comparativa de mapas conceptuales en el \u00e1mbito educativo<\/a><\/td><td><a>Jos\u00e9 Manuel Garc\u00eda-Calvillo Garc\u00eda-Navas<\/a><\/td><td>TFG<\/td><\/tr><tr><td>2018\/2019<\/td><td>EasyTravel: Aplicaci\u00f3n m\u00f3vil para la planificaci\u00f3n y gesti\u00f3n de viajes<\/td><td>Luis Palencia del Campo<\/td><td>TFG<\/td><\/tr><tr><td><a>2017\/2018<\/a><\/td><td>EmoRutinas: Aplicaci\u00f3n m\u00f3vil para el fomento de las rutinas y el reconocimiento de emociones en personas con TEA<\/td><td><a>Mar\u00eda del Carmen Rodr\u00edguez Montalvo<\/a><\/td><td>TFG<\/td><\/tr><tr><td>2017\/2018<\/td><td>MyHeadPain: Una app para el registro y seguimiento de dolores de cabeza<\/td><td>Eva Mar\u00eda Peinado Imedio<\/td><td>TFG<\/td><\/tr><tr><td>2017\/2018<\/td><td>An\u00e1lisis de la eficacia de las t\u00e9cnicas de gamificaci\u00f3n en computaci\u00f3n persuasiva<\/td><td>David Ruiz Carrasco<\/td><td>TFG<\/td><\/tr><tr><td>2016\/2017<\/td><td>AgriMeteo: Una aplicaci\u00f3n m\u00f3vil para la gesti\u00f3n de explotaciones agr\u00edcolas<\/td><td>Miriam Castillo Torroba<\/td><td>TFG<\/td><\/tr><tr><td>2016\/2017<\/td><td>Herramienta para la gesti\u00f3n y seguimiento de Trabajos Fin de Grado\/M\u00e1ster en la Facultad de Medicina de Ciudad Real<\/td><td>Mar\u00eda M\u00e1rtires Rodr\u00edguez Palomo<\/td><td>TFG<\/td><\/tr><tr><td>2015\/2016<\/td><td>AnimaT: Aplicaci\u00f3n m\u00f3vil para el registro y control del estado de \u00e1nimo y el estr\u00e9s<\/td><td>Rosana Rodriguez-Bobada Aranda<\/td><td>TFG<\/td><\/tr><tr><td>2014\/2015<\/td><td>Herramienta de dise\u00f1o y an\u00e1lisis de cuestionarios\/tests multidominio usables y accesibles<\/td><td>\u00c1ngel Luis Wizner Caballero<\/td><td>TFG<\/td><\/tr><tr><td><a>2014\/2015<\/a><\/td><td>AdeVial: Herramienta de soporte a la creaci\u00f3n y proyecci\u00f3n interactiva de contenidos multimedia en entornos educativos presenciales: Aplicaci\u00f3n al dominio de la Educaci\u00f3n Vial<\/td><td>Mar\u00eda del Prado Camacho Rojas<\/td><td>PFC<\/td><\/tr><tr><td>2014\/2015<\/td><td>Aplicaci\u00f3n para entrenamiento de la memoria en ni\u00f1os con TDAH<\/td><td>David Mu\u00f1oz S\u00e1nchez<\/td><td>TFG<\/td><\/tr><tr><td>2013\/2014<\/td><td>Creaci\u00f3n de un entorno para el dise\u00f1o y an\u00e1lisis de experimentos con eye tracker<\/td><td>Carlos Fern\u00e1ndez-Vegue Garc\u00eda<\/td><td>TFG<\/td><\/tr><tr><td>2013\/2014<\/td><td>SmartRun: Sistema de gesti\u00f3n y seguimiento de competiciones deportivas mediante Smartphone<\/td><td>Rafael G\u00f3mez Herrero<\/td><td>PFC<\/td><\/tr><tr><td>2013\/2014<\/td><td>LD-GRAF: Un entorno de edici\u00f3n gr\u00e1fica de dise\u00f1os instruccionales en IMS-LD<\/td><td>Virginia Miguel Corrochano<\/td><td>PFC<\/td><\/tr><tr><td>2012\/2013<\/td><td>Aplicaci\u00f3n m\u00f3vil para el env\u00edo de remesas monetarias<\/td><td>Sonia Perona Le\u00f3n<\/td><td>TFG<\/td><\/tr><tr><td>2012\/2013<\/td><td><a>Creaci\u00f3n de una aplicaci\u00f3n de m-Learning en el \u00e1mbito de la educaci\u00f3n primaria. Soporte para el profesor y el alumno<\/a><\/td><td><a>Gema M\u00aa Valent\u00edn L\u00f3pez<\/a><\/td><td>TFG<\/td><\/tr><tr><td><a>2012\/2013<\/a><\/td><td><a>ArteM\u00e1ticas: Aplicaci\u00f3n m\u00f3vil de aprendizaje de las matem\u00e1ticas a trav\u00e9s de im\u00e1genes<\/a><\/td><td>Fernando Garc\u00eda Galindo<\/td><td>TFG<\/td><\/tr><tr><td>2011\/2012<\/td><td>Editor de interfaces de usuario basado en bocetos<\/td><td>Sonia Mar\u00eda Casero Peinado<\/td><td>TFG<\/td><\/tr><tr><td>2011\/2012<\/td><td>Creaci\u00f3n de un visor de im\u00e1genes inmersivo basado en interacci\u00f3n gestual<\/td><td>Iv\u00e1n Gonz\u00e1lez D\u00edaz<\/td><td>PFC<\/td><\/tr><tr><td><a>2011\/2012<\/a><\/td><td><a>EduColab: Un Entorno de Soporte a Actividades de Aprendizaje Colaborativo<\/a><\/td><td><a>David Garc\u00eda-Saavedra Valle<\/a><\/td><td>PFC<\/td><\/tr><tr><td>2011\/2012<\/td><td>ArchiGDSS: Sistema de toma de decisiones colaborativa para la gesti\u00f3n arquitect\u00f3nica<\/td><td>Antonio Mart\u00edn Menor de Santos<\/td><td>PFC<\/td><\/tr><tr><td>2009\/2010<\/td><td>CIAT-GUI: Generaci\u00f3n Autom\u00e1tica de Interfaces Gr\u00e1ficas de Usuario en el Contexto de CIAM<\/td><td>Guillermo Garc\u00eda P\u00e9rez<\/td><td>PFC<\/td><\/tr><tr><td>2009\/2010<\/td><td>Editor gr\u00e1fico de diagramas de clases basado en trazos naturales<\/td><td>Yaiza Garc\u00eda Mart\u00edn-Mantero<\/td><td>PFC<\/td><\/tr><tr><td>2008\/2009<\/td><td>EDUNET: Un sistema de visualizaci\u00f3n y seguimiento de dise\u00f1os instruccionales basados en el est\u00e1ndar IMS-LD<\/td><td>Ignacio de la Cruz Maldonado<\/td><td>PFC<\/td><\/tr><tr><td>2008\/2009<\/td><td>Tuple-LD: Un motor de ejecuci\u00f3n gen\u00e9rico de dise\u00f1os instruccionales<\/td><td>Manuel Ram\u00f3n Guerrero \u00c1lvarez<\/td><td>PFC<\/td><\/tr><tr><td>2008\/2009<\/td><td>COLE-programming: un plugin colaborativo para el aprendizaje de la programaci\u00f3n para el entorno Eclipse<\/td><td>Abraham S\u00e1nchez-Escalonilla Hidalgo<\/td><td>PFC<\/td><\/tr><tr><td>2007\/2008<\/td><td>CIAT: Herramienta CASE para la edici\u00f3n de modelos conceptuales en el marco de CIAM<\/td><td>Gema Maldonado Ru\u00edz<\/td><td>PFC<\/td><\/tr><tr><td>2005\/2006<\/td><td>LayoutManag: Un sistema para la Gesti\u00f3n del Layout en sistemas MBUID<\/td><td>Beatriz Mart\u00edn Valencia<\/td><td>PFC<\/td><\/tr><tr><td>2004\/2005<\/td><td>GenIU: Una Herramienta de Generaci\u00f3n Autom\u00e1tica de Interfaces de Usuario basada en Modelos de Tareas<\/td><td>Jes\u00fas Manuel Arenas Galiana<\/td><td>PFC<\/td><\/tr><tr><td>2004\/2005<\/td><td>Creaci\u00f3n de un M\u00f3dulo de An\u00e1lisis de Experiencias de Aprendizaje Colaborativo basado en T\u00e9cnicas de Aprendizaje Autom\u00e1tico<\/td><td>Juli\u00e1n Andr\u00e9s Pintor Ruiz<\/td><td>PFC<\/td><\/tr><\/tbody><\/table><\/figure>\n","protected":false},"excerpt":{"rendered":"<p>Trabajos Fin de Grado y Proyectos Fin de Carrera dirigidos Curso T\u00edtulo Autor Tipo 2023\/2024 KinderHome: Una aplicaci\u00f3n para la creaci\u00f3n y resoluci\u00f3n de cuadernos de fichas personalizadas para ni\u00f1os en etapa infantil V\u00edctor \u00c1vila Ortega TFG 2022\/2023 Aplicaci\u00f3n m\u00f3vil &hellip; <a href=\"https:\/\/blog.uclm.es\/anaisabelmolina\/docencia\/trabajos-fin-de-grado-y-proyectos-fin-de-carrera-dirigidos\/\">Sigue leyendo <span class=\"meta-nav\">&rarr;<\/span><\/a><\/p>\n","protected":false},"author":68,"featured_media":0,"parent":34,"menu_order":0,"comment_status":"closed","ping_status":"closed","template":"","meta":{"footnotes":""},"class_list":["post-81","page","type-page","status-publish","hentry"],"_links":{"self":[{"href":"https:\/\/blog.uclm.es\/anaisabelmolina\/wp-json\/wp\/v2\/pages\/81","targetHints":{"allow":["GET"]}}],"collection":[{"href":"https:\/\/blog.uclm.es\/anaisabelmolina\/wp-json\/wp\/v2\/pages"}],"about":[{"href":"https:\/\/blog.uclm.es\/anaisabelmolina\/wp-json\/wp\/v2\/types\/page"}],"author":[{"embeddable":true,"href":"https:\/\/blog.uclm.es\/anaisabelmolina\/wp-json\/wp\/v2\/users\/68"}],"replies":[{"embeddable":true,"href":"https:\/\/blog.uclm.es\/anaisabelmolina\/wp-json\/wp\/v2\/comments?post=81"}],"version-history":[{"count":8,"href":"https:\/\/blog.uclm.es\/anaisabelmolina\/wp-json\/wp\/v2\/pages\/81\/revisions"}],"predecessor-version":[{"id":488,"href":"https:\/\/blog.uclm.es\/anaisabelmolina\/wp-json\/wp\/v2\/pages\/81\/revisions\/488"}],"up":[{"embeddable":true,"href":"https:\/\/blog.uclm.es\/anaisabelmolina\/wp-json\/wp\/v2\/pages\/34"}],"wp:attachment":[{"href":"https:\/\/blog.uclm.es\/anaisabelmolina\/wp-json\/wp\/v2\/media?parent=81"}],"curies":[{"name":"wp","href":"https:\/\/api.w.org\/{rel}","templated":true}]}}