{"id":40,"date":"2019-02-07T07:24:51","date_gmt":"2019-02-07T06:24:51","guid":{"rendered":"http:\/\/blog.uclm.es\/anaisabelmolina\/?page_id=40"},"modified":"2019-02-07T07:24:51","modified_gmt":"2019-02-07T06:24:51","slug":"investigacion","status":"publish","type":"page","link":"https:\/\/blog.uclm.es\/anaisabelmolina\/investigacion\/","title":{"rendered":"Investigaci\u00f3n"},"content":{"rendered":"\n<p><\/p>\n\n\n<h2>Perfil investigador<\/h2>\n<ul>\n<li><a href=\"https:\/\/scholar.google.es\/citations?user=mv7hmfoAAAAJ&amp;hl=es\">Google Acad\u00e9mico (Google Scholar Citations)<\/a>.<\/li>\n<li><a href=\"https:\/\/dl.acm.org\/author_page.cfm?id=81317498104#\">Librer\u00eda Digital de ACM (ACM-DL)<\/a>.<\/li>\n<li><a href=\"https:\/\/dblp.uni-trier.de\/pers\/hd\/m\/Molina:Ana_I=\">The DBLP Computer Science Bibliography (DBLP)<\/a>.<\/li>\n<li>Research ID:&nbsp;<a href=\"http:\/\/www.researcherid.com\/rid\/M-1392-2014\">M-1392-2014<\/a><\/li>\n<li>Scopus Author ID:&nbsp;<a href=\"https:\/\/www.scopus.com\/authid\/detail.uri?authorId=34467788400\">34467788400<\/a><\/li>\n<li>ORCID:&nbsp;<a href=\"https:\/\/orcid.org\/0000-0002-3449-2539\">0000-0002-3449-2539<\/a><\/li>\n<\/ul>\n<h2>Tesis Doctorales Dirigidas<\/h2>\n<p><a href=\"https:\/\/blog.uclm.es\/anaisabelmolina\/investigacion\/tesis-doctorales-dirigidas\/\">Listado completo<\/a><\/p>\n\n\n<h1 class=\"wp-block-heading\">Proyectos de Investigaci\u00f3n (Investigadora Principal)<\/h1>\n\n\n\n<p><a href=\"https:\/\/blog.uclm.es\/anaisabelmolina\/investigacion\/proyectos-de-investigacion-investigadora-principal\/\">Listado completo<\/a><\/p>\n\n\n\n<h2 class=\"wp-block-heading\">Participaci\u00f3n en Proyectos de Investigaci\u00f3n (<a href=\"https:\/\/blog.uclm.es\/grupochico\/\">Grupo CHICO<\/a>)<\/h2>\n\n\n\n<p><a href=\"https:\/\/blog.uclm.es\/grupochico\/?page_id=71\">Listado completo<\/a><\/p>\n\n\n\n<h2 class=\"wp-block-heading\">Pertenencia a asociaciones cient\u00edficas<\/h2>\n\n\n\n<ul class=\"wp-block-list\"><li><a href=\"https:\/\/aipo.es\/\">AIPO<\/a> (Asociaci\u00f3n para la promoci\u00f3n de la Interacci\u00f3n Persona-Ordenador).<\/li><li><a href=\"https:\/\/aipo.es\/investigacion\/chispa\/\">CHISPA<\/a> (<em>Computer Human Interaction SPAin<\/em>) es la representaci\u00f3n local del Grupo de Inter\u00e9s Especial en Interacci\u00f3n Persona Ordenador (SIGCHI) de ACM en Espa\u00f1a.<\/li><li><a href=\"http:\/\/adie.es\/\" data-type=\"URL\" data-id=\"http:\/\/adie.es\/\">ADIE<\/a> (Asociaci\u00f3n para el Desarrollo de la Inform\u00e1tica Educativa).<\/li><\/ul>\n\n\n\n<div class=\"wp-block-columns is-layout-flex wp-container-core-columns-is-layout-9d6595d7 wp-block-columns-is-layout-flex\">\n<div class=\"wp-block-column is-layout-flow wp-block-column-is-layout-flow\">\n<div class=\"wp-block-image\"><figure class=\"aligncenter size-full\"><img loading=\"lazy\" decoding=\"async\" width=\"67\" height=\"94\" src=\"https:\/\/blog.uclm.es\/anaisabelmolina\/wp-content\/uploads\/sites\/73\/2022\/06\/logoaipo.jpg\" alt=\"\" class=\"wp-image-331\" \/><\/figure><\/div>\n<\/div>\n\n\n\n<div class=\"wp-block-column is-layout-flow wp-block-column-is-layout-flow\">\n<div class=\"wp-block-image\"><figure class=\"aligncenter size-full\"><img loading=\"lazy\" decoding=\"async\" width=\"180\" height=\"79\" src=\"https:\/\/blog.uclm.es\/anaisabelmolina\/wp-content\/uploads\/sites\/73\/2022\/06\/ADIE-2016.png\" alt=\"\" class=\"wp-image-330\" \/><\/figure><\/div>\n<\/div>\n<\/div>\n","protected":false},"excerpt":{"rendered":"<p>Perfil investigador Google Acad\u00e9mico (Google Scholar Citations). Librer\u00eda Digital de ACM (ACM-DL). The DBLP Computer Science Bibliography (DBLP). Research ID:&nbsp;M-1392-2014 Scopus Author ID:&nbsp;34467788400 ORCID:&nbsp;0000-0002-3449-2539 Tesis Doctorales Dirigidas Listado completo Proyectos de Investigaci\u00f3n (Investigadora Principal) Listado completo Participaci\u00f3n en Proyectos de &hellip; <a href=\"https:\/\/blog.uclm.es\/anaisabelmolina\/investigacion\/\">Sigue leyendo <span class=\"meta-nav\">&rarr;<\/span><\/a><\/p>\n","protected":false},"author":68,"featured_media":0,"parent":0,"menu_order":4,"comment_status":"closed","ping_status":"closed","template":"","meta":{"footnotes":""},"class_list":["post-40","page","type-page","status-publish","hentry"],"_links":{"self":[{"href":"https:\/\/blog.uclm.es\/anaisabelmolina\/wp-json\/wp\/v2\/pages\/40","targetHints":{"allow":["GET"]}}],"collection":[{"href":"https:\/\/blog.uclm.es\/anaisabelmolina\/wp-json\/wp\/v2\/pages"}],"about":[{"href":"https:\/\/blog.uclm.es\/anaisabelmolina\/wp-json\/wp\/v2\/types\/page"}],"author":[{"embeddable":true,"href":"https:\/\/blog.uclm.es\/anaisabelmolina\/wp-json\/wp\/v2\/users\/68"}],"replies":[{"embeddable":true,"href":"https:\/\/blog.uclm.es\/anaisabelmolina\/wp-json\/wp\/v2\/comments?post=40"}],"version-history":[{"count":0,"href":"https:\/\/blog.uclm.es\/anaisabelmolina\/wp-json\/wp\/v2\/pages\/40\/revisions"}],"wp:attachment":[{"href":"https:\/\/blog.uclm.es\/anaisabelmolina\/wp-json\/wp\/v2\/media?parent=40"}],"curies":[{"name":"wp","href":"https:\/\/api.w.org\/{rel}","templated":true}]}}