{"id":376,"date":"2022-07-16T06:22:14","date_gmt":"2022-07-16T05:22:14","guid":{"rendered":"https:\/\/blog.uclm.es\/anaisabelmolina\/?page_id=376"},"modified":"2025-01-24T06:23:41","modified_gmt":"2025-01-24T06:23:41","slug":"transferencia","status":"publish","type":"page","link":"https:\/\/blog.uclm.es\/anaisabelmolina\/transferencia\/","title":{"rendered":"Transferencia"},"content":{"rendered":"\n<p><\/p>\n\n\n\n<ul class=\"wp-block-list\">\n<li><strong>Convenio de colaboraci\u00f3n &#8211; asistencia t\u00e9cnica con la asociaci\u00f3n <a href=\"https:\/\/fespau.es\/\">FesPAU<\/a><\/strong><a href=\"https:\/\/fespau.es\/\"> (Federaci\u00f3n Espa\u00f1ola de Autismo)<\/a>. Ref: 240437CONV. IPs: <strong>Ana Isabel Molina D\u00edaz<\/strong> y Carmen Lacave Rodero. Desde 03\/12\/2024 hasta 02\/12\/2027.<\/li>\n\n\n\n<li><strong>Convenio marco de I+D con la asociaci\u00f3n <a href=\"https:\/\/fespau.es\/\">FesPAU<\/a><\/strong><a href=\"https:\/\/fespau.es\/\"> (Federaci\u00f3n Espa\u00f1ola de Autismo)<\/a>. Ref: 240442CMC. IPs: <strong>Ana Isabel Molina D\u00edaz<\/strong> y Carmen Lacave Rodero. Desde 19\/07\/2024 hasta 18\/07\/2028.<\/li>\n\n\n\n<li><strong>Convenio espec\u00edfico de colaboraci\u00f3n I+D con la asociaci\u00f3n <\/strong><a href=\"https:\/\/www.autismocastillalamancha.org\/\"><strong>FACLM<\/strong> (Federaci\u00f3n Autismo Castilla-La Mancha)<\/a>. Ref: 230405CONV. IPs: <strong>Ana Isabel Molina D\u00edaz<\/strong> y Carmen Lacave Rodero. Desde 03\/10\/2023 hasta 03\/10\/2026.<\/li>\n\n\n\n<li><strong>Marco de Colaboraci\u00f3n general en el \u00e1mbito del I+D<\/strong>&#8211;<strong>Convenio de colaboraci\u00f3n I+D con la asociaci\u00f3n <\/strong><a href=\"https:\/\/www.autismocastillalamancha.org\/\"><strong>FACLM<\/strong> (Federaci\u00f3n Autismo Castilla-La Mancha)<\/a>. Ref: 230338CM. IPs: <strong>Ana Isabel Molina D\u00edaz<\/strong> y Carmen Lacave Rodero. Desde 14\/07\/2023 hasta 13\/07\/2027.<\/li>\n\n\n\n<li><strong>Convenio espec\u00edfico de colaboraci\u00f3n I+D con la asociaci\u00f3n <a href=\"http:\/\/autrade.info\/\">AUTRADE<\/a><\/strong> (<a href=\"http:\/\/autrade.info\/\">Asociaci\u00f3n Regional de Afectados de Autismo y Otros Trastornos del Desarrollo<\/a>). Ref: 220413CONV. IPs: <strong>Ana Isabel Molina D\u00edaz<\/strong> y Carmen Lacave Rodero. Desde 14\/07\/2022 hasta 13\/07\/2025. <\/li>\n\n\n\n<li><a href=\"https:\/\/blog.uclm.es\/telefonica\/\"><strong>C\u00e1tedra UCLM-Telef\u00f3nica<\/strong> \u00abSistemas Avanzados de Interacci\u00f3n para Educaci\u00f3n Digital\u00bb<\/a>. Empresa: Telef\u00f3nica M\u00f3viles Espa\u00f1a S.A.U. Ref: UCTR150289. IP: Miguel \u00c1ngel Redondo Duque. Desde 01\/01\/2015 hasta la fecha. <\/li>\n\n\n\n<li>Responsable de la <a href=\"https:\/\/blog.uclm.es\/grupochico\/laboratorio-de-usabilidad\/\"><strong>Planta Piloto-Laboratorio de Usabilidad<\/strong><\/a>. Desde 26\/11\/2010 hasta la fecha. Cofinanciado por la Uni\u00f3n Europea a trav\u00e9s de Fondos FEDER. <\/li>\n\n\n\n<li>Sistema de consulta de datos gr\u00e1ficos desde dispositivos m\u00f3viles en sistema operativo Windows CE (IPAQ). Empresa: Soluziona Software Factory. Ref: UCTR020040. IP: Jos\u00e9 Bravo Rodr\u00edguez. Desde 01\/05\/2002 hasta 30\/09\/2002<\/li>\n<\/ul>\n\n\n\n<p><\/p>\n","protected":false},"excerpt":{"rendered":"","protected":false},"author":68,"featured_media":0,"parent":0,"menu_order":5,"comment_status":"closed","ping_status":"closed","template":"","meta":{"footnotes":""},"class_list":["post-376","page","type-page","status-publish","hentry"],"_links":{"self":[{"href":"https:\/\/blog.uclm.es\/anaisabelmolina\/wp-json\/wp\/v2\/pages\/376","targetHints":{"allow":["GET"]}}],"collection":[{"href":"https:\/\/blog.uclm.es\/anaisabelmolina\/wp-json\/wp\/v2\/pages"}],"about":[{"href":"https:\/\/blog.uclm.es\/anaisabelmolina\/wp-json\/wp\/v2\/types\/page"}],"author":[{"embeddable":true,"href":"https:\/\/blog.uclm.es\/anaisabelmolina\/wp-json\/wp\/v2\/users\/68"}],"replies":[{"embeddable":true,"href":"https:\/\/blog.uclm.es\/anaisabelmolina\/wp-json\/wp\/v2\/comments?post=376"}],"version-history":[{"count":6,"href":"https:\/\/blog.uclm.es\/anaisabelmolina\/wp-json\/wp\/v2\/pages\/376\/revisions"}],"predecessor-version":[{"id":512,"href":"https:\/\/blog.uclm.es\/anaisabelmolina\/wp-json\/wp\/v2\/pages\/376\/revisions\/512"}],"wp:attachment":[{"href":"https:\/\/blog.uclm.es\/anaisabelmolina\/wp-json\/wp\/v2\/media?parent=376"}],"curies":[{"name":"wp","href":"https:\/\/api.w.org\/{rel}","templated":true}]}}