{"id":34,"date":"2019-02-07T07:19:31","date_gmt":"2019-02-07T06:19:31","guid":{"rendered":"http:\/\/blog.uclm.es\/anaisabelmolina\/?page_id=34"},"modified":"2024-06-08T06:56:38","modified_gmt":"2024-06-08T06:56:38","slug":"docencia","status":"publish","type":"page","link":"https:\/\/blog.uclm.es\/anaisabelmolina\/docencia\/","title":{"rendered":"Docencia"},"content":{"rendered":"<p><strong>Docencia de <a href=\"https:\/\/esi.uclm.es\/index.php\/grado-en-ingenieria-informatica\/plan-de-estudios\/\">Grado en Ingenier\u00eda Inform\u00e1tica<\/a> (Curso 2024-2025)<\/strong><\/p>\n<ul>\n<li>Interacci\u00f3n Persona-Ordenador I (1er cuatrimestre) &#8211; Teor\u00eda y Pr\u00e1cticas &#8211; [<a href=\"https:\/\/guiae.uclm.es\/vistaGuia\/347\/42320\">Gu\u00eda docente<\/a>]<\/li>\n<li>Fundamentos de Programaci\u00f3n II (2\u00ba cuatrimestre) &#8211; Pr\u00e1cticas &#8211; [<a href=\"https:\/\/guiae.uclm.es\/vistaGuia\/347\/42306\">Gu\u00eda docente<\/a>]<\/li>\n<\/ul>\n<p><a href=\"https:\/\/esi.uclm.es\/index.php\/grado-en-ingenieria-informatica\/profesorado\/\">Horarios de tutor\u00edas<\/a><\/p>\n<h2>Proyectos Fin de Carrera y Trabajos Fin de Grado<\/h2>\n<p><a href=\"https:\/\/blog.uclm.es\/anaisabelmolina\/docencia\/trabajos-fin-de-grado-y-proyectos-fin-de-carrera-dirigidos\/\">Listado completo<\/a><\/p>\n","protected":false},"excerpt":{"rendered":"<p>Docencia de Grado en Ingenier\u00eda Inform\u00e1tica (Curso 2024-2025) Interacci\u00f3n Persona-Ordenador I (1er cuatrimestre) &#8211; Teor\u00eda y Pr\u00e1cticas &#8211; [Gu\u00eda docente] Fundamentos de Programaci\u00f3n II (2\u00ba cuatrimestre) &#8211; Pr\u00e1cticas &#8211; [Gu\u00eda docente] Horarios de tutor\u00edas Proyectos Fin de Carrera y Trabajos &hellip; <a href=\"https:\/\/blog.uclm.es\/anaisabelmolina\/docencia\/\">Sigue leyendo <span class=\"meta-nav\">&rarr;<\/span><\/a><\/p>\n","protected":false},"author":68,"featured_media":0,"parent":0,"menu_order":3,"comment_status":"closed","ping_status":"closed","template":"","meta":{"footnotes":""},"class_list":["post-34","page","type-page","status-publish","hentry"],"_links":{"self":[{"href":"https:\/\/blog.uclm.es\/anaisabelmolina\/wp-json\/wp\/v2\/pages\/34","targetHints":{"allow":["GET"]}}],"collection":[{"href":"https:\/\/blog.uclm.es\/anaisabelmolina\/wp-json\/wp\/v2\/pages"}],"about":[{"href":"https:\/\/blog.uclm.es\/anaisabelmolina\/wp-json\/wp\/v2\/types\/page"}],"author":[{"embeddable":true,"href":"https:\/\/blog.uclm.es\/anaisabelmolina\/wp-json\/wp\/v2\/users\/68"}],"replies":[{"embeddable":true,"href":"https:\/\/blog.uclm.es\/anaisabelmolina\/wp-json\/wp\/v2\/comments?post=34"}],"version-history":[{"count":1,"href":"https:\/\/blog.uclm.es\/anaisabelmolina\/wp-json\/wp\/v2\/pages\/34\/revisions"}],"predecessor-version":[{"id":483,"href":"https:\/\/blog.uclm.es\/anaisabelmolina\/wp-json\/wp\/v2\/pages\/34\/revisions\/483"}],"wp:attachment":[{"href":"https:\/\/blog.uclm.es\/anaisabelmolina\/wp-json\/wp\/v2\/media?parent=34"}],"curies":[{"name":"wp","href":"https:\/\/api.w.org\/{rel}","templated":true}]}}