{"id":266,"date":"2022-06-25T08:12:51","date_gmt":"2022-06-25T07:12:51","guid":{"rendered":"https:\/\/blog.uclm.es\/anaisabelmolina\/?page_id=266"},"modified":"2022-06-25T08:12:51","modified_gmt":"2022-06-25T07:12:51","slug":"publicaciones-docentes","status":"publish","type":"page","link":"https:\/\/blog.uclm.es\/anaisabelmolina\/publicaciones\/publicaciones-docentes\/","title":{"rendered":"Publicaciones docentes"},"content":{"rendered":"\n<h2 class=\"wp-block-heading\">Algunas publicaciones docentes<\/h2>\n\n\n\n<p><strong><em>Publicaciones docentes (Art\u00edculos en revistas educativas):<\/em><\/strong><\/p>\n\n\n\n<p><\/p>\n\n\n\n<ul class=\"wp-block-list\"><li>Mellado-Moreno, P.C., Lacave, C., S\u00e1nchez-Antol\u00edn, P.<strong>, Molina, A.I.<\/strong> (2022). Factors related to teaching quality: A validated questionnaire to assess teaching in Spanish Higher Education. Cogent Education, 9(1). DOI: <a href=\"https:\/\/doi.org\/10.1080\/2331186X.2022.2090189\">10.1080\/2331186X.2022.2090189<\/a>. ISSN: 2331-186X.<\/li><li>Gonz\u00e1lez, I., Herv\u00e1s, R., Fontecha, J., <strong>Molina, A.I.<\/strong>, Serrano, M.A., Lacave, C., Mond\u00e9jar, T., Ni\u00f1o, A. (2021). Towards effective educational feedback through Augmented Audience Response Systems IE Comunicaciones: Revista Iberoamericana de Inform\u00e1tica Educativa. \u00a0N\u00famero 33, Enero-Junio 2021, pp 1-13. ISSN: 1699-4574<\/li><li>Navarro, O., Lacruz, M., <strong>Molina, A.I.<\/strong>, Ortega, M. (2019). How to design multimedia materials in primary education? <em>Uniandes EPISTEME. Revista digital de Ciencia, Tecnolog\u00eda e Innovaci\u00f3n, Vol. 6 (3).<\/em> P\u00e1gs. 464-483. ISSN: 1390-9150.<\/li><li>Navarro, O., <strong>Molina, A.I.<\/strong>, Lacruz, M., Ortega, M. (2018). Utilizaci\u00f3n de los estilos de aprendizaje y el cociente intelectual para la constituci\u00f3n de dos grupos homog\u00e9neos. <em>Journal of Learning Styles. Revista de Estilos de Aprendizaje, Vol 11 n\u00fam. 21. P\u00e1gs. 160-181<\/em>. ISSN\/ISBN: 2332-8533<\/li><li>Lacave, C., <strong>Molina, A.I.<\/strong>, Redondo, M.A., Ortega, M. (2016). Redes bayesianas para identificar perfiles de estudiante. Aplicaci\u00f3n al estudio del abandono de las titulaciones de Inform\u00e1tica en la Universidad de Castilla-La Mancha. <em>ReVisi\u00f3n (Revista de Investigaci\u00f3n en Docencia Universitaria de la Inform\u00e1tica). Vol. 9, n\u00fam. 3. Septiembre, 2016<\/em>. P\u00e1gs. 29-37. Revista de AENUI (Asociaci\u00f3n de Ense\u00f1antes Universitarios de Inform\u00e1tica). ISSN: 1989-1199.<\/li><li>Lacave, C., <strong>Molina, A.I.<\/strong>, Fern\u00e1ndez, M., Redondo, M.A. (2016). An\u00e1lisis de la fiabilidad y validez de un cuestionario docente. <em>ReVisi\u00f3n (Revista de Investigaci\u00f3n en Docencia Universitaria de la Inform\u00e1tica). Vol. 9, n\u00fam. 1. Enero, 2016<\/em>. P\u00e1gs. 23-36. Revista de AENUI (Asociaci\u00f3n de Ense\u00f1antes Universitarios de la Inform\u00e1tica) de investigaci\u00f3n en Docencia Universitaria de la Inform\u00e1tica. ISSN: 1989-1199.<\/li><li>Navarro, O., <strong>Molina, A.I.<\/strong>, Lacruz, M. (2016). Utilizaci\u00f3n de eye tracking para evaluar el uso de informaci\u00f3n verbal en materiales multimedia. <em>P\u00edxel-Bit. Revista de Medios y Educaci\u00f3n. N\u00ba 48. Enero 2016<\/em>. P\u00e1gs. 51-66. DOI: 10.12795\/pixelbit.2016.i48.04. ISSN: 1133-8482. e-ISSN: 2171-7966.<\/li><li>Lacave, C., <strong>Molina, A.I.<\/strong>, Cardona, S.A., P\u00e9rez, J.F. (2015). VisBack: un prototipo de herramienta colaborativa para el aprendizaje de la recursividad. <em>Revista Do Departamento de Inova\u00e7\u00e3o, Ci\u00eancia e Tecnologia. 6<\/em>, pp. 21 &#8211; 24. ISSN: 1647-4023<\/li><li>Pat\u00f3n, J.D., <strong>Molina, A.I.<\/strong>, Ortega, M., Redondo, M.A. (2015). Scan paths reduction in eye tracking techniques. <em>American Journal of Educational Research, vol. 3, n\u00ba. 11<\/em>, pp. 1276-1280. SciEP (Science and Education Publishing). DOI: 0.12691\/education-3-11-19. ISSN (Print): 2327-6126. ISSN (Online): 2327-6150.<\/li><li>Navarro, O., <strong>Molina, A.I.<\/strong>, Lacruz, M. (2015). Evaluaci\u00f3n del color en materiales multimedia. Una experiencia con eye tracking. <em>Revista Edutec-e. Revista Electr\u00f3nica de Tecnolog\u00eda Educativa<\/em>. N\u00fam. 54, Diciembre, 2015. DOI: <a href=\"https:\/\/doi.org\/10.21556\/edutec.2015.54.426\">10.21556\/edutec.2015.54.426<\/a>. ISSN\/ISBN: 1135-9250.<\/li><\/ul>\n","protected":false},"excerpt":{"rendered":"<p>Algunas publicaciones docentes Publicaciones docentes (Art\u00edculos en revistas educativas): Mellado-Moreno, P.C., Lacave, C., S\u00e1nchez-Antol\u00edn, P., Molina, A.I. (2022). Factors related to teaching quality: A validated questionnaire to assess teaching in Spanish Higher Education. Cogent Education, 9(1). DOI: 10.1080\/2331186X.2022.2090189. ISSN: 2331-186X. &hellip; <a href=\"https:\/\/blog.uclm.es\/anaisabelmolina\/publicaciones\/publicaciones-docentes\/\">Sigue leyendo <span class=\"meta-nav\">&rarr;<\/span><\/a><\/p>\n","protected":false},"author":68,"featured_media":0,"parent":22,"menu_order":0,"comment_status":"closed","ping_status":"closed","template":"","meta":{"footnotes":""},"class_list":["post-266","page","type-page","status-publish","hentry"],"_links":{"self":[{"href":"https:\/\/blog.uclm.es\/anaisabelmolina\/wp-json\/wp\/v2\/pages\/266","targetHints":{"allow":["GET"]}}],"collection":[{"href":"https:\/\/blog.uclm.es\/anaisabelmolina\/wp-json\/wp\/v2\/pages"}],"about":[{"href":"https:\/\/blog.uclm.es\/anaisabelmolina\/wp-json\/wp\/v2\/types\/page"}],"author":[{"embeddable":true,"href":"https:\/\/blog.uclm.es\/anaisabelmolina\/wp-json\/wp\/v2\/users\/68"}],"replies":[{"embeddable":true,"href":"https:\/\/blog.uclm.es\/anaisabelmolina\/wp-json\/wp\/v2\/comments?post=266"}],"version-history":[{"count":0,"href":"https:\/\/blog.uclm.es\/anaisabelmolina\/wp-json\/wp\/v2\/pages\/266\/revisions"}],"up":[{"embeddable":true,"href":"https:\/\/blog.uclm.es\/anaisabelmolina\/wp-json\/wp\/v2\/pages\/22"}],"wp:attachment":[{"href":"https:\/\/blog.uclm.es\/anaisabelmolina\/wp-json\/wp\/v2\/media?parent=266"}],"curies":[{"name":"wp","href":"https:\/\/api.w.org\/{rel}","templated":true}]}}