{"id":257,"date":"2022-06-25T08:06:51","date_gmt":"2022-06-25T07:06:51","guid":{"rendered":"https:\/\/blog.uclm.es\/anaisabelmolina\/?page_id=257"},"modified":"2022-06-25T08:06:51","modified_gmt":"2022-06-25T07:06:51","slug":"formacion-academica","status":"publish","type":"page","link":"https:\/\/blog.uclm.es\/anaisabelmolina\/curriculum\/formacion-academica\/","title":{"rendered":"Formaci\u00f3n Acad\u00e9mica"},"content":{"rendered":"\n<ul class=\"wp-block-list\"><li>Doctorado en Ingenier\u00eda Inform\u00e1tica por la <a href=\"https:\/\/www.uclm.es\/\">Universidad de Castilla \u2013 La Mancha<\/a> (2007)<\/li><li>Grado en Psicolog\u00eda por la <a href=\"https:\/\/www.uned.es\/universidad\/\">Universidad Nacional de Educaci\u00f3n a Distancia<\/a> (2019)<\/li><li>Ingenier\u00eda Inform\u00e1tica por la <a href=\"https:\/\/www.uclm.es\/\">Universidad de Castilla-La Mancha<\/a> (2002)<ul><li><strong><em>Premio al mejor expediente acad\u00e9mico<\/em><\/strong> de la titulaci\u00f3n de Ingenier\u00eda Inform\u00e1tica de la Universidad de Castilla-La Mancha en la convocatoria de 2002-2003.<\/li><li><strong><em>Premio al mejor proyecto fin de carrera<\/em><\/strong> de la titulaci\u00f3n de Ingenier\u00eda Inform\u00e1tica de la Universidad de Castilla-La Mancha en la convocatoria de 2002-2003.<\/li><\/ul><\/li><li>Ingenier\u00eda T\u00e9cnica en Inform\u00e1tica de Sistemas por la <a href=\"https:\/\/www.uclm.es\/\">Universidad de Castilla \u2013 La Mancha<\/a><\/li><\/ul>\n","protected":false},"excerpt":{"rendered":"<p>Doctorado en Ingenier\u00eda Inform\u00e1tica por la Universidad de Castilla \u2013 La Mancha (2007) Grado en Psicolog\u00eda por la Universidad Nacional de Educaci\u00f3n a Distancia (2019) Ingenier\u00eda Inform\u00e1tica por la Universidad de Castilla-La Mancha (2002) Premio al mejor expediente acad\u00e9mico de &hellip; <a href=\"https:\/\/blog.uclm.es\/anaisabelmolina\/curriculum\/formacion-academica\/\">Sigue leyendo <span class=\"meta-nav\">&rarr;<\/span><\/a><\/p>\n","protected":false},"author":68,"featured_media":0,"parent":18,"menu_order":0,"comment_status":"closed","ping_status":"closed","template":"","meta":{"footnotes":""},"class_list":["post-257","page","type-page","status-publish","hentry"],"_links":{"self":[{"href":"https:\/\/blog.uclm.es\/anaisabelmolina\/wp-json\/wp\/v2\/pages\/257","targetHints":{"allow":["GET"]}}],"collection":[{"href":"https:\/\/blog.uclm.es\/anaisabelmolina\/wp-json\/wp\/v2\/pages"}],"about":[{"href":"https:\/\/blog.uclm.es\/anaisabelmolina\/wp-json\/wp\/v2\/types\/page"}],"author":[{"embeddable":true,"href":"https:\/\/blog.uclm.es\/anaisabelmolina\/wp-json\/wp\/v2\/users\/68"}],"replies":[{"embeddable":true,"href":"https:\/\/blog.uclm.es\/anaisabelmolina\/wp-json\/wp\/v2\/comments?post=257"}],"version-history":[{"count":0,"href":"https:\/\/blog.uclm.es\/anaisabelmolina\/wp-json\/wp\/v2\/pages\/257\/revisions"}],"up":[{"embeddable":true,"href":"https:\/\/blog.uclm.es\/anaisabelmolina\/wp-json\/wp\/v2\/pages\/18"}],"wp:attachment":[{"href":"https:\/\/blog.uclm.es\/anaisabelmolina\/wp-json\/wp\/v2\/media?parent=257"}],"curies":[{"name":"wp","href":"https:\/\/api.w.org\/{rel}","templated":true}]}}