{"id":221,"date":"2022-06-25T07:28:38","date_gmt":"2022-06-25T06:28:38","guid":{"rendered":"https:\/\/blog.uclm.es\/anaisabelmolina\/?page_id=221"},"modified":"2026-03-01T07:18:29","modified_gmt":"2026-03-01T07:18:29","slug":"curriculum-vitae-en-cifras","status":"publish","type":"page","link":"https:\/\/blog.uclm.es\/anaisabelmolina\/curriculum\/curriculum-vitae-en-cifras\/","title":{"rendered":"Curriculum Vitae (en cifras)"},"content":{"rendered":"\n<h1 class=\"wp-block-heading\">Algunas cifras (Octubre de 2024)<\/h1>\n\n\n\n<h2 class=\"wp-block-heading\">Investigaci\u00f3n<\/h2>\n\n\n\n<ul class=\"wp-block-list\">\n<li>N\u00fam.&nbsp;Sexenios de investigaci\u00f3n (CNEAI): 3 (2004-2009) (2010-2015)&nbsp;(2016-2021)&nbsp;<\/li>\n\n\n\n<li>N\u00fam.&nbsp;<a href=\"https:\/\/blog.uclm.es\/anaisabelmolina\/investigacion\/tesis-doctorales-dirigidas\/\">Tesis dirigidas&nbsp;defendidas<\/a>: 4\n<ul class=\"wp-block-list\">\n<li><em>En proceso de direcci\u00f3n<\/em>: 5<\/li>\n<\/ul>\n<\/li>\n\n\n\n<li>N\u00fam.\u00a0<a href=\"https:\/\/blog.uclm.es\/anaisabelmolina\/publicaciones\/publicaciones-cientificas\/\">Publicaciones indexadas<\/a> en ISI-JCR: 50 (29 Q1 o Q2)<\/li>\n\n\n\n<li>N\u00fam.&nbsp;<a href=\"https:\/\/blog.uclm.es\/anaisabelmolina\/investigacion\/proyectos-de-investigacion-investigadora-principal\/\">Proyectos de Investigaci\u00f3n como IP<\/a>: 7 (3 de la UCLM, 2 de la JCCM y 2 del MICIU)<\/li>\n\n\n\n<li>N\u00fam.&nbsp;DEAs y TFMs: 5<\/li>\n\n\n\n<li>N\u00fam. Contribuciones a congresos: &gt; 140<\/li>\n\n\n\n<li>N\u00fam. Estancias postdoctorales: 3 (<a href=\"https:\/\/www.uni-due.de\/en\/\">Universit\u00e4t Duisburg-Essen<\/a> en Alemania; <a href=\"https:\/\/www.urjc.es\/\">Universidad Rey Juan Carlos<\/a>, <a href=\"http:\/\/www.udl.es\/ca\/\">Universitat de Lleida<\/a>)<\/li>\n\n\n\n<li>Editora de <a href=\"https:\/\/blog.uclm.es\/anaisabelmolina\/publicaciones\/\">n\u00famero especiales en revistas indexadas<\/a>: 3<\/li>\n\n\n\n<li>Redes internacionales de investigaci\u00f3n: 2 (RIVIE y <a href=\"http:\/\/www.idei.unsj.edu.ar\/UCSCL\/informacion.html\">uCSCL<\/a>)<\/li>\n\n\n\n<li>Experiencia como evaluadora de proyectos: Agencia Estatal de Investigaci\u00f3n (ANEP) y Agencia Andaluza del Conocimiento \u2013 Direcci\u00f3n de Evaluaci\u00f3n y Acreditaci\u00f3n (DEVA-AAC) <\/li>\n<\/ul>\n\n\n\n<h2 class=\"wp-block-heading\">Docencia<\/h2>\n\n\n\n<ul class=\"wp-block-list\">\n<li>N\u00fam.&nbsp;Quinquenios docentes&nbsp;(UCLM): 4<\/li>\n\n\n\n<li>N\u00fam.&nbsp;Proyectos de innovaci\u00f3n docente: 10 (<a href=\"https:\/\/blog.uclm.es\/anaisabelmolina\/docencia\/proyectos-de-innovacion-docente\/\">5 como IP<\/a>)<\/li>\n\n\n\n<li>N\u00fam.&nbsp;<a href=\"https:\/\/blog.uclm.es\/anaisabelmolina\/docencia\/trabajos-fin-de-grado-y-proyectos-fin-de-carrera-dirigidos\/\">TFG\/PFCs<\/a> dirigidos defendidos: 62\n<ul class=\"wp-block-list\">\n<li><em>En proceso de direcci\u00f3n (curso acad\u00e9mico 25\/26)<\/em>: 4<\/li>\n<\/ul>\n<\/li>\n\n\n\n<li>N\u00fam. Publicaciones docentes: &gt; 30<\/li>\n\n\n\n<li>N\u00fam. Misiones docentes Erasmus Staff: 1 (<a href=\"https:\/\/www.uc.pt\/\">Universidade de Coimbra<\/a> en Portugal)  <\/li>\n\n\n\n<li>Redes internacionales de docencia: 1 (<a href=\"https:\/\/hci-collab.com\/\" data-type=\"URL\" data-id=\"https:\/\/hci-collab.com\/\">HCI-Collab<\/a>)<\/li>\n<\/ul>\n","protected":false},"excerpt":{"rendered":"<p>Algunas cifras (Octubre de 2024) Investigaci\u00f3n Docencia<\/p>\n","protected":false},"author":68,"featured_media":0,"parent":18,"menu_order":0,"comment_status":"closed","ping_status":"closed","template":"","meta":{"footnotes":""},"class_list":["post-221","page","type-page","status-publish","hentry"],"_links":{"self":[{"href":"https:\/\/blog.uclm.es\/anaisabelmolina\/wp-json\/wp\/v2\/pages\/221","targetHints":{"allow":["GET"]}}],"collection":[{"href":"https:\/\/blog.uclm.es\/anaisabelmolina\/wp-json\/wp\/v2\/pages"}],"about":[{"href":"https:\/\/blog.uclm.es\/anaisabelmolina\/wp-json\/wp\/v2\/types\/page"}],"author":[{"embeddable":true,"href":"https:\/\/blog.uclm.es\/anaisabelmolina\/wp-json\/wp\/v2\/users\/68"}],"replies":[{"embeddable":true,"href":"https:\/\/blog.uclm.es\/anaisabelmolina\/wp-json\/wp\/v2\/comments?post=221"}],"version-history":[{"count":35,"href":"https:\/\/blog.uclm.es\/anaisabelmolina\/wp-json\/wp\/v2\/pages\/221\/revisions"}],"predecessor-version":[{"id":556,"href":"https:\/\/blog.uclm.es\/anaisabelmolina\/wp-json\/wp\/v2\/pages\/221\/revisions\/556"}],"up":[{"embeddable":true,"href":"https:\/\/blog.uclm.es\/anaisabelmolina\/wp-json\/wp\/v2\/pages\/18"}],"wp:attachment":[{"href":"https:\/\/blog.uclm.es\/anaisabelmolina\/wp-json\/wp\/v2\/media?parent=221"}],"curies":[{"name":"wp","href":"https:\/\/api.w.org\/{rel}","templated":true}]}}