{"id":22,"date":"2019-02-07T07:17:56","date_gmt":"2019-02-07T06:17:56","guid":{"rendered":"http:\/\/blog.uclm.es\/anaisabelmolina\/?page_id=22"},"modified":"2019-02-07T07:17:56","modified_gmt":"2019-02-07T06:17:56","slug":"publicaciones","status":"publish","type":"page","link":"https:\/\/blog.uclm.es\/anaisabelmolina\/publicaciones\/","title":{"rendered":"Publicaciones"},"content":{"rendered":"<ul>\n<li><a href=\"https:\/\/blog.uclm.es\/anaisabelmolina\/publicaciones\/publicaciones-cientificas\/\">Publicaciones de car\u00e1cter cient\u00edfico<\/a><\/li>\n<li><a href=\"https:\/\/blog.uclm.es\/anaisabelmolina\/publicaciones\/publicaciones-docentes\/\">Publicaciones de car\u00e1cter docente<\/a><\/li>\n<li><a href=\"https:\/\/blog.uclm.es\/anaisabelmolina\/publicaciones\/divulgacion\/\">Divulgaci\u00f3n<\/a><\/li>\n<\/ul>\n\n\n<h2 class=\"wp-block-heading\">Editora de n\u00fameros especiales<\/h2>\n\n\n\n<ul class=\"wp-block-list\"><li><a href=\"https:\/\/www.mdpi.com\/journal\/mathematics\/special_issues\/Artificial_Intelligence_Statistical_Techniques_Applications_Health_Education\">Advances in Artificial Intelligence and Statistical Techniques with Applications to Health and Education<\/a>. <a href=\"https:\/\/www.mdpi.com\/journal\/mathematics\"><em>Mathematics<\/em><\/a>\u00a0(ISSN 2227-7390). Deadline: <strong>31-07-2022<\/strong><\/li><li><a rel=\"noreferrer noopener\" href=\"https:\/\/www.mdpi.com\/journal\/applsci\/special_issues\/HCI_Designing_for_All\" target=\"_blank\">Human\u2011Computer Interaction: Designing for All<\/a>. <a href=\"https:\/\/www.mdpi.com\/journal\/applsci\"><em>Applied Sciences<\/em><\/a>\u00a0(ISSN 2076-3417). Deadline: <strong>15-09-2022<\/strong><\/li><li><a rel=\"noreferrer noopener\" href=\"https:\/\/www.mdpi.com\/journal\/sensors\/special_issues\/interaction_sensing\" target=\"_blank\">Recent Advances in Interaction, Sensing and Monitoring Devices and Its Applications<\/a>. <a href=\"https:\/\/www.mdpi.com\/journal\/sensors\"><em>Sensors<\/em><\/a>\u00a0(ISSN 1424-8220). Deadline: <strong>31-05-2022<\/strong> (<em>cerrado<\/em>)<\/li><\/ul>\n\n\n\n<p><\/p>\n","protected":false},"excerpt":{"rendered":"<p>Publicaciones de car\u00e1cter cient\u00edfico Publicaciones de car\u00e1cter docente Divulgaci\u00f3n Editora de n\u00fameros especiales Advances in Artificial Intelligence and Statistical Techniques with Applications to Health and Education. Mathematics\u00a0(ISSN 2227-7390). Deadline: 31-07-2022 Human\u2011Computer Interaction: Designing for All. Applied Sciences\u00a0(ISSN 2076-3417). Deadline: 15-09-2022 &hellip; <a href=\"https:\/\/blog.uclm.es\/anaisabelmolina\/publicaciones\/\">Sigue leyendo <span class=\"meta-nav\">&rarr;<\/span><\/a><\/p>\n","protected":false},"author":68,"featured_media":0,"parent":0,"menu_order":4,"comment_status":"closed","ping_status":"closed","template":"","meta":{"footnotes":""},"class_list":["post-22","page","type-page","status-publish","hentry"],"_links":{"self":[{"href":"https:\/\/blog.uclm.es\/anaisabelmolina\/wp-json\/wp\/v2\/pages\/22","targetHints":{"allow":["GET"]}}],"collection":[{"href":"https:\/\/blog.uclm.es\/anaisabelmolina\/wp-json\/wp\/v2\/pages"}],"about":[{"href":"https:\/\/blog.uclm.es\/anaisabelmolina\/wp-json\/wp\/v2\/types\/page"}],"author":[{"embeddable":true,"href":"https:\/\/blog.uclm.es\/anaisabelmolina\/wp-json\/wp\/v2\/users\/68"}],"replies":[{"embeddable":true,"href":"https:\/\/blog.uclm.es\/anaisabelmolina\/wp-json\/wp\/v2\/comments?post=22"}],"version-history":[{"count":0,"href":"https:\/\/blog.uclm.es\/anaisabelmolina\/wp-json\/wp\/v2\/pages\/22\/revisions"}],"wp:attachment":[{"href":"https:\/\/blog.uclm.es\/anaisabelmolina\/wp-json\/wp\/v2\/media?parent=22"}],"curies":[{"name":"wp","href":"https:\/\/api.w.org\/{rel}","templated":true}]}}