{"id":194,"date":"2022-06-25T06:58:14","date_gmt":"2022-06-25T05:58:14","guid":{"rendered":"https:\/\/blog.uclm.es\/anaisabelmolina\/?page_id=194"},"modified":"2023-12-23T07:43:19","modified_gmt":"2023-12-23T07:43:19","slug":"proyectos-de-innovacion-docente","status":"publish","type":"page","link":"https:\/\/blog.uclm.es\/anaisabelmolina\/docencia\/proyectos-de-innovacion-docente\/","title":{"rendered":"Proyectos de Innovaci\u00f3n Docente"},"content":{"rendered":"\n<ul class=\"wp-block-list\">\n<li><strong>2023-2025<\/strong>. Herramienta para la generaci\u00f3n autom\u00e1tica de editores gr\u00e1ficos web colaborativos multidominio. XIII Convocatoria de ayudas para Proyectos de Innovaci\u00f3n y Mejora Docente 2023-2025, promovida por el Vicerrectorado de Estudios, Calidad y Acreditaci\u00f3n de la UCLM. Escuela Superior de Inform\u00e1tica de Ciudad Real, Facultad de Ciencias Sociales y Tecnolog\u00edas de Informaci\u00f3n de Talavera de la Reina y Escuela Polit\u00e9cnica de Cuenca. INVESTIGADORA PRINCIPAL: <strong>Ana Isabel Molina D\u00edaz<\/strong>.<\/li>\n\n\n\n<li><strong>2023-2025<\/strong>. Dinamizaci\u00f3n de actividades en clase mediante robots conversacionales y modelos grandes del lenguaje. XIII Convocatoria de ayudas para Proyectos de Innovaci\u00f3n y Mejora Docente 2023-2025, promovida por el Vicerrectorado de Estudios, Calidad y Acreditaci\u00f3n de la UCLM. Escuela Superior de Inform\u00e1tica de Ciudad Real, Facultad de Ciencias Sociales y Tecnolog\u00edas de Informaci\u00f3n de Talavera de la Reina y Facultad de Educaci\u00f3n de Ciudad Real. INVESTIGADOR PRINCIPAL: Ram\u00f3n Herv\u00e1s Lucas.<\/li>\n\n\n\n<li><strong>2021-2023<\/strong>. Enriqueciendo el entorno de ense\u00f1anza de la gram\u00e1tica francesa mediante el desarrollo de una aplicaci\u00f3n para su uso en dispositivos m\u00f3viles que incluya t\u00e9cnicas de gamificaci\u00f3n. XII Convocatoria de ayudas para Proyectos de Innovaci\u00f3n y Mejora Docente 2021\/2023, promovida por el Vicerrectorado de Estudios, Calidad y Acreditaci\u00f3n de la UCLM. Escuela Superior de Inform\u00e1tica y Facultad de Letras de Ciudad Real.  INVESTIGADORA PRINCIPAL: Claude Duee Zoghbi.<\/li>\n<\/ul>\n\n\n\n<ul class=\"wp-block-list\">\n<li><strong>2019-2021<\/strong>. SmartFeedBack<a>:<\/a> Smart Audience Response System for Classroom Feedback. XI convocatoria de ayudas para Proyectos de innovaci\u00f3n docente promovida por el Vicerrectorado de Docencia de la UCLM. Escuela Superior de Inform\u00e1tica de Ciudad Real. INVESTIGADOR PRINCIPAL: Ram\u00f3n Herv\u00e1s Lucas <\/li>\n<\/ul>\n\n\n\n<ul class=\"wp-block-list\">\n<li><strong>2017-2019<\/strong>. Sistema de apoyo a la direcci\u00f3n de centros universitarios para la evaluaci\u00f3n temprana del rendimiento acad\u00e9mico y riesgo de abandono. X convocatoria de ayudas para Proyectos de innovaci\u00f3n docente promovida por el Vicerrectorado de Docencia de la UCLM. Escuela Superior de Inform\u00e1tica de Ciudad Real.  INVESTIGADOR PRINCIPAL: Manuel \u00c1ngel Serrano Mart\u00edn <\/li>\n<\/ul>\n\n\n\n<ul class=\"wp-block-list\">\n<li><strong>2015-2016<\/strong>. Desarrollo de una herramienta de dise\u00f1o y an\u00e1lisis de instrumentos de evaluaci\u00f3n e investigaci\u00f3n docente. Escuela Superior de Inform\u00e1tica de Ciudad Real. INVESTIGADORA PRINCIPAL: <strong>Ana Isabel Molina D\u00edaz<\/strong><\/li>\n<\/ul>\n\n\n\n<ul class=\"wp-block-list\">\n<li><strong>2013-2014<\/strong>. Estudio de las t\u00e9cnicas de visualizaci\u00f3n y simulaci\u00f3n de programas recursivos en asignaturas de programaci\u00f3n. Escuela Superior de Inform\u00e1tica de Ciudad Real.  INVESTIGADORA PRINCIPAL: <strong>Ana Isabel Molina D\u00edaz<\/strong><\/li>\n<\/ul>\n\n\n\n<ul class=\"wp-block-list\">\n<li><strong>2012<\/strong>. Evaluaci\u00f3n de materiales docentes mediante t\u00e9cnicas de eye-tracking: Experiencias en el Grado de Inform\u00e1tica. Escuela Superior de Inform\u00e1tica de Ciudad Real. INVESTIGADORA PRINCIPAL: <strong>Ana Isabel Molina D\u00edaz<\/strong><\/li>\n<\/ul>\n\n\n\n<ul class=\"wp-block-list\">\n<li><strong>2010-2011<\/strong>. Prog-CoLab: Enriqueciendo los laboratorios de pr\u00e1cticas de programaci\u00f3n mediante t\u00e9cnicas de aprendizaje en grupo soportado por computador. Escuela Superior de Inform\u00e1tica de Ciudad Real. INVESTIGADORA PRINCIPAL: <strong>Ana Isabel Molina D\u00edaz<\/strong><\/li>\n<\/ul>\n","protected":false},"excerpt":{"rendered":"","protected":false},"author":68,"featured_media":0,"parent":34,"menu_order":0,"comment_status":"closed","ping_status":"closed","template":"","meta":{"footnotes":""},"class_list":["post-194","page","type-page","status-publish","hentry"],"_links":{"self":[{"href":"https:\/\/blog.uclm.es\/anaisabelmolina\/wp-json\/wp\/v2\/pages\/194","targetHints":{"allow":["GET"]}}],"collection":[{"href":"https:\/\/blog.uclm.es\/anaisabelmolina\/wp-json\/wp\/v2\/pages"}],"about":[{"href":"https:\/\/blog.uclm.es\/anaisabelmolina\/wp-json\/wp\/v2\/types\/page"}],"author":[{"embeddable":true,"href":"https:\/\/blog.uclm.es\/anaisabelmolina\/wp-json\/wp\/v2\/users\/68"}],"replies":[{"embeddable":true,"href":"https:\/\/blog.uclm.es\/anaisabelmolina\/wp-json\/wp\/v2\/comments?post=194"}],"version-history":[{"count":2,"href":"https:\/\/blog.uclm.es\/anaisabelmolina\/wp-json\/wp\/v2\/pages\/194\/revisions"}],"predecessor-version":[{"id":454,"href":"https:\/\/blog.uclm.es\/anaisabelmolina\/wp-json\/wp\/v2\/pages\/194\/revisions\/454"}],"up":[{"embeddable":true,"href":"https:\/\/blog.uclm.es\/anaisabelmolina\/wp-json\/wp\/v2\/pages\/34"}],"wp:attachment":[{"href":"https:\/\/blog.uclm.es\/anaisabelmolina\/wp-json\/wp\/v2\/media?parent=194"}],"curies":[{"name":"wp","href":"https:\/\/api.w.org\/{rel}","templated":true}]}}