{"id":18,"date":"2019-02-06T08:29:04","date_gmt":"2019-02-06T07:29:04","guid":{"rendered":"http:\/\/blog.uclm.es\/anaisabelmolina\/?page_id=18"},"modified":"2024-02-29T11:23:14","modified_gmt":"2024-02-29T11:23:14","slug":"curriculum","status":"publish","type":"page","link":"https:\/\/blog.uclm.es\/anaisabelmolina\/curriculum\/","title":{"rendered":"Curr\u00edculum"},"content":{"rendered":"<h2>Puesto de trabajo actual<\/h2>\n<ul>\n<li>Catedr\u00e1tica de Universidad en la <a href=\"http:\/\/www.esi.uclm.es\/\">Escuela Superior de Inform\u00e1tica<\/a>\u00a0de la\u00a0<a href=\"http:\/\/www.uclm.es\/\">Universidad de Castilla \u2013 La Mancha<\/a>. <em>\u00a0<\/em><\/li>\n<li>Vocal Experta de la\u00a0<a href=\"http:\/\/blog.uclm.es\/telefonica\/\">C\u00e1tedra \u201c<em>Sistemas Avanzados de Interacci\u00f3n para Educaci\u00f3n Digital<\/em>\u201c<\/a>\u00a0de Telef\u00f3nica M\u00f3viles Espa\u00f1a y la\u00a0<a href=\"http:\/\/www.uclm.es\/\">Universidad de Castilla \u2013 La Mancha<\/a><\/li>\n<li>Responsable del <a href=\"http:\/\/blog.uclm.es\/grupochico\/laboratorio-de-usabilidad\/\">Laboratorio de Usabilidad<\/a> del grupo CHICO de la UCLM.<\/li>\n<\/ul>\n","protected":false},"excerpt":{"rendered":"<p>Puesto de trabajo actual Catedr\u00e1tica de Universidad en la Escuela Superior de Inform\u00e1tica\u00a0de la\u00a0Universidad de Castilla \u2013 La Mancha. \u00a0 Vocal Experta de la\u00a0C\u00e1tedra \u201cSistemas Avanzados de Interacci\u00f3n para Educaci\u00f3n Digital\u201c\u00a0de Telef\u00f3nica M\u00f3viles Espa\u00f1a y la\u00a0Universidad de Castilla \u2013 La &hellip; <a href=\"https:\/\/blog.uclm.es\/anaisabelmolina\/curriculum\/\">Sigue leyendo <span class=\"meta-nav\">&rarr;<\/span><\/a><\/p>\n","protected":false},"author":68,"featured_media":0,"parent":0,"menu_order":2,"comment_status":"closed","ping_status":"closed","template":"","meta":{"footnotes":""},"class_list":["post-18","page","type-page","status-publish","hentry"],"_links":{"self":[{"href":"https:\/\/blog.uclm.es\/anaisabelmolina\/wp-json\/wp\/v2\/pages\/18","targetHints":{"allow":["GET"]}}],"collection":[{"href":"https:\/\/blog.uclm.es\/anaisabelmolina\/wp-json\/wp\/v2\/pages"}],"about":[{"href":"https:\/\/blog.uclm.es\/anaisabelmolina\/wp-json\/wp\/v2\/types\/page"}],"author":[{"embeddable":true,"href":"https:\/\/blog.uclm.es\/anaisabelmolina\/wp-json\/wp\/v2\/users\/68"}],"replies":[{"embeddable":true,"href":"https:\/\/blog.uclm.es\/anaisabelmolina\/wp-json\/wp\/v2\/comments?post=18"}],"version-history":[{"count":5,"href":"https:\/\/blog.uclm.es\/anaisabelmolina\/wp-json\/wp\/v2\/pages\/18\/revisions"}],"predecessor-version":[{"id":476,"href":"https:\/\/blog.uclm.es\/anaisabelmolina\/wp-json\/wp\/v2\/pages\/18\/revisions\/476"}],"wp:attachment":[{"href":"https:\/\/blog.uclm.es\/anaisabelmolina\/wp-json\/wp\/v2\/media?parent=18"}],"curies":[{"name":"wp","href":"https:\/\/api.w.org\/{rel}","templated":true}]}}