{"id":99,"date":"2017-01-19T19:51:49","date_gmt":"2017-01-19T18:51:49","guid":{"rendered":"http:\/\/blog.uclm.es\/amariaortiz\/?page_id=99"},"modified":"2017-01-19T19:51:49","modified_gmt":"2017-01-19T18:51:49","slug":"sobre-mi","status":"publish","type":"page","link":"https:\/\/blog.uclm.es\/amariaortiz\/sobre-mi\/","title":{"rendered":"Sobre m\u00ed"},"content":{"rendered":"<p><img loading=\"lazy\" decoding=\"async\" src=\"https:\/\/blog.uclm.es\/amariaortiz\/wp-content\/uploads\/sites\/58\/2017\/01\/Foto-T2-FONDO-BLANCO-150x150.jpg\" alt=\"\" width=\"150\" height=\"150\" class=\"alignnone size-thumbnail wp-image-123\" \/><\/p>\n<p>Titular de Universidad del \u00e1rea de Did\u00e1ctica de la Lengua y la Literatura en la Facultad de Educaci\u00f3n de Toledo.<br \/>\nDoctora en Filosof\u00eda y Letras (Filolog\u00eda Hisp\u00e1nica) por la UAM, con la tesis: <em>Edici\u00f3n cr\u00edtica de la poes\u00eda de Diego de Silva y Mendoza, conde de Salinas<\/em>.<br \/>\nHasta 2009 funcionaria en EEMM, en diversos IIEESS de las Comunidades Aut\u00f3nomas de Andaluc\u00eda y Madrid.<br \/>\nIntereses preferentes por las investigaciones relacionadas con la lectura (en sus dos dimensiones), la literatura popular y la Literatura Juvenil.<\/p>\n<p>Contacto: amaria.ortiz@uclm.es <\/p>\n","protected":false},"excerpt":{"rendered":"<p>Titular de Universidad del \u00e1rea de Did\u00e1ctica de la Lengua y la Literatura en la Facultad de Educaci\u00f3n de Toledo. Doctora en Filosof\u00eda y Letras (Filolog\u00eda Hisp\u00e1nica) por la UAM, con la tesis: Edici\u00f3n cr\u00edtica de la poes\u00eda de Diego de Silva y Mendoza, conde de Salinas. Hasta 2009 funcionaria en EEMM, en diversos IIEESS [&hellip;]<\/p>\n","protected":false},"author":93,"featured_media":0,"parent":0,"menu_order":0,"comment_status":"closed","ping_status":"closed","template":"","meta":{"footnotes":""},"class_list":["post-99","page","type-page","status-publish","hentry"],"_links":{"self":[{"href":"https:\/\/blog.uclm.es\/amariaortiz\/wp-json\/wp\/v2\/pages\/99","targetHints":{"allow":["GET"]}}],"collection":[{"href":"https:\/\/blog.uclm.es\/amariaortiz\/wp-json\/wp\/v2\/pages"}],"about":[{"href":"https:\/\/blog.uclm.es\/amariaortiz\/wp-json\/wp\/v2\/types\/page"}],"author":[{"embeddable":true,"href":"https:\/\/blog.uclm.es\/amariaortiz\/wp-json\/wp\/v2\/users\/93"}],"replies":[{"embeddable":true,"href":"https:\/\/blog.uclm.es\/amariaortiz\/wp-json\/wp\/v2\/comments?post=99"}],"version-history":[{"count":0,"href":"https:\/\/blog.uclm.es\/amariaortiz\/wp-json\/wp\/v2\/pages\/99\/revisions"}],"wp:attachment":[{"href":"https:\/\/blog.uclm.es\/amariaortiz\/wp-json\/wp\/v2\/media?parent=99"}],"curies":[{"name":"wp","href":"https:\/\/api.w.org\/{rel}","templated":true}]}}