{"id":95,"date":"2017-01-19T19:49:51","date_gmt":"2017-01-19T18:49:51","guid":{"rendered":"http:\/\/blog.uclm.es\/amariaortiz\/?page_id=95"},"modified":"2024-10-29T15:50:13","modified_gmt":"2024-10-29T15:50:13","slug":"cursos","status":"publish","type":"page","link":"https:\/\/blog.uclm.es\/amariaortiz\/cursos\/","title":{"rendered":"Asignaturas en cursos acad\u00e9micos"},"content":{"rendered":"<p><strong>Asignaturas impartidas en el curso 24\/25:<\/strong><\/p>\n<p><strong>Grado:<\/strong><br \/>\n<em>Did\u00e1ctica de la Comunicaci\u00f3n Oral y la Dramatizaci\u00f3n<\/em>, 3\u00ba de Grado Maestro Primaria. Menci\u00f3n en Lengua, Lectura y Multiculturalidad.<br \/>\n<em>Did\u00e1ctica de la Literatura espa\u00f1ola<\/em>, 3\u00ba de Grado Maestro Primaria.<br \/>\n<em>Tratamiento de la literatura infantil y juvenil en el aula<\/em>, 4\u00ba de Maestro Primaria. Menci\u00f3n en Lengua, Lectura y Multiculturalidad.<br \/>\n<em>Literatura Infantil y animaci\u00f3n a la lectura<\/em>, 4\u00ba de Grado Maestro Infantil.<br \/>\n<strong>M\u00e1ster:<\/strong><br \/>\n<em>Investigaci\u00f3n en lengua y literatura y sus did\u00e1cticas<\/em>, M\u00e1ster de Investigaci\u00f3n e Innovaci\u00f3n Educativa-UCLM. (Programa correspondiente a la lengua y literatura castellana).<\/p>\n<p><strong>Asignaturas impartidas en el curso 23\/24:<\/strong><\/p>\n<p><strong>Grado:<\/strong><br \/>\n<em>Did\u00e1ctica de la Comunicaci\u00f3n Oral y la Dramatizaci\u00f3n<\/em>, 3\u00ba de Grado Maestro Primaria. Menci\u00f3n en Lengua, Lectura y Multiculturalidad.<br \/>\n<em>Did\u00e1ctica de la Literatura espa\u00f1ola<\/em>, 3\u00ba de Grado Maestro Primaria.<br \/>\n<em>Tratamiento de la literatura infantil y juvenil en el aula<\/em>, 4\u00ba de Maestro Primaria. Menci\u00f3n en Lengua, Lectura y Multiculturalidad.<br \/>\n<em>Literatura Infantil y animaci\u00f3n a la lectura<\/em>, 4\u00ba de Grado Maestro Infantil.<br \/>\n<strong>M\u00e1ster:<\/strong><br \/>\n<em>Investigaci\u00f3n en lengua y literatura y sus did\u00e1cticas<\/em>, M\u00e1ster de Investigaci\u00f3n e Innovaci\u00f3n Educativa-UCLM. (Programa correspondiente a la lengua y literatura castellana).<\/p>\n<p><strong>Asignaturas impartidas en el curso 22\/23:<\/strong><\/p>\n<p><strong>Grado:<\/strong><br \/>\n<em>Did\u00e1ctica de la Comunicaci\u00f3n Oral y la Dramatizaci\u00f3n<\/em>, 3\u00ba de Grado Maestro Primaria. Menci\u00f3n en Lengua, Lectura y Multiculturalidad.<br \/>\n<em>Did\u00e1ctica de la Literatura espa\u00f1ola<\/em>, 3\u00ba de Grado Maestro Primaria.<br \/>\n<em>Tratamiento de la literatura infantil y juvenil en el aula<\/em>, 4\u00ba de Maestro Primaria. Menci\u00f3n en Lengua, Lectura y Multiculturalidad.<br \/>\n<em>Literatura Infantil y animaci\u00f3n a la lectura<\/em>, 4\u00ba de Grado Maestro Infantil.<br \/>\n<strong>M\u00e1ster:<\/strong><br \/>\n<em>Investigaci\u00f3n en lengua y literatura y sus did\u00e1cticas<\/em>, M\u00e1ster de Investigaci\u00f3n e Innovaci\u00f3n Educativa-UCLM. (Programa correspondiente a la lengua y literatura castellana).<\/p>\n<p><em>Literatura y cultura en el aula de ELE\/L2<\/em>. M\u00e1ster de Formaci\u00f3n en Did\u00e1ctica de ELE-EL2 en entornos educativos.<\/p>\n<p><strong>Asignaturas impartidas en el curso 21\/22:<\/strong><\/p>\n<p>Grado:<br \/>\n<em>Did\u00e1ctica de la Comunicaci\u00f3n Oral y la Dramatizaci\u00f3n<\/em>, 3\u00ba de Grado Maestro Primaria. Menci\u00f3n en Lengua, Lectura y Multiculturalidad.<br \/>\n<em>Did\u00e1ctica de la Literatura espa\u00f1ola<\/em>, 3\u00ba de Grado Maestro Primaria.<br \/>\n<em>Tratamiento de la literatura infantil y juvenil en el aula<\/em>, 4\u00ba de Maestro Primaria. Menci\u00f3n en Lengua, Lectura y Multiculturalidad.<br \/>\n<em>Literatura Infantil y animaci\u00f3n a la lectura<\/em>, 4\u00ba de Grado Maestro Infantil.<br \/>\n<strong>M\u00e1ster:<\/strong><br \/>\n<em>Investigaci\u00f3n en lengua y literatura y sus did\u00e1cticas<\/em>, M\u00e1ster de Investigaci\u00f3n e Innovaci\u00f3n Educativa-UCLM. (Programa correspondiente a la lengua y literatura castellana).<\/p>\n<p><strong>Asignaturas impartidas en el curso 20\/21:<\/strong><\/p>\n<p><strong>Grado:<\/strong><br \/>\n<em>Did\u00e1ctica de la Comunicaci\u00f3n Oral y la Dramatizaci\u00f3n<\/em>, 3\u00ba de Grado Maestro Primaria. Menci\u00f3n en Lengua, Lectura y Multiculturalidad.<br \/>\n<em>Did\u00e1ctica de la Literatura espa\u00f1ola<\/em>, 3\u00ba de Grado Maestro Primaria.<br \/>\n<em>Tratamiento de la literatura infantil y juvenil en el aula<\/em>, 4\u00ba de Maestro Primaria. Menci\u00f3n en Lengua, Lectura y Multiculturalidad.<br \/>\n<em>Literatura Infantil y animaci\u00f3n a la lectura<\/em>, 4\u00ba de Grado Maestro Infantil.<br \/>\n<strong>M\u00e1ster:<\/strong><br \/>\n<em>Investigaci\u00f3n en lengua y literatura y sus did\u00e1cticas<\/em>, M\u00e1ster de Investigaci\u00f3n e Innovaci\u00f3n Educativa-UCLM. (Programa correspondiente a la lengua y literatura castellana).<\/p>\n<p><strong>Asignaturas impartidas en el curso 2019\/20:<\/strong><br \/>\n<strong>Grado:<\/strong><br \/>\n<em>Did\u00e1ctica de la Comunicaci\u00f3n Oral y la Dramatizaci\u00f3n<\/em>, 3\u00ba de Grado Maestro Primaria. Menci\u00f3n en Lengua, Lectura y Multiculturalidad.<br \/>\n<em>Introducci\u00f3n a la lengua como veh\u00edculo de cultura: Did\u00e1ctica de la lectoescritura<\/em>, 3\u00ba de Grado Maestro Primaria. Menci\u00f3n en Lengua, Lectura y Multiculturalidad.<br \/>\n<em>Did\u00e1ctica de la Literatura espa\u00f1ola<\/em>, 3\u00ba de Grado Maestro Primaria.<br \/>\n<em>Tratamiento de la literatura infantil y juvenil en el aula<\/em>, 4\u00ba de Maestro Primaria. Menci\u00f3n en Lengua, Lectura y Multiculturalidad.<br \/>\n<em>Literatura Infantil y animaci\u00f3n a la lectura<\/em>, 4\u00ba de Grado Maestro Infantil.<br \/>\n<strong>M\u00e1ster:<\/strong><br \/>\n<em>Investigaci\u00f3n en lengua y literatura y sus did\u00e1cticas<\/em>, M\u00e1ster de Investigaci\u00f3n e Innovaci\u00f3n Educativa-UCLM. (Programa correspondiente a la lengua y literatura castellana).<\/p>\n<p><strong>Asignaturas impartidas en el curso 2018\/19:<\/strong><br \/>\n<strong>Grado:<\/strong><br \/>\n<em>Did\u00e1ctica de la Comunicaci\u00f3n Oral y la Dramatizaci\u00f3n<\/em>, 3\u00ba de Grado Maestro Primaria. Menci\u00f3n en Lengua, Lectura y Multiculturalidad.<br \/>\n<em>Introducci\u00f3n a la lengua como veh\u00edculo de cultura: Did\u00e1ctica de la lectoescritura<\/em>, 3\u00ba de Grado Maestro Primaria. Menci\u00f3n en Lengua, Lectura y Multiculturalidad.<br \/>\n<em>Did\u00e1ctica de la Literatura espa\u00f1ola<\/em>, 3\u00ba de Grado Maestro Primaria.<br \/>\n<em>Tratamiento de la literatura infantil y juvenil en el aula<\/em>, 4\u00ba de Maestro Primaria. Menci\u00f3n en Lengua, Lectura y Multiculturalidad.<br \/>\n<em>Literatura Infantil y animaci\u00f3n a la lectura<\/em>, 4\u00ba de Grado Maestro Infantil.<br \/>\n<strong>M\u00e1ster:<\/strong><br \/>\n<em>Investigaci\u00f3n en lengua y literatura y sus did\u00e1cticas<\/em>, M\u00e1ster de Investigaci\u00f3n e Innovaci\u00f3n Educativa-UCLM. (Programa correspondiente a la lengua y literatura castellana).<\/p>\n<p><strong>Asignaturas impartidas en el curso 2017\/18:<\/strong><br \/>\n<strong>Grado:<\/strong><br \/>\n<em>Did\u00e1ctica de la Comunicaci\u00f3n Oral y la Dramatizaci\u00f3n<\/em>, 3\u00ba de Grado Maestro Primaria. Menci\u00f3n en Lengua, Lectura y Multiculturalidad.<br \/>\n<em>Introducci\u00f3n a la lengua como veh\u00edculo de cultura: Did\u00e1ctica de la lectoescritura<\/em>, 3\u00ba de Grado Maestro Primaria. Menci\u00f3n en Lengua, Lectura y Multiculturalidad.<br \/>\n<em>Did\u00e1ctica de la Literatura espa\u00f1ola<\/em>, 3\u00ba de Grado Maestro Primaria.<br \/>\n<em>Tratamiento de la literatura infantil y juvenil en el aula<\/em>, 4\u00ba de Maestro Primaria. Menci\u00f3n en Lengua, Lectura y Multiculturalidad.<br \/>\n<em>Literatura Infantil y animaci\u00f3n a la lectura<\/em>, 4\u00ba de Grado Maestro Infantil.<\/p>\n<p><strong>M\u00e1ster:<\/strong><br \/>\n<em>Investigaci\u00f3n en lengua y literatura y sus did\u00e1cticas<\/em>, M\u00e1ster de Investigaci\u00f3n e Innovaci\u00f3n Educativa-UCLM. (Programa correspondiente a la lengua y literatura castellana).<\/p>\n<p><strong>Asignaturas impartidas en el curso 2016\/17:<\/strong><br \/>\n<strong>Grado:<\/strong><br \/>\n<em>Did\u00e1ctica de la Comunicaci\u00f3n Oral y la Dramatizaci\u00f3n<\/em>, 3\u00ba de Grado Maestro Primaria. Menci\u00f3n en Lengua, Lectura y Multiculturalidad.<br \/>\n<em>Did\u00e1ctica de la Literatura espa\u00f1ola<\/em>, 3\u00ba de Grado Maestro Primaria.<br \/>\n<em>Tratamiento de la literatura infantil y juvenil en el aula<\/em>, 4\u00ba de Maestro Primaria. Menci\u00f3n en Lengua, Lectura y Multiculturalidad.<br \/>\n<em>Literatura Infantil y animaci\u00f3n a la lectura<\/em>, 4\u00ba de Grado Maestro Infantil.<\/p>\n<p><strong>M\u00e1ster:<\/strong><br \/>\n<em>Investigaci\u00f3n en lengua y literatura y sus did\u00e1cticas<\/em>, M\u00e1ster de Investigaci\u00f3n e Innovaci\u00f3n Educativa-UCLM. (Programa correspondiente a la lengua y literatura castellana).<\/p>\n","protected":false},"excerpt":{"rendered":"<p>Asignaturas impartidas en el curso 24\/25: Grado: Did\u00e1ctica de la Comunicaci\u00f3n Oral y la Dramatizaci\u00f3n, 3\u00ba de Grado Maestro Primaria. Menci\u00f3n en Lengua, Lectura y Multiculturalidad. Did\u00e1ctica de la Literatura espa\u00f1ola, 3\u00ba de Grado Maestro Primaria. Tratamiento de la literatura infantil y juvenil en el aula, 4\u00ba de Maestro Primaria. Menci\u00f3n en Lengua, Lectura y [&hellip;]<\/p>\n","protected":false},"author":93,"featured_media":0,"parent":0,"menu_order":0,"comment_status":"closed","ping_status":"closed","template":"","meta":{"footnotes":""},"class_list":["post-95","page","type-page","status-publish","hentry"],"_links":{"self":[{"href":"https:\/\/blog.uclm.es\/amariaortiz\/wp-json\/wp\/v2\/pages\/95","targetHints":{"allow":["GET"]}}],"collection":[{"href":"https:\/\/blog.uclm.es\/amariaortiz\/wp-json\/wp\/v2\/pages"}],"about":[{"href":"https:\/\/blog.uclm.es\/amariaortiz\/wp-json\/wp\/v2\/types\/page"}],"author":[{"embeddable":true,"href":"https:\/\/blog.uclm.es\/amariaortiz\/wp-json\/wp\/v2\/users\/93"}],"replies":[{"embeddable":true,"href":"https:\/\/blog.uclm.es\/amariaortiz\/wp-json\/wp\/v2\/comments?post=95"}],"version-history":[{"count":4,"href":"https:\/\/blog.uclm.es\/amariaortiz\/wp-json\/wp\/v2\/pages\/95\/revisions"}],"predecessor-version":[{"id":445,"href":"https:\/\/blog.uclm.es\/amariaortiz\/wp-json\/wp\/v2\/pages\/95\/revisions\/445"}],"wp:attachment":[{"href":"https:\/\/blog.uclm.es\/amariaortiz\/wp-json\/wp\/v2\/media?parent=95"}],"curies":[{"name":"wp","href":"https:\/\/api.w.org\/{rel}","templated":true}]}}