{"id":56,"date":"2017-01-19T13:05:27","date_gmt":"2017-01-19T12:05:27","guid":{"rendered":"http:\/\/blog.uclm.es\/amariaortiz\/?page_id=56"},"modified":"2017-01-19T13:05:27","modified_gmt":"2017-01-19T12:05:27","slug":"lugares-de-interes","status":"publish","type":"page","link":"https:\/\/blog.uclm.es\/amariaortiz\/lugares-de-interes\/","title":{"rendered":"Lugares de inter\u00e9s"},"content":{"rendered":"<p><strong>BLOGS AMIGOS<\/strong><br \/>\n<strong>UCLM<\/strong><br \/>\nVisita el blog de los profesores de Did\u00e1ctica de la Lengua y Literatura de la Facultad de Educaci\u00f3n de Toledo: <a href=\"http:\/\/blog.uclm.es\/areadllto\/\">Did\u00e1ctica de la Lengua y la Literatura<\/a><br \/>\nBlog de la Escuela de Traductores de Toledo: <a href=\"http:\/\/blog.uclm.es\/escueladetraductores\/\">Escuela de Traductores de Toledo<\/a><br \/>\nCentro de Estudios para la Promoci\u00f3n de la Literatura Infantil-CEPLI:<a href=\"http:\/\/cepli.uclm.es\/\">CEPLI<\/a><\/p>\n<p><strong>Nacionales e Internacionales <\/strong><br \/>\nAsociaci\u00f3n Espa\u00f1ola de Lectura y Escritura-AELE: <a href=\"http:\/\/www.asociacionaele.com\/\">AELE<\/a><br \/>\nAsociaci\u00f3n Nacional en Investigaci\u00f3n de Literatura Infantil y Juvenil-ANILIJ:<br \/>\n<a href=\"http:\/\/anilij.uvigo.es\/\">ANILIJ<\/a><br \/>\nSociedad Espa\u00f1ola de Did\u00e1ctica de la Lengua y la Literatura-SEDLL: <a href=\"http:\/\/www.sedll.org\/es\">SEDLL<\/a><br \/>\nCanal Lector, web de recomendaci\u00f3n de libros infantiles y juveniles, c\u00f3mic, \u00e1lbum ilustrado y novelas crossover editadas en espa\u00f1ol en los diversos pa\u00edses que comparten la lengua. Los libros son seleccionados por equipos de especialistas en LIJ. Un recurso imprescindible para mediadores: <a href=\"http:\/\/www.canallector.com\/seccion.php?id=64\">CL<\/a><\/p>\n","protected":false},"excerpt":{"rendered":"<p>BLOGS AMIGOS UCLM Visita el blog de los profesores de Did\u00e1ctica de la Lengua y Literatura de la Facultad de Educaci\u00f3n de Toledo: Did\u00e1ctica de la Lengua y la Literatura Blog de la Escuela de Traductores de Toledo: Escuela de Traductores de Toledo Centro de Estudios para la Promoci\u00f3n de la Literatura Infantil-CEPLI:CEPLI Nacionales e [&hellip;]<\/p>\n","protected":false},"author":93,"featured_media":63,"parent":0,"menu_order":0,"comment_status":"closed","ping_status":"closed","template":"","meta":{"footnotes":""},"class_list":["post-56","page","type-page","status-publish","has-post-thumbnail","hentry"],"_links":{"self":[{"href":"https:\/\/blog.uclm.es\/amariaortiz\/wp-json\/wp\/v2\/pages\/56","targetHints":{"allow":["GET"]}}],"collection":[{"href":"https:\/\/blog.uclm.es\/amariaortiz\/wp-json\/wp\/v2\/pages"}],"about":[{"href":"https:\/\/blog.uclm.es\/amariaortiz\/wp-json\/wp\/v2\/types\/page"}],"author":[{"embeddable":true,"href":"https:\/\/blog.uclm.es\/amariaortiz\/wp-json\/wp\/v2\/users\/93"}],"replies":[{"embeddable":true,"href":"https:\/\/blog.uclm.es\/amariaortiz\/wp-json\/wp\/v2\/comments?post=56"}],"version-history":[{"count":0,"href":"https:\/\/blog.uclm.es\/amariaortiz\/wp-json\/wp\/v2\/pages\/56\/revisions"}],"wp:featuredmedia":[{"embeddable":true,"href":"https:\/\/blog.uclm.es\/amariaortiz\/wp-json\/wp\/v2\/media\/63"}],"wp:attachment":[{"href":"https:\/\/blog.uclm.es\/amariaortiz\/wp-json\/wp\/v2\/media?parent=56"}],"curies":[{"name":"wp","href":"https:\/\/api.w.org\/{rel}","templated":true}]}}