{"id":321,"date":"2021-06-02T18:23:57","date_gmt":"2021-06-02T17:23:57","guid":{"rendered":"https:\/\/blog.uclm.es\/amariaortiz\/?page_id=321"},"modified":"2024-10-08T08:02:50","modified_gmt":"2024-10-08T08:02:50","slug":"mencion-lengua-lectura-y-multiculturalidad","status":"publish","type":"page","link":"https:\/\/blog.uclm.es\/amariaortiz\/mencion-lengua-lectura-y-multiculturalidad\/","title":{"rendered":"Menci\u00f3n Lengua, Lectura y Multiculturalidad"},"content":{"rendered":"<div class=\"wp-block-image\">\n<figure class=\"aligncenter size-large\"><img loading=\"lazy\" decoding=\"async\" width=\"1024\" height=\"574\" src=\"https:\/\/blog.uclm.es\/amariaortiz\/files\/2021\/06\/Foto-Mencion-1024x574.jpg\" alt=\"\" class=\"wp-image-327\" srcset=\"https:\/\/blog.uclm.es\/amariaortiz\/wp-content\/uploads\/sites\/58\/2021\/06\/Foto-Mencion-1024x574.jpg 1024w, https:\/\/blog.uclm.es\/amariaortiz\/wp-content\/uploads\/sites\/58\/2021\/06\/Foto-Mencion-300x168.jpg 300w, https:\/\/blog.uclm.es\/amariaortiz\/wp-content\/uploads\/sites\/58\/2021\/06\/Foto-Mencion-768x431.jpg 768w, https:\/\/blog.uclm.es\/amariaortiz\/wp-content\/uploads\/sites\/58\/2021\/06\/Foto-Mencion-1536x862.jpg 1536w, https:\/\/blog.uclm.es\/amariaortiz\/wp-content\/uploads\/sites\/58\/2021\/06\/Foto-Mencion-2048x1149.jpg 2048w, https:\/\/blog.uclm.es\/amariaortiz\/wp-content\/uploads\/sites\/58\/2021\/06\/Foto-Mencion-624x350.jpg 624w\" sizes=\"auto, (max-width: 1024px) 100vw, 1024px\" \/><figcaption class=\"wp-element-caption\">Alumnos a los que les gusta la lengua, la lectura y la multiculturalidad <em>(No est\u00e1n todos los que son pero son todos los que est\u00e1n)<\/em><\/figcaption><\/figure>\n<\/div>\n\n<div class=\"wp-block-image\">\n<figure class=\"aligncenter size-full is-resized\"><img loading=\"lazy\" decoding=\"async\" width=\"750\" height=\"741\" src=\"https:\/\/blog.uclm.es\/amariaortiz\/wp-content\/uploads\/sites\/58\/2022\/10\/Alumnos-Mencion-22-23.jpeg\" alt=\"\" class=\"wp-image-403\" style=\"width:257px;height:auto\" srcset=\"https:\/\/blog.uclm.es\/amariaortiz\/wp-content\/uploads\/sites\/58\/2022\/10\/Alumnos-Mencion-22-23.jpeg 750w, https:\/\/blog.uclm.es\/amariaortiz\/wp-content\/uploads\/sites\/58\/2022\/10\/Alumnos-Mencion-22-23-300x296.jpeg 300w, https:\/\/blog.uclm.es\/amariaortiz\/wp-content\/uploads\/sites\/58\/2022\/10\/Alumnos-Mencion-22-23-624x617.jpeg 624w\" sizes=\"auto, (max-width: 750px) 100vw, 750px\" \/><\/figure>\n<\/div>\n\n\n<p class=\"has-text-align-center\">Visita a la Biblioteca Regional de Toledo. Curso 2022\/23<\/p>\n\n\n\n<p>Curso 2023\/24<\/p>\n\n\n<div class=\"wp-block-image\">\n<figure class=\"aligncenter size-large is-resized\"><img loading=\"lazy\" decoding=\"async\" width=\"1024\" height=\"768\" src=\"https:\/\/blog.uclm.es\/amariaortiz\/wp-content\/uploads\/sites\/58\/2024\/10\/Foto-Mencion-23-BA2-1024x768.jpg\" alt=\"\" class=\"wp-image-437\" style=\"width:456px;height:auto\" srcset=\"https:\/\/blog.uclm.es\/amariaortiz\/wp-content\/uploads\/sites\/58\/2024\/10\/Foto-Mencion-23-BA2-1024x768.jpg 1024w, https:\/\/blog.uclm.es\/amariaortiz\/wp-content\/uploads\/sites\/58\/2024\/10\/Foto-Mencion-23-BA2-300x225.jpg 300w, https:\/\/blog.uclm.es\/amariaortiz\/wp-content\/uploads\/sites\/58\/2024\/10\/Foto-Mencion-23-BA2-768x576.jpg 768w, https:\/\/blog.uclm.es\/amariaortiz\/wp-content\/uploads\/sites\/58\/2024\/10\/Foto-Mencion-23-BA2-1536x1152.jpg 1536w, https:\/\/blog.uclm.es\/amariaortiz\/wp-content\/uploads\/sites\/58\/2024\/10\/Foto-Mencion-23-BA2-2048x1536.jpg 2048w, https:\/\/blog.uclm.es\/amariaortiz\/wp-content\/uploads\/sites\/58\/2024\/10\/Foto-Mencion-23-BA2-624x468.jpg 624w\" sizes=\"auto, (max-width: 1024px) 100vw, 1024px\" \/><figcaption class=\"wp-element-caption\">Visita a la Biblioteca Regional de Toledo. Curso 2023\/24<\/figcaption><\/figure>\n<\/div>\n\n<div class=\"wp-block-image\">\n<figure class=\"aligncenter size-large is-resized\"><img loading=\"lazy\" decoding=\"async\" width=\"1024\" height=\"665\" src=\"https:\/\/blog.uclm.es\/amariaortiz\/wp-content\/uploads\/sites\/58\/2024\/10\/Foto-Mencion-23-3-1024x665.jpg\" alt=\"\" class=\"wp-image-436\" style=\"width:442px;height:auto\" srcset=\"https:\/\/blog.uclm.es\/amariaortiz\/wp-content\/uploads\/sites\/58\/2024\/10\/Foto-Mencion-23-3-1024x665.jpg 1024w, https:\/\/blog.uclm.es\/amariaortiz\/wp-content\/uploads\/sites\/58\/2024\/10\/Foto-Mencion-23-3-300x195.jpg 300w, https:\/\/blog.uclm.es\/amariaortiz\/wp-content\/uploads\/sites\/58\/2024\/10\/Foto-Mencion-23-3-768x499.jpg 768w, https:\/\/blog.uclm.es\/amariaortiz\/wp-content\/uploads\/sites\/58\/2024\/10\/Foto-Mencion-23-3-1536x997.jpg 1536w, https:\/\/blog.uclm.es\/amariaortiz\/wp-content\/uploads\/sites\/58\/2024\/10\/Foto-Mencion-23-3-2048x1330.jpg 2048w, https:\/\/blog.uclm.es\/amariaortiz\/wp-content\/uploads\/sites\/58\/2024\/10\/Foto-Mencion-23-3-624x405.jpg 624w\" sizes=\"auto, (max-width: 1024px) 100vw, 1024px\" \/><\/figure>\n<\/div>\n\n\n<p>Esta Menci\u00f3n consta de &#8216;itinerarios&#8217; asociados a la lengua y la literatura de diferentes idiomas. En el itinerario castellano se refuerza el aspecto de la comunicaci\u00f3n oral, la lectoescritura, la literatura infantil y juvenil y las estrategias (TIC, herramientas, metodolog\u00edas&#8230;) para el desarrollo de la competencia ling\u00fc\u00edstica. <\/p>\n\n\n\n<p class=\"has-dark-gray-color has-text-color has-normal-font-size\">Cada  asignatura puede elegirse como optativa pero, si se desea obtener la Menci\u00f3n, es preciso cursarlas todas. Imparten la Menci\u00f3n profesores del \u00e1rea de Filolog\u00eda Hisp\u00e1nica y Cl\u00e1sica junto al \u00e1rea de Lengua Extranjera (\u00e1rabe).<\/p>\n\n\n\n<p class=\"has-blue-color has-text-color\"><strong>Asignaturas de la Menci\u00f3n<\/strong><\/p>\n\n\n\n<p class=\"has-dark-gray-color has-text-color has-small-font-size\">3\u00ba: <em>Did\u00e1ctica de la Comunicaci\u00f3n Oral y la Dramatizaci\u00f3n<\/em> (1er semestre). Itinerario castellano. Es una asignatura de car\u00e1cter pr\u00e1ctico, obligada para todos los que elijan la Menci\u00f3n o quienes deseen cursarla como optativa. La imparten las Profs. Juana M. Blanco y Antonia M. Ortiz.<\/p>\n\n\n\n<p class=\"has-dark-gray-color has-text-color has-small-font-size\">3\u00ba: <em>Introducci\u00f3n a la lengua como veh\u00edculo de cultura<\/em> (2\u00ba semestre). Itinerario \u00e1rabe + Itinerario castellano. Se cursan 3 ECTS de cada itinerario. La imparten los Profs. Angelina Guti\u00e9rrez y Zaida Vila. En \u00e1rabe se realiza una alfabetizaci\u00f3n y en castellano se imparte <em>Did\u00e1ctica de la lectoescritura<\/em>.<\/p>\n\n\n\n<p class=\"has-dark-gray-color has-text-color has-small-font-size\">4\u00ba: <em>Tratamiento de la Literatura Infantil y Juvenil en el aula<\/em> (1er semestre). Itinerario castellano. La imparte la Prof. A. M. Ortiz.<\/p>\n\n\n\n<p class=\"has-dark-gray-color has-text-color has-small-font-size\">4\u00ba: <em>Lengua y cultura \u00e1rabe<\/em>. Itinerario \u00e1rabe.  (1er semestre). La imparte el Prof. Luis Miguel P\u00e9rez.<\/p>\n\n\n\n<p class=\"has-dark-gray-color has-text-color has-small-font-size\">4\u00ba: <em>Estrategias para el desarrollo de la competencia ling\u00fc\u00edstica<\/em>. (1er semestre). Se cursan 3 ECTS de cada itinerario. La imparten los Profs. Luis Miguel P\u00e9rez y Gema G\u00f3mez Rubio.<\/p>\n\n\n\n<p class=\"has-blue-color has-text-color has-small-font-size\">Si quieres saber m\u00e1s, consulta la Guia-e o escribe a los profesores del \u00e1rea. La coordinadora de la Menci\u00f3n es la Prof. Ortiz.<\/p>\n\n\n\n<p><\/p>\n","protected":false},"excerpt":{"rendered":"<p>Visita a la Biblioteca Regional de Toledo. Curso 2022\/23 Curso 2023\/24 Esta Menci\u00f3n consta de &#8216;itinerarios&#8217; asociados a la lengua y la literatura de diferentes idiomas. En el itinerario castellano se refuerza el aspecto de la comunicaci\u00f3n oral, la lectoescritura, la literatura infantil y juvenil y las estrategias (TIC, herramientas, metodolog\u00edas&#8230;) para el desarrollo de [&hellip;]<\/p>\n","protected":false},"author":93,"featured_media":0,"parent":0,"menu_order":0,"comment_status":"closed","ping_status":"closed","template":"","meta":{"footnotes":""},"class_list":["post-321","page","type-page","status-publish","hentry"],"_links":{"self":[{"href":"https:\/\/blog.uclm.es\/amariaortiz\/wp-json\/wp\/v2\/pages\/321","targetHints":{"allow":["GET"]}}],"collection":[{"href":"https:\/\/blog.uclm.es\/amariaortiz\/wp-json\/wp\/v2\/pages"}],"about":[{"href":"https:\/\/blog.uclm.es\/amariaortiz\/wp-json\/wp\/v2\/types\/page"}],"author":[{"embeddable":true,"href":"https:\/\/blog.uclm.es\/amariaortiz\/wp-json\/wp\/v2\/users\/93"}],"replies":[{"embeddable":true,"href":"https:\/\/blog.uclm.es\/amariaortiz\/wp-json\/wp\/v2\/comments?post=321"}],"version-history":[{"count":5,"href":"https:\/\/blog.uclm.es\/amariaortiz\/wp-json\/wp\/v2\/pages\/321\/revisions"}],"predecessor-version":[{"id":440,"href":"https:\/\/blog.uclm.es\/amariaortiz\/wp-json\/wp\/v2\/pages\/321\/revisions\/440"}],"wp:attachment":[{"href":"https:\/\/blog.uclm.es\/amariaortiz\/wp-json\/wp\/v2\/media?parent=321"}],"curies":[{"name":"wp","href":"https:\/\/api.w.org\/{rel}","templated":true}]}}