{"id":48,"date":"2018-09-25T09:09:13","date_gmt":"2018-09-25T08:09:13","guid":{"rendered":"http:\/\/blog.uclm.es\/aliciavalmana\/?page_id=48"},"modified":"2022-11-18T14:59:26","modified_gmt":"2022-11-18T13:59:26","slug":"ridrom","status":"publish","type":"page","link":"https:\/\/blog.uclm.es\/aliciavalmana\/ridrom\/","title":{"rendered":"RIDROM"},"content":{"rendered":"<p style=\"font-weight: 400;text-align: left\"><a href=\"https:\/\/blog.uclm.es\/aliciavalmana\/wp-content\/uploads\/sites\/141\/2018\/09\/DSC_0049.jpg\"><img loading=\"lazy\" decoding=\"async\" class=\"size-full wp-image-49 aligncenter\" src=\"https:\/\/blog.uclm.es\/aliciavalmana\/wp-content\/uploads\/sites\/141\/2018\/09\/DSC_0049.jpg\" alt=\"\" width=\"167\" height=\"175\" \/><\/a><\/p>\n<p style=\"font-weight: 400;text-align: center\">\u00a0 \u00a0 \u00a0 \u00a0 \u00a0REVISTA INTERNACIONAL DE DERECHO ROMANO<\/p>\n<p style=\"font-weight: 400;text-align: center\">(Derecho Romano, Tradici\u00f3n Roman\u00edsitica y Ciencias Hist\u00f3rico-Jur\u00eddicas)<\/p>\n<p style=\"font-weight: 400;text-align: center\">Primera Serie\u00a0 \u00a0 <a href=\"http:\/\/www.ridrom.uclm.es\/\" target=\"_blank\" rel=\"noopener\">http:\/\/www.ridrom.uclm.es\/<\/a><\/p>\n<p style=\"text-align: center\">Segunda Serie <a href=\"https:\/\/reunido.uniovi.es\/index.php\/ridrom\">RIDROM. Revista Internacional de Derecho Romano (uniovi.es)<\/a><\/p>\n<p style=\"font-weight: 400;text-align: center\">(informaci\u00f3n extra\u00edda de Ridrom on line)<\/p>\n<p><img loading=\"lazy\" decoding=\"async\" class=\"alignnone size-medium wp-image-440 aligncenter\" src=\"https:\/\/blog.uclm.es\/aliciavalmana\/wp-content\/uploads\/sites\/141\/2022\/07\/Captura-de-pantalla-4-300x204.png\" alt=\"\" width=\"300\" height=\"204\" srcset=\"https:\/\/blog.uclm.es\/aliciavalmana\/wp-content\/uploads\/sites\/141\/2022\/07\/Captura-de-pantalla-4-300x204.png 300w, https:\/\/blog.uclm.es\/aliciavalmana\/wp-content\/uploads\/sites\/141\/2022\/07\/Captura-de-pantalla-4.png 620w\" sizes=\"auto, (max-width: 300px) 100vw, 300px\" \/>OBJETIVOS<\/p>\n<p style=\"font-weight: 400\">La Revista Internacional de Derecho Romano, creada bajo los auspicios de la Asociaci\u00f3n Iberoamericana de Derecho Romano y de la Universidad de Castilla-La Mancha, se propone como objetivo la difusi\u00f3n de los resultados de la investigaci\u00f3n en el \u00e1mbito del Derecho Romano y su recepci\u00f3n. Nace con vocaci\u00f3n de superar cualquier frontera geogr\u00e1fica y est\u00e1 abierta a cuantas personas e instituciones se propongan el mismo fin. Asimismo, difundir\u00e1 las actividades de la Asociaci\u00f3n Iberoamericana y cuantas noticias e informaciones sean de inter\u00e9s para la comunidad roman\u00edstica.<\/p>\n<p>Editada por la Facultad de Derecho y Ciencias Sociales de Ciudad Real de la Universidad de castilla-La Mancha,\u00a0la primera serie abarca los 27 primeros n\u00fameros (desde el 2008 hasta octubre de 2021)\u00a0\u00a0<a href=\"http:\/\/www.ridrom.uclm.es\/\" target=\"_blank\" rel=\"noopener\">http:\/\/www.ridrom.uclm.es\/<\/a>\u00a0y desde el n\u00famero 28 (abril de 2022), debe consultarse en el siguiente enlace <a href=\"https:\/\/reunido.uniovi.es\/index.php\/ridrom\">RIDROM. Revista Internacional de Derecho Romano (uniovi.es)<\/a>.\u00a0A lo largo de estos a\u00f1os, se ha convertido en una revista de referencia entre los especialistas de Derecho Romano. Tambi\u00e9n hay enlace directo a trav\u00e9s del men\u00fa.<\/p>\n<p>CARACTER\u00cdSTICAS<\/p>\n<p style=\"font-weight: 400\"><u><strong>\u00cdNDICES<\/strong><\/u><\/p>\n<p>La Revista\u00a0 Internacional de Derecho Romano,\u00a0<strong>RIDROM<\/strong>\u00a0aparece en los siguientes \u00edndices, cat\u00e1logos y bases de datos:<strong><span lang=\"es\"><br \/>\n<\/span><\/strong><\/p>\n<p><a title=\"ERIH PLUS\" href=\"https:\/\/kanalregister.hkdir.no\/publiseringskanaler\/erihplus\/periodical\/info.action?id=490913\" target=\"_blank\" rel=\"noopener\"><strong>ERIH PLUS<\/strong><\/a><\/p>\n<p><a title=\"CIRC\" href=\"https:\/\/clasificacioncirc.es\/resultados_busqueda?_pag=1&amp;_busqueda2=1989-1970\" target=\"_blank\" rel=\"noopener\"><strong>CIRC<\/strong><\/a><\/p>\n<p><a title=\"MIAR\" href=\"http:\/\/miar.ub.edu\/issn\/1989-1970\" target=\"_blank\" rel=\"noopener\"><strong>MIAR<\/strong><\/a><\/p>\n<p><a title=\"RESH\" href=\"http:\/\/epuc.cchs.csic.es\/resh\/indicadores\" target=\"_blank\" rel=\"noopener\"><strong>RESH<\/strong><\/a><\/p>\n<p><a href=\"https:\/\/www.latindex.org\/latindex\/ficha?folio=18996\" target=\"_blank\" rel=\"noopener\"><strong>LATINDEX\u00a0\u00a0<\/strong><\/a>\u00a0 En este\u00a0\u00edndice figuramos en el Cat\u00e1logo, lo que significa que estamos entre las\u00a02.000 revistas de m\u00e1s alta calidad de las\u00a020.000 indexadas (en Derecho Romano s\u00f3lo estamos dos) y s\u00f3lo la nuestra de acceso gratuito\u00a0.<\/p>\n<p><a title=\"DOAJ\" href=\"https:\/\/doaj.org\/search\/journals?ref=homepage-box&amp;source=%7B%22query%22%3A%7B%22query_string%22%3A%7B%22query%22%3A%221989%5C%5C-1970%22%2C%22default_operator%22%3A%22AND%22%2C%22default_field%22%3A%22index.issn.exact%22%7D%7D%2C%22track_total_hits%22%3Atrue%7D\" target=\"_blank\" rel=\"noopener\"><u><strong>DOA<\/strong><\/u><u><strong>J<\/strong><\/u>\u00a0<\/a>(Directory of Open Access Journals), el \u00edndice m\u00e1s importante de Revistas de libre acceso (The journal \u00abRevista Internacional de Derecho Romano\u00bb has now been added to the directory).<\/p>\n<p><a title=\"DICE\" href=\"http:\/\/dice.cindoc.csic.es\/revista.php?rev=1989-1970\" target=\"_blank\" rel=\"noopener\"><u><strong>DICE<\/strong><\/u>.<\/a><\/p>\n<p><a title=\"DIALNET\" href=\"https:\/\/dialnet.unirioja.es\/servlet\/revista?codigo=12452\" target=\"_blank\" rel=\"noopener\"><u><strong>DIALNET<\/strong><\/u><\/a>.<\/p>\n<p><u><strong>DULCINEA<\/strong><\/u><\/p>\n<p><a title=\"RECOLECTA\" href=\"https:\/\/ruidera.uclm.es\/xmlui\/discover?scope=%2F&amp;query=ridrom&amp;submit=\" target=\"_blank\" rel=\"noopener\"><u><strong>RECOLECTA<\/strong><\/u><\/a>\u00a0a trav\u00e9s de\u00a0<u><strong>RUIDERA<\/strong><\/u>.<\/p>\n<p><u><strong>ARCHAEOGATE<\/strong><\/u>.<\/p>\n<p><a title=\"INTERCLASSICA\" href=\"http:\/\/interclassica.um.es\/investigacion\/hemeroteca\/r\/revista_internacional_de_derecho_romano\" target=\"_blank\" rel=\"noopener\"><strong>InterClassica<\/strong><\/a><\/p>\n<p><strong><a title=\"WORLDCAT\" href=\"https:\/\/www.worldcat.org\/title\/revista-internacional-de-derecho-romano\/oclc\/669735311&amp;referer=brief_results\" target=\"_blank\" rel=\"noopener\">WORLDCAT<\/a><\/strong><\/p>\n<p><a title=\"CSIC\" href=\"https:\/\/indices.app.csic.es\/bddoc-internet\/pages\/mtorevistas\/ConsultaDetalleRev.html\" target=\"_blank\" rel=\"noopener\"><strong>CSIC<\/strong><\/a><\/p>\n<p><a title=\"CARHUS\" href=\"https:\/\/agaur.gencat.cat\/es\/avaluacio\/carhus\/\" target=\"_blank\" rel=\"noopener\"><strong>Carhus+2018\u00a0<\/strong><\/a>\u00a0, calificaci\u00f3n B<\/p>\n<p><a title=\"EBSCO\" href=\"https:\/\/essentials.ebsco.com\/search\/eds\/details\/revista-internacional-de-derecho-romano?language=es&amp;query=1989-1970&amp;db=edsdoj&amp;an=edsdoj.729f1038202c4c18afe16a94d51f1f3e&amp;isbn\" target=\"_blank\" rel=\"noopener\"><strong>EBSCO<\/strong><\/a><\/p>\n<p><strong><a title=\"LIBRARY HUB DISCOVER\" href=\"https:\/\/discover.libraryhub.jisc.ac.uk\/search?q=ridrom&amp;rn=1\" target=\"_blank\" rel=\"noopener\">LIBRARY HUB DISCOVER<\/a>, que, desde 2019, sustituye a COPAC y SUNCAT<\/strong><\/p>\n<p><a title=\"ZDB\" href=\"https:\/\/zdb-katalog.de\/title.xhtml?idn=1235588920&amp;direct=true&amp;view=full\" target=\"_blank\" rel=\"noopener\"><strong>ZDB (Zeitschriften Datenbank)<\/strong><\/a><\/p>\n<p><a href=\"https:\/\/portal.issn.org\/resource\/ISSN\/1989-1970#\" target=\"_blank\" rel=\"noopener\">ROAD (Directory of Open Access Scholarly Resources)<\/a><\/p>\n<p><a href=\"http:\/\/opac.regesta-imperii.de\/lang_en\/suche.php?qs=revista+internacional+de+derecho+romano\" target=\"_blank\" rel=\"noopener\"><strong>REGESTA IMPERII\u00a0<\/strong><\/a><\/p>\n<p><a href=\"https:\/\/www.anvur.it\/wp-content\/uploads\/2022\/02\/Elenco-riviste-scient_Area12_IIIquad_090222.pdf\"><strong>ANVUR<\/strong>\u00a0(AGENZIA NAZIONALE DI VALUTAZIONE DEL SISTEMA UNIVERSITARIO E DELLA RICERCA)\u00a0<\/a>Clase A , Area 12<\/p>\n<p style=\"font-weight: 400\"><u><strong>FORMATO<\/strong><\/u><\/p>\n<p style=\"font-weight: 400\">RIDROM es una publicaci\u00f3n cient\u00edfica peri\u00f3dica en formato electr\u00f3nico. No dispone de edici\u00f3n impresa, aunque los art\u00edculos publicados se conservar\u00e1n tambi\u00e9n en soporte de papel.<\/p>\n<p style=\"font-weight: 400\"><strong><u>PERIODICIDAD<br \/>\n<\/u><\/strong><br \/>\nRIDROM tiene una periodicidad semestral. Los dos n\u00fameros del a\u00f1o se publicar\u00e1n respectivamente los meses de abril y octubre.<\/p>\n<p style=\"font-weight: 400\"><strong><u>LENGUA<br \/>\n<\/u><\/strong><br \/>\nRIDROM tiene como lenguas principales la espa\u00f1ola y la inglesa. No obstante, los art\u00edculos se podr\u00e1n publicar en cualquier otra lengua\u00a0de amplia difusi\u00f3n cient\u00edfica (alemana,\u00a0francesa, italiana, portuguesa). En todo caso, la traducci\u00f3n, por parte del autor, del art\u00edculo al ingl\u00e9s facilita enormemente su difusi\u00f3n y su repercusi\u00f3n.<\/p>\n","protected":false},"excerpt":{"rendered":"<p>\u00a0 \u00a0 \u00a0 \u00a0 \u00a0REVISTA INTERNACIONAL DE DERECHO ROMANO (Derecho Romano, Tradici\u00f3n Roman\u00edsitica y Ciencias Hist\u00f3rico-Jur\u00eddicas) Primera Serie\u00a0 \u00a0 http:\/\/www.ridrom.uclm.es\/ Segunda Serie RIDROM. Revista Internacional de Derecho Romano (uniovi.es) (informaci\u00f3n extra\u00edda de Ridrom on line) OBJETIVOS La Revista Internacional de Derecho Romano, creada bajo los auspicios de la Asociaci\u00f3n Iberoamericana de Derecho Romano y de &hellip; <a href=\"https:\/\/blog.uclm.es\/aliciavalmana\/ridrom\/\" class=\"more-link\">Seguir leyendo <span class=\"screen-reader-text\">RIDROM<\/span> <span class=\"meta-nav\">&rarr;<\/span><\/a><\/p>\n","protected":false},"author":6,"featured_media":0,"parent":0,"menu_order":0,"comment_status":"closed","ping_status":"closed","template":"","meta":{"footnotes":""},"class_list":["post-48","page","type-page","status-publish","hentry"],"_links":{"self":[{"href":"https:\/\/blog.uclm.es\/aliciavalmana\/wp-json\/wp\/v2\/pages\/48","targetHints":{"allow":["GET"]}}],"collection":[{"href":"https:\/\/blog.uclm.es\/aliciavalmana\/wp-json\/wp\/v2\/pages"}],"about":[{"href":"https:\/\/blog.uclm.es\/aliciavalmana\/wp-json\/wp\/v2\/types\/page"}],"author":[{"embeddable":true,"href":"https:\/\/blog.uclm.es\/aliciavalmana\/wp-json\/wp\/v2\/users\/6"}],"replies":[{"embeddable":true,"href":"https:\/\/blog.uclm.es\/aliciavalmana\/wp-json\/wp\/v2\/comments?post=48"}],"version-history":[{"count":1,"href":"https:\/\/blog.uclm.es\/aliciavalmana\/wp-json\/wp\/v2\/pages\/48\/revisions"}],"predecessor-version":[{"id":485,"href":"https:\/\/blog.uclm.es\/aliciavalmana\/wp-json\/wp\/v2\/pages\/48\/revisions\/485"}],"wp:attachment":[{"href":"https:\/\/blog.uclm.es\/aliciavalmana\/wp-json\/wp\/v2\/media?parent=48"}],"curies":[{"name":"wp","href":"https:\/\/api.w.org\/{rel}","templated":true}]}}