{"id":442,"date":"2018-10-05T10:01:00","date_gmt":"2018-10-05T09:01:00","guid":{"rendered":"http:\/\/blog.uclm.es\/aliciavalmana\/?page_id=2"},"modified":"2025-05-11T20:27:26","modified_gmt":"2025-05-11T19:27:26","slug":"inicio","status":"publish","type":"page","link":"https:\/\/blog.uclm.es\/aliciavalmana\/","title":{"rendered":"Principal"},"content":{"rendered":"<p align=\"justify\"><span style=\"color: #000080;font-family: Verdana\">Bienvenidos a mi blog personal. Soy Alicia Valma\u00f1a, Prof\u00aa Titular del \u00c1rea de Derecho Romano de la Facultad de Ciencias Jur\u00eddicas y Sociales de Toledo. <\/span><\/p>\n<p align=\"justify\"><span style=\"color: #000080;font-family: Verdana\">Este blog ha sido creado como punto de encuentro para todos aquellos interesados en el Derecho Romano o en el mundo cl\u00e1sico en general y para los alumnos matriculados en alguna de las asignaturas que imparto en el Grado en Derecho, en el Doble Grado en Derecho y ADE y en el Doble Grado en Derecho y Estudios Internacionales: Derecho Romano, Derecho Intemporal: Problemas de Derecho Romano y Derecho Penal Romano. Ofrecer\u00e9 una informaci\u00f3n b\u00e1sica relativa a estas asignaturas; para todos los detalles sobre contenidos y desarrollo de las asignaturas remito a MOODLE (Campus Virtual).<br \/>\nEl apartado de ENLACES nos lleva a campos m\u00e1s all\u00e1 del simplemente jur\u00eddico, presentando un vaciado de p\u00e1ginas web que nos va a introducir en el mundo cl\u00e1sico.<br \/>\nTambi\u00e9n he incluido un apartado de BIBLIOTECA en el que he recogido los fondos del \u00c1rea de Derecho Romano de la Biblioteca General, clasificados por materias. Aunque existe un cat\u00e1logo informatizado de los fondos de la Biblioteca General, en ocasiones la b\u00fasqueda puede hacerse complicada, sobre todo en relaci\u00f3n a las \u00abvoces\u00bb o \u00abautoridades\u00bb o \u00abt\u00e9rminos clave\u00bb que sirven para buscar por categor\u00edas. Por ellos he cre\u00eddo conveniente realizar una revisi\u00f3n de nuestros libros y clasificarlos seg\u00fan los criterios generalmente utilizados en las antiguas Bibliotecas de Departamento, adaptados, fundamentalmente, a los alumnos.<br \/>\nIncorporo tambi\u00e9n un enlace directo a RIDROM,\u00a0 Revista Internacional de Derecho Romano, que ha editado desde hace 14 a\u00f1os el \u00c1rea de Derecho Romano de la Facultad de Derecho y Ciencias Sociales de Ciudad Real y que a partir del a\u00f1o 2022 quedar\u00e1 alojada en la Universidad de Oviedo. RIDROM es, hoy en d\u00eda, una revista de referencia en nuestra materia. Igualmente, un enlace a Iura, Romanas, Visigodas y Bizantinas, proyecto en el que trabajamos un grupo de Profesores de distintas Universidades y que tiene como objeto de investigaci\u00f3n principal los estudios sobre Mujeres en el mundo antiguo.<br \/>\nEn NOTICIAS dar\u00e9 cuenta de convocatorias, cursos, jornadas y congresos dentro de la disciplina y la cultura cl\u00e1sica y subir\u00e9 posts relacionados con las l\u00edneas de investigaci\u00f3n en las que trabajo.<br \/>\nEsperamos que resulte \u00fatil y para ello me gustar\u00eda contar con vuestras sugerencias. Las espero a trav\u00e9s del correo electr\u00f3nico <\/span><span style=\"color: #000080;font-family: Verdana\"><a href=\"mailto:alicia.valmana@uclm.es\">alicia.valmana@uclm.es<\/a><span style=\"color: #000080\">.<\/span><\/span><\/p>\n<p><span style=\"font-family: Verdana\"> Contenidos y actualizaci\u00f3n<\/span><span style=\"color: #000080;font-family: Verdana\"> por Alicia Valma\u00f1a Ocha\u00edta. Profesora Titular de Derecho Romano. Facultad de Ciencias Jur\u00eddicas y Sociales de Toledo. Universidad de Castilla La Mancha.<\/span><\/p>\n","protected":false},"excerpt":{"rendered":"<p>Bienvenidos a mi blog personal. Soy Alicia Valma\u00f1a, Prof\u00aa Titular del \u00c1rea de Derecho Romano de la Facultad de Ciencias Jur\u00eddicas y Sociales de Toledo. Este blog ha sido creado como punto de encuentro para todos aquellos interesados en el Derecho Romano o en el mundo cl\u00e1sico en general y para los alumnos matriculados en &hellip; <a href=\"https:\/\/blog.uclm.es\/aliciavalmana\/\" class=\"more-link\">Seguir leyendo <span class=\"screen-reader-text\">Principal<\/span> <span class=\"meta-nav\">&rarr;<\/span><\/a><\/p>\n","protected":false},"author":119,"featured_media":0,"parent":0,"menu_order":0,"comment_status":"closed","ping_status":"open","template":"","meta":{"footnotes":""},"class_list":["post-442","page","type-page","status-publish","hentry"],"_links":{"self":[{"href":"https:\/\/blog.uclm.es\/aliciavalmana\/wp-json\/wp\/v2\/pages\/442","targetHints":{"allow":["GET"]}}],"collection":[{"href":"https:\/\/blog.uclm.es\/aliciavalmana\/wp-json\/wp\/v2\/pages"}],"about":[{"href":"https:\/\/blog.uclm.es\/aliciavalmana\/wp-json\/wp\/v2\/types\/page"}],"author":[{"embeddable":true,"href":"https:\/\/blog.uclm.es\/aliciavalmana\/wp-json\/wp\/v2\/users\/119"}],"replies":[{"embeddable":true,"href":"https:\/\/blog.uclm.es\/aliciavalmana\/wp-json\/wp\/v2\/comments?post=442"}],"version-history":[{"count":3,"href":"https:\/\/blog.uclm.es\/aliciavalmana\/wp-json\/wp\/v2\/pages\/442\/revisions"}],"predecessor-version":[{"id":659,"href":"https:\/\/blog.uclm.es\/aliciavalmana\/wp-json\/wp\/v2\/pages\/442\/revisions\/659"}],"wp:attachment":[{"href":"https:\/\/blog.uclm.es\/aliciavalmana\/wp-json\/wp\/v2\/media?parent=442"}],"curies":[{"name":"wp","href":"https:\/\/api.w.org\/{rel}","templated":true}]}}