{"id":40,"date":"2018-09-25T08:55:02","date_gmt":"2018-09-25T07:55:02","guid":{"rendered":"http:\/\/blog.uclm.es\/aliciavalmana\/?page_id=40"},"modified":"2023-03-10T10:11:09","modified_gmt":"2023-03-10T09:11:09","slug":"ivra-rvb","status":"publish","type":"page","link":"https:\/\/blog.uclm.es\/aliciavalmana\/ivra-rvb\/","title":{"rendered":"IVRA RvB"},"content":{"rendered":"<p>IVRA RvB es un Grupo de Investigaci\u00f3n y Docente formado por Profesores de Derecho Romano e Historia del Arte de distintas Universidades (Universidad de Almer\u00eda, Universidad de Barcelona, Universidad de Castilla-La Mancha, Universidad de Murcia, Universidad de Ja\u00e9n, Universidad del Pa\u00eds Vasco y Universidad de Vigo) que busca la profundizaci\u00f3n en los estudios sobre las mujeres romanas y sus herederas (visigodas y bizantinas) as\u00ed como la inclusi\u00f3n de temas relacionados con la mujer en los Programas de las asignaturas. El trabajo realizado en los \u00faltimos a\u00f1os ha sido reconocido en 2014 con la concesi\u00f3n del Premio de Excelencia en Innovaci\u00f3n Docente de la Universidad de Almer\u00eda.<\/p>\n<p>En el repositorio de la UAL se podr\u00e1 acceder a C\u00e1psulas Docentes sobre condici\u00f3n jur\u00eddica de la mujer y otros aspectos relacionados con la vida de las mujeres romanas<\/p>\n<p style=\"text-align: center\">\n","protected":false},"excerpt":{"rendered":"<p>IVRA RvB es un Grupo de Investigaci\u00f3n y Docente formado por Profesores de Derecho Romano e Historia del Arte de distintas Universidades (Universidad de Almer\u00eda, Universidad de Barcelona, Universidad de Castilla-La Mancha, Universidad de Murcia, Universidad de Ja\u00e9n, Universidad del Pa\u00eds Vasco y Universidad de Vigo) que busca la profundizaci\u00f3n en los estudios sobre las &hellip; <a href=\"https:\/\/blog.uclm.es\/aliciavalmana\/ivra-rvb\/\" class=\"more-link\">Seguir leyendo <span class=\"screen-reader-text\">IVRA RvB<\/span> <span class=\"meta-nav\">&rarr;<\/span><\/a><\/p>\n","protected":false},"author":6,"featured_media":0,"parent":0,"menu_order":0,"comment_status":"closed","ping_status":"closed","template":"","meta":{"footnotes":""},"class_list":["post-40","page","type-page","status-publish","hentry"],"_links":{"self":[{"href":"https:\/\/blog.uclm.es\/aliciavalmana\/wp-json\/wp\/v2\/pages\/40","targetHints":{"allow":["GET"]}}],"collection":[{"href":"https:\/\/blog.uclm.es\/aliciavalmana\/wp-json\/wp\/v2\/pages"}],"about":[{"href":"https:\/\/blog.uclm.es\/aliciavalmana\/wp-json\/wp\/v2\/types\/page"}],"author":[{"embeddable":true,"href":"https:\/\/blog.uclm.es\/aliciavalmana\/wp-json\/wp\/v2\/users\/6"}],"replies":[{"embeddable":true,"href":"https:\/\/blog.uclm.es\/aliciavalmana\/wp-json\/wp\/v2\/comments?post=40"}],"version-history":[{"count":3,"href":"https:\/\/blog.uclm.es\/aliciavalmana\/wp-json\/wp\/v2\/pages\/40\/revisions"}],"predecessor-version":[{"id":533,"href":"https:\/\/blog.uclm.es\/aliciavalmana\/wp-json\/wp\/v2\/pages\/40\/revisions\/533"}],"wp:attachment":[{"href":"https:\/\/blog.uclm.es\/aliciavalmana\/wp-json\/wp\/v2\/media?parent=40"}],"curies":[{"name":"wp","href":"https:\/\/api.w.org\/{rel}","templated":true}]}}