{"id":345,"date":"2020-06-01T10:40:58","date_gmt":"2020-06-01T09:40:58","guid":{"rendered":"http:\/\/blog.uclm.es\/alfonsoaranda\/?page_id=53"},"modified":"2022-11-18T14:21:05","modified_gmt":"2022-11-18T13:21:05","slug":"research-and-teaching","status":"publish","type":"page","link":"https:\/\/blog.uclm.es\/alfonsoaranda\/research-and-teaching\/","title":{"rendered":"Research and Teaching"},"content":{"rendered":"<p>RESEARCH GROUP<br \/>Chemistry of atmospheric processes: laboratory and field measurements.<br \/>Qu\u00edmica de los procesos atmosf\u00e9ricos: experimentaci\u00f3n en laboratorio y medidas de campo.<\/p>\n<p>\u00a0<\/p>\n<p><strong>Group members<\/strong>.<br \/>Dr. Alfonso Aranda Rubio1<br \/>Dr. Alberto Notario Molina1<br \/>Dra. Yolanda D\u00edaz de Mera Morales1<br \/>Dra. Diana Rodr\u00edguez Rodr\u00edguez2<br \/>Dra. Ana M\u00aa Rodr\u00edguez Cervantes2<br \/>Mercedes Tajuelo2<br \/>Alba Escalona Verbo1<br \/>Gabriela Viteri Tovar1<br \/>1 Fac. Ciencias y Tecnolog. Qu\u00edmicas, Ciudad Real<br \/>2 Fac. CC. Ambientales y Bioqu\u00edmica. Toledo<\/p>\n<p>\u00a0<\/p>\n<p><strong>Laboratory Studies and Techniques<\/strong>,<br \/>-large volume Teflon Smog chambers for the simulation of reactions under atmospheric pressure. Detection of species by GC-FID, GC-MS and FTIR. Temperature and pressure dependent reaction rate coefficients (OH, Cl, O3, and NO3), reaction mechanisms, reaction products. Particle counting and particle size distribution. CPC-SMPS, FMPS.<\/p>\n<p>-Long path pressure regulating cell with FTIR in situ detection. High-resolution infrared absorption\/emission spectra. Absorption cross sections, reaction rate coefficients (RR), reaction product yields, reaction mechanisms.<\/p>\n<p>-Field measurements. Ozone, NOx, SO2, CO, PM, VOCs. In situ measurements. Active adsorption of volatile organic compounds.<\/p>\n\n<div class=\"wp-block-image\">\n<figure class=\"aligncenter size-large is-resized\"><img loading=\"lazy\" decoding=\"async\" src=\"https:\/\/blog.uclm.es\/alfonsoaranda\/wp-content\/uploads\/sites\/146\/2020\/06\/imagen2-1024x768.jpg\" alt=\"\" class=\"wp-image-42\" width=\"512\" height=\"384\" srcset=\"https:\/\/blog.uclm.es\/alfonsoaranda\/wp-content\/uploads\/sites\/146\/2020\/06\/imagen2-1024x768.jpg 1024w, https:\/\/blog.uclm.es\/alfonsoaranda\/wp-content\/uploads\/sites\/146\/2020\/06\/imagen2-300x225.jpg 300w, https:\/\/blog.uclm.es\/alfonsoaranda\/wp-content\/uploads\/sites\/146\/2020\/06\/imagen2-768x576.jpg 768w, https:\/\/blog.uclm.es\/alfonsoaranda\/wp-content\/uploads\/sites\/146\/2020\/06\/imagen2-1536x1152.jpg 1536w, https:\/\/blog.uclm.es\/alfonsoaranda\/wp-content\/uploads\/sites\/146\/2020\/06\/imagen2.jpg 1600w\" sizes=\"auto, (max-width: 512px) 100vw, 512px\" \/><\/figure>\n<\/div>\n\n\n<p>From left to right: Alfonso A., Ana R., Yolanda D. and Diana R.<\/p>\n","protected":false},"excerpt":{"rendered":"<p>RESEARCH GROUPChemistry of atmospheric processes: laboratory and field measurements.Qu\u00edmica de los procesos atmosf\u00e9ricos: experimentaci\u00f3n en laboratorio y medidas de campo. \u00a0 Group members.Dr. Alfonso Aranda Rubio1Dr. Alberto Notario Molina1Dra. Yolanda D\u00edaz de Mera Morales1Dra. Diana Rodr\u00edguez Rodr\u00edguez2Dra. Ana M\u00aa Rodr\u00edguez Cervantes2Mercedes Tajuelo2Alba Escalona Verbo1Gabriela Viteri Tovar11 Fac. Ciencias y Tecnolog. Qu\u00edmicas, Ciudad Real2 Fac. CC. &hellip; <a href=\"https:\/\/blog.uclm.es\/alfonsoaranda\/research-and-teaching\/\" class=\"more-link\">Seguir leyendo <span class=\"screen-reader-text\">Research and Teaching<\/span> <span class=\"meta-nav\">&rarr;<\/span><\/a><\/p>\n","protected":false},"author":87,"featured_media":0,"parent":0,"menu_order":0,"comment_status":"closed","ping_status":"closed","template":"","meta":{"footnotes":""},"class_list":["post-345","page","type-page","status-publish","hentry"],"_links":{"self":[{"href":"https:\/\/blog.uclm.es\/alfonsoaranda\/wp-json\/wp\/v2\/pages\/345","targetHints":{"allow":["GET"]}}],"collection":[{"href":"https:\/\/blog.uclm.es\/alfonsoaranda\/wp-json\/wp\/v2\/pages"}],"about":[{"href":"https:\/\/blog.uclm.es\/alfonsoaranda\/wp-json\/wp\/v2\/types\/page"}],"author":[{"embeddable":true,"href":"https:\/\/blog.uclm.es\/alfonsoaranda\/wp-json\/wp\/v2\/users\/87"}],"replies":[{"embeddable":true,"href":"https:\/\/blog.uclm.es\/alfonsoaranda\/wp-json\/wp\/v2\/comments?post=345"}],"version-history":[{"count":2,"href":"https:\/\/blog.uclm.es\/alfonsoaranda\/wp-json\/wp\/v2\/pages\/345\/revisions"}],"predecessor-version":[{"id":366,"href":"https:\/\/blog.uclm.es\/alfonsoaranda\/wp-json\/wp\/v2\/pages\/345\/revisions\/366"}],"wp:attachment":[{"href":"https:\/\/blog.uclm.es\/alfonsoaranda\/wp-json\/wp\/v2\/media?parent=345"}],"curies":[{"name":"wp","href":"https:\/\/api.w.org\/{rel}","templated":true}]}}