{"id":24,"date":"2020-05-14T11:07:35","date_gmt":"2020-05-14T10:07:35","guid":{"rendered":"http:\/\/blog.uclm.es\/alfonsoaranda\/?page_id=24"},"modified":"2022-11-18T14:21:24","modified_gmt":"2022-11-18T13:21:24","slug":"publicaciones-2","status":"publish","type":"page","link":"https:\/\/blog.uclm.es\/alfonsoaranda\/publicaciones-2\/","title":{"rendered":"Publicaciones"},"content":{"rendered":"<p>Submicron particle concentration and particle size distribution at urban and rural areas in the surroundings of building materials industries in central Spain. Yolanda D\u00edaz\u2013de\u2013Mera , Alfonso Aranda , Alberto Notario , Diana Rodr\u00edguez, Ana Maria Rodr\u00edguez , Iv\u00e1n Bravo, Jose Antonio Adame. Atmospheric Pollution Research 6 (3), 2015, 521\u2010528.<\/p>\n<p>Fine and ultrafine particles in small cities. A case study in the south of Europe<br \/>\nA. Aranda, Y. D\u00edaz-de-Mera, A. Notario, D. Rodr\u00edguez and A. Rodr\u00edguez. Environmental Science and Pollution Research, 22 (23), 18477-18486(2015), DOI: 10.1007\/s11356-015-5165-4.<\/p>\n<p>Photolysis Study of Fluorinated Ketones Under Natural Sunlight Conditions.<br \/>\nYolanda D\u00edaz-de-Mera, Alfonso Aranda, Alberto Notario, Ana Rodr\u00edguez, Diana Rodr\u00edguez and Iv\u00e1n Bravo. Physical Chemistry Chemical Physics, 2015, 17, 22991 \u2013 22998, DOI: 10.1039\/C5CP03527A.<\/p>\n<p>The environmental impact of unsaturated fluoroesters: atmospheric chemistry towards OH radicals and Cl atoms, radiative behavior and cumulative ozone creation<br \/>\nAna Rodr\u00edguez, Iv\u00e1n Bravo, Diana Rodr\u00edguez, Mercedes Tajuelo, Yolanda D\u00edaz de-Mera and Alfonso Aranda. Revista: RSC Advances, 2016, 6, 21833 \u2013 21843, DOI: 10.1039\/C6RA00630B.<\/p>\n<p>Formation of secondary organic aerosols from the ozonolysis of dihydrofurans<br \/>\nD\u00edaz De Mera Morales, Maria Yolanda; Aranda Rubio, Alfonso; Bracco, Larisa; Rodr\u00edguez Rodr\u00edguez, Diana; Rodr\u00edguez Cervantes, Ana Maria. ATMOSPHERIC CHEMISTRY AND PHYSICS. 17. 2347-2357. 2017. https:\/\/doi.org\/10.5194\/acp-17-2347-2017, 2017.<\/p>\n<p>Formation of secondary aerosols from the ozonolysis of styrene: Effect of SO2 and H2O.<br \/>\nYolanda D\u00edaz-de-Mera, Alfonso Aranda, Ernesto Mart\u00ednez, Ana Angustias Rodr\u00edguez, Diana Rodr\u00edguez, Ana Rodr\u00edguez.2017. Atmos Environ, 171, 25-31, 2017. https:\/\/doi.org\/10.1016\/j.atmosenv.2017.10.011.<\/p>\n<p>Could portable powered respirators help us avoid the exposure to air pollution?<br \/>\nAlfonso Aranda, Yolanda D\u00edaz-de-Mera, Irene Jarama. Revista: Air Quality, Atmosphere &amp; Health, 11(7), 765-771, 2018. DOI: 10.1007\/s11869-018-0583-3<\/p>\n<p>Atmospheric sink of styrene, a-methylstyrene, trans-\u00df-methylstyrene and indene: Rate constants and mechanisms of Cl atom-initiated degradation. Maria Mercedes Tajuelo Diaz-Pavon; Ivan Bravo Perez; Ana Maria Rodriguez Cervantes; Alfonso Aranda Rubio; Maria Yolanda Diaz de Mera Morales; Diana Rodriguez Rodriguez. Atmospheric Environment 200 (2019) 78\u201389. https:\/\/doi.org\/10.1016\/j.atmosenv.2018.11.059.<\/p>\n<p>New particle formation from the reactions of ozone with indene and styrene<br \/>\nLarisa L. B. Bracco, Mar\u00eda E. Tucceri, Alba Escalona, Yolanda D\u00edaz-de-Mera, Alfonso Aranda,* Ana M. Rodr\u00edguez and Diana Rodr\u00edguez. Physical Chemistry Chemical Physics, (21), 11214-11225, 2019. DOI: 10.1039\/c9cp00912d. (2018)<\/p>\n<p>Secondary organic aerosol formation from styrene photolysis and photooxidation with hydroxyl radicals. Chemosphere, (231), 276-286. 2019. Q1 (2018)<br \/>\nMercedes Tajuelo, Diana Rodr\u00edguez, M. Teresa Baeza-Romero, Yolanda D\u00edaz-de-Mera, Alfonso Aranda, Ana Rodr\u00edguez. https:\/\/doi.org\/10.1016\/j.chemosphere.2019.05.136.<\/p>\n<p>Secondary organic aerosol formation from \u03b1-methylstyrene atmospheric degradation: Role of NOx level, relative humidity and inorganic seed aerosol.<br \/>\nAna Rodriguez, M. Teresa Baeza, Alfonso Aranda, Diana Rodr\u00edguez, Mercedes Tajuelo, Yolanda Diaz-De-Mera. Atmospheric research, 230 (2019) 104631. https:\/\/doi.org\/10.1016\/j.atmosres.2019.104631.<\/p>\n","protected":false},"excerpt":{"rendered":"<p>Submicron particle concentration and particle size distribution at urban and rural areas in the surroundings of building materials industries in central Spain. Yolanda D\u00edaz\u2013de\u2013Mera , Alfonso Aranda , Alberto Notario , Diana Rodr\u00edguez, Ana Maria Rodr\u00edguez , Iv\u00e1n Bravo, Jose Antonio Adame. Atmospheric Pollution Research 6 (3), 2015, 521\u2010528. Fine and ultrafine particles in small &hellip; <a href=\"https:\/\/blog.uclm.es\/alfonsoaranda\/publicaciones-2\/\" class=\"more-link\">Seguir leyendo <span class=\"screen-reader-text\">Publicaciones<\/span> <span class=\"meta-nav\">&rarr;<\/span><\/a><\/p>\n","protected":false},"author":87,"featured_media":342,"parent":0,"menu_order":0,"comment_status":"closed","ping_status":"closed","template":"","meta":{"footnotes":""},"class_list":["post-24","page","type-page","status-publish","has-post-thumbnail","hentry"],"_links":{"self":[{"href":"https:\/\/blog.uclm.es\/alfonsoaranda\/wp-json\/wp\/v2\/pages\/24","targetHints":{"allow":["GET"]}}],"collection":[{"href":"https:\/\/blog.uclm.es\/alfonsoaranda\/wp-json\/wp\/v2\/pages"}],"about":[{"href":"https:\/\/blog.uclm.es\/alfonsoaranda\/wp-json\/wp\/v2\/types\/page"}],"author":[{"embeddable":true,"href":"https:\/\/blog.uclm.es\/alfonsoaranda\/wp-json\/wp\/v2\/users\/87"}],"replies":[{"embeddable":true,"href":"https:\/\/blog.uclm.es\/alfonsoaranda\/wp-json\/wp\/v2\/comments?post=24"}],"version-history":[{"count":1,"href":"https:\/\/blog.uclm.es\/alfonsoaranda\/wp-json\/wp\/v2\/pages\/24\/revisions"}],"predecessor-version":[{"id":368,"href":"https:\/\/blog.uclm.es\/alfonsoaranda\/wp-json\/wp\/v2\/pages\/24\/revisions\/368"}],"wp:featuredmedia":[{"embeddable":true,"href":"https:\/\/blog.uclm.es\/alfonsoaranda\/wp-json\/wp\/v2\/media\/342"}],"wp:attachment":[{"href":"https:\/\/blog.uclm.es\/alfonsoaranda\/wp-json\/wp\/v2\/media?parent=24"}],"curies":[{"name":"wp","href":"https:\/\/api.w.org\/{rel}","templated":true}]}}