{"id":53,"date":"2012-11-04T17:36:28","date_gmt":"2012-11-04T16:36:28","guid":{"rendered":"http:\/\/blog.uclm.es\/albertonajera\/?page_id=53"},"modified":"2024-04-03T09:09:02","modified_gmt":"2024-04-03T09:09:02","slug":"dr-alberto-najera-lopez","status":"publish","type":"page","link":"https:\/\/blog.uclm.es\/albertonajera\/dr-alberto-najera-lopez\/","title":{"rendered":"Dr. Alberto N\u00e1jera L\u00f3pez"},"content":{"rendered":"<hr size=\"5\" \/>\n<p><a href=\"https:\/\/blog.uclm.es\/albertonajera\/wp-content\/uploads\/sites\/249\/2018\/10\/242A8962.jpg\"><img loading=\"lazy\" decoding=\"async\" class=\"alignleft wp-image-1310 size-medium\" src=\"https:\/\/blog.uclm.es\/albertonajera\/wp-content\/uploads\/sites\/249\/2018\/10\/242A8962-300x200.jpg\" alt=\"\" width=\"300\" height=\"200\" srcset=\"https:\/\/blog.uclm.es\/albertonajera\/wp-content\/uploads\/sites\/249\/2018\/10\/242A8962-300x200.jpg 300w, https:\/\/blog.uclm.es\/albertonajera\/wp-content\/uploads\/sites\/249\/2018\/10\/242A8962-1024x683.jpg 1024w, https:\/\/blog.uclm.es\/albertonajera\/wp-content\/uploads\/sites\/249\/2018\/10\/242A8962-768x512.jpg 768w, https:\/\/blog.uclm.es\/albertonajera\/wp-content\/uploads\/sites\/249\/2018\/10\/242A8962-1536x1024.jpg 1536w, https:\/\/blog.uclm.es\/albertonajera\/wp-content\/uploads\/sites\/249\/2018\/10\/242A8962-2048x1365.jpg 2048w, https:\/\/blog.uclm.es\/albertonajera\/wp-content\/uploads\/sites\/249\/2018\/10\/242A8962-624x416.jpg 624w\" sizes=\"auto, (max-width: 300px) 100vw, 300px\" \/><\/a><strong><a href=\"http:\/\/www.med-ab.uclm.es\">Facultad de Medicina<\/a><\/strong><br \/>\n<a href=\"http:\/\/www.uclm.es\">Universidad de Castilla &#8211; La Mancha<\/a><br \/>\nC\/ Almansa 14<br \/>\n02008 Albacete &#8211; SPAIN<\/p>\n<p>Tel\u00e9fono: (+34) 967 599 200. Ext. 2959.<br \/>\nFax: (+34) 967 599 327<\/p>\n<p>E-mail: <a href=\"mailto:Alberto.Najera@QUITAESTOuclm.es\">Alberto.Najera@QUITAESTOuclm.es<\/a>\u00a0&#8211; ATENCI\u00d3N: para evitar spammers, el enlace incluye \u00abQUITAESTO\u00bb, pues eso: \u00a1qu\u00edtalo para que funcione!<\/p>\n<p>Orcid: <a href=\"https:\/\/orcid.org\/0000-0002-9939-6003\">0000-0002-9939-6003<\/a><br \/>\nTwitter: <a class=\"twitter-follow-button\" href=\"https:\/\/twitter.com\/najera2000\">@najera2000<\/a><br \/>\nFacebook: <a href=\"https:\/\/www.facebook.com\/najera2000\">https:\/\/www.facebook.com\/najera2000<\/a><br \/>\nInstagram:\u00a0<a href=\"https:\/\/www.instagram.com\/najera2000\">https:\/\/www.instagram.com\/najera2000<\/a><br \/>\nBlog personal: <a href=\"http:\/\/www.radiandando.es\">www.radiandando.es<\/a><\/p>\n<hr size=\"5\" \/>\n<p style=\"text-align: justify\">Soy profesor Titular de Universidad del \u00e1rea de Radiolog\u00eda y Medicina F\u00edsica, del <a href=\"http:\/\/www.uclm.es\/dep\/ciencias_medicas\/\">Departamento de Ciencias M\u00e9dicas<\/a> de la <a href=\"http:\/\/www.med-ab.uclm.es\/\">Facultad de Medicina de Albacete<\/a> perteneciente a la <a href=\"http:\/\/www.uclm.es\">Universidad de Castilla &#8211; La Mancha<\/a> desde 2001. Estudi\u00e9 Ciencias F\u00edsicas en la Universidad de Salamanca (1994-2000) y obtuve el Grado de Salamanca (2000). Me especialic\u00e9 en F\u00edsica de la Atm\u00f3sfera y en mi tesina evalu\u00e9 la relaci\u00f3n entre contaminaci\u00f3n y variables atmosf\u00e9ricas y salud en Castilla y Le\u00f3n. Posteriormente, realic\u00e9 mi tesis doctoral en el Programa en Neurociencias de la misma universidad y en 2005 defend\u00ed mi tesis titulada \u00abSimulaci\u00f3n computacional de la respuesta de la membrana basilar\u00bb obteniendo la calificaci\u00f3n de Sobresaliente Cum Laude. En este trabajo <a href=\"https:\/\/asa.scitation.org\/doi\/10.1121\/1.2769627\">mejor\u00e9 un modelo anterior, el algoritmo DRNL, que reproduc\u00eda de manera cualitativa y cuantitativamente mejor, la respuesta de la membrana basilar de la chinchilla<\/a>.<\/p>\n<p style=\"text-align: justify\">Como he indicado, llevo a cabo mi labor docente e investigadora en la Facultad de Medicina. Soy profesor de las\u00a0asignaturas del plan de Grado en Medicina: Fundamentos de la Investigaci\u00f3n en Medicina, Radiolog\u00eda y Terap\u00e9utica F\u00edsica, Bioestad\u00edstica: Fundamento y aplicaci\u00f3n en Medicina (las cuales coordino). Asimismo participo en el <a href=\"http:\/\/www.mube.masteruniversitario.uclm.es\/presentacion.aspx\">Programa de M\u00e1ster Universitario en Biomedicina Experimental<\/a> impartiendo parte de la docencia de las asignaturas: \u00abFisiolog\u00eda de sistemas biol\u00f3gicos\u00bb, \u00abFundamentos de microscop\u00eda \u00f3ptica y electr\u00f3nica\u00bb, \u00abCiencia y tecnolog\u00eda del animal de experimentaci\u00f3n\u00bb, \u00abUtilidad y manipulaci\u00f3n de fuentes radiactivas no encapsuladas en investigaci\u00f3n biom\u00e9dica\u00bb y \u00abEl proceso de la adquisici\u00f3n y difusi\u00f3n del conocimiento cient\u00edfico: fundamentos te\u00f3ricos\u00bb.<\/p>\n<p style=\"text-align: justify\">Desde 2007 me especialic\u00e9 en la investigaci\u00f3n de la exposici\u00f3n personal a campos electromagn\u00e9ticos de radiofrecuencia. Desde entonces nos hemos financiado con las ayudas propias de la UCLM, un proyecto competitivo de la Junta de Comunidades de Castilla-La Mancha y una ayuda de la Fundaci\u00f3n Cajasol. Nuestra independencia en este asunto es total y lo saben todos aquellos ayuntamientos o asociaciones que nos han pedido colaborar, poniendo siempre como condici\u00f3n no cobrar por nuestras charlas o servicios. Tambi\u00e9n colaboro con el grupo de <a href=\"http:\/\/blog.uclm.es\/crib\/investigacion\/neurofisiologia-y-comportamiento\/\">Neurofisiolog\u00eda y Comportamiento<\/a> dirigido por Juan de Dios Navarro y Lydia Jim\u00e9nez, por lo que sigo teniendo un pie en las Neurociencias&#8230; He colaborado en la elaboraci\u00f3n del <a href=\"http:\/\/www.castillalamancha.es\/sites\/default\/files\/documentos\/pdf\/20180911\/segundo_informe_efectos_cambio_climatico-clm.pdf\">II informe oficial sobre cambio clim\u00e1tico en Castilla-La Mancha<\/a>, junto al profesor Jorge Laborda, sobre efectos sobre la salud (tambi\u00e9n colaboramos en el I informe). Adem\u00e1s, soy director cient\u00edfico del <a href=\"https:\/\/ccars.org.es\/\">Comit\u00e9 Cient\u00edfico Asesor en Radiofrecuencias y Salud (CCARS)<\/a> desde 2023. Recientemente hemos presentado el <a href=\"https:\/\/ccars.org.es\/attachments\/article\/360\/INFORME_CCARS__DIGITAL_compressed.pdf\">7\u00ba informe<\/a>.<\/p>\n<p>Desde 2019 soy coordinador de la Unidad de Cultura Cient\u00edfica y de la Innovaci\u00f3n de la UCLM (<a href=\"https:\/\/www.uclm.es\/misiones\/investigacion\/uclmdivulga\">UCLMdivulga<\/a>). Mi obsesi\u00f3n es dar visibilidad a la ciencia que hacemos y hacer llegar nuestros resultados a la sociedad. Por este motivo, desde hace tiempo, colaboro con Diario Sanitario y mantengo mi blog <a href=\"http:\/\/www.radiandando.es\">www.radiandando.es<\/a><\/p>\n<p style=\"text-align: justify\">Aficiones personales:<\/p>\n<ul>\n<li><a href=\"http:\/\/www.radiandando.es\">Mi blog \u00abRadiandando\u00bb &#8211;\u00a0\u00bfC\u00e1ncer, antenas de telefon\u00eda m\u00f3vil, hipersensibilidad? Es hora de Ciencia.<\/a><\/li>\n<li><a href=\"http:\/\/blog.uclm.es\/albertonajera\/tras-la-barra-blog-de-opinion-personal\/\">Mi blog personal: Tras la Barra<\/a>.<\/li>\n<li>La Inform\u00e1tica en general.<\/li>\n<li>El aire libre.<\/li>\n<li>OTAN NO, TLP NO, TIGRE NO: <a href=\"http:\/\/www.otannoalbacete.es\">Plataforma contra la militarizaci\u00f3n de Albacete<\/a>.<\/li>\n<li><a href=\"http:\/\/ateosdealbacete.blogspot.com.es\/\">Asociaci\u00f3n de Ateos de Albacete<\/a>.<\/li>\n<li><a href=\"http:\/\/www.curba.org\">Asociaci\u00f3n Ciclistas Urbanos de Albacete (CURBA)<\/a><\/li>\n<li><a href=\"http:\/\/www.apurf.es\">Asociaci\u00f3n de Profesores Universitarios de Radiolog\u00eda y Medicina F\u00edsica<\/a>.<\/li>\n<li><a href=\"https:\/\/www.uclm.es\/misiones\/investigacion\/uclmdivulga\">Unidad de Cultura Cient\u00edfica y de la Innovaci\u00f3n (UCLMdivulga)<\/a>.<\/li>\n<\/ul>\n","protected":false},"excerpt":{"rendered":"<p>Facultad de Medicina Universidad de Castilla &#8211; La Mancha C\/ Almansa 14 02008 Albacete &#8211; SPAIN Tel\u00e9fono: (+34) 967 599 200. Ext. 2959. Fax: (+34) 967 599 327 E-mail: Alberto.Najera@QUITAESTOuclm.es\u00a0&#8211; ATENCI\u00d3N: para evitar spammers, el enlace incluye \u00abQUITAESTO\u00bb, pues eso: \u00a1qu\u00edtalo para que funcione! Orcid: 0000-0002-9939-6003 Twitter: @najera2000 Facebook: https:\/\/www.facebook.com\/najera2000 Instagram:\u00a0https:\/\/www.instagram.com\/najera2000 Blog personal: www.radiandando.es Soy [&hellip;]<\/p>\n","protected":false},"author":410,"featured_media":0,"parent":0,"menu_order":0,"comment_status":"closed","ping_status":"closed","template":"","meta":{"footnotes":""},"class_list":["post-53","page","type-page","status-publish","hentry"],"_links":{"self":[{"href":"https:\/\/blog.uclm.es\/albertonajera\/wp-json\/wp\/v2\/pages\/53","targetHints":{"allow":["GET"]}}],"collection":[{"href":"https:\/\/blog.uclm.es\/albertonajera\/wp-json\/wp\/v2\/pages"}],"about":[{"href":"https:\/\/blog.uclm.es\/albertonajera\/wp-json\/wp\/v2\/types\/page"}],"author":[{"embeddable":true,"href":"https:\/\/blog.uclm.es\/albertonajera\/wp-json\/wp\/v2\/users\/410"}],"replies":[{"embeddable":true,"href":"https:\/\/blog.uclm.es\/albertonajera\/wp-json\/wp\/v2\/comments?post=53"}],"version-history":[{"count":2,"href":"https:\/\/blog.uclm.es\/albertonajera\/wp-json\/wp\/v2\/pages\/53\/revisions"}],"predecessor-version":[{"id":1445,"href":"https:\/\/blog.uclm.es\/albertonajera\/wp-json\/wp\/v2\/pages\/53\/revisions\/1445"}],"wp:attachment":[{"href":"https:\/\/blog.uclm.es\/albertonajera\/wp-json\/wp\/v2\/media?parent=53"}],"curies":[{"name":"wp","href":"https:\/\/api.w.org\/{rel}","templated":true}]}}