{"id":432,"date":"2012-11-14T13:42:43","date_gmt":"2012-11-14T12:42:43","guid":{"rendered":"http:\/\/blog.uclm.es\/albertonajera\/?page_id=432"},"modified":"2012-11-14T13:42:43","modified_gmt":"2012-11-14T12:42:43","slug":"programa-del-seminario","status":"publish","type":"page","link":"https:\/\/blog.uclm.es\/albertonajera\/programa-del-seminario\/","title":{"rendered":"Programa del Seminario."},"content":{"rendered":"<p style=\"text-align: justify\"><strong>Jueves, 19 de mayo \u2013 Aula Magna. Facultad de Medicina.<\/strong><\/p>\n<ul style=\"text-align: justify\">\n<li>17:30 Recogida de documentaci\u00f3n \/ Bienvenida.<\/li>\n<li>18:00 Inauguraci\u00f3n. Conferencia Inaugural: \u201cReflexiones sobre la evoluci\u00f3n hist\u00f3rica de la Radiolog\u00eda y de la docencia radiol\u00f3gica\u201d. Dr. Tom\u00e1s Cros Ruiz de Galarreta. Jefe de Servicio de Radiolog\u00eda del CHUA.<\/li>\n<li>19:00 Coloquio\/Discusi\u00f3n. Organizaci\u00f3n del Seminario. Propuestas.<\/li>\n<li>20:00 Fin de la Sesi\u00f3n.<\/li>\n<\/ul>\n<p style=\"text-align: justify\"><strong>Viernes, 20 de mayo \u2013 Sal\u00f3n de Actos. E.S.I. Inform\u00e1tica.<\/strong><\/p>\n<ul style=\"text-align: justify\">\n<li>9:15 Inicio de la Sesi\u00f3n.<\/li>\n<li>9:30 Ponencias Experiencias de Innovaci\u00f3n Docente.9:30 La Docencia de la Radiolog\u00eda mediante el Aprendizaje Basado en Problemas: Dise\u00f1o e implementaci\u00f3n de un proyecto docente innovador en una Facultad de nueva creaci\u00f3n. Casas, J.D., Balliu, E., Barcel\u00f3, J., Fuentes, R., Guirao, S., Maroto, A., Mu\u00f1oz, C., Pedraza, S., Pont, J., Vilanova, J.C. Universidad de Girona.<\/li>\n<li>9:50 Material pedag\u00f3gico para el aprendizaje de Radiolog\u00eda en la Licenciatura de Medicina con el apoyo de la aplicaci\u00f3n \u201cMirador Cl\u00ednico\u201d. Casado, L.M., Mansilla, F., Cros, T. Juli\u00e1, E., Escario, E., Poblet, E. Universidad de Castilla \u2013 La Mancha.<\/li>\n<li>10:10 Nuestra experiencia en los ex\u00e1menes tipo ECOE en tercer curso con integraci\u00f3n de Semiolog\u00eda y Propede\u00fatica M\u00e9dico-quir\u00fargica. Cros, T., Saez, L., Poblet, E., Casado, L.M., Mansilla, F., Juli\u00e1, E. Universidad de Castilla \u2013 La Mancha.<\/li>\n<li>10:30 El Programa de Innovaci\u00f3n de la Facultad de Ciencias de la Salud. Pereira, J., Santos, S., Viana, I., \u00c1vila, A., Teijeiro, J. Universidad de A Coru\u00f1a.<\/li>\n<li>10:50 M\u00e1ster semipresencial en avances en Radiolog\u00eda Diagn\u00f3stica y Terap\u00e9utica y Medicina F\u00edsica. Villalobos, M., N\u00fa\u00f1ez, J., Fern\u00e1ndez, F.J., Olea, N. Universidad de Granada.<\/li>\n<li>11:10 Plan de implantaci\u00f3n de la asignatura Radiolog\u00eda y Medicina F\u00edsica General en 3er curso del Grado en Medicina. Delgado, T. Universidad de Cantabria.<\/li>\n<li>11:30 Pausa Caf\u00e9.<\/li>\n<li>12:00 Uso de clickers en alumnos de Radiolog\u00eda. Ot\u00f3n, C.A., Ot\u00f3n, L.F., Allende, A., Pastor, M.S. Univ. de La Laguna.<\/li>\n<li>12:20 Pr\u00e1cticas de ecograf\u00eda para alumnos de grado. Pastor, M.S., Ot\u00f3n, C., Ot\u00f3n, L.F., Allende, A. Univ. de La Laguna.<\/li>\n<li>12:40 Experiencia con la metodolog\u00eda de Aprendizaje Basado en Problemas (ABP) en una pr\u00e1ctica de radiolog\u00eda cl\u00ednica. Sendra, F., Alegre, N., Algarra, J., Torales, O., de la Pe\u00f1a, L. Univ. de M\u00e1laga.<\/li>\n<li>13:00 Reflexiones sobre el uso de clases virtuales en la ense\u00f1anza de Radiolog\u00eda General. Sendra, F., Torales, O., de la Pe\u00f1a, L., Alegre, N., Algarra, J. Univ. de M\u00e1laga.<\/li>\n<li>13:20 Anatom\u00eda por T\u00e9cnicas de Imagen. Asignatura obligatoria en el Grado de Medicina de la Universidad de Santiago de Compostela. Carreira, J.M., Souto, M. Universidad de Santiago de Compostela.<\/li>\n<li>13:40 Fin de la Sesi\u00f3n.<\/li>\n<li>14:00-15.30 Comida en Hotel Los Llanos.<\/li>\n<li>15:45 Inicio de la Sesi\u00f3n.<\/li>\n<li>16:00 Caso Cl\u00ednico-Radiol\u00f3gico de la Semana. Fern\u00e1ndez, F.J., Villalobos, M. Univ. de Granada.<\/li>\n<li>16:20 Divulgaci\u00f3n del c\u00f3digo europeo contra el c\u00e1ncer a trav\u00e9s de un wiki. Villalobos, M., Aranda, M., N\u00fa\u00f1ez, M.I., Villalba, J., Fern\u00e1ndez, J., Olea N. Univ. de Granada.<\/li>\n<li>16:40 Internet y redes sociales en la innovaci\u00f3n docente en Radiolog\u00eda. Experiencia Preliminar. Delgado, R. Mayol, J. Univ. Complutense de Madrid.<\/li>\n<li>17:00 Experiencia docente en un trabajo voluntario y su exposici\u00f3n en Radio USAL. Guti\u00e9rrez, M.J., Borrajo, J. Univ. de Salamanca.<\/li>\n<li>17:20 Peer evaluation mediante clickers. N\u00e1jera, A., Arribas, E., Villalba, J.M. Univ. de Castilla \u2013 La Mancha.<\/li>\n<li>17:30 Pausa Caf\u00e9.<\/li>\n<li>18:00 Trabajo colaborativo: \u201cReconstruyendo la innovaci\u00f3n en Radiolog\u00eda y Medicina F\u00edsica\u201d.<\/li>\n<li>18:45 Trabajo en grupos: 1.Planes de Estudio, 2.P\u00e1gina Web de la APURF, 3. Profesorado., 4. Otros.<\/li>\n<li>20:00 Fin de la Sesi\u00f3n.<\/li>\n<\/ul>\n<p style=\"text-align: justify\"><strong>S\u00e1bado, 21 de mayo \u2013 Hotel Los Llanos<\/strong><\/p>\n<ul style=\"text-align: justify\">\n<li>9:30 Trabajo en grupos\/Conclusiones.<\/li>\n<li>10:30 Asamblea General APURF.<\/li>\n<li>12:00 Caf\u00e9 y despedida.<\/li>\n<\/ul>\n<p style=\"text-align: justify\">Para descargar el programa en PDF, <a href=\"https:\/\/blog.uclm.es\/albertonajera\/wp-content\/uploads\/sites\/249\/2012\/11\/APURF2011-Programa.pdf\">APURF2011-Programa<\/a>.<\/p>\n","protected":false},"excerpt":{"rendered":"<p>Jueves, 19 de mayo \u2013 Aula Magna. Facultad de Medicina. 17:30 Recogida de documentaci\u00f3n \/ Bienvenida. 18:00 Inauguraci\u00f3n. Conferencia Inaugural: \u201cReflexiones sobre la evoluci\u00f3n hist\u00f3rica de la Radiolog\u00eda y de la docencia radiol\u00f3gica\u201d. Dr. Tom\u00e1s Cros Ruiz de Galarreta. Jefe de Servicio de Radiolog\u00eda del CHUA. 19:00 Coloquio\/Discusi\u00f3n. Organizaci\u00f3n del Seminario. Propuestas. 20:00 Fin de [&hellip;]<\/p>\n","protected":false},"author":410,"featured_media":0,"parent":0,"menu_order":0,"comment_status":"closed","ping_status":"closed","template":"page-fullwidth.php","meta":{"footnotes":""},"class_list":["post-432","page","type-page","status-publish","hentry"],"_links":{"self":[{"href":"https:\/\/blog.uclm.es\/albertonajera\/wp-json\/wp\/v2\/pages\/432","targetHints":{"allow":["GET"]}}],"collection":[{"href":"https:\/\/blog.uclm.es\/albertonajera\/wp-json\/wp\/v2\/pages"}],"about":[{"href":"https:\/\/blog.uclm.es\/albertonajera\/wp-json\/wp\/v2\/types\/page"}],"author":[{"embeddable":true,"href":"https:\/\/blog.uclm.es\/albertonajera\/wp-json\/wp\/v2\/users\/410"}],"replies":[{"embeddable":true,"href":"https:\/\/blog.uclm.es\/albertonajera\/wp-json\/wp\/v2\/comments?post=432"}],"version-history":[{"count":0,"href":"https:\/\/blog.uclm.es\/albertonajera\/wp-json\/wp\/v2\/pages\/432\/revisions"}],"wp:attachment":[{"href":"https:\/\/blog.uclm.es\/albertonajera\/wp-json\/wp\/v2\/media?parent=432"}],"curies":[{"name":"wp","href":"https:\/\/api.w.org\/{rel}","templated":true}]}}