{"id":428,"date":"2012-11-14T13:37:35","date_gmt":"2012-11-14T12:37:35","guid":{"rendered":"http:\/\/blog.uclm.es\/albertonajera\/?page_id=428"},"modified":"2012-11-14T13:37:35","modified_gmt":"2012-11-14T12:37:35","slug":"noticias-aparecidas-en-prensa-relativas-al-xxviii-seminario-apurf","status":"publish","type":"page","link":"https:\/\/blog.uclm.es\/albertonajera\/noticias-aparecidas-en-prensa-relativas-al-xxviii-seminario-apurf\/","title":{"rendered":"Noticias aparecidas en prensa relativas al XXVIII Seminario APURF."},"content":{"rendered":"<ul>\n<li><a href=\"http:\/\/www.uclm.es\/gabinete\/ver_noticias.asp?id_noticia=8200\">La Asociaci\u00f3n de Profesores de Radiolog\u00eda y Medicina F\u00edsica, reunida en el Campus de Albacete. UCLM.<\/a><\/li>\n<li><a href=\"http:\/\/eldiadigital.es\/not\/22066\/finaliza_el_seminario_de_docentes_de_radiologia_y_medicina_fisica\/\">Finaliza el seminario de docentes de radiolog\u00eda y Medicina F\u00edsica. El Dia.<\/a><\/li>\n<li><a href=\"http:\/\/www.laverdad.es\/albacete\/20110516\/local\/albacete\/jornadas-radiologia-medicina-201105161752.html\">El Campus de Albacete acoge jornadas para docentes de Radiolog\u00eda y Medicina F\u00edsica. La Verdad.<\/a><\/li>\n<\/ul>\n","protected":false},"excerpt":{"rendered":"<p>La Asociaci\u00f3n de Profesores de Radiolog\u00eda y Medicina F\u00edsica, reunida en el Campus de Albacete. UCLM. Finaliza el seminario de docentes de radiolog\u00eda y Medicina F\u00edsica. El Dia. El Campus de Albacete acoge jornadas para docentes de Radiolog\u00eda y Medicina F\u00edsica. La Verdad.<\/p>\n","protected":false},"author":410,"featured_media":0,"parent":0,"menu_order":0,"comment_status":"closed","ping_status":"closed","template":"page-fullwidth.php","meta":{"footnotes":""},"class_list":["post-428","page","type-page","status-publish","hentry"],"_links":{"self":[{"href":"https:\/\/blog.uclm.es\/albertonajera\/wp-json\/wp\/v2\/pages\/428","targetHints":{"allow":["GET"]}}],"collection":[{"href":"https:\/\/blog.uclm.es\/albertonajera\/wp-json\/wp\/v2\/pages"}],"about":[{"href":"https:\/\/blog.uclm.es\/albertonajera\/wp-json\/wp\/v2\/types\/page"}],"author":[{"embeddable":true,"href":"https:\/\/blog.uclm.es\/albertonajera\/wp-json\/wp\/v2\/users\/410"}],"replies":[{"embeddable":true,"href":"https:\/\/blog.uclm.es\/albertonajera\/wp-json\/wp\/v2\/comments?post=428"}],"version-history":[{"count":0,"href":"https:\/\/blog.uclm.es\/albertonajera\/wp-json\/wp\/v2\/pages\/428\/revisions"}],"wp:attachment":[{"href":"https:\/\/blog.uclm.es\/albertonajera\/wp-json\/wp\/v2\/media?parent=428"}],"curies":[{"name":"wp","href":"https:\/\/api.w.org\/{rel}","templated":true}]}}