{"id":409,"date":"2012-11-14T13:28:30","date_gmt":"2012-11-14T12:28:30","guid":{"rendered":"http:\/\/blog.uclm.es\/albertonajera\/?page_id=409"},"modified":"2012-11-14T13:28:30","modified_gmt":"2012-11-14T12:28:30","slug":"presentacion","status":"publish","type":"page","link":"https:\/\/blog.uclm.es\/albertonajera\/presentacion\/","title":{"rendered":"Presentaci\u00f3n"},"content":{"rendered":"<p style=\"text-align: justify\">Es para nosotros un placer invitaros a participar en el XXVIII Seminario de la Asociaci\u00f3n de Profesores Universitarios de Radiolog\u00eda y Medicina F\u00edsica que tendr\u00e1 lugar en Albacete los d\u00edas 19, 20 y 21 de mayo.<\/p>\n<p style=\"text-align: justify\">Estamos organizando el Seminario a modo de reuni\u00f3n de intercambio de experiencias de innovaci\u00f3n docente. En los seminarios APURF a los que hemos asistido, hemos encontrado que muchos de nosotros innovamos, desarrollamos nuevas t\u00e9cnicas, nuevas formas de docencia, nuevas tecnolog\u00edas, etc. que se ponen en com\u00fan en diferentes sesiones de forma relativamente informal. Por esta raz\u00f3n os proponemos la posibilidad de intercambiar nuestras experiencias de forma m\u00e1s o menos reglada mediante ponencias orales de entre 10-20 minutos.<\/p>\n<p style=\"text-align: justify\">Dichas ponencias ser\u00e1n debidamente reconocidas por la\u00a0<a href=\"http:\/\/www.uclm.es\/organos\/vic_ordenacionacademica\/uie\/\">Unidad de Innovaci\u00f3n Educativa<\/a>\u00a0dependiente del Vicerrectorado de Ordenaci\u00f3n Acad\u00e9mica y Formaci\u00f3n Permanente de la UCLM, quien emitir\u00e1 el correspondiente certificado, no solo de asistencia sino tambi\u00e9n de las aportaciones realizadas.<\/p>\n<p style=\"text-align: justify\">Adem\u00e1s os proponemos que las aportaciones sean desarrolladas con una extensi\u00f3n no superior a 15 ni inferior a 5 p\u00e1ginas que reuniremos en un libro que ser\u00e1 publicado con ISBN y distribuci\u00f3n internacional a trav\u00e9s de Amazon y bajo licencia Creative Commons. As\u00ed, tras el XXVIII Seminario APURF se habr\u00e1n reunido las principales innovaciones que los profesionales del \u00e1rea de conocimiento vienen desarrollando en las diferentes universidades espa\u00f1olas. Estas aportaciones no tienen por qu\u00e9 ser originales y esperamos que pod\u00e1is aprovechar cualquier trabajo que ya teng\u00e1is hecho.<\/p>\n<p style=\"text-align: justify\">Por este motivo, con el fin de ir organizando el Seminario, y verificar que habr\u00e1 ponencias suficientes, os invitamos a enviar un resumen al correo\u00a0alberto.najera@QUITAESTOuclm.es\u00a0antes del\u00a015 de abril\u00a09 de mayo. Tras las recepciones, veremos si debemos reorganizar el Seminario, si puede seguir adelante la idea, y os indicaremos la fecha l\u00edmite para el env\u00edo de las aportaciones definitivas.<\/p>\n<p style=\"text-align: justify\">Hemos reservado 40 habitaciones en el Hotel Los Llanos. Ese fin de semana tendr\u00e1n lugar en Albacete diferentes congresos, una feria agropecuaria, etc. por lo que urge que confirm\u00e9is en el hotel cuanto antes. Nos guardan las habitaciones hasta el 29 de abril.<\/p>\n<p style=\"text-align: justify\">Esperamos que la idea sea de vuestro agrado y os invitamos, de nuevo, a que particip\u00e9is y colabor\u00e9is activamente.<br \/>\nAlbacete, 20 de marzo de 2011.<\/p>\n","protected":false},"excerpt":{"rendered":"<p>Es para nosotros un placer invitaros a participar en el XXVIII Seminario de la Asociaci\u00f3n de Profesores Universitarios de Radiolog\u00eda y Medicina F\u00edsica que tendr\u00e1 lugar en Albacete los d\u00edas 19, 20 y 21 de mayo. Estamos organizando el Seminario a modo de reuni\u00f3n de intercambio de experiencias de innovaci\u00f3n docente. En los seminarios APURF [&hellip;]<\/p>\n","protected":false},"author":410,"featured_media":0,"parent":0,"menu_order":0,"comment_status":"closed","ping_status":"closed","template":"page-fullwidth.php","meta":{"footnotes":""},"class_list":["post-409","page","type-page","status-publish","hentry"],"_links":{"self":[{"href":"https:\/\/blog.uclm.es\/albertonajera\/wp-json\/wp\/v2\/pages\/409","targetHints":{"allow":["GET"]}}],"collection":[{"href":"https:\/\/blog.uclm.es\/albertonajera\/wp-json\/wp\/v2\/pages"}],"about":[{"href":"https:\/\/blog.uclm.es\/albertonajera\/wp-json\/wp\/v2\/types\/page"}],"author":[{"embeddable":true,"href":"https:\/\/blog.uclm.es\/albertonajera\/wp-json\/wp\/v2\/users\/410"}],"replies":[{"embeddable":true,"href":"https:\/\/blog.uclm.es\/albertonajera\/wp-json\/wp\/v2\/comments?post=409"}],"version-history":[{"count":0,"href":"https:\/\/blog.uclm.es\/albertonajera\/wp-json\/wp\/v2\/pages\/409\/revisions"}],"wp:attachment":[{"href":"https:\/\/blog.uclm.es\/albertonajera\/wp-json\/wp\/v2\/media?parent=409"}],"curies":[{"name":"wp","href":"https:\/\/api.w.org\/{rel}","templated":true}]}}