{"id":405,"date":"2012-11-14T13:27:32","date_gmt":"2012-11-14T12:27:32","guid":{"rendered":"http:\/\/blog.uclm.es\/albertonajera\/?page_id=405"},"modified":"2012-11-14T13:27:32","modified_gmt":"2012-11-14T12:27:32","slug":"xxviii-seminario-apurf-albacete-19-20-y-21-de-mayo-de-2011","status":"publish","type":"page","link":"https:\/\/blog.uclm.es\/albertonajera\/xxviii-seminario-apurf-albacete-19-20-y-21-de-mayo-de-2011\/","title":{"rendered":"XXVIII Seminario APURF. Albacete 19, 20 y 21 de mayo de 2011."},"content":{"rendered":"<ul>\n<li><a href=\"http:\/\/blog.uclm.es\/albertonajera\/presentacion\/\">Presentaci\u00f3n.<\/a><\/li>\n<li><a href=\"https:\/\/blog.uclm.es\/albertonajera\/wp-content\/uploads\/sites\/249\/2012\/11\/ResumenesPonencias.pdf\">Res\u00famenes de Comunicaciones<\/a>.<\/li>\n<li><a href=\"http:\/\/blog.uclm.es\/albertonajera\/programa-del-seminario\/\">Programa cient\u00edfico y social<\/a>.<\/li>\n<li><a href=\"http:\/\/blog.uclm.es\/albertonajera\/fotos-del-seminario\/\">Fotos del Seminario<\/a>.<\/li>\n<li><a href=\"http:\/\/blog.uclm.es\/albertonajera\/noticias-aparecidas-en-prensa-relativas-al-xxviii-seminario-apurf\/\">En la prensa.<\/a><\/li>\n<li><a href=\"https:\/\/www.facebook.com\/groups\/APURF\/\">Grupo APURF en Facebook.<\/a><\/li>\n<li><a href=\"http:\/\/apurf.es\">Web oficial de la APURF<\/a>.<\/li>\n<\/ul>\n","protected":false},"excerpt":{"rendered":"<p>Presentaci\u00f3n. Res\u00famenes de Comunicaciones. Programa cient\u00edfico y social. Fotos del Seminario. En la prensa. Grupo APURF en Facebook. Web oficial de la APURF.<\/p>\n","protected":false},"author":410,"featured_media":0,"parent":0,"menu_order":0,"comment_status":"closed","ping_status":"closed","template":"page-fullwidth.php","meta":{"footnotes":""},"class_list":["post-405","page","type-page","status-publish","hentry"],"_links":{"self":[{"href":"https:\/\/blog.uclm.es\/albertonajera\/wp-json\/wp\/v2\/pages\/405","targetHints":{"allow":["GET"]}}],"collection":[{"href":"https:\/\/blog.uclm.es\/albertonajera\/wp-json\/wp\/v2\/pages"}],"about":[{"href":"https:\/\/blog.uclm.es\/albertonajera\/wp-json\/wp\/v2\/types\/page"}],"author":[{"embeddable":true,"href":"https:\/\/blog.uclm.es\/albertonajera\/wp-json\/wp\/v2\/users\/410"}],"replies":[{"embeddable":true,"href":"https:\/\/blog.uclm.es\/albertonajera\/wp-json\/wp\/v2\/comments?post=405"}],"version-history":[{"count":0,"href":"https:\/\/blog.uclm.es\/albertonajera\/wp-json\/wp\/v2\/pages\/405\/revisions"}],"wp:attachment":[{"href":"https:\/\/blog.uclm.es\/albertonajera\/wp-json\/wp\/v2\/media?parent=405"}],"curies":[{"name":"wp","href":"https:\/\/api.w.org\/{rel}","templated":true}]}}