{"id":384,"date":"2012-11-14T12:20:11","date_gmt":"2012-11-14T11:20:11","guid":{"rendered":"http:\/\/blog.uclm.es\/albertonajera\/?page_id=384"},"modified":"2012-11-14T12:20:11","modified_gmt":"2012-11-14T11:20:11","slug":"participantes","status":"publish","type":"page","link":"https:\/\/blog.uclm.es\/albertonajera\/participantes\/","title":{"rendered":"Participantes"},"content":{"rendered":"<p>Director: Alberto N\u00e1jera L\u00f3pez<br \/>\nSubdirector: Enrique Arribas Garde<\/p>\n<p>Participantes:<\/p>\n<ul>\n<li>Jose Miguel Latorre Postigo-Psicolog\u00eda.<\/li>\n<li>Aranzazu Angeles Galvez Casas-Ciencias M\u00e9dicas<\/li>\n<li>Beatriz Domingo Moreno-Ciencias M\u00e9dicas<\/li>\n<li>Jorge Laborda Fern\u00e1ndez-Quimica Inorg., Org., Y Bioq.<\/li>\n<li>Maria Del Mar Arroyo Jimenez-Ciencias M\u00e9dicas<\/li>\n<li>Maria Jos\u00e9 Lagartos Donate-Ciencias M\u00e9dicas<\/li>\n<li>Monica Mu\u00f1oz Lopez-Ciencias M\u00e9dicas<\/li>\n<li>Maria Elena Caminos Benito-Ciencias M\u00e9dicas<\/li>\n<li>Juan Francisco Llopis Borr\u00e1s-Ciencias M\u00e9dicas<\/li>\n<li>Jose Manuel Villalba Montoya-Ciencias M\u00e9dicas<\/li>\n<li>Maria Ester Legidos Garc\u00eda-Ciencias M\u00e9dicas<\/li>\n<li>Emilio Artacho P\u00e9rula-Ciencias M\u00e9dicas<\/li>\n<li>Antonio Mateos Ramos-Ciencias M\u00e9dicas<\/li>\n<li>Laura Ros Segura-Psicolog\u00eda<\/li>\n<li>Eva Mar\u00eda Monsalve Argando\u00f1a-Quimica Inorg., Org., Y Bioq.<\/li>\n<li>Beatriz Navarro Bravo-Psicolog\u00eda<\/li>\n<li>Enrique Almar Marques-Ciencias M\u00e9dicas<\/li>\n<li>Jesus Lopez-Torres Hidalgo-Ciencias M\u00e9dicas<\/li>\n<li>Silvia Llorens Folgado-Ciencias M\u00e9dicas<\/li>\n<li>Juan Ramon Martinez Gal\u00e1n-Ciencias M\u00e9dicas<\/li>\n<li>Pedro Antonio Tranque Gomez-Ciencias M\u00e9dicas<\/li>\n<li>Maxima Lizan Garcia-Ciencias M\u00e9dicas<\/li>\n<li>Maria Jose Martinez-Bioqu\u00edmica<\/li>\n<li>Maria Jose Ruiz Hidalgo-Bioqu\u00edmica<\/li>\n<li>Eduardo Nava-Ciencias M\u00e9dicas<\/li>\n<li>Marta Nieto Lopez-Psicolog\u00eda<\/li>\n<li>Mercedes Del Cura-Ciencias M\u00e9dicas<\/li>\n<li>Jose Miguel Campos Rodriguez-Ciencias M\u00e9dicas<\/li>\n<li>Jose Daniel Aroca-Ciencia Y Tecnologia Agroforestal Y Genetica<\/li>\n<li>Julio Escribano Mart\u00ednez-Ciencia Y Tecnolog\u00eda Agroforestal Y Gen\u00e9tica<\/li>\n<li>Juan Carlos Alvarado-Ciencias Medicas<\/li>\n<li>Veronica Fuentes-Ciencias Medicas<\/li>\n<\/ul>\n<p>&nbsp;<\/p>\n","protected":false},"excerpt":{"rendered":"<p>Director: Alberto N\u00e1jera L\u00f3pez Subdirector: Enrique Arribas Garde Participantes: Jose Miguel Latorre Postigo-Psicolog\u00eda. Aranzazu Angeles Galvez Casas-Ciencias M\u00e9dicas Beatriz Domingo Moreno-Ciencias M\u00e9dicas Jorge Laborda Fern\u00e1ndez-Quimica Inorg., Org., Y Bioq. Maria Del Mar Arroyo Jimenez-Ciencias M\u00e9dicas Maria Jos\u00e9 Lagartos Donate-Ciencias M\u00e9dicas Monica Mu\u00f1oz Lopez-Ciencias M\u00e9dicas Maria Elena Caminos Benito-Ciencias M\u00e9dicas Juan Francisco Llopis Borr\u00e1s-Ciencias M\u00e9dicas Jose [&hellip;]<\/p>\n","protected":false},"author":410,"featured_media":0,"parent":0,"menu_order":0,"comment_status":"closed","ping_status":"closed","template":"page-fullwidth.php","meta":{"footnotes":""},"class_list":["post-384","page","type-page","status-publish","hentry"],"_links":{"self":[{"href":"https:\/\/blog.uclm.es\/albertonajera\/wp-json\/wp\/v2\/pages\/384","targetHints":{"allow":["GET"]}}],"collection":[{"href":"https:\/\/blog.uclm.es\/albertonajera\/wp-json\/wp\/v2\/pages"}],"about":[{"href":"https:\/\/blog.uclm.es\/albertonajera\/wp-json\/wp\/v2\/types\/page"}],"author":[{"embeddable":true,"href":"https:\/\/blog.uclm.es\/albertonajera\/wp-json\/wp\/v2\/users\/410"}],"replies":[{"embeddable":true,"href":"https:\/\/blog.uclm.es\/albertonajera\/wp-json\/wp\/v2\/comments?post=384"}],"version-history":[{"count":0,"href":"https:\/\/blog.uclm.es\/albertonajera\/wp-json\/wp\/v2\/pages\/384\/revisions"}],"wp:attachment":[{"href":"https:\/\/blog.uclm.es\/albertonajera\/wp-json\/wp\/v2\/media?parent=384"}],"curies":[{"name":"wp","href":"https:\/\/api.w.org\/{rel}","templated":true}]}}