{"id":358,"date":"2012-11-14T11:56:43","date_gmt":"2012-11-14T10:56:43","guid":{"rendered":"http:\/\/blog.uclm.es\/albertonajera\/?page_id=358"},"modified":"2012-11-14T11:56:43","modified_gmt":"2012-11-14T10:56:43","slug":"proyecto-antenas-de-albacete","status":"publish","type":"page","link":"https:\/\/blog.uclm.es\/albertonajera\/proyecto-antenas-de-albacete\/","title":{"rendered":"Proyecto de Investigaci\u00f3n: \u00abCaracterizaci\u00f3n de la exposici\u00f3n personal a campos electromagn\u00e9ticos de radiofrecuencia\u00bb."},"content":{"rendered":"<p><img loading=\"lazy\" decoding=\"async\" class=\"alignleft wp-image-331\" style=\"line-height: 13px\" src=\"https:\/\/blog.uclm.es\/albertonajera\/wp-content\/uploads\/sites\/249\/2012\/11\/OctavioCuartero.jpg\" alt=\"\" width=\"121\" height=\"161\" srcset=\"https:\/\/blog.uclm.es\/albertonajera\/wp-content\/uploads\/sites\/249\/2012\/11\/OctavioCuartero.jpg 336w, https:\/\/blog.uclm.es\/albertonajera\/wp-content\/uploads\/sites\/249\/2012\/11\/OctavioCuartero-225x300.jpg 225w\" sizes=\"auto, (max-width: 121px) 100vw, 121px\" \/><\/p>\n<p>&nbsp;<\/p>\n<ul>\n<li><span style=\"line-height: 13px\"><a href=\"http:\/\/blog.uclm.es\/albertonajera\/resumen-del-proyecto-caracterizacion-de-la-exposicion-personal-a-campos-electromagneticos-de-radiofrecuencia\/\">Resumen del proyecto<\/a>.<\/span><\/li>\n<li><span style=\"line-height: 13px\"><a href=\"http:\/\/blog.uclm.es\/albertonajera\/equipo-investigador\/\">Equipo Investigador<\/a>.<\/span><\/li>\n<li><span style=\"line-height: 13px\"><a href=\"http:\/\/www.uclm.es\/profesorado\/alnajera\/CEP-CEP-CER\/volunta.htm\">\u00bfQuieres ser voluntario?<\/a><\/span><\/li>\n<li><a href=\"http:\/\/blog.uclm.es\/albertonajera\/falta-informacion\/\"><span style=\"line-height: 13px\">\u00bfFalta informaci\u00f3n?<\/span><\/a><\/li>\n<li><a href=\"https:\/\/geoportal.minetur.gob.es\/VCTEL\/vcne.do\">Niveles de exposici\u00f3n (Ministerio de Industria, Energ\u00eda y Turismo)<\/a>.<\/li>\n<\/ul>\n","protected":false},"excerpt":{"rendered":"<p>&nbsp; Resumen del proyecto. Equipo Investigador. \u00bfQuieres ser voluntario? \u00bfFalta informaci\u00f3n? Niveles de exposici\u00f3n (Ministerio de Industria, Energ\u00eda y Turismo).<\/p>\n","protected":false},"author":410,"featured_media":0,"parent":0,"menu_order":0,"comment_status":"closed","ping_status":"closed","template":"","meta":{"footnotes":""},"class_list":["post-358","page","type-page","status-publish","hentry"],"_links":{"self":[{"href":"https:\/\/blog.uclm.es\/albertonajera\/wp-json\/wp\/v2\/pages\/358","targetHints":{"allow":["GET"]}}],"collection":[{"href":"https:\/\/blog.uclm.es\/albertonajera\/wp-json\/wp\/v2\/pages"}],"about":[{"href":"https:\/\/blog.uclm.es\/albertonajera\/wp-json\/wp\/v2\/types\/page"}],"author":[{"embeddable":true,"href":"https:\/\/blog.uclm.es\/albertonajera\/wp-json\/wp\/v2\/users\/410"}],"replies":[{"embeddable":true,"href":"https:\/\/blog.uclm.es\/albertonajera\/wp-json\/wp\/v2\/comments?post=358"}],"version-history":[{"count":0,"href":"https:\/\/blog.uclm.es\/albertonajera\/wp-json\/wp\/v2\/pages\/358\/revisions"}],"wp:attachment":[{"href":"https:\/\/blog.uclm.es\/albertonajera\/wp-json\/wp\/v2\/media?parent=358"}],"curies":[{"name":"wp","href":"https:\/\/api.w.org\/{rel}","templated":true}]}}