{"id":266,"date":"2012-11-05T02:19:19","date_gmt":"2012-11-05T01:19:19","guid":{"rendered":"http:\/\/blog.uclm.es\/albertonajera\/?page_id=266"},"modified":"2012-11-05T02:19:19","modified_gmt":"2012-11-05T01:19:19","slug":"el-tiempo-on-line","status":"publish","type":"page","link":"https:\/\/blog.uclm.es\/albertonajera\/el-tiempo-on-line\/","title":{"rendered":"El tiempo on-line"},"content":{"rendered":"<p style=\"text-align: justify\">Existen infinidad de sitios en Internet que proporcionan la situaci\u00f3n atmosf\u00e9rica de pr\u00e1cticamente todos los lugares del mundo con una actualizaci\u00f3n muy frecuente. Muchos, incluso, proporcionan un pron\u00f3stico que en algunos casos puede llegar a los 4 d\u00edas. Aqu\u00ed tienes varios enlaces que pueden ayudarte a organizar un futuro viaje o a conocer el tiempo de un determinado lugar simplemente por curiosidad:<\/p>\n<p style=\"text-align: justify\">Agencia Estatal de Meteorolog\u00eda: <a href=\"http:\/\/www.aemet.es\">www.aemet.es<\/a><br \/>\nInstituto Meteorol\u00f3gico de Castilla &#8211; La Mancha: <a href=\"http:\/\/meteocam.uclm.es\/\">http:\/\/meteocam.uclm.es\/<\/a><br \/>\nEl tiempo de tu ciudad en la barra de herramientas, pron\u00f3sticos y condiciones actuales y es gratis: <a href=\"http:\/\/getweathercast.com\/\">http:\/\/getweathercast.com\/<\/a><br \/>\nMeteo France: <a href=\"http:\/\/www.meteo.fr\/meteonet_es\/index.html\">http:\/\/www.meteo.fr\/meteonet_es\/index.html<\/a><br \/>\nWorld Meteorological Organization: <a href=\"http:\/\/www.wmo.ch\/index-sp.html\">http:\/\/www.wmo.ch\/index-sp.html<\/a><br \/>\n\u00daltimas im\u00e1genes de todos los sat\u00e9lites meteorol\u00f3gicos: <a href=\"http:\/\/www.allmetsat.com\/es\/\">http:\/\/www.allmetsat.com\/es\/<\/a><\/p>\n","protected":false},"excerpt":{"rendered":"<p>Existen infinidad de sitios en Internet que proporcionan la situaci\u00f3n atmosf\u00e9rica de pr\u00e1cticamente todos los lugares del mundo con una actualizaci\u00f3n muy frecuente. Muchos, incluso, proporcionan un pron\u00f3stico que en algunos casos puede llegar a los 4 d\u00edas. Aqu\u00ed tienes varios enlaces que pueden ayudarte a organizar un futuro viaje o a conocer el tiempo [&hellip;]<\/p>\n","protected":false},"author":410,"featured_media":0,"parent":0,"menu_order":0,"comment_status":"closed","ping_status":"closed","template":"page-fullwidth.php","meta":{"footnotes":""},"class_list":["post-266","page","type-page","status-publish","hentry"],"_links":{"self":[{"href":"https:\/\/blog.uclm.es\/albertonajera\/wp-json\/wp\/v2\/pages\/266","targetHints":{"allow":["GET"]}}],"collection":[{"href":"https:\/\/blog.uclm.es\/albertonajera\/wp-json\/wp\/v2\/pages"}],"about":[{"href":"https:\/\/blog.uclm.es\/albertonajera\/wp-json\/wp\/v2\/types\/page"}],"author":[{"embeddable":true,"href":"https:\/\/blog.uclm.es\/albertonajera\/wp-json\/wp\/v2\/users\/410"}],"replies":[{"embeddable":true,"href":"https:\/\/blog.uclm.es\/albertonajera\/wp-json\/wp\/v2\/comments?post=266"}],"version-history":[{"count":0,"href":"https:\/\/blog.uclm.es\/albertonajera\/wp-json\/wp\/v2\/pages\/266\/revisions"}],"wp:attachment":[{"href":"https:\/\/blog.uclm.es\/albertonajera\/wp-json\/wp\/v2\/media?parent=266"}],"curies":[{"name":"wp","href":"https:\/\/api.w.org\/{rel}","templated":true}]}}