{"id":261,"date":"2012-11-05T02:16:29","date_gmt":"2012-11-05T01:16:29","guid":{"rendered":"http:\/\/blog.uclm.es\/albertonajera\/?page_id=261"},"modified":"2012-11-05T02:16:29","modified_gmt":"2012-11-05T01:16:29","slug":"quevedo-y-los-medicos","status":"publish","type":"page","link":"https:\/\/blog.uclm.es\/albertonajera\/quevedo-y-los-medicos\/","title":{"rendered":"Quevedo y los m\u00e9dicos"},"content":{"rendered":"<p style=\"text-align: center\">Pues me hac\u00e9is casamentero,<br \/>\n\u00c1ngela de Mondrag\u00f3n,<br \/>\nescuchad de vuestro esposo<br \/>\nlas grandezas y el valor.<\/p>\n<p style=\"text-align: center\">\u00c9l es un M\u00e9dico honrado,<br \/>\npor la gracia del Se\u00f1or,<br \/>\nque tiene muy buenas letras<br \/>\nen el cambio y el bols\u00f3n.<\/p>\n<p style=\"text-align: center\">Quien os lo pint\u00f3 cobarde<br \/>\nno lo conoce, y minti\u00f3,<br \/>\nque ha muerto m\u00e1s hombres vivos<br \/>\nque mat\u00f3 el Cid Campeador.<\/p>\n<p style=\"text-align: center\">En entrando en una casa<br \/>\ntiene tal reputaci\u00f3n,<br \/>\nque luego dicen los ni\u00f1os:<br \/>\n\u00abDios perdone al que muri\u00f3\u00bb.<\/p>\n<p style=\"text-align: center\">Y con ser todos mortales<br \/>\nlos M\u00e9dicos, pienso yo<br \/>\nque son todos veniales,<br \/>\ncomparados al Doctor.<\/p>\n<p style=\"text-align: center\">Al caminante, en los pueblos<br \/>\nse le pide informaci\u00f3n,<br \/>\ntemi\u00e9ndole m\u00e1s que a la peste<br \/>\nde si le conoce, o no.<\/p>\n<p style=\"text-align: center\">De M\u00e9dicos semejantes<br \/>\nhace el Rey nuestro Se\u00f1or<br \/>\nbombardas a sus castillos,<br \/>\nmosquetes a su escuadr\u00f3n.<\/p>\n<p style=\"text-align: center\">Si a alguno cura, y no muere,<br \/>\npiensa que resucit\u00f3,<br \/>\ny por milagro le ofrece<br \/>\nla mortaja y el cord\u00f3n.<\/p>\n<p style=\"text-align: center\">Si acaso estando en su casa<br \/>\noye dar alg\u00fan clamor,<br \/>\ntomando papel y tinta<br \/>\nescribe: \u00abAnte m\u00ed pas\u00f3\u00bb.<\/p>\n<p style=\"text-align: center\">No se le ha muerto ninguno<br \/>\nde los que cura hasta hoy,<br \/>\nporque antes que se mueran<br \/>\nlos mata sin confesi\u00f3n.<\/p>\n<p style=\"text-align: center\">De envidia de los verdugos<br \/>\nmaldice al Corregidor,<br \/>\nque sobre los ahorcados<br \/>\nno le quiere dar pensi\u00f3n.<\/p>\n<p style=\"text-align: center\">Piensan que es la muerte algunos;<br \/>\notros, viendo su rigor,<br \/>\nle llaman el d\u00eda del juicio,<br \/>\npues es total perdici\u00f3n.<\/p>\n<p style=\"text-align: center\">No come por engordar,<br \/>\nni por el dulce sabor,<br \/>\nsino por matar la hambre,<br \/>\nque es matar su inclinaci\u00f3n.<\/p>\n<p style=\"text-align: center\">Por matar mata las luces,<br \/>\ny si no le alumbra el sol,<br \/>\ncomo murci\u00e9lago vive<br \/>\na la sombra de un rinc\u00f3n.<\/p>\n<p style=\"text-align: center\">Su mula, aunque no est\u00e1 muerta,<br \/>\nno pens\u00e9is que se escap\u00f3,<br \/>\nque est\u00e1 matada de suerte<br \/>\nque le viene a ser peor.<\/p>\n<p style=\"text-align: center\">\u00c9l, que se ve tan famoso<br \/>\ny en tan buena estimaci\u00f3n,<br \/>\natento a vuestra belleza,<br \/>\nse ha enamorado de vos.<\/p>\n<p style=\"text-align: center\">No pide le deis m\u00e1s dote<br \/>\nde ver que mat\u00e1is de amor,<br \/>\nque en matando de alg\u00fan modo<br \/>\npara en uno sois los dos.<\/p>\n<p style=\"text-align: center\">Casaos con \u00e9l, y jam\u00e1s<br \/>\nviuda tendr\u00e9is pasi\u00f3n,<br \/>\nque nunca la misma muerte<br \/>\nse oy\u00f3 decir que muri\u00f3.<\/p>\n<p style=\"text-align: center\">Si lo hac\u00e9is, a Dios le ruego<br \/>\nque os goc\u00e9is con bendici\u00f3n;<br \/>\npero si no, que nos libre<br \/>\nde conocer al Doctor.<\/p>\n<p style=\"text-align: center\"><a href=\"https:\/\/blog.uclm.es\/albertonajera\/wp-content\/uploads\/sites\/249\/2012\/11\/FQV.gif\"><img loading=\"lazy\" decoding=\"async\" class=\"alignright size-full wp-image-262\" src=\"https:\/\/blog.uclm.es\/albertonajera\/wp-content\/uploads\/sites\/249\/2012\/11\/FQV.gif\" alt=\"\" width=\"226\" height=\"87\" \/><\/a><\/p>\n","protected":false},"excerpt":{"rendered":"<p>Pues me hac\u00e9is casamentero, \u00c1ngela de Mondrag\u00f3n, escuchad de vuestro esposo las grandezas y el valor. \u00c9l es un M\u00e9dico honrado, por la gracia del Se\u00f1or, que tiene muy buenas letras en el cambio y el bols\u00f3n. Quien os lo pint\u00f3 cobarde no lo conoce, y minti\u00f3, que ha muerto m\u00e1s hombres vivos que mat\u00f3 [&hellip;]<\/p>\n","protected":false},"author":410,"featured_media":0,"parent":0,"menu_order":0,"comment_status":"closed","ping_status":"closed","template":"page-fullwidth.php","meta":{"footnotes":""},"class_list":["post-261","page","type-page","status-publish","hentry"],"_links":{"self":[{"href":"https:\/\/blog.uclm.es\/albertonajera\/wp-json\/wp\/v2\/pages\/261","targetHints":{"allow":["GET"]}}],"collection":[{"href":"https:\/\/blog.uclm.es\/albertonajera\/wp-json\/wp\/v2\/pages"}],"about":[{"href":"https:\/\/blog.uclm.es\/albertonajera\/wp-json\/wp\/v2\/types\/page"}],"author":[{"embeddable":true,"href":"https:\/\/blog.uclm.es\/albertonajera\/wp-json\/wp\/v2\/users\/410"}],"replies":[{"embeddable":true,"href":"https:\/\/blog.uclm.es\/albertonajera\/wp-json\/wp\/v2\/comments?post=261"}],"version-history":[{"count":0,"href":"https:\/\/blog.uclm.es\/albertonajera\/wp-json\/wp\/v2\/pages\/261\/revisions"}],"wp:attachment":[{"href":"https:\/\/blog.uclm.es\/albertonajera\/wp-json\/wp\/v2\/media?parent=261"}],"curies":[{"name":"wp","href":"https:\/\/api.w.org\/{rel}","templated":true}]}}