{"id":205,"date":"2012-11-05T01:05:13","date_gmt":"2012-11-05T00:05:13","guid":{"rendered":"http:\/\/blog.uclm.es\/albertonajera\/?page_id=205"},"modified":"2012-11-05T01:05:13","modified_gmt":"2012-11-05T00:05:13","slug":"cursos-y-seminarios-impartidos","status":"publish","type":"page","link":"https:\/\/blog.uclm.es\/albertonajera\/cursos-y-seminarios-impartidos\/","title":{"rendered":"Cursos y Seminarios Impartidos"},"content":{"rendered":"<p><strong>Impacto en salud de riesgos ambientales: radiaciones electromagn\u00e9ticas<\/strong><br \/>\nTipo: Curso de actualizaci\u00f3n. Duraci\u00f3n: 1 hora.<br \/>\nCentro\/organismo: Direcci\u00f3n General de Salud P\u00fablica, Alimentaci\u00f3n y Consumo. Consejer\u00eda de Sanidad y Consumo. Comunidad de Madrid.<br \/>\nCurso: Curso de actualizaci\u00f3n en vigilancia epidemiol\u00f3gica y control de problemas de Salud P\u00fablica.<br \/>\nFecha y lugar de celebraci\u00f3n: 30 de mayo de 2017, Madrid.<\/p>\n<p><strong>Moriremos todos, pero no por culpa de las antenas<\/strong><br \/>\nTipo: Curso de divulgaci\u00f3n. Duraci\u00f3n: 1 hora.<br \/>\nCentro\/organismo: Pint of Science.<br \/>\nCurso: Pint of Science Ciudad Real.<br \/>\nFecha y lugar de celebraci\u00f3n: 2 de marzo\u00a0de 2017, Majadahonda. Madrid.<\/p>\n<p><strong>Riesgos de los CEM: \u00bfmito o realidad?<\/strong><br \/>\nTipo: Curso de especializaci\u00f3n. Duraci\u00f3n: 1 hora.<br \/>\nCentro\/organismo: Centro Nacional de Sanidad Ambiental. Instituto de Salud Carlos III. Ministerio de Econom\u00eda y Competitividad.<br \/>\nCurso: Vigilando el medio ambiente y midiendo la exposici\u00f3n, cuidamos tu salud.<br \/>\nFecha y lugar de celebraci\u00f3n: 16 de marzo\u00a0de 2017, Madrid.<\/p>\n<p><strong>Irradiando miedo<\/strong><br \/>\nTipo: Curso de formaci\u00f3n. Duraci\u00f3n: 1 hora.<br \/>\nCentro\/organismo: Fisioeterapia Sin Red\/ ARP-ASP.<br \/>\nCurso: Terapias peligrosas.<br \/>\nFecha y lugar de celebraci\u00f3n: 18 de febrero de 2017, Madrid.<\/p>\n<p><strong>Antenofobia y otros miedos irracionales<\/strong><br \/>\nTipo: Curso de verano. Duraci\u00f3n: 1 hora.<br \/>\nCentro\/organismo: Universidad de Castilla \u2013 La Mancha<br \/>\nCurso: Escepticismo y pensamiento cr\u00edtico. La ciencia ante los fen\u00f3menos paranormales o las vulgares estafas.<br \/>\nFecha y lugar de celebraci\u00f3n: 1 y 2 de julio de 2013, Albacete.<\/p>\n<p><strong>Curso de redes sociales: uso personal y profesional<\/strong><br \/>\nAlberto N\u00e1jera L\u00f3pez.<br \/>\nTipo: curso de especializaci\u00f3n. Duraci\u00f3n: 9 horas.<br \/>\nCentro\/organismo: Asociaci\u00f3n de J\u00f3venes Investigadores de Albacete<br \/>\nFecha y lugar de celebraci\u00f3n: 13, 20 y 27 de junio de 2012. Albacete.<\/p>\n<p><strong>Curso propio de ciencia y tecnolog\u00eda de animales de experimentaci\u00f3n<\/strong><br \/>\nAlberto N\u00e1jera L\u00f3pez.<br \/>\nTipo: Curso de especializaci\u00f3n. Duraci\u00f3n: 2 horas.<br \/>\nCentro\/organismo: Universidad de Castilla \u2013 La Mancha<br \/>\nFecha y lugar de celebraci\u00f3n: del 11 de enero al 1 de febrero de 2012. Albacete.<\/p>\n<p><strong>Curso de inform\u00e1tica aplicada a la investigaci\u00f3n biom\u00e9dica<\/strong><br \/>\nAlberto N\u00e1jera L\u00f3pez.<br \/>\nTipo: Curso de especializaci\u00f3n. Duraci\u00f3n: 12 horas.<br \/>\nCentro\/organismo: Asociaci\u00f3n de J\u00f3venes Investigadores de Albacete<br \/>\nFecha y lugar de celebraci\u00f3n: 11, 18, 25 de abril y 2 de mayo de 2012. Albacete.<\/p>\n<p><strong>Riesgos para la salud de la energ\u00eda nuclear<\/strong><br \/>\nAlberto N\u00e1jera L\u00f3pez.<br \/>\nTipo: ciclo de actividades comunitarias en salud. Duraci\u00f3n: 10 horas.<br \/>\nCentro\/organismo: Facultad de Medicina de la UCLM.<br \/>\nFecha y lugar de celebraci\u00f3n: 28 de marzo de 2012. Albacete.<\/p>\n<p><strong>Ciencia versus pseudociencia &#8211; cambio clim\u00e1tico<\/strong><br \/>\nTipo: Actividades de dinamizaci\u00f3n. Duraci\u00f3n: 4 horas.<br \/>\nCentro\/organismo: centro de profesores de albacete<br \/>\nFecha y lugar de celebraci\u00f3n: del 12 de febrero al 28 de abril de 2011. Albacete.<\/p>\n<p><strong>Telefon\u00eda y salud<\/strong><br \/>\nAlberto N\u00e1jera y Jos\u00e9 Manuel Villalba.<br \/>\nTipo: Conferencia duraci\u00f3n 2 horas.<br \/>\nCentro\/organismo: Ayuntamiento de Consuegra.<br \/>\nFecha y lugar de celebraci\u00f3n: 17 de marzo de 2012. Consuegra, toledo.<\/p>\n<p><strong>Ofim\u00e1tica aplicada a la investigaci\u00f3n Biom\u00e9dica<\/strong><br \/>\nAlberto N\u00e1jera L\u00f3pez<br \/>\nTipo: curso de especializaci\u00f3n duraci\u00f3n 12 horas.<br \/>\nCentro\/organismo: Asociaci\u00f3n de J\u00f3venes Investigadores de albacete.<br \/>\nFecha y lugar de celebraci\u00f3n: 2, 4, 10 y 11 de marzo de 2010. Albacete.<\/p>\n<p><strong>Formaci\u00f3n de im\u00e1genes del cuerpo humano: RX, TC, RM, PET, SPECT.<\/strong><br \/>\nAlberto N\u00e1jera L\u00f3pez y Enrique Arribas Garde.<br \/>\nTipo: curso de formaci\u00f3n. Duraci\u00f3n: 7,5 horas.<br \/>\nCentro\/Organismo: Centro de Profesores de Albacete. Junta de Comunidades de Castilla &#8211; La Mancha.<br \/>\nCurso: Aplicaciones biotecnol\u00f3gicas en ciencias b\u00e1sicas y ciencias de la salud.<br \/>\nFecha y lugar de celebraci\u00f3n: 2 y 3 de diciembre de 2009. Albacete.<\/p>\n<p style=\"text-align: justify\"><strong>Ondas Electromagn\u00e9ticas y Salud.<\/strong><br \/>\nAlberto N\u00e1jera y Enrique Arribas<br \/>\nConcejal\u00eda de Consumo, Ciencia y Tecnolog\u00eda y Relaciones Internacionales. Ayuntamiento de Albacete.\u00a0Diputaci\u00f3n de Albacete y Federaci\u00f3n de Asociaciones de Vecinos de Albacete (FAVA).<br \/>\nDiputaci\u00f3n de Albacete. Albacete. 1 de diciembre de 2009.<\/p>\n<p style=\"text-align: justify\"><strong>Efectos del cambio clim\u00e1tico sobre la salud humana en Castilla &#8211; La Mancha.<\/strong><br \/>\nAlberto N\u00e1jera y Jorge Laborda<br \/>\n1as Jornadas sobre los Impactos del Cambio Clim\u00e1tico en Castilla -La Mancha. Oficina de Cambio Clim\u00e1tico de Castilla &#8211; La Mancha. Consejer\u00eda de Industria, Energ\u00eda y Medio Ambiente de la JCCM.<br \/>\nCampus Tecnol\u00f3gico de la F\u00e1brica de Armas. Toledo. 11 de Noviembre 2009.<\/p>\n<p style=\"text-align: justify\"><strong>Cambio clim\u00e1tico y sus efectos sobre la Salud. 12\u00aa Semana Cultural.<\/strong><br \/>\nAlberto L\u00f3pez N\u00e1jera<br \/>\nUCLM. Albacete. 22 de octubre de 2008.<\/p>\n<p style=\"text-align: justify\"><strong>Curso de formaci\u00f3n en Audiopr\u00f3tesis: Ac\u00fastica (20 horas).<\/strong><br \/>\nAlberto L\u00f3pez N\u00e1jera y Enrique Arribas Garde<br \/>\nHospital General Universitario de Albacete, Instituto Albasit, Consejer\u00eda de Bienestar Social, SESCAM<br \/>\nFacultad de Medicina. Albacete. 2 al 10 de septiembre de 2004.<\/p>\n","protected":false},"excerpt":{"rendered":"<p>Impacto en salud de riesgos ambientales: radiaciones electromagn\u00e9ticas Tipo: Curso de actualizaci\u00f3n. Duraci\u00f3n: 1 hora. Centro\/organismo: Direcci\u00f3n General de Salud P\u00fablica, Alimentaci\u00f3n y Consumo. Consejer\u00eda de Sanidad y Consumo. Comunidad de Madrid. Curso: Curso de actualizaci\u00f3n en vigilancia epidemiol\u00f3gica y control de problemas de Salud P\u00fablica. Fecha y lugar de celebraci\u00f3n: 30 de mayo de [&hellip;]<\/p>\n","protected":false},"author":410,"featured_media":0,"parent":0,"menu_order":0,"comment_status":"closed","ping_status":"closed","template":"","meta":{"footnotes":""},"class_list":["post-205","page","type-page","status-publish","hentry"],"_links":{"self":[{"href":"https:\/\/blog.uclm.es\/albertonajera\/wp-json\/wp\/v2\/pages\/205","targetHints":{"allow":["GET"]}}],"collection":[{"href":"https:\/\/blog.uclm.es\/albertonajera\/wp-json\/wp\/v2\/pages"}],"about":[{"href":"https:\/\/blog.uclm.es\/albertonajera\/wp-json\/wp\/v2\/types\/page"}],"author":[{"embeddable":true,"href":"https:\/\/blog.uclm.es\/albertonajera\/wp-json\/wp\/v2\/users\/410"}],"replies":[{"embeddable":true,"href":"https:\/\/blog.uclm.es\/albertonajera\/wp-json\/wp\/v2\/comments?post=205"}],"version-history":[{"count":0,"href":"https:\/\/blog.uclm.es\/albertonajera\/wp-json\/wp\/v2\/pages\/205\/revisions"}],"wp:attachment":[{"href":"https:\/\/blog.uclm.es\/albertonajera\/wp-json\/wp\/v2\/media?parent=205"}],"curies":[{"name":"wp","href":"https:\/\/api.w.org\/{rel}","templated":true}]}}