{"id":201,"date":"2012-11-05T01:02:45","date_gmt":"2012-11-05T00:02:45","guid":{"rendered":"http:\/\/blog.uclm.es\/albertonajera\/?page_id=201"},"modified":"2012-11-05T01:02:45","modified_gmt":"2012-11-05T00:02:45","slug":"proyectos-de-investigacion","status":"publish","type":"page","link":"https:\/\/blog.uclm.es\/albertonajera\/proyectos-de-investigacion\/","title":{"rendered":"Proyectos de Investigaci\u00f3n"},"content":{"rendered":"<p style=\"text-align: justify\"><strong>Papel de los canales de potasio rectificadores de entrada acoplados a prote\u00edna G\u00a0(girk) en la enfermedad de Alzheimer<\/strong><br \/>\nEntidad financiadora: Ministerio de Econom\u00eda y Competitividad<br \/>\nDURACI\u00d3N: 2014-17.<br \/>\nInvestigaci\u00f3n principal: Lydia Jim\u00e9nez D\u00edaz y Juan de Dios Navarro L\u00f3pez,<br \/>\nOtros investigadores: Alberto N\u00e1jera L\u00f3pez<\/p>\n<p style=\"text-align: justify\"><strong>Contaminaci\u00f3n electromagn\u00e9tica medioambiental: caracterizaci\u00f3n de la exposici\u00f3n personal a campos electromagn\u00e9ticos de radiofrecuencia.<\/strong><br \/>\nEntidad financiadora: Consejer\u00eda de Educaci\u00f3n y Ciencia. Junta de Comunidades de Castilla &#8211; La Mancha.<br \/>\nDuraci\u00f3n: 2010-2013.<br \/>\nInvestigador principal: Dr. Alberto N\u00e1jera L\u00f3pez<br \/>\nOtros investigadores: Enrique Arribas Garde, Jos\u00e9 Manuel Villalba.<\/p>\n<p style=\"text-align: justify\"><strong>Relaci\u00f3n entre variables atmosf\u00e9ricas \/ contaminaci\u00f3n con la mortalidad diaria en Castilla &#8211; La Mancha (1995-2005) .<\/strong><br \/>\nEntidad financiadora: Fundaci\u00f3n para la Investigaci\u00f3n Sanitaria en Castilla &#8211; La Mancha. Consejer\u00eda de Salud y Bienestar Social.<br \/>\nDuraci\u00f3n: 2007-2009.<br \/>\nInvestigador principal: Dr. Alberto L\u00f3pez N\u00e1jera<br \/>\nOtros investigadores: Fernando de Pablo, Enrique Arribas Garde, Felipe Fern\u00e1ndez, Mar\u00eda Jos\u00e9 Belza, Antonio Mateos, Enrique Almar.<\/p>\n<p style=\"text-align: justify\"><strong>Relaci\u00f3n entre variables atmosf\u00e9ricas \/ contaminaci\u00f3n con la mortalidad diaria en la ciudad de \u00c1vila (2000-2005) .<\/strong><br \/>\nEntidad financiadora: Fundaci\u00f3n Gran Duque de Alba<br \/>\nDuraci\u00f3n: 2007.<br \/>\nInvestigador principal: Dr. Alberto L\u00f3pez N\u00e1jera<br \/>\nOtros investigadores: Elena L\u00f3pez N\u00e1jera, Ana L\u00f3pez N\u00e1jera.<\/p>\n<p style=\"text-align: justify\"><strong>Aspectos clim\u00e1ticos de la ciudad de Albacete (1951-2005) renovaci\u00f3n.<\/strong><br \/>\nEntidad financiadora: UCLM<br \/>\nDuraci\u00f3n: 2007.<br \/>\nInvestigador principal: Dr. Alberto L\u00f3pez N\u00e1jera<br \/>\nOtros investigadores: Enrique Arribas Garde.<\/p>\n<p style=\"text-align: justify\"><strong>Aspectos clim\u00e1ticos de la ciudad de Albacete (1951-2005).<\/strong><br \/>\nEntidad financiadora: UCLM<br \/>\nDuraci\u00f3n: 2006.<br \/>\nInvestigador principal: Dr. Alberto L\u00f3pez N\u00e1jera<br \/>\nOtros investigadores: Enrique Arribas Garde.<\/p>\n<p style=\"text-align: justify\"><strong>Hipoacusia neurosensorial: Caracterizaci\u00f3n psicoac\u00fastica de la actividad coclear humana y optimizaci\u00f3n de los aud\u00edfonos para su tratamiento.<\/strong><br \/>\nEntidad financiadora: FIS (Fondo de Investigaci\u00f3n Sanitaria). (Referencia PI020343)<br \/>\nDuraci\u00f3n: De 11\/2002 a 11\/2005.<br \/>\nInvestigador principal: Dr. Enrique A. L\u00f3pez Poveda.<br \/>\nOtros investigadores: Jos\u00e9 Luis Blanco L\u00f3pez de Lerma, Tom\u00e1s Garc\u00eda Fern\u00e1ndez de Sevilla, Carlos Almod\u00f3var \u00c1lvarez, Alberto L\u00f3pez N\u00e1jera.<\/p>\n<p style=\"text-align: justify\"><strong>Bases gen\u00e9ticas y moleculares de los trastornos de la audici\u00f3n.<\/strong><br \/>\nEntidad financiadora: FIS (Fondo de Investigaci\u00f3n Sanitaria). (Referencia PI020768-GO3\/203)<br \/>\nDuraci\u00f3n: De 01\/2003 a 01\/2006.<br \/>\nInvestigador principal: Dr. Enrique A. L\u00f3pez Poveda.<br \/>\nOtros investigadores: Jos\u00e9 Luis Blanco L\u00f3pez de Lerma, Tom\u00e1s Garc\u00eda Fern\u00e1ndez de Sevilla, Carlos Almod\u00f3var \u00c1lvarez, Alberto L\u00f3pez N\u00e1jera.<\/p>\n","protected":false},"excerpt":{"rendered":"<p>Papel de los canales de potasio rectificadores de entrada acoplados a prote\u00edna G\u00a0(girk) en la enfermedad de Alzheimer Entidad financiadora: Ministerio de Econom\u00eda y Competitividad DURACI\u00d3N: 2014-17. Investigaci\u00f3n principal: Lydia Jim\u00e9nez D\u00edaz y Juan de Dios Navarro L\u00f3pez, Otros investigadores: Alberto N\u00e1jera L\u00f3pez Contaminaci\u00f3n electromagn\u00e9tica medioambiental: caracterizaci\u00f3n de la exposici\u00f3n personal a campos electromagn\u00e9ticos de [&hellip;]<\/p>\n","protected":false},"author":410,"featured_media":0,"parent":0,"menu_order":0,"comment_status":"closed","ping_status":"closed","template":"","meta":{"footnotes":""},"class_list":["post-201","page","type-page","status-publish","hentry"],"_links":{"self":[{"href":"https:\/\/blog.uclm.es\/albertonajera\/wp-json\/wp\/v2\/pages\/201","targetHints":{"allow":["GET"]}}],"collection":[{"href":"https:\/\/blog.uclm.es\/albertonajera\/wp-json\/wp\/v2\/pages"}],"about":[{"href":"https:\/\/blog.uclm.es\/albertonajera\/wp-json\/wp\/v2\/types\/page"}],"author":[{"embeddable":true,"href":"https:\/\/blog.uclm.es\/albertonajera\/wp-json\/wp\/v2\/users\/410"}],"replies":[{"embeddable":true,"href":"https:\/\/blog.uclm.es\/albertonajera\/wp-json\/wp\/v2\/comments?post=201"}],"version-history":[{"count":0,"href":"https:\/\/blog.uclm.es\/albertonajera\/wp-json\/wp\/v2\/pages\/201\/revisions"}],"wp:attachment":[{"href":"https:\/\/blog.uclm.es\/albertonajera\/wp-json\/wp\/v2\/media?parent=201"}],"curies":[{"name":"wp","href":"https:\/\/api.w.org\/{rel}","templated":true}]}}