{"id":197,"date":"2012-11-05T01:00:41","date_gmt":"2012-11-05T00:00:41","guid":{"rendered":"http:\/\/blog.uclm.es\/albertonajera\/?page_id=197"},"modified":"2012-11-05T01:00:41","modified_gmt":"2012-11-05T00:00:41","slug":"congresos-nacionales-e-internacionales","status":"publish","type":"page","link":"https:\/\/blog.uclm.es\/albertonajera\/congresos-nacionales-e-internacionales\/","title":{"rendered":"Congresos Nacionales e Internacionales"},"content":{"rendered":"<p>Pendiente de actualizaci\u00f3n&#8230; En los \u00faltimos 4 a\u00f1os hemos participado en numerosos congresos internacionales. Destacar el BIOEM 2016, 2018, INTED 2015, 2016 y 2017.<\/p>\n<p><strong>Comunicaci\u00f3n Oral. Congreso Internacional.<\/strong><br \/>\nTITULO: \u00abCHARACTERIZATION OF PERSONAL EXPOSITION TO RADIOFREQUENCY ELECTROMAGNETIC FIELDS USING MULTIPLE EXPOSIMETERS\u00bb<br \/>\nAUTORES: Gonz\u00e1lez Rubio, J., Arribas Garde, E., Villalba Montoya, J.M., N\u00e1jera L\u00f3pez, A.<br \/>\nCONGRESO: 5th International Conference on Electromagnetic Fields, Health and Environment.<br \/>\nLUGAR Y FECHA: Porto (Portugal), 24 al 25 de abril de 2014.<\/p>\n<p><strong>Comunicaci\u00f3n Oral. Congreso Internacional.\u00a0<\/strong><br \/>\nTITULO: \u00abUSING THE WHEATSTONE BRIDGE AS A TOOL FOR ACTIVE LEARNING\u00bb<br \/>\nAUTORES: Su\u00e1rez, C. Arribas, E., Escobar, I.M., N\u00e1jera, A., Ojeda, M., Rojas, A.<br \/>\nCONGRESO: 8th International Technology, Education and Development Conference INTED 2014.<br \/>\nLUGAR Y FECHA: Valencia, 10 al 12 de marzo de 2014.<\/p>\n<p><strong>Comunicaci\u00f3n Oral. Congreso Internacional.\u00a0<\/strong><br \/>\nTITULO: \u00abMETACOGNITION AND LEARNING BY DISCOVERY: APPLICATION TO THE CASE OF AN INFINITE NETWORK OF CAPACITORS\u00bb<br \/>\nAUTORES: Su\u00e1rez, C. Arribas, E., Escobar, I.M., N\u00e1jera, A., Ojeda, M., Rojas, A.<br \/>\nCONGRESO: 8th International Technology, Education and Development Conference INTED 2014.<br \/>\nLUGAR Y FECHA: Valencia, 10 al 12 de marzo de 2014.<\/p>\n<p><strong>P\u00f3ster. Congreso Internacional.\u00a0<\/strong><br \/>\nTITULO: \u00abTHE IMPACT OF CONCEPT-TEST ACTIVITIES WITH CLASSROOM RESPONSE SYSTEMS (CLICKERS) IN PHYSIOLOGY IN MEDICINA SCHOOOL OF ALBACETE\u00bb<br \/>\nAUTORES: Domingo, B., Arribas, E., Arroyo-Jim\u00e9nez, M.M., Artacho-P\u00e9rula, E., Carmona, M., Fern\u00e1ndez, M., Insausti, R., Jord\u00e1n, J., Legidos-Garc\u00eda, M.E., Marcos, P., Mohedano-Moriano, A., Mu\u00f1oz, M., N\u00e1jera, A., Vaquero, C.F., Llorens, S.<br \/>\nCONGRESO: 8th International Technology, Education and Development Conference INTED 2014.<br \/>\nLUGAR Y FECHA: Valencia, 10 al 12 de marzo de 2014.<\/p>\n<p><strong>P\u00f3ster. Congreso Internacional.\u00a0<\/strong><br \/>\nTITULO: \u00abEVALUATION OF THE POSSIBLE IMPACTI OF CLICKRS ON THE GRADE OBTAINED BY STUDENTS IN THE RADIOLOGY SUBJECT, AT THE FACULTY OF MEDICINE IN ALBACETE\u00bb<br \/>\nAUTORES: Llorens, S., Arribas, E., Arroyo-Jim\u00e9nez, M.M., Artacho-P\u00e9rula, E., Carmona, M., Domingo, B., Fern\u00e1ndez, M., Insausti, R., Jord\u00e1n, J., Legidos-Garc\u00eda, M.E., Marcos, P., Mohedano-Moriano, A., Mu\u00f1oz, M., Vaquero, C.F., N\u00e1jera, A.<br \/>\nCONGRESO: 8th International Technology, Education and Development Conference INTED 2014.<br \/>\nLUGAR Y FECHA: Valencia, 10 al 12 de marzo de 2014.<\/p>\n<p><strong>Comunicaci\u00f3n Oral. Congreso Internacional.<\/strong><br \/>\nTITULO: \u00abF\u00cdSICA INTERACTIVA: NUEVOS RECURSOS PARA EVALUAR EL APRENDIZAJE SIGNIFICATIVO<br \/>\nAUTORES: Isabel Mar\u00eda Escobar Garc\u00eda, Enrique Arribas Garde, Carmen del Pilar Su\u00e1rez Rodr\u00edguez, Alberto N\u00e1jera L\u00f3pez, Augusto Bel\u00e9ndez V\u00e1zquez<br \/>\nCONGRESO: II Congreso Internacional de Innovaci\u00f3n Docente 2014<br \/>\nLUGAR Y FECHA: Murcia, 20 y 21 de febrero de 2014.<\/p>\n<p><strong>Comunicaci\u00f3n Oral. Congreso Internacional.\u00a0<\/strong><br \/>\nTITULO: \u00abEL USO DE LOS GRUPOS DOCENTES EN FACEBOOK: UNA NUEVA PLATAFORMA DE COMUNICACI\u00d3N Y COLABORACI\u00d3N\u00bb<br \/>\nAUTORES: Enrique Arribas Garde, Alberto N\u00e1jera L\u00f3pez, Lydia Jim\u00e9nez D\u00edaz, Juan de Dios Navarro L\u00f3pez.<br \/>\nCONGRESO: Confer\u00eancia da Associa\u00e7ao Latinoamericana de Investiga\u00e7ao em Educa\u00e7ao em Ci\u00eancias. LASERA 2013<br \/>\nLUGAR Y FECHA: Manaus, Brasil. Del 20 al 25 de octubre de 2013.<\/p>\n<p><strong>Comunicaci\u00f3n Oral. Congreso Internacional.\u00a0<\/strong><br \/>\nTITULO: \u00ab\u00bfABSORBE NUESTRO CUERPO LAS ONDAS ELECTROMAGN\u00c9TICAS?\u00bb<br \/>\nAUTORES: Enrique Arribas Garde, Josefina Barrera Kalhil, Alberto N\u00e1jera L\u00f3pez, Jes\u00fas Gonz\u00e1lez Rubio, Augusto Bel\u00e9ndez.<br \/>\nCONGRESO: Confer\u00eancia da Associa\u00e7ao Latinoamericana de Investiga\u00e7ao em Educa\u00e7ao em Ci\u00eancias. LASERA 2013<br \/>\nLUGAR Y FECHA: Manaus, Brasil. Del 20 al 25 de octubre de 2013.<\/p>\n<p><strong>Comunicaci\u00f3n Oral. Jornada Nacional.\u00a0<\/strong><br \/>\nTITULO: \u00abGRUPOS DE FACEBOOK COMO HERRAMIENTA DE APOYO A LA DOCENCIA EN LA FACULTAD DE MEDICINA DE ALBACETE\u00bb<br \/>\nAUTOR: Alberto N\u00e1jera L\u00f3pez.<br \/>\nCONGRESO: Virtual USATIC, Ubicuo y Social: Aprendizaje con TIC<br \/>\nLUGAR Y FECHA: Zaragoza, 24 al 28 de junio de 2013.<\/p>\n<p><strong>Comunicaci\u00f3n Oral. Foro Internacional.\u00a0<\/strong><br \/>\nTITULO: \u00abMODELO DE EVALUACI\u00d3N CONTINUA EN LA ASIGNATURA DE FISIOLOG\u00cdA DEL GRADO EN MEDICINA DE LA FACULTAD DE MEDICINA DE CIUDAD REAL\u00bb<br \/>\nAUTORES: Lydia Jim\u00e9nez D\u00edaz, Alberto N\u00e1jera L\u00f3pez, Juan de Dios Navarro L\u00f3pez.<br \/>\nCONGRESO: X Foro Internacional sobre evaluaci\u00f3n de la calidad de la Investigaci\u00f3n y la Educaci\u00f3n (FECIES)<br \/>\nLUGAR Y FECHA: Granada, 25 al 28 de junio de 2013.<\/p>\n<p><strong>P\u00f3ster. Foro Internacional.\u00a0<\/strong><br \/>\nTITULO: \u00abGRUPOS DOCENTES EN FACEBOOK: UNA NUEVA PLATAFORMA DE COMUNICACI\u00d3N Y COLABORACI\u00d3N EN LA FACULTAD DE MEDICINA DE ALBACETE\u00bb<br \/>\nAUTORES: Alberto N\u00e1jera L\u00f3pez, Lydia Jim\u00e9nez D\u00edaz, Juan de Dios Navarro L\u00f3pez, Enrique Arribas Garde.<br \/>\nCONGRESO: X Foro Internacional sobre evaluaci\u00f3n de la calidad de la Investigaci\u00f3n y la Educaci\u00f3n (FECIES)<br \/>\nLUGAR Y FECHA: Granada, 25 al 28 de junio de 2013.<\/p>\n<p><strong>Comunicaci\u00f3n Oral. Encuentro Nacional.\u00a0<\/strong><br \/>\nTITULO: \u00abRADIOLOG\u00cdA Y TERAP\u00c9UTICA F\u00cdSICA EN EL GRADO DE MEDICINA DE LA FACULTAD DE MEDICINA DE LA UCLM\u00bb<br \/>\nAUTORES: Alberto N\u00e1jera L\u00f3pez, Enrique Arribas Garde, Jos\u00e9 Manuel Villalba, Tom\u00e1s Cros.<br \/>\nCONGRESO: XXX Seminario de la Asociaci\u00f3n de Profesores Universitarios de Radiolog\u00eda y Medicina F\u00edsica<br \/>\nLUGAR Y FECHA: Santiago de Compostela, 16 al 18 de mayo de 2013.<\/p>\n<p><strong>Comunicaci\u00f3n Oral. Jornada Regional.\u00a0<\/strong><br \/>\nTITULO: \u00abDOCENCIA Y GRUPOS EN FACEBOOK\u00bb<br \/>\nAUTORES: Jos\u00e9 Manuel Villalba Montoya, Alberto N\u00e1jera L\u00f3pez, Enrique Arribas Garde.<br \/>\nCONGRESO: III Jornadas de Innovaci\u00f3n Docente del Departamento de F\u00edsica Aplicada de la UCLM. Unidad de Innovaci\u00f3n Educativa.<br \/>\nLUGAR Y FECHA: Ciudad Real, 13 de marzo de 2013.<\/p>\n<p><strong>Comunicaci\u00f3n Oral. Jornada Regional.\u00a0<\/strong><br \/>\nTITULO: \u00abGENERADOR DE CUESTIONARIOS USANDO MOODLE\u00bb<br \/>\nAUTORES: Isabel Mar\u00eda Escobar Garc\u00eda, Enrique Arribas Garde, Alberto N\u00e1jera L\u00f3pez, Gonzalo Moratalla Mond\u00e9jar, Augusto Bel\u00e9ndez V\u00e1zquez.<br \/>\nCONGRESO: III Jornadas de Innovaci\u00f3n Docente del Departamento de F\u00edsica Aplicada de la UCLM. Unidad de Innovaci\u00f3n Educativa.<br \/>\nLUGAR Y FECHA: Ciudad Real, 13 de marzo de 2013.<\/p>\n<p><strong>Comunicaci\u00f3n Oral. Encuentro Universidad.\u00a0<\/strong><br \/>\nTITULO: \u00ab12 A\u00d1OS DE EXPERIENCIA EN LA DOCENCIA DE BIOESTAD\u00cdSTICA APLICADA A LA MEDICINA: DE LA LICENCIATURA AL GRADO\u00bb<br \/>\nAUTOR: N\u00e1jera L\u00f3pez, A.; Arribas Garde, E.; Villalba Montoya, J.M., Liz\u00e1n, M, Almar, E., Mateos, A.<br \/>\nCONGRESO: I jornada de coordinaci\u00f3n de asignaturas de Estad\u00edstica de la UCLM<br \/>\nLUGAR Y FECHA: Ciudad Real, 26 de septiembre de 2012.<\/p>\n<p><strong>Comunicaci\u00f3n Oral. Encuentro Nacional.\u00a0<\/strong><br \/>\nTITULO: \u00abGRUPOS DOCENTES EN FACEBOOK EN LA FACULTAD DE MEDICINA DE LA UCLM: NUEVOS ESPACIOS DE COMUNICACI\u00d3N QUE PUEDEN RESULTAR MUY \u00daTILES\u00bb<br \/>\nAUTORES: N\u00e1jera L\u00f3pez, A.; Arribas Garde, E.; Villalba Montoya, J.M.<br \/>\nCONGRESO: XXIX Seminario de la Asociaci\u00f3n de Profesores Universitarios de Radiolog\u00eda y Medicina F\u00edsica<br \/>\nLUGAR Y FECHA: Santander, La Hermida (Cantabria), 17, 18 y 19 de mayo de 2012.<\/p>\n<p><strong>Comunicaci\u00f3n Oral. Congreso Internacional.\u00a0<\/strong><br \/>\nTITULO: \u00abFACE TO FACEBOOK\u00bb<br \/>\nAUTORES: N\u00e1jera, A., Arribas, E., Arroyo, M.M., Artigao, M.M., Blas, J.R., Garc\u00eda Meseguer, M.J., Laborda, J., L\u00f3pez, R., Rovira, E., Van Dujin, J., Villalba, J.M., Moldovan, A.<br \/>\nCONGRESO: International Technology, Education and Development INTED Conference<br \/>\nLUGAR Y FECHA: Valencia, 5 al 7 de marzo de 2012.<\/p>\n<p><strong>Comunicaci\u00f3n Oral. Congreso Nacional.\u00a0<\/strong><br \/>\nTITULO: \u00abGITE-FOT: INNOVACI\u00d3N TECNOL\u00d3GICO-EDUCATIVA EN F\u00cdSICA, \u00d3PTICA Y TELECOMUNICACIONES EN LA UA\u00bb<br \/>\nAUTOR: Bel\u00e9ndez, A. \u00c1lvarez, M.L., Arribas, E., Bel\u00e9ndez, T., Fern\u00e1ndez, E., Franc\u00e9s, J., Fuentes, R., Gallego, S., Garc\u00eda, C., Gimeno, E., Gonz\u00e1lez, C., Hern\u00e1ndez, A., M\u00e1rquez, A., M\u00e9ndez, D.I., N\u00e1jera, A., Neipp, C., Ortu\u00f1o, M., Pascual, C., Pascual, I., P\u00e9rez-Molina, M., Villalba, J.M.<br \/>\nCONGRESO: XXXIII Reuni\u00f3n Bienal de la Real Sociedad Espa\u00f1ola de F\u00edsica y 21\u00ba Encuentro Ib\u00e9rico para la Ense\u00f1anza de la F\u00edsica<br \/>\nLUGAR Y FECHA: Santander, 19 al 23 de septiembre de 2011.<\/p>\n<p><strong>Comunicaci\u00f3n Oral. Congreso Internacional.\u00a0<\/strong><br \/>\nTITULO: \u00abSOME ACTIVITIES ON TECHNOLOGICAL AND EDUCATIONAL INNOVATION IN PHYSICS, OPTICS AND TELECOMMUNICATIONS\u00bb<br \/>\nAUTORES: Arribas Garde, E., Bel\u00e9ndez, A., N\u00e1jera L\u00f3pez, A., M\u00e1rquez, A., Villalba, J.M., Gallego, S., Ortu\u00f1o, M., Franc\u00e9s, J., \u00c1lvarez, M.L., Neipp, C., Pascual, I.<br \/>\nCONGRESO: International Conference on Physics Education. ICPE 2011.<br \/>\nLUGAR Y FECHA: M\u00e9xico City (M\u00e9xico), 15 al 19 de agosto de 2011.<\/p>\n<p><strong>Comunicaci\u00f3n Oral. Congreso Internacional.\u00a0<\/strong><br \/>\nTITULO: \u00abPEER EVALUATION AND TEACHING MEDICAL PHYSICS USING REMOTE RESPONSE DEVICES (CLICKERS)\u00bb<br \/>\nAUTORES: Arribas Garde, N\u00e1jera L\u00f3pez, A., E., Bel\u00e9ndez, A., Villalba, J.M., Franc\u00e9s, J., Garc\u00eda-Meseguer, M.J.<br \/>\nCONGRESO: International Conference on Physics Education. ICPE 2011<br \/>\nLUGAR Y FECHA: M\u00e9xico City (M\u00e9xico), 15 al 19 de agosto de 2011.<\/p>\n<p style=\"text-align: justify\"><strong>POSTER. CONGRESO REGIONAL.<\/strong><br \/>\nTITULO: \u00abINCIDENCIA DE CUT-OUT EN FRACTURAS EXTRACAPSULARES DE CADERA TRATADAS MEDIANTE CLAVO TROCANTEREO EN EL HOSPITAL DE VILLARROBLEDO\u00bb.<br \/>\nAUTORES: LADR\u00d3N DE GUEVARA C\u00d3RCOLES, E., LOSA PALACIO, S., GARC\u00cdA DE LE\u00d3N GARC\u00cdA DEL CASTILLO, P.A., SANZ HERN\u00c1NDEZ, J., TOLEDO LE\u00d3N, D., FLORES RESTA, R., ARRIBAS GARDE, E., N\u00c1JERA L\u00d3PEZ, A.<br \/>\nCONGRESO: XX CONGRESO DE LA SOCIEDAD CASTELLANO-MANCHEGA DE CIRUG\u00cdA ORTOP\u00c9DICA Y TRAUMATOLOG\u00cdA<br \/>\nLUGAR: ALBACETE, DEL 16 AL 18 DE JUNIO DE 2011.<\/p>\n<p style=\"text-align: justify\"><strong>POSTER. CONGRESO INTERNACIONAL.<\/strong><br \/>\nTITULO: \u00abMEDIDA DE LA EXPOSICI\u00d3N DE LAS PERSONAS A LAS ONDAS ELECTROMAGN\u00c9TICAS DE RADIOFRECUENCIA\u00bb.<br \/>\nAUTORES: E. ARRIBAS, J. ARRIBAS, J.M. VILLALBA, A. N\u00c1JERA.<br \/>\nCONGRESO: : II SIMPOSIO y X CONGRESO DE LA SOCIEDAD CUBANA DE F\u00cdSICA<br \/>\nLUGAR: LA HABANA, CUBA. DEL 7 AL 11 DE MARZO DE 2011.<\/p>\n<p style=\"text-align: justify\"><strong>PONENCIA ORAL. CONGRESO INTERNACIONAL.<\/strong><br \/>\nTITULO:\u00bbUSANDO DISPOSITIVOS DE RESPUESTA REMOTA PARA LA EVALUACI\u00d3N ENTRE PARES: UNA EXPERIENCIA DOCENTE EN LA ASIGNATURA DE F\u00cdSICA M\u00c9DICA DE LA FACULTAD DE MEDICINA DE LA UNIVERSIDAD DE CASTILLA &#8211; LA MANCHA\u00bb.<br \/>\nAUTORES: E. ARRIBAS, R. RUIZ ALFARO, A. N\u00c1JERA, J.M. VILLALBA.<br \/>\nCONGRESO: : XII SIMPOSIO y X CONGRESO DE LA SOCIEDAD CUBANA DE F\u00cdSICA<br \/>\nLUGAR: LA HABANA, CUBA. DEL 7 AL 11 DE MARZO DE 2011.<\/p>\n<p style=\"text-align: justify\"><strong>PONENCIA INVITADA. CONGRESO NACIONAL.<\/strong><br \/>\nTITULO: \u00abONDAS ELECTROMAGN\u00c9TICAS DE RADIOFRECUENCUA Y SALUD\u00bb.<br \/>\nAUTORES: E. ARRIBAS, A. N\u00c1JERA, J.M. VILLALBA.<br \/>\nCONGRESO: : IX ENCUENTRO DE RESIDENTES DE MP Y SP<br \/>\nLUGAR: TOLEDO, ESPA\u00d1A. DEL 11 AL 14 DE NOVIEMBRE DE 2010.<\/p>\n<p style=\"text-align: justify\"><strong>PONENCIA INVITADA. CONGRESO NACIONAL.<\/strong><br \/>\nTITULO: \u00abEFECTOS DEL CAMBIO CLIM\u00c1TICO SOBRE LA SALUD DE LA POBLACI\u00d3N CASTELLANOMANCHEGA\u00bb.<br \/>\nAUTORES: A. N\u00c1JERA, E. ARRIBAS, J.M. VILLALBA.<br \/>\nCONGRESO: : IX ENCUENTRO DE RESIDENTES DE MP Y SP<br \/>\nLUGAR: TOLEDO, ESPA\u00d1A. DEL 11 AL 14 DE NOVIEMBRE DE 2010.<\/p>\n<p style=\"text-align: justify\"><strong>PONENCIA ORAL. SIMPOSIO.<\/strong><br \/>\nTITULO: \u00abRESULTADOS DE LA AUTOEVALUACI\u00d3N DE LA FACULTAD DE MEDICINA DE ALBACETE Y SU MODELO DOCENTE\u00bb.<br \/>\nAUTORES: ARROYO, M.M., LABORDA, J, NAJERA, A., MARCOS, P., PORRAS, M.I., GARC\u00cdA-RAMIREZ, J.J.<br \/>\nCONGRESO: : VI INTERCAMPUS DE INTERCAMBIO DE EXPERIENCIAS DE INNOVACI\u00d3N DOCENTE<br \/>\nLUGAR: CUENCA, ESPA\u00d1A. 21 DE OCTUBRE DE 2010.<\/p>\n<p style=\"text-align: justify\"><strong>PONENCIA ORAL. SIMPOSIO.<\/strong><br \/>\nTITULO: \u00abMEJORA DE LA ATENCI\u00d3N Y LA PARTICIPACI\u00d3N MEDIANTE EL USO DE DISPOSITIVOS DE RESPUESTA REMOTA (CLICKERS)\u00bb.<br \/>\nAUTORES: A. N\u00c1JERA, J.M. VILLALBA, E. ARRIBAS<br \/>\nCONGRESO: : VI INTERCAMPUS DE INTERCAMBIO DE EXPERIENCIAS DE INNOVACI\u00d3N DOCENTE<br \/>\nLUGAR: CUENCA, ESPA\u00d1A. 21 DE OCTUBRE DE 2010.<\/p>\n<p style=\"text-align: justify\"><strong>PONENCIA ORAL. CONGRESO INTERNACIONAL.<\/strong><br \/>\nTITULO: \u00abAPPLICATION TO THE CHARACTERIZATION OF UNSTABLE ENZYME SYSTEMS OF A METHOD BASED ON THE STATISTICAL MOMENTS\u00bb.<br \/>\nAUTORES: J.M. VILLALBA, E. ARRIBAS, M. GARCIA-MORENO, M.L. AMO, F. GARCIA-SEVILLA, F. GARCIA-MOLINA, J.L. MU\u00d1OZ-MU\u00d1OZ , A. N\u00c1JERA, R. VARON.<br \/>\nCONGRESO: : I INTERNATIONAL WORKSHOP ON DIFFERENTIAL AND INTEGRAL EQUATIONS WITH APPLICATIONS IN BIOLOGY AND MEDICINE.<br \/>\nLUGAR: KARLOVASSI, ISLA DE SAMOS, GRECIA. DEL 7 AL 10 DE SEPTIEMBRE DE 2010.<\/p>\n<p style=\"text-align: justify\"><strong>PONENCIA ORAL. CONGRESO NACIONAL.<\/strong><br \/>\nTITULO: \u00abINNOVACI\u00d3N TECNOL\u00d3GICA EDUCATIVA EN F\u00cdSICA, \u00d3PTICA Y TELECOMUNICACIONES\u00bb.<br \/>\nAUTORES: BEL\u00c9NDEZ V\u00c1ZQUEZ, A., \u00c1LVAREZ L\u00d3PEZ, M.L., BEL\u00c9NDEZ V\u00c1ZQUEZ, T., FRANC\u00c9S MONLLOR, J., GALLEGO RICO, S., GIMENO NIEVES, E., HERN\u00c1NDEZ PRADOS, A. M\u00c1RQUEZ RUIZ, A., M\u00c9NDEZ ALCARAZ, D.I., NEIPP L\u00d3PEZ, C., ORTU\u00d1O S\u00c1NCHEZ, M., PASCUAL VILLALOBOS, C., P\u00c9REZ MOLINA, M., FERN\u00c1NDEZ VAR\u00d3, E., FUENTES ROSILLO, R., GARC\u00cdA LLOPIS, C., GONZ\u00c1LEZ P\u00c9REZ, C., PASCUAL VILLALOBOS, I., ARRIBAS GARDE, E., N\u00c1JERA L\u00d3PEZ, A., VILLALBA MONTOYA, J.M.<br \/>\nCONGRESO: : XVIII CONGRESO UNIVERSITARIO DE INNOVACI\u00d3N EDUCATIVA EN LAS ENSE\u00d1ANZAS T\u00c9CNICAS (CUIEET 2010).<br \/>\nLUGAR: SANTANDER, ESPA\u00d1A. DEL 6 AL 9 DE JULIO DE 2010.<\/p>\n<p style=\"text-align: justify\"><strong>PONENCIA ORAL. CONGRESO NACIONAL.<\/strong><br \/>\nTITULO: \u00abEVALUACI\u00d3N DEL USO DE DISPOSITIVOS INTERACTIVOS DE RESPUESTA (CLICKERS) EN F\u00cdSICA M\u00c9DICA\u00bb.<br \/>\nAUTORES: N\u00c1JERA L\u00d3PEZ, A., VILLALBA MONTOYA, J.M., ARRIBAS GARDE, E., FRANC\u00c9S MONLLOR, J., BEL\u00c9NDEZ V\u00c1ZQUEZ, A.<br \/>\nCONGRESO: : XVIII CONGRESO UNIVERSITARIO DE INNOVACI\u00d3N EDUCATIVA EN LAS ENSE\u00d1ANZAS T\u00c9CNICAS (CUIEET 2010).<br \/>\nLUGAR: SANTANDER, ESPA\u00d1A. DEL 6 AL 9 DE JULIO DE 2010.<\/p>\n<p style=\"text-align: justify\"><strong>PONENCIA ORAL. CONGRESO INTERNACIONAL.<\/strong><br \/>\nTITULO: \u00abTRANSITIONAL FRACTURES OF THE ANKLE TREATED AT THE UNIVERSITARY HOSPITAL COMPLEX OF ALBACETE\u00bb.<br \/>\nAUTORES: GUERRERO, G., ROS, T., TOLEDO, D., PARDO, M.M., ARRIBAS, E., N\u00c1JERA, A.<br \/>\nCONGRESO: : 11TH CONGRESS EUROPEAN FEDERATION OF NATIONAL ASSOCIATIONS OF ORTHOPAEDICS AND TRAUMATOLOGY. 61\u00ba CONGRESO DE LA SOCIEDAD ESPA\u00d1OLA DE CIRUG\u00cdA ORTOP\u00c9DICA Y TRAUMATOLOG\u00cdA.<br \/>\nLUGAR: MADRID, ESPA\u00d1A. DEL 2 AL 5 DE JUNIO DE 2010.<\/p>\n<p style=\"text-align: justify\"><strong>PONENCIA ORAL. CONGRESO INTERNACIONAL.<\/strong><br \/>\nTITULO: \u00abRECAMBIO ACETABULAR SEG\u00daN T\u00c9CNICA DE SLOOFF EN EL HOSPITAL GENERAL DE ALBACETE\u00bb.<br \/>\nAUTORES: ROS,T., GONZ\u00c1LEZ, C., TORRES, P., GABALD\u00d3N, M., ARRIBAS, E., N\u00c1JERA, A.<br \/>\nCONGRESO: : 11TH CONGRESS EUROPEAN FEDERATION OF NATIONAL ASSOCIATIONS OF ORTHOPAEDICS AND TRAUMATOLOGY. 61\u00ba CONGRESO DE LA SOCIEDAD ESPA\u00d1OLA DE CIRUG\u00cdA ORTOP\u00c9DICA Y TRAUMATOLOG\u00cdA.<br \/>\nLUGAR: MADRID, ESPA\u00d1A. DEL 2 AL 5 DE JUNIO DE 2010.<\/p>\n<p style=\"text-align: justify\"><strong>E-POSTER. CONGRESO INTERNACIONAL.<\/strong><br \/>\nTITULO: \u00abCOMPARATIVA ENTRE EL CLAVO GAMMA3 Y EL CLAVO-PLACA EN FRACTURAS INTERTROCANT\u00c9REAS DE CADERA EN ANCIANOS\u00bb.<br \/>\nAUTORES: G\u00d3MEZ-GARRIDO, C., ROS, T., TORRES, P., GABALD\u00d3N, M., ARRIBAS, E., N\u00c1JERA, A.<br \/>\nCONGRESO: : 11TH CONGRESS EUROPEAN FEDERATION OF NATIONAL ASSOCIATIONS OF ORTHOPAEDICS AND TRAUMATOLOGY. 61\u00ba CONGRESO DE LA SOCIEDAD ESPA\u00d1OLA DE CIRUG\u00cdA ORTOP\u00c9DICA Y TRAUMATOLOG\u00cdA.<br \/>\nLUGAR: MADRID, ESPA\u00d1A. DEL 2 AL 5 DE JUNIO DE 2010.<\/p>\n<p style=\"text-align: justify\"><strong>PONENCIA INVITADA. CONGRESO NACIONAL.<\/strong><br \/>\nTITULO: \u00abNUEVAS TECNOLOG\u00cdAS EN EDUCACI\u00d3N M\u00c9DICA\u00bb.<br \/>\nAUTORES: N\u00c1JERA, A.<br \/>\nCONGRESO: : III CONGRESO NACIONAL DE EDUCACI\u00d3N M\u00c9DICA DE ESTUDIANTES DE MEDICINA.<br \/>\nLUGAR: ALBACETE. 23 DE ABRIL DE 2010.<\/p>\n<p style=\"text-align: justify\"><strong>PONENCIA ORAL. CONGRESO INTERNACIONAL.<\/strong><br \/>\nTITULO: \u00abUSING REMOTE RESPONSE DEVICES (CLICKERS) FOR PEER EVALUATION: EXPERIENCE TEACHING MEDICAL PHYSICS IN THE FACULTY OF MEDICINE OF THE UNIVERSITY OF CASTILLA &#8211; LA MANCHA\u00bb.<br \/>\nAUTORES: N\u00c1JERA, A. VILLABA, J.M., ROZAL\u00c9N, J., ARRIBAS GARDE, E.<br \/>\nCONGRESO: INTERNATIONAL TECHNOLOGY, EDUCATION AND DEVELOPMENT CONFERENCE &#8211; INTED 2010.<br \/>\nLUGAR: VALENCIA (SPAIN), 8, 9 Y 10 DE MARZO DE 2010.<\/p>\n<p style=\"text-align: justify\"><strong>POSTER. CONGRESO NACIONAL<\/strong><br \/>\nTITULO: \u00abMUSICA DE MOZART VERSUS RUIDO EN EL CEREBRO DE LA RATA\u00bb<br \/>\nAUTORES: MONCHO-BOGANI, J., CAMINOS, E., MARTINEZ-GALAN, J.R., DIAZ, C., N\u00c1JERA, A., JUIZ, J.M.<br \/>\nCONGRESO: XIII CONGRESO DE LA SOCIEDAD ESPA\u00d1OLA DE NEUROCIENCIA<br \/>\nLUGAR: TARRAGONA, 19 DE SEPTIEMBRE DE 2009.<\/p>\n<p style=\"text-align: justify\"><strong>POSTER. CONGRESO INTERNACIONAL<\/strong><br \/>\nTITULO: \u00abTHE MOZART EFFECT IN THE RAT BRAIN\u00bb<br \/>\nAUTORES: MONCHO-BOGANI, J., CAMINOS, E., MARTINEZ-GALAN, J.R., DIAZ, C., N\u00c1JERA, A., JUIZ, J.M.<br \/>\nCONGRESO: CONGRESO INTERNACIONAL DE LA SOCIEDAD ESPA\u00d1OLA DE HISTOLOG\u00cdA E INGENIER\u00cdA TISULAR.<br \/>\nLUGAR: ALBACETE, 10 DE JULIO DE 2009.<\/p>\n<p style=\"text-align: justify\"><strong>PONENCIA ORAL. SEMINARIO NACIONAL.<\/strong><br \/>\nTITULO: \u00abF\u00cdSICA Y BASES DE LA RADIOLOG\u00cdA. BASES F\u00cdSICAS. BASES DE LA INSTRUMENTACI\u00d3N. ANATOM\u00cdA RADIOL\u00d3GICA\u00bb.<br \/>\nAUTORES: L\u00d3PEZ N\u00c1JERA, A., ARRIBAS GARDE, E.<br \/>\nCONGRESO: XXVI SEMINARIO DE LA ASOCIACI\u00d3N DE PROFESORES UNIVERSITARIOS DE RADIOLOG\u00cdA Y MEDICINA F\u00cdSICA.<br \/>\nLUGAR: PAMPLONA, 11 AL 13 DE JUNIO DE 2009.<\/p>\n<p style=\"text-align: justify\"><strong>PONENCIA ORAL. SEMINARIO NACIONAL.<\/strong><br \/>\nTITULO: \u00abEEES Y NUEVO PLAN DE ESTUDIOS EN LA FACULTAD DE MEDICINA DE ALBACETE\u00bb.<br \/>\nAUTORES: L\u00d3PEZ N\u00c1JERA, A., ARRIBAS GARDE, E.<br \/>\nCONGRESO: XXVI SEMINARIO DE LA ASOCIACI\u00d3N DE PROFESORES UNIVERSITARIOS DE RADIOLOG\u00cdA Y MEDICINA F\u00cdSICA.<br \/>\nLUGAR: PAMPLONA, 11 AL 13 DE JUNIO DE 2009.<\/p>\n<p style=\"text-align: justify\"><strong>PONENCIA ORAL. CONGRESO INTERNACIONAL.<\/strong><br \/>\nTITULO: \u00abENSE\u00d1ANZA DE LA F\u00cdSICA EN MEDICINA\u00bb.<br \/>\nAUTORES: ARRIBAS GARDE, E., L\u00d3PEZ N\u00c1JERA, A.<br \/>\nCONGRESO: I CONGRESO INTERNACIONAL SOBRE ENSE\u00d1ANZA DE LA F\u00cdSICA.<br \/>\nLUGAR: GUAYAQUIL (ECUADOR). 19-21 DE NOVIEMBRE DE 2008.<\/p>\n<p style=\"text-align: justify\"><strong>PONENCIA ORAL. CONGRESO INTERNACIONAL.<\/strong><br \/>\nTITULO: \u00abSIMULATING COCHLEAR FREQUENCY SELECTIVITY: THE TRNL FILTER\u00bb.<br \/>\nAUTORES: L\u00d3PEZ N\u00c1JERA, A., MEDDIS, R., LOPEZ-POVEDA, E.A.<br \/>\nCONGRESO: 19th INTERNACIONAL CONGRESS ON ACOUSTICS \u2013 ICA 2007.<br \/>\nLUGAR: MADRID. 2-7 DE SEPTIEMBRE DE 2007.<\/p>\n<p style=\"text-align: justify\"><strong>PONENCIA ORAL. CONGRESO NACIONAL.<\/strong><br \/>\nTITULO: \u00abF\u00cdSICA EN MEDICINA Y EL EEES: 8 A\u00d1OS DE EXPERIENCIAS Y TIC\u00bb.<br \/>\nAUTORES: L\u00d3PEZ N\u00c1JERA, A., ARRIBAS GARDE, E., VAR\u00d3N CASTELLANOS, R.<br \/>\nCONGRESO: 15\u00ba CONGRESO DE INNOVACI\u00d3N EDUCATIVA EN LAS ENSE\u00d1ANZAS T\u00c9CNICAS.<br \/>\nLUGAR: VALLADOLID. 18, 19 Y 20 DE JUNIO DE 2007.<\/p>\n<p style=\"text-align: justify\"><strong>PONENCIA ORAL. SIMPOSIO.<\/strong><br \/>\nTITULO: \u00abLA ENSE\u00d1ANZA DE LA F\u00cdSICA EN MEDICINA Y EL EEES\u00bb.<br \/>\nAUTORES: L\u00d3PEZ N\u00c1JERA, A., ARRIBAS GARDE, E.<br \/>\nCONGRESO: II ENCUENTRO DE INTERCAMBIO DE EXPERIENCIAS DE INNOVACI\u00d3N DOCENTE.<br \/>\nLUGAR: TOLEDO. 28 Y 29 DE JUNIO DE 2006.<\/p>\n<p style=\"text-align: justify\"><strong>POSTER. JORNADAS REGIONALES.<\/strong><br \/>\nTITULO: \u201cA CHINCHILLA COCHLEAR FILTERBANK\u201d<br \/>\nAUTORES: L\u00d3PEZ N\u00c1JERA, A, LOPEZ POVEDA, E.A.<br \/>\nCONGRESO: NEUROJORNADAS DE CASTILLA &#8211; LA MANCHA.<br \/>\nLUGAR: ALBACETE. 16 Y 17 DE JUNIO DE 2005.<\/p>\n<p style=\"text-align: justify\"><strong>PONENCIA ORAL. CONGRESO INTERNACIONAL.<\/strong><br \/>\nTITULO: \u00abA COMPUTATIONAL ALGORITHM FOR COMPUTING COCHLEAR FREQUENCY SELECTIVITY: FURTHER STUDIES\u00bb<br \/>\nAUTORES: LOPEZ-NAJERA, A, MEDDIS, R, LOPEZ-POVEDA, E.A.<br \/>\nCONGRESO: INTERNATIONAL SYMPOSIUM ON HEARING (ISH)<br \/>\nLUGAR: DOURDAN, FRANCE, 24-29 AGOSTO 2003.<\/p>\n<p style=\"text-align: justify\"><strong>PONENCIA ORAL. CONGRESO INTERNACIONAL.<\/strong><br \/>\nTITULO: \u201cURBAN AMBIENT AIR POLLUTION AND DAILY MORTALITY IN SALAMANCA (SPAIN)\u201d<br \/>\nAUTORES: L\u00d3PEZ N\u00c1JERA, A, DE PABLO D\u00c1VILA, F, RIVAS, L, TOM\u00c1S, C.<br \/>\nCONGRESO: AIR POLLUTION MODELLING MONITORING AND MANAGEMENT 2002. WESSEX INSTITUTE OF TECHNOLOGY.<br \/>\nLUGAR: SEGOVIA.1-3 JULIO 2002.<\/p>\n<p style=\"text-align: justify\"><strong>POSTER. CONGRESO INTERNACIONAL.<\/strong><br \/>\nTITULO: \u201cA CHINCHILLA COCHLEAR FILTERBANK\u201d<br \/>\nAUTORES: L\u00d3PEZ N\u00c1JERA, A, LOPEZ POVEDA, E.A.<br \/>\nCONGRESO: 143rd MEETING OF THE ACOUSTICAL SOCIETY OF AMERICA.<br \/>\nLUGAR: PITTSBURGH, PENNSYLVANIA. EEUU. 3-7 JUNIO 2002.<\/p>\n","protected":false},"excerpt":{"rendered":"<p>Pendiente de actualizaci\u00f3n&#8230; En los \u00faltimos 4 a\u00f1os hemos participado en numerosos congresos internacionales. Destacar el BIOEM 2016, 2018, INTED 2015, 2016 y 2017. Comunicaci\u00f3n Oral. Congreso Internacional. TITULO: \u00abCHARACTERIZATION OF PERSONAL EXPOSITION TO RADIOFREQUENCY ELECTROMAGNETIC FIELDS USING MULTIPLE EXPOSIMETERS\u00bb AUTORES: Gonz\u00e1lez Rubio, J., Arribas Garde, E., Villalba Montoya, J.M., N\u00e1jera L\u00f3pez, A. CONGRESO: 5th [&hellip;]<\/p>\n","protected":false},"author":410,"featured_media":0,"parent":0,"menu_order":0,"comment_status":"closed","ping_status":"closed","template":"","meta":{"footnotes":""},"class_list":["post-197","page","type-page","status-publish","hentry"],"_links":{"self":[{"href":"https:\/\/blog.uclm.es\/albertonajera\/wp-json\/wp\/v2\/pages\/197","targetHints":{"allow":["GET"]}}],"collection":[{"href":"https:\/\/blog.uclm.es\/albertonajera\/wp-json\/wp\/v2\/pages"}],"about":[{"href":"https:\/\/blog.uclm.es\/albertonajera\/wp-json\/wp\/v2\/types\/page"}],"author":[{"embeddable":true,"href":"https:\/\/blog.uclm.es\/albertonajera\/wp-json\/wp\/v2\/users\/410"}],"replies":[{"embeddable":true,"href":"https:\/\/blog.uclm.es\/albertonajera\/wp-json\/wp\/v2\/comments?post=197"}],"version-history":[{"count":0,"href":"https:\/\/blog.uclm.es\/albertonajera\/wp-json\/wp\/v2\/pages\/197\/revisions"}],"wp:attachment":[{"href":"https:\/\/blog.uclm.es\/albertonajera\/wp-json\/wp\/v2\/media?parent=197"}],"curies":[{"name":"wp","href":"https:\/\/api.w.org\/{rel}","templated":true}]}}