{"id":161,"date":"2012-11-05T00:18:00","date_gmt":"2012-11-04T23:18:00","guid":{"rendered":"http:\/\/blog.uclm.es\/albertonajera\/?page_id=161"},"modified":"2012-11-05T00:18:00","modified_gmt":"2012-11-04T23:18:00","slug":"capitulos-de-libros","status":"publish","type":"page","link":"https:\/\/blog.uclm.es\/albertonajera\/capitulos-de-libros\/","title":{"rendered":"Cap\u00edtulos de Libros"},"content":{"rendered":"<ul>\n<li style=\"text-align: justify\">N\u00e1jera, A., Laborda, J. (2018). \u00abEfectos del cambio clim\u00e1tico sobre la Salud de la poblaci\u00f3n de Castilla-La Mancha\u00bb en el Segundo Informe: \u00ab<a href=\"http:\/\/www.castillalamancha.es\/sites\/default\/files\/documentos\/pdf\/20180911\/segundo_informe_efectos_cambio_climatico-clm.pdf\">Estudio sobre efectos constatados y percepci\u00f3n del cambio clim\u00e1tico en el medio rural de Castilla-La Mancha<\/a>\u00ab. Consejer\u00eda de Agricultura, Medio Ambiente y Desarrollo Rural. Junta de Comunidades de Castilla-La Mancha. DL: TO 512-2018.<\/li>\n<li style=\"text-align: justify\">Arribas Garde, Enrique, Escobar Garcia, Isabel Maria; Barrera, J; Belendez Vazquez, Augusto; Gonzalez Rubio, Jesus; Najera Lopez, Alberto. (2016). \u00ab\u00bfCu\u00e1nto absorbe nuestro cuerpo las ondas de radiofrecuencia?\u00bb en \u00abExperiencias Docentes en Educaci\u00f3n Superior en materia de Energ\u00eda y Medioambiente\u00bb. Ediciones de la UCLM. ISBN: 978-84-9044-202-9.<\/li>\n<li style=\"text-align: justify\">Arribas Garde, Enrique; Gonzalez Rubio, Jesus; Najera Lopez, Alberto; Raquel Ramirez, Vazquez. (2016). \u00abMedida de la intensidad de las ondas emitidas por los campos electromagn\u00e9ticos de radiofrecuencia (CEM-RF)\u00bb en \u00abExperiencias Docentes en Educaci\u00f3n Superior en materia de Energ\u00eda y Medioambiente\u00bb. Ediciones de la UCLM. ISBN: 978-84-9044-202-9.<\/li>\n<li style=\"text-align: justify\">Gonzalez Rubio, Jesus; Najera Lopez, Alberto; Arribas Garde, Enrique. (2015). \u00abLa importancia del dise\u00f1o experimental en los estudios de campos electromagn\u00e9ticos de radiofrecuencia\u00bb en \u00abExperiencias de innovaci\u00f3n docente en la ense\u00f1anza de la f\u00edsica universitaria (4\u00aa edici\u00f3n)\u00bb. ISBN: 9781326253288.<\/li>\n<li style=\"text-align: justify\">Gonzalez Rubio, Jesus; Najera Lopez, Alberto; Arribas Garde, Enrique. (2015). \u00abAn\u00e1lisis de patrones espaciales de puntos: aplicaciones docentes\u00bb en \u00abExperiencias de innovaci\u00f3n docente en la ense\u00f1anza de la f\u00edsica universitaria (4\u00aa edici\u00f3n)\u00bb. ISBN: 9781326253288.<\/li>\n<li style=\"text-align: justify\">Mohedano Moriano, Alicia; Domingo Moreno, Beatriz; Llorens Folgado, Silvia; Arroyo Jimenez, M\u00aa Del Mar; Insausti Serrano, Ricardo; Legidos Garcia, Maria Ester; Marco Francia, Maria Pilar; Mu\u00f1oz Lopez, Monica; Arribas Garde, Enrique; Fernandez Fernandez, Miriam; Galindo Anaya, Mar Francisca; Jordan Bueso, Joaquin; Nava Hernandez, Eduardo; Artacho Perula, Emilio. (2015) \u00abValoraci\u00f3n de la incorporaci\u00f3n de casos cl\u00ednicos en la formaci\u00f3n de Anatom\u00eda Humana del Grado de Medicina\u00bb en \u00abLa ense\u00f1anza de las Ciencias: Desaf\u00edos y perspectivas\u00bb. Educaci\u00f3n Editora. ISBN: 8415524250.<\/li>\n<li style=\"text-align: justify\">Escobar Garcia, Isabel Maria; Suarez Rodriguez, Carmen del Pilar; Rojas, A; Maffey, S; Llorens Folgado, Silvia; Najera Lopez, Alberto; Arribas Garde, Enrique; Belendez Vazquez, Augusto. (2015). \u00abCreating Advanced Quizzes Using Moodle\u00bb en \u00ab<em id=\"__mceDel\">Proceedings of the INTED 2014&#8243;.\u00a0\u00a0Ed. IATED. ISBN: 978-84-606-5763-7.<\/em><\/li>\n<li style=\"text-align: justify\">Mohedano Moriano, Alicia; Insausti Serrano, Ricardo; Mu\u00f1oz Lopez, Monica; Llorens Folgado, Silvia; Arroyo Jimenez, M\u00aa del Mar; Marcos Rabal, Maria del Pilar; Legidos Garcia, Maria Ester; Delgado, J; Cebada Sanchez, Sandra; Corcoles Parada, M; Vi\u00f1uela, Antonio; Domingo Moreno, Beatriz; Arribas Garde, Enrique; Vaquero Fernandez, C; Fernandez Fernandez, Miriam; Galindo Anaya, Maria Francisca; Jordan Bueso, Joaquin; Najera Lopez, Alberto; Nava Hernandez, Eduardo; Artacho Perula, Emilio. (2015). \u00abTeaching Anatomy And Embriology by the Inclusion of Team-Works as an Interactive Lecture\u00bb en \u00ab<em id=\"__mceDel\">Proceedings of the INTED 2014&#8243;.\u00a0\u00a0Ed. IATED. ISBN: 978-84-606-5763-7.<\/em><\/li>\n<li style=\"text-align: justify\">Llorens Folgado, Silvia; Arribas Garde, Enrique; Arroyo Jimenez, M\u00aa del Mar; Artacho Perula, Emilio; Fernandez Fernandez, Miriam; Galindo Anaya, Maria Francisca; Mu\u00f1oz Lopez, Monica; Najera Lopez, Alberto; Nava Hernandez, Eduardo; Domingo Moreno, Beatriz. (2015). \u00abA Teaching Strategy Involving The Use Of Clickers In Higher Education Master Class\u00bb en \u00ab<em id=\"__mceDel\">Proceedings of the INTED 2014&#8243;.\u00a0\u00a0Ed. IATED. ISBN: 978-84-606-5763-7. <\/em><\/li>\n<li style=\"text-align: justify\">Gonz\u00e1lez Rubio, J., Arribas Garde, E., Villalba Montoya, J.M., N\u00e1jera L\u00f3pez, A. (2014). \u00abCharacterization of personal exposition to Radiofrequency electromagnetic fields using multiple exposimeters\u00bb en \u00abProceedings of the 5th International Conference on Electromagnetic Fields, Health and Environment\u00bb.\u00a0Prof. Dr. Carlos Lemos Antunes (Editor). ISBN: 978-972-8822-28-6.<\/li>\n<li style=\"text-align: justify\">Su\u00e1rez, C. Arribas, E., Escobar, I.M., N\u00e1jera, A., Ojeda, M., Rojas, A. (2014). \u00abUsing Wheatstone bridge as a tool for active learning\u00bb en \u00abProceeding of the INTED 2014\u00bb.\u00a0\u00a0Ed. IATED. 2340-1079. ISBN: 978-84-616-8412-0.<\/li>\n<li style=\"text-align: justify\"><em id=\"__mceDel\"><em id=\"__mceDel\">Su\u00e1rez, C. Arribas, E., Escobar, I.M., N\u00e1jera, A., Ojeda, M., Rojas, A. (2014). \u00abMetacognition and learning by discovery: application of the case of an infinite network of capacitors\u00bb\u00a0en \u00abProceeding of the INTED 2014\u00bb.\u00a0\u00a0Ed. IATED. 2340-1079. ISBN: 978-84-616-8412-0.<\/em><\/em><\/li>\n<li style=\"text-align: justify\"><em id=\"__mceDel\"><em id=\"__mceDel\">Domingo, B., Arribas, E., Arroyo-Jim\u00e9nez, M.M., Artacho-P\u00e9rula, E., Carmona, M., Fern\u00e1ndez, M., Insausti, R., Jord\u00e1n, J., Legidos-Garc\u00eda, M.E., Marcos, P., Mohedano-Moriano, A., Mu\u00f1oz, M., N\u00e1jera, A., Vaquero, C.F., Llorens, S. (2014). \u00abThe impact of concept-test activities with classroom response systems (Clickers) in Physiology in Medicine School of Albacete\u00bb en \u00ab<em id=\"__mceDel\">Proceeding of the INTED 2014&#8243;.\u00a0\u00a0Ed. IATED. 2340-1079. ISBN: 978-84-616-8412-0.<\/em><\/em><\/em><\/li>\n<li style=\"text-align: justify\"><em id=\"__mceDel\"><em id=\"__mceDel\">Llorens, S., Arribas, E., Arroyo-Jim\u00e9nez, M.M., Artacho-P\u00e9rula, E., Carmona, M., Domingo, B., Fern\u00e1ndez, M., Insausti, R., Jord\u00e1n, J., Legidos-Garc\u00eda, M.E., Marcos, P., Mohedano-Moriano, A., Mu\u00f1oz, M., Vaquero, C.F., N\u00e1jera, A. (2014). \u00abEvaluation of the possible impact of clickers on the grade obtained by students in the Radiology subject at the Faculty of Medicine in Albacete\u00bb en \u00ab<em id=\"__mceDel\"><em id=\"__mceDel\"><em id=\"__mceDel\">Proceeding of the INTED 2014&#8243;.\u00a0\u00a0Ed. IATED. 2340-1079. ISBN: 978-84-616-8412-0.<\/em><\/em><\/em><\/em><\/em><\/li>\n<li style=\"text-align: justify\">Najera Lopez, Alberto ;Gonzalez Rubio, Jesus ;Arribas Garde, Enrique (2014). \u00abPersonal Exposition To Electromagnetic Fields Pollution in the City of Albacete\u00bb en \u00abProceedings of the Energy and Environmental Knowledge Week 2014 &#8211; E2KW2014\u00bb. Ed. CYTEMA-UCLM. ISBN: 978-84-697-1162-0.<\/li>\n<li style=\"text-align: justify\">Najera Lopez, Alberto ;Gonzalez Rubio, Jesus ;Arribas Garde, Enrique (2014). \u00abGeostatistical Analysis of Base Stations Used Bby Mobile Phone in the City of Albacete (Spain)\u00bb en \u00abProceedings of the Energy and Environmental Knowledge Week 2014 &#8211; E2KW2014\u00bb. Ed. CYTEMA-UCLM. ISBN: 978-84-697-1162-0.<\/li>\n<li style=\"text-align: justify\">Alberto N\u00e1jera, Enrique Arribas, Mar\u00eda del Mar Arroyo, Mar\u00eda del Mar Artigao, Jos\u00e9 Ram\u00f3n Blas Pastor, Mar\u00eda Jos\u00e9 Garc\u00eda-Meseguer, Jorge Laborda, Rigoberto L\u00f3pez, El\u00edas Rovira, Joost Van Dujin5, Jos\u00e9 Manuel Villalba, Andrei Moldovan (2013). \u00abGrupos docentes en Facebook: nuevos canales de comunicaci\u00f3n\u00bb en \u00abActividades de Innovaci\u00f3n en la Educaci\u00f3n Universitaria Espa\u00f1ola (APURF)\u00bb.\u00a0Javier Pereira, Alberto N\u00e1jera, Enrique Arribas, Meritxell Arenas (Eds.). 153-168.\u00a0ISBN: 978-1-291-38912-8.<\/li>\n<li style=\"text-align: justify\">Alberto N\u00e1jera L\u00f3pez, Jos\u00e9 Manuel Villalba Montoya, Enrique Arribas Garde. (2013). \u00abDocencia y Grupos en Facebook\u00bb en \u00abExperiencias de Innovaci\u00f3n Docente en la Ense\u00f1anza de la F\u00edsica Universitaria 3.0\u00bb.\u00a0Alberto N\u00e1jera y Enrique Arribas (Eds.). 211-234. ISBN: 978-1-291-43632-7.<\/li>\n<li style=\"text-align: justify\">Isabel Mar\u00eda Escobar Garc\u00eda, Enrique Arribas Garde, Alberto N\u00e1jera L\u00f3pez, Gonzalo Moratalla Mond\u00e9jar, Augusto Bel\u00e9ndez V\u00e1zquez. (2013) \u00abGenerador de cuestionarios usando Moodle\u00bb en \u00abExperiencias de Innovaci\u00f3n Docente en la Ense\u00f1anza de la F\u00edsica Universitaria 3.0\u00bb\u00a0Alberto N\u00e1jera y Enrique Arribas (Eds.). 83-96. ISBN:\u00a0978-1-291-43632-7.<\/li>\n<li style=\"text-align: justify\">N\u00e1jera, A., Arribas, E., Arroyo, M.M., Artigao, M.M., Blas, J.R., Garc\u00eda Meseguer, M.J., Laborda, J., L\u00f3pez, R., Rovira, E., Van Dujin, J., Villalba, J.M., Moldovan, A. (2012). \u00abFace to Facebook\u00bb en\u00a0Proceedings of INTED 2012 Conference.\u00a0Ed. IATED. 5926-5937. ISBN: 978-84-615-5563-5.<\/li>\n<li style=\"text-align: justify\">N\u00e1jera, L\u00f3pez A., Villalba Montoya, J.M., Arribas Garde, E. (2012). \u00abEvaluaci\u00f3n entre pares (peer evaluation) usando clickers\u00bb en \u00abInnovaci\u00f3n docente en Radiolog\u00eda y Medicina F\u00edsica en las Universidades Espa\u00f1olas\u00bb,\u00a0283-294.\u00a0Alberto N\u00e1jera, Enrique Arribas y Javier Pereira (Eds).\u00a0ISBN: 978-1-4709-6422-1.<\/li>\n<li style=\"text-align: justify\">A. Bel\u00e9ndez, M. L. \u00c1lvarez, E. Arriba, T. Bel\u00e9ndez, E. Fern\u00e1ndez, J. Franc\u00e9s, R. Fuentes, S. Gallego, C. Garc\u00eda, E. Gimeno, C. Gonz\u00e1lez, A. Hern\u00e1ndez, A. M\u00e1rquez, D. I. M\u00e9ndez, A. N\u00e1jera, C. Neipp, M. Ortu\u00f1o, C. Pascual, I. Pascual, M. P\u00e9rez-Molina, J. M. Villalba (2011) \u00ab<a href=\"http:\/\/rua.ua.es\/dspace\/bitstream\/10045\/19129\/1\/Bienal_Santander_XXXIII_Tomo2_p125.pdf\">GITE-FOT: Innovaci\u00f3n tecnol\u00f3gico-educativa en F\u00edsica, \u00d3ptica y Telecomunicaciones en la UA<\/a>\u00bb en \u00abXXXIII Reuni\u00f3n Bienal de la Real Sociedad Espa\u00f1ola de F\u00edsica. 21er Encuentro Ib\u00e9rico para la Ense\u00f1anza de la F\u00edsica. Res\u00famenes de las Comunicaciones\u00bb Tomo II. 125-126. Editora M\u00aa Teresa Barriuso P\u00e9rez. PubliCan. ISBN:978-84-86116-42-2.<\/li>\n<li style=\"text-align: justify\">Moratalla Mond\u00e9jar, G., Arribas Garde E., N\u00e1jera L\u00f3pez, A., Bel\u00e9ndez V\u00e1zquez, A., (2011) \u00abAprendiendo electromagnetismo con iPhone y iPad: un nuevo recurso did\u00e1ctico\u00bb en \u00ab<a href=\"http:\/\/www.lulu.com\/shop\/alberto-n%C3%A1jera-l%C3%B3pez-and-enrique-arribas-garde\/m%C3%A1s-experiencias-de-innovaci%C3%B3n-docente-en-la-ense%C3%B1anza-de-la-f%C3%ADsica-universitaria\/paperback\/product-17341124.html\">M\u00e1s experiencias de innovaci\u00f3n docente en la Ense\u00f1anza de la F\u00edsica Universitaria<\/a>\u00ab. Alberto N\u00e1jera y Enrique Arribas (Eds.). Lulu.com. 55-70. ISBN: 978-1-4477-4730-7.<\/li>\n<li style=\"text-align: justify\">N\u00e1jera L\u00f3pez, A., Villalba Montoya, J.M., Arribas Garde, E., Gallero Rico, S., Bel\u00e9ndez V\u00e1zquez, A., Franc\u00e9s Monllor, J., de Pablo D\u00e1vila, F. (2011) \u00abEvaluaci\u00f3n entre pares (peer evaluation) usando clickers\u00bb en \u00ab<a href=\"http:\/\/www.lulu.com\/shop\/alberto-n%C3%A1jera-l%C3%B3pez-and-enrique-arribas-garde\/m%C3%A1s-experiencias-de-innovaci%C3%B3n-docente-en-la-ense%C3%B1anza-de-la-f%C3%ADsica-universitaria\/paperback\/product-17341124.html\">M\u00e1s experiencias de innovaci\u00f3n docente en la Ense\u00f1anza de la F\u00edsica Universitaria<\/a>\u00ab. Alberto N\u00e1jera y Enrique Arribas (Eds.). Lulu.com. 71-84. ISBN: 978-1-4477-4730-7.<\/li>\n<li style=\"text-align: justify\">Villalba Montoya, J.M., Manj\u00f3n Herrera, F.J., N\u00e1jera L\u00f3pez, A., Arribas Garde, E., Bel\u00e9ndez V\u00e1zquez, A. (2011) \u00abEstudio cuantitativo de la inducci\u00f3n electromagn\u00e9tica entre bobinas en funci\u00f3n del n\u00famero de espiras de una de ellas\u00bb en \u00ab<a href=\"http:\/\/www.lulu.com\/shop\/alberto-n%C3%A1jera-l%C3%B3pez-and-enrique-arribas-garde\/m%C3%A1s-experiencias-de-innovaci%C3%B3n-docente-en-la-ense%C3%B1anza-de-la-f%C3%ADsica-universitaria\/paperback\/product-17341124.html\">M\u00e1s experiencias de innovaci\u00f3n docente en la Ense\u00f1anza de la F\u00edsica Universitaria<\/a>\u00ab. Alberto N\u00e1jera y Enrique Arribas (Eds.). Lulu.com. 135-150. ISBN: 978-1-4477-4730-7.<\/li>\n<li style=\"text-align: justify\">Bel\u00e9ndez V\u00e1zquez, A., Franc\u00e9s Monllor, J., M\u00e1rquez Ruiz, A., N\u00e1jera L\u00f3pez, A., Arribas Garde, E., (2011) \u00abUso de edublogs como recurso did\u00e1ctico en la ense\u00f1anza de la F\u00edsica\u00bb en \u00ab<a href=\"http:\/\/www.lulu.com\/shop\/alberto-n%C3%A1jera-l%C3%B3pez-and-enrique-arribas-garde\/m%C3%A1s-experiencias-de-innovaci%C3%B3n-docente-en-la-ense%C3%B1anza-de-la-f%C3%ADsica-universitaria\/paperback\/product-17341124.html\">M\u00e1s experiencias de innovaci\u00f3n docente en la Ense\u00f1anza de la F\u00edsica Universitaria<\/a>\u00ab. Alberto N\u00e1jera y Enrique Arribas (Eds.). Lulu.com. 95-106. ISBN: 978-1-4477-4730-7<\/li>\n<li style=\"text-align: justify\">N\u00e1jera, A., Villalba, J.M., Arribas, E., (2010) \u00ab<a href=\"http:\/\/dialnet.unirioja.es\/servlet\/articulo?codigo=3678053\">Mejora de la atenci\u00f3n y la participaci\u00f3n mediante el uso de dispositivos de respuesta remota (clickers)<\/a>\u00bb en \u00abLibro de Actas. VI Intercampus. Evaluaci\u00f3n de Competencias en los Nuevos Grados\u00bb. Margarita Mar\u00edn Rodr\u00edguez, Ana Bel\u00e9n Morales Simancas, Diana Delgado Rivera (Eds.). UCLM. 122-126. ISBN: 978-84-693-1832-4.<\/li>\n<li style=\"text-align: justify\">Arroyo, M.M., Labroda, J., N\u00e1jera, A., Marcos, P., Porras, M.I., Garc\u00eda-Ram\u00edrez, J.J., (2010) \u00abResultados de la autoevaluaci\u00f3n de la Facultad de Medicina de Albacete y su modelo docente.\u00bb en \u00abLibro de Actas. VI Intercampus. Evaluaci\u00f3n de Competencias en los Nuevos Grados\u00bb. Margarita Mar\u00edn Rodr\u00edguez, Ana Bel\u00e9n Morales Simancas, Diana Delgado Rivera (Eds.). UCLM. 128-132. ISBN: 978-84-693-1832-4.<\/li>\n<li style=\"text-align: justify\">N\u00e1jera, A., Villalba, J.M., Arribas, E., (2010) \u00abDispositivos interactivos de respuesta (clickers)\u00bb en \u00ab<a href=\"http:\/\/www.lulu.com\/content\/libro-tapa-blanda\/experiencias-de-innovaci%F3n-docente-en-la-ense%F1anza-de-la-f%EDsica-universitaria\/8548288\">Experiencias de innovaci\u00f3n docente en la ense\u00f1anza de la F\u00edsica universitaria\u00bb<\/a>. Alberto N\u00e1jera y Enrique Arribas (Eds.). Lulu.com.15-23. ISBN: 978-1-4457-3466-8.<\/li>\n<li style=\"text-align: justify\">Villalba, J.M., N\u00e1jera, A., Gallardo M.C., Arribas, E., (2010) \u00abC\u00e1lculo del espesor de una cinta magn\u00e9tica de audio: una pr\u00e1ctica muy econ\u00f3mica\u00bb en \u00ab<a href=\"http:\/\/www.lulu.com\/content\/libro-tapa-blanda\/experiencias-de-innovaci%F3n-docente-en-la-ense%F1anza-de-la-f%EDsica-universitaria\/8548288\">Experiencias de innovaci\u00f3n docente en la ense\u00f1anza de la F\u00edsica universitaria<\/a>\u00ab. Alberto N\u00e1jera y Enrique Arribas (Eds.). Lulu.com. 55-72. ISBN: 978-1-4457-3466-8.<\/li>\n<li style=\"text-align: justify\">N\u00e1jera, A., Villalba, J.M., Arribas, E., (2010) \u00abEnse\u00f1anza de la F\u00edsica por m\u00f3dulos de objetivos, conversi\u00f3n a ECTS y plataforma Moodle \u00bb en \u00ab<a href=\"http:\/\/www.lulu.com\/content\/libro-tapa-blanda\/experiencias-de-innovaci%F3n-docente-en-la-ense%F1anza-de-la-f%EDsica-universitaria\/8548288\">Experiencias de innovaci\u00f3n docente en la ense\u00f1anza de la F\u00edsica universitaria<\/a>\u00ab. Alberto N\u00e1jera y Enrique Arribas (Eds.). Lulu.com. 141-153. ISBN: 978-1-4457-3466-8.<\/li>\n<li style=\"text-align: justify\">Ruiz Alfaro, R. N\u00e1jera, A., Villalba, J.M., Arribas, E., (2010) \u00abEl uso de los test de m\u00faltiple respuesta en las asignaturas de F\u00edsica\u00bb en \u00ab<a href=\"http:\/\/www.lulu.com\/content\/libro-tapa-blanda\/experiencias-de-innovaci%F3n-docente-en-la-ense%F1anza-de-la-f%EDsica-universitaria\/8548288\">Experiencias de innovaci\u00f3n docente en la ense\u00f1anza de la F\u00edsica universitaria<\/a>\u00ab. Alberto N\u00e1jera y Enrique Arribas (Eds.). Lulu.com.155-172. ISBN: 978-1-4457-3466-8.<\/li>\n<li style=\"text-align: justify\">N\u00e1jera, A., Villalba, J.M., Rozal\u00e9n, J., Arribas, E., (2010) \u00ab<a href=\"http:\/\/www.iated.org\/concrete2\/view_abstract.php?paper_id=8679\">Using Remote Response Devices (Clickers) For Peer Evaluation: Experience Teaching Medical Physics In The Faculty Of Medicine Of The University Of Castilla &#8211; La Mancha<\/a>\u00ab. In Proceedings of INTED 2010 Conference. Ed. IATED. Valencia, 3165-3172. ISBN: 978-84-613-5538-9.<\/li>\n<li style=\"text-align: justify\">Laborda, J., N\u00e1jera L\u00f3pez A., (2009) \u00ab<a href=\"http:\/\/pagina.jccm.es\/medioambiente\/cambio_climatico\/informeCC\/5_Capitulo2_Salud.pdf\">Efectos del cambio clim\u00e1tico sobre la salud humana en Castilla &#8211; La Mancha<\/a>\u00bb en <a href=\"http:\/\/pagina.jccm.es\/medioambiente\/cambio_climatico\/informeCC.htm\">Impactos del Cambio Clim\u00e1tico en Castilla &#8211; La Mancha. Primer Informe<\/a>. Ed. Fundaci\u00f3n General de Medio Ambiente. Oficina de Cambio Clim\u00e1tico. Consejer\u00eda de Indrustria, Energ\u00eda y Medio Ambiente. Toledo. Espa\u00f1a. ISBN: 978-84-7788-557-3.<\/li>\n<li style=\"text-align: justify\">L\u00f3pez-N\u00e1jera, A., Arribas Garde, E., Var\u00f3n Castellanos, R. (2007) \u00abF\u00edsica en medicina y el EEES: 8 a\u00f1os de experiencias y TIC\u00bb en <a href=\"http:\/\/oreto.esi.uclm.es:9673\/oreto\/Publicaciones\/Babel\/Adjunto\">Libro de Actas del 15 Congreso de Innovaci\u00f3n Educativa en las Ense\u00f1anzas T\u00e9cnicas<\/a>, eds. Mart\u00edn Bravo, M.A. y Garc\u00eda Ter\u00e1n, Jos\u00e9 Mar\u00eda. (Valladolid). 1657-1666. ISBN: 978-84-690-7547-0.<\/li>\n<li style=\"text-align: justify\">L\u00f3pez-N\u00e1jera, A, Meddis, R, L\u00f3pez-Poveda, EA. (2005). \u00ab<a href=\"http:\/\/www.springerlink.com\/content\/l474417681k22628\/fulltext.pdf\">A computational algorithm for computing non-linear auditory frequency selectivity: Further studies<\/a>\u00bb in <a href=\"http:\/\/www.springer.com\/biomed\/neuroscience\/book\/978-0-387-21915-8\">Auditory Signal Processing: Physiology, Psychoacoustics, and Models<\/a>, eds. Pressnitzer, D., de Cheveign\u00e9, A., McAdams, S., and Collet, L. pp. 14-20, (Springer, New York). ISBN: 0-387-21915-3. Disponible en Amazon.com<\/li>\n<li style=\"text-align: justify\">L\u00f3pez-N\u00e1jera, A, de Pablo, F, Rivas, L, Tom\u00e1s, C, Diego, L, Gonz\u00e1lez, M, Barrueco, M. (2001). \u00ab<a href=\"http:\/\/library.witpress.com\/pages\/PaperInfo.asp?PaperID=969\">Urban ambient air pollution and daily mortality in Salamanca (Spain)<\/a>\u00ab. In <a href=\"http:\/\/library.witpress.com\/pages\/listPapers.asp?q_bid=31\">Air Pollution X<\/a>. Eds C.A. Brebbia &amp; J.F. Mart\u00edn-Duque, vol 11, pp.711-720.<\/li>\n<\/ul>\n","protected":false},"excerpt":{"rendered":"<p>N\u00e1jera, A., Laborda, J. (2018). \u00abEfectos del cambio clim\u00e1tico sobre la Salud de la poblaci\u00f3n de Castilla-La Mancha\u00bb en el Segundo Informe: \u00abEstudio sobre efectos constatados y percepci\u00f3n del cambio clim\u00e1tico en el medio rural de Castilla-La Mancha\u00ab. Consejer\u00eda de Agricultura, Medio Ambiente y Desarrollo Rural. Junta de Comunidades de Castilla-La Mancha. DL: TO 512-2018. [&hellip;]<\/p>\n","protected":false},"author":410,"featured_media":0,"parent":0,"menu_order":0,"comment_status":"closed","ping_status":"closed","template":"","meta":{"footnotes":""},"class_list":["post-161","page","type-page","status-publish","hentry"],"_links":{"self":[{"href":"https:\/\/blog.uclm.es\/albertonajera\/wp-json\/wp\/v2\/pages\/161","targetHints":{"allow":["GET"]}}],"collection":[{"href":"https:\/\/blog.uclm.es\/albertonajera\/wp-json\/wp\/v2\/pages"}],"about":[{"href":"https:\/\/blog.uclm.es\/albertonajera\/wp-json\/wp\/v2\/types\/page"}],"author":[{"embeddable":true,"href":"https:\/\/blog.uclm.es\/albertonajera\/wp-json\/wp\/v2\/users\/410"}],"replies":[{"embeddable":true,"href":"https:\/\/blog.uclm.es\/albertonajera\/wp-json\/wp\/v2\/comments?post=161"}],"version-history":[{"count":0,"href":"https:\/\/blog.uclm.es\/albertonajera\/wp-json\/wp\/v2\/pages\/161\/revisions"}],"wp:attachment":[{"href":"https:\/\/blog.uclm.es\/albertonajera\/wp-json\/wp\/v2\/media?parent=161"}],"curies":[{"name":"wp","href":"https:\/\/api.w.org\/{rel}","templated":true}]}}