{"id":155,"date":"2012-11-05T00:05:32","date_gmt":"2012-11-04T23:05:32","guid":{"rendered":"http:\/\/blog.uclm.es\/albertonajera\/?page_id=155"},"modified":"2012-11-05T00:05:32","modified_gmt":"2012-11-04T23:05:32","slug":"articulos","status":"publish","type":"page","link":"https:\/\/blog.uclm.es\/albertonajera\/articulos\/","title":{"rendered":"Art\u00edculos"},"content":{"rendered":"<ul>\n<li>Spatial analysis of COVID-19 hospitalised cases in an entire city: The risk of studying only lattice data. Science Of The Total Environment 2022 | journal articel. DOI: <a href=\"https:\/\/doi.org\/10.1016\/j.scitotenv.2021.150521\">10.1016\/j.scitotenv.2021.150521<\/a><\/li>\n<li>A Systematic Review and Meta-Analysis of Hospitalised Current Smokers and COVID-19. Environmental Research and Public Health 2020 | journal article. DOI: <a href=\"https:\/\/doi.org\/10.3390\/ijerph17207394\">10.3390\/ijerph17207394<\/a>.<\/li>\n<li>Cytokine release syndrome (CRS) and nicotine in COVID-19 patients: trying to calm the storm. Frontiers in Immunology. 2020 | jourmal-artivle-perspestives. DOI: <a href=\"https:\/\/www.frontiersin.org\/articles\/10.3389\/fimmu.2020.01359\/full\">10.3389\/fimmu.2020.01359<\/a>.<\/li>\n<li>Comparison of statistic methods for censored personal exposure to RF-EMF data. Environmental Monitoring and Assessment. 2020 | journal-article. DOI: <a href=\"https:\/\/doi.org\/10.1007\/s10661-019-8021-z\">10.1007\/s10661-019-8021-z<\/a>.<\/li>\n<li>Personal RF-EMF exposure from mobile phone base stations during temporary events. Environmental Research. 2019 | journal-article<br \/>\nDOI: <a href=\"https:\/\/doi.org\/10.1016\/j.envres.2019.05.033\">10.1016\/j.envres.2019.05.033<\/a>.<\/li>\n<li>Characterisation of personal exposure to environmental radiofrequency electromagnetic fields in Albacete (Spain) and assessment of risk perception. 2019 | journal-article. DOI: <a href=\"https:\/\/doi.org\/10.1016\/j.envres.2019.02.015\">10.1016\/j.envres.2019.02.015<\/a>.<\/li>\n<li><span style=\"font-size: 13px\">Alberto N\u00e1jera (2019) \u00ab<a href=\"https:\/\/www.sciencedirect.com\/science\/article\/pii\/S0013935118303979?dgcid=author\">Comments on \u201cWi-Fi is an important threat to human health<\/a>\u201d Environmental Research,\u00a0168: 514-515.<br \/>\n<\/span><\/li>\n<li><span style=\"font-size: 13px\">Irene S\u00e1nchez-Rodr\u00edguez, Sara Temprano-Carazo, Alberto N\u00e1jera, Souhail Djebari, Javier Yajeya, Agn\u00e8s Gruart, Jos\u00e9 M. Delgado-Garc\u00eda, Lydia Jim\u00e9nez-D\u00edaz &amp; Juan D. Navarro-L\u00f3pez (2017). \u00ab<a href=\"https:\/\/www.nature.com\/articles\/s41598-017-15306-8\">Activation of G-protein-gated inwardly rectifying potassium (Kir3\/GirK) channels rescues hippocampal functions in a mouse model of early amyloid-\u03b2 pathology<\/a>\u00ab. Scientific Reports 7, Article number: 14658.<\/span><\/li>\n<li><span style=\"font-size: 13px\">Gonzalez-Rubio, J. Vazquez-Ramirez, R. Arribas, E., N\u00e1jera, A. (2017). \u00ab<a href=\"https:\/\/www.researchgate.net\/publication\/316835845_Radiofrequency_electromagnetic_fields_and_some_cancers_of_unknown_etiology_An_ecological_study\">Radiofrequency Electromagnetic Fields and some cancers of unknowns etiology: an ecological study<\/a>\u00ab.\u00a0Science of the Total Environment. 9: 834-843.<br \/>\n<\/span><\/li>\n<li><span style=\"font-size: 13px\">Arribas, E., Escobar, I.M., Su\u00e1rez, C.P., N\u00e1jera, A., Bel\u00e9ndez A. (2016) \u00abReply to comment on measurement of the magnetic field of small magnets with a smartphone: a very economical laboratory practice for introductory physics courses\u00bb. European Journal of Physics. 37(2),<br \/>\n<\/span><\/li>\n<li><span style=\"font-size: 13px\">Gonzalez-Rubio, J., Najera, A., Arribas, E. (2016). \u00ab<a href=\"https:\/\/www.deepdyve.com\/lp\/elsevier\/comprehensive-personal-rf-emf-exposure-map-and-its-potential-use-in-iJudv008Js\">Comprehensive personal RF-EMF exposure map and its potential use in epidemiological studies<\/a>\u00ab. Environmental Research, 149: 105-112.<\/span><\/li>\n<li><span style=\"font-size: 13px\">Arribas, E., Escobar, I., Su\u00e1rez, C.P., N\u00e1jera, A., Bel\u00e9ndez, A. (2015). \u00abMeasurement of the magnetic field of small magnets with a smartphone: a very economical laboratory practice for introductory physics courses\u00bb.\u00a0European Journal of Physics.\u00a036(6).<\/span><\/li>\n<li><span style=\"font-size: 13px\">Villalba, J-M., Ferreira, L., Arribas, E., N\u00e1jera, A., Bel\u00e9ndez, A. (2015). \u00abEstudio experimental de la inducci\u00f3n electromagn\u00e9tica entre dos bobinas: dependencia con la corriente el\u00e9ctrica\u00bb.\u00a0Revista Brasileira de Ensino de F\u00edsica.\u00a037(1): 1313-1320.<\/span><\/li>\n<li><span style=\"font-size: 13px\">Genov\u00e9s Crespo, M., Tercero Azor\u00edn, M.I., Picazo Mart\u00ednez, M.G., Rodr\u00edguez Ortega, R., G\u00f3mez-Ju\u00e1rez Sango, M., Trivi\u00f1o-Ram\u00edrez, A.I., N\u00e1jera L\u00f3pez, A., Garc\u00eda Olmo, D.C., Rombol\u00e1, C.A. (2015). \u00abComparisons of the anatomical Physical and Tomographical methods for rats lung volume calculation\u00bb. British Journal of Surgery 102(3).<\/span><\/li>\n<li><span style=\"font-size: 13px\">N\u00e1jera, A., Gonz\u00e1lez-Rubio, J., Villalba, J.M., Arribas, E. (2015) \u00abUsing multiple exposimeter to evaluate influence of the body when measuring personal exposition to radiofrequency electromagnetics fields\u00bb.\u00a0COMPEL: The International Journal for Computation and Mathematics in Electrical and Electronic Engineering, 34(4).<\/span><\/li>\n<li><span style=\"font-size: 13px\">Franco, M.T., Moratalla, G., N\u00e1jera, A., Bel\u00e9ndez, A., Arribas, E. (2014) \u00ab<a href=\"http:\/\/www.lajse.org\/nov14\/22018_Franco.pdf\">iElectromagnetismo<\/a>\u00ab. Latin American Journal of Science Education, 1(2):2218,1-10.<\/span><\/li>\n<li><span style=\"font-size: 13px\">Arribas Garde, E., Barrera Kalhil, J., Bel\u00e9ndez V\u00e1zquez, A., Gonz\u00e1lez Rubio, J, N\u00e1jera L\u00f3pez, A. (2014) \u00ab<a href=\"http:\/\/www.lajse.org\/may14\/12001_Arribas.pdf\">\u00bfAbsorbe nuestro cuerpo ondas electromagn\u00e9ticas?<\/a>\u00ab. Latin American Journal of Science Education, 1(1):1-12.<\/span><\/li>\n<li><span style=\"font-size: 13px\">Arribas Garde, E., Jim\u00e9nez D\u00edaz, L., Navarro L\u00f3pez, J., N\u00e1jera L\u00f3pez, A. (2014) \u00ab<a href=\"http:\/\/www.lajse.org\/may14\/13004_Arribas.pdf\">El uso de grupos docentes en Facebook: Una nueva plataforma de comunicaci\u00f3n y colaboraci\u00f3n<\/a>\u00ab.\u00a0Latin American Journal of Science Education, 1(1):13-21.<\/span><\/li>\n<li><span style=\"font-size: 13px\">Maj\u00f3n, F.J., Villalba, J.M., Arribas, E., N\u00e1jera, A., Bel\u00e9ndez, A., Monsoriu, J.A. (2013). \u00ab<a href=\"http:\/\/www.sbfisica.org.br\/rbef\/pdf\/353304.pdf\">V\u00f3rtices no estacionarios en un vaso de agua<\/a>\u00ab.\u00a0Revista Brasileira de Ensino de F\u00edsica, 35(3):3304-10, A\u00d1O:\u00a0<\/span><\/li>\n<li><span style=\"font-size: 13px\">De Pablo D\u00e1vila, F., Rivas Soriano, L., S\u00e1nchez Llorente, J.M., N\u00e1jera, A. (2013). \u00ab<\/span><a style=\"font-size: 13px\" href=\"http:\/\/www.revistas.unam.mx\/index.php\/atm\/article\/view\/29405\">Effects of weather types on hospital admissions for respiratory diseases in Castilla-La Mancha, Spain\u00bb<\/a><span style=\"font-size: 13px\"> Atmosfera. 26(1):95-107.<\/span><\/li>\n<li><span style=\"font-size: 13px\">Cutillas Ybarra, M.B., Flores Mut, J.A., N\u00e1jera L\u00f3pez, A., Arribas Garde, E., Franco Peris, E., Mifsut Miedes, D. (2012). \u00ab<\/span><a style=\"font-size: 13px\" href=\"http:\/\/www.scmcot.com\/\">Valoraci\u00f3n de resultados de la cirug\u00eda percut\u00e1nea del Hallux Valgus<\/a><span style=\"font-size: 13px\">\u00ab. Acta Ortop\u00e9dica Castellano-Manchega. 12: 23-28.<\/span><\/li>\n<li><span style=\"font-size: 13px\">Bel\u00e9ndez, A., \u00c1lvarez, M.L., Franc\u00e9s, J., Bleda, S., Bel\u00e9ndez, T., N\u00e1jera L\u00f3pez, A., Arribas, E. (2012). \u00ab<\/span><a style=\"font-size: 13px\" href=\"http:\/\/www.hindawi.com\/journals\/jam\/2012\/286290\/\">Analytical Approximate Solutions for the Cubic-Quintic Duffing Oscillator in terms of Emelmentaru Functions<\/a><span style=\"font-size: 13px\">\u00ab.\u00a0Journal of Applied Mathematics.<\/span><\/li>\n<li><span style=\"font-size: 13px\">Villalba, J.M., Manj\u00f3n Herrera, F.J., N\u00e1jera, A., Arribas, E., Bel\u00e9ndez, A. (2012). \u00ab<\/span><a style=\"font-size: 13px\" href=\"http:\/\/rua.ua.es\/dspace\/handle\/10045\/21275?locale=es\">Estudio cuantitativo de la inducci\u00f3n electromagn\u00e9tica entre dos bobinas en funci\u00f3n del n\u00famero de espiras de una de ellas<\/a><span style=\"font-size: 13px\">\u00ab. Revista Espa\u00f1ola de F\u00edsica. 26(1): 33-37.<\/span><\/li>\n<li><span style=\"font-size: 13px\">Belinch\u00f3n, A., P\u00e9rez-Garrigues, H., Tern\u00edas, J.M., Lopez, A. (2011) \u00ab<\/span><a style=\"font-size: 13px\" href=\"http:\/\/onlinelibrary.wiley.com\/doi\/10.1002\/lary.21335\/abstract\">Hearing assesment in Meniere&#8217;s disease<\/a><span style=\"font-size: 13px\">\u00bb Laryngoscope, 121(3): 622-6.<\/span><\/li>\n<li><span style=\"font-size: 13px\">N\u00e1jera, A., Villalba, J.M., Arribas, E. (2010). \u00ab<\/span><a style=\"font-size: 13px\" href=\"http:\/\/onlinelibrary.wiley.com\/doi\/10.1111\/j.1365-2923.2010.03837.x\/abstract\">Student peer evaluation using remote response sytem<\/a><span style=\"font-size: 13px\">\u00bb Medical Education, 44(11), 1146.<\/span><\/li>\n<li><span style=\"font-size: 13px\">Arribas, E., Mu\u00f1oz-Lopez, A., Garc\u00eda-Meseguer, M.J., L\u00f3pez-N\u00e1jera, A., Avalos, L., Garc\u00eda-Molina, F., Garc\u00eda-Moreno, M., Var\u00f3n, R. (2008). \u00ab<\/span><a style=\"font-size: 13px\" href=\"http:\/\/www.springerlink.com\/content\/f7479322l332jp30\/?p=525aba4a06e74ecb8404c7279f11e785&amp;pi=8\">Mean time of the enzyme molecules elapsed as any of the enzyme intermediate forms or groups of them. Application to unstable enzyme systems<\/a><span style=\"font-size: 13px\">\u00ab. Bulletin of Mathematical Biology, 70 (5), 1425-1449.<\/span><\/li>\n<li><span style=\"font-size: 13px\">L\u00f3pez-N\u00e1jera, A., Meddis, R., L\u00f3pez-Poveda, E.A. (2007) \u00ab<\/span><a style=\"font-size: 13px\" href=\"http:\/\/www.sea-acustica.es\/WEB_ICA_07\/fchrs\/papers\/ppa-07-002.pdf\">Simulating Cochlear Frequency Selectivity: The TRNL filter<\/a><span style=\"font-size: 13px\">\u00ab. Special issue of the journal Revista Espa\u00f1ola de Ac\u00fastica.(38), ISBN: 84-87985-12-2.L\u00f3pez-N\u00e1jera, A., Meddis, R., L\u00f3pez-Poveda, E.A. (2007). \u00ab<\/span><a style=\"font-size: 13px\" href=\"http:\/\/www.ncbi.nlm.nih.gov\/pubmed\/17902850?itool=EntrezSystem2.PEntrez.Pubmed.Pubmed_ResultsPanel.Pubmed_RVDocSum&amp;ordinalpos=2\">Further studies on the dual-resonance nonlinear filter model of cochlear frequency selectivity: Responses to tones<\/a><span style=\"font-size: 13px\">\u00ab. Journal of the Acoustical Society of America, 122 (4), 2124-2134.<\/span><\/li>\n<li><span style=\"font-size: 13px\">de Pablo F.; L\u00f3pez A.; Rivas Soriano L.; Tom\u00e1s C.; Diego L.; Gonz\u00e1lez M. y Barrueco M. (2006). \u00ab<\/span><a style=\"font-size: 13px\" href=\"http:\/\/www.scielo.org.mx\/scielo.php?script=sci_arttext&amp;pid=S0187-62362006000100003&amp;lng=es&amp;nrm=iso\">Relationships of daily mortality and hospital admissions to air pollution in Castilla-Le\u00f3n, Spain<\/a><span style=\"font-size: 13px\">\u00ab. Atm\u00f3sfera, 19 (1), 23-39.<\/span><\/li>\n<li>de Pablo, F, L\u00f3pez-N\u00e1jera, A, Rivas, L, Tom\u00e1s, C, Diego, L, Gonz\u00e1lez, M, Barrueco, M. (2003). \u00ab<a href=\"http:\/\/dialnet.unirioja.es\/servlet\/articulo?codigo=1464851\">Mortalidad y morbilidad diaria en Salamanca (1995-1997) y su relaci\u00f3n con las condiciones atmosf\u00e9ricas<\/a>\u00ab. Salamanca, Revista de Estudios, 50, 225-238.<\/li>\n<li><span style=\"font-size: 13px\">de Pablo, F, L\u00f3pez-N\u00e1jera, A, Rivas, L, Tom\u00e1s, C, Diego, L, Gonz\u00e1lez, M, Barrueco, M. (2002). \u00ab<\/span><a style=\"font-size: 13px\" href=\"http:\/\/dialnet.unirioja.es\/servlet\/articulo?codigo=929954\">Relaciones entre contaminaci\u00f3n, variables atmosf\u00e9ricas y mortalidad diaria en Zamora<\/a><span style=\"font-size: 13px\">\u00ab. Inst. de Estudios Zamoranos Flori\u00e1n de Ocampo. Anuario 2002. 19, 249-259.<\/span><\/li>\n<\/ul>\n","protected":false},"excerpt":{"rendered":"<p>Spatial analysis of COVID-19 hospitalised cases in an entire city: The risk of studying only lattice data. Science Of The Total Environment 2022 | journal articel. DOI: 10.1016\/j.scitotenv.2021.150521 A Systematic Review and Meta-Analysis of Hospitalised Current Smokers and COVID-19. Environmental Research and Public Health 2020 | journal article. DOI: 10.3390\/ijerph17207394. Cytokine release syndrome (CRS) and [&hellip;]<\/p>\n","protected":false},"author":410,"featured_media":0,"parent":0,"menu_order":0,"comment_status":"closed","ping_status":"closed","template":"","meta":{"footnotes":""},"class_list":["post-155","page","type-page","status-publish","hentry"],"_links":{"self":[{"href":"https:\/\/blog.uclm.es\/albertonajera\/wp-json\/wp\/v2\/pages\/155","targetHints":{"allow":["GET"]}}],"collection":[{"href":"https:\/\/blog.uclm.es\/albertonajera\/wp-json\/wp\/v2\/pages"}],"about":[{"href":"https:\/\/blog.uclm.es\/albertonajera\/wp-json\/wp\/v2\/types\/page"}],"author":[{"embeddable":true,"href":"https:\/\/blog.uclm.es\/albertonajera\/wp-json\/wp\/v2\/users\/410"}],"replies":[{"embeddable":true,"href":"https:\/\/blog.uclm.es\/albertonajera\/wp-json\/wp\/v2\/comments?post=155"}],"version-history":[{"count":0,"href":"https:\/\/blog.uclm.es\/albertonajera\/wp-json\/wp\/v2\/pages\/155\/revisions"}],"wp:attachment":[{"href":"https:\/\/blog.uclm.es\/albertonajera\/wp-json\/wp\/v2\/media?parent=155"}],"curies":[{"name":"wp","href":"https:\/\/api.w.org\/{rel}","templated":true}]}}