{"id":150,"date":"2012-11-04T23:58:14","date_gmt":"2012-11-04T22:58:14","guid":{"rendered":"http:\/\/blog.uclm.es\/albertonajera\/?page_id=150"},"modified":"2012-11-04T23:58:14","modified_gmt":"2012-11-04T22:58:14","slug":"investigacion","status":"publish","type":"page","link":"https:\/\/blog.uclm.es\/albertonajera\/investigacion\/","title":{"rendered":"Investigaci\u00f3n"},"content":{"rendered":"<ul>\n<li><a href=\"http:\/\/blog.uclm.es\/albertonajera\/proyecto-antenas-de-albacete\/\">Proyecto Antenas de Albacete.<\/a><\/li>\n<li><a href=\"http:\/\/blog.uclm.es\/albertonajera\/articulos\/\">Art\u00edculos<\/a>.<\/li>\n<li><a href=\"http:\/\/blog.uclm.es\/albertonajera\/capitulos-de-libros\/\">Cap\u00edtulos de Libros<\/a>.<\/li>\n<li><a href=\"http:\/\/blog.uclm.es\/albertonajera\/libros\/\">Libros<\/a>.<\/li>\n<li><a href=\"http:\/\/blog.uclm.es\/albertonajera\/congresos-nacionales-e-internacionales\/\">Congresos Nacionales e Internacionales<\/a>.<\/li>\n<li><a href=\"http:\/\/blog.uclm.es\/albertonajera\/proyectos-de-investigacion\/\">Proyectos de Investigaci\u00f3n<\/a>.<\/li>\n<li><a href=\"http:\/\/blog.uclm.es\/albertonajera\/cursos-y-seminarios-impartidos\/\">Cursos y Seminarios Impartidos<\/a>.<\/li>\n<li><a href=\"http:\/\/www.crib.uclm.es\/\">Centro Regional de Investigaciones Biom\u00e9dicas (CRIB)<\/a>.<\/li>\n<\/ul>\n","protected":false},"excerpt":{"rendered":"<p>Proyecto Antenas de Albacete. Art\u00edculos. Cap\u00edtulos de Libros. Libros. Congresos Nacionales e Internacionales. Proyectos de Investigaci\u00f3n. Cursos y Seminarios Impartidos. Centro Regional de Investigaciones Biom\u00e9dicas (CRIB).<\/p>\n","protected":false},"author":410,"featured_media":0,"parent":0,"menu_order":0,"comment_status":"closed","ping_status":"closed","template":"","meta":{"footnotes":""},"class_list":["post-150","page","type-page","status-publish","hentry"],"_links":{"self":[{"href":"https:\/\/blog.uclm.es\/albertonajera\/wp-json\/wp\/v2\/pages\/150","targetHints":{"allow":["GET"]}}],"collection":[{"href":"https:\/\/blog.uclm.es\/albertonajera\/wp-json\/wp\/v2\/pages"}],"about":[{"href":"https:\/\/blog.uclm.es\/albertonajera\/wp-json\/wp\/v2\/types\/page"}],"author":[{"embeddable":true,"href":"https:\/\/blog.uclm.es\/albertonajera\/wp-json\/wp\/v2\/users\/410"}],"replies":[{"embeddable":true,"href":"https:\/\/blog.uclm.es\/albertonajera\/wp-json\/wp\/v2\/comments?post=150"}],"version-history":[{"count":0,"href":"https:\/\/blog.uclm.es\/albertonajera\/wp-json\/wp\/v2\/pages\/150\/revisions"}],"wp:attachment":[{"href":"https:\/\/blog.uclm.es\/albertonajera\/wp-json\/wp\/v2\/media?parent=150"}],"curies":[{"name":"wp","href":"https:\/\/api.w.org\/{rel}","templated":true}]}}