{"id":1328,"date":"2018-11-25T11:15:09","date_gmt":"2018-11-25T10:15:09","guid":{"rendered":"http:\/\/blog.uclm.es\/albertonajera\/?page_id=1328"},"modified":"2018-11-25T11:15:09","modified_gmt":"2018-11-25T10:15:09","slug":"hilo-de-hilos","status":"publish","type":"page","link":"https:\/\/blog.uclm.es\/albertonajera\/hilo-de-hilos\/","title":{"rendered":"Hilo de hilos!"},"content":{"rendered":"<p>Desde hace relativamente poco tiempo, Twitter permite la elaboraci\u00f3n de \u00abhilos\u00bb o tuits encadenados en los que poder expresar una idea, partidita en trocitos, masticada, en p\u00edldoras de tuits cortos que, en conjunto, tendr\u00e1n una extensi\u00f3n mayor, proporcionando a trav\u00e9s de la red de microblogging, otro ecosistema para aquellos que est\u00e9n interesados. En esta secci\u00f3n, recopilo los \u00abhilos\u00bb que he ido publicando en <a href=\"https:\/\/twitter.com\/najera2000\">mi cuenta de Twitter.<\/a><\/p>\n<h5>&#8211; <a href=\"https:\/\/twitter.com\/najera2000\/status\/1015366795262414848\">Los problemas para desarrollar la actividad docente e investigadora<\/a>\u00a0(6 de julio de 20018):<\/h5>\n<blockquote class=\"twitter-tweet\">\n<p dir=\"ltr\" lang=\"es\">Hola <a href=\"https:\/\/twitter.com\/astro_duque?ref_src=twsrc%5Etfw\">@astro_duque<\/a>. Como sueles estar por aqu\u00ed, aprovecho para contarte. Soy profesor de la <a href=\"https:\/\/twitter.com\/uclm_es?ref_src=twsrc%5Etfw\">@uclm_es<\/a> desde 2001 e intento desarrollar mi actividad docente e investigadora, ya no con excelencia, sino que me conformo con hacerlo con dignidad, pero es imposible. Ver\u00e1s por qu\u00e9 &#x1f447;<\/p>\n<p>\u2014 Alberto N\u00e1jera (@najera2000) <a href=\"https:\/\/twitter.com\/najera2000\/status\/1015366795262414848?ref_src=twsrc%5Etfw\">6 de julio de 2018<\/a><\/p><\/blockquote>\n<h5>&#8211; <a href=\"https:\/\/twitter.com\/najera2000\/status\/1034585986267787264\">C\u00f3mo se publica un art\u00edculo cient\u00edfico y por qu\u00e9 todos no son lo mismo<\/a>\u00a0(28 de agosto de 2018):<\/h5>\n<blockquote class=\"twitter-tweet\">\n<p dir=\"ltr\" lang=\"es\">\u00abHay estudios cient\u00edficos que demuestran que&#8230;\u00bb Socorrida frase que sirve para justificar cualquier argumentaci\u00f3n pero, \u00bftoda la evidencia cient\u00edfica tiene la misma relevancia? No. Algo que deber\u00edan explicar en los colegios. All\u00e1 voy con un <a href=\"https:\/\/twitter.com\/hashtag\/Megahilo?src=hash&amp;ref_src=twsrc%5Etfw\">#Megahilo<\/a> &#x1f613; de 60 tuits&#8230; &#x1f447;<\/p>\n<p>\u2014 Alberto N\u00e1jera (@najera2000) <a href=\"https:\/\/twitter.com\/najera2000\/status\/1034585986267787264?ref_src=twsrc%5Etfw\">28 de agosto de 2018<\/a><\/p><\/blockquote>\n<h5>&#8211; <a href=\"https:\/\/twitter.com\/najera2000\/status\/1036068922389422080\">Sobre el cambio de hora<\/a>\u00a0(2 de septiembre de 2018):<\/h5>\n<blockquote class=\"twitter-tweet\">\n<p dir=\"ltr\" lang=\"es\">Todav\u00eda a vueltas, y lo que nos queda, con \u00ababandonar o no el cambio de hora propuesto por Europa\u00bb pero \u00bfsabes por qu\u00e9 la duraci\u00f3n del d\u00eda cambia a lo largo del a\u00f1o? Pocas cosas nos afectan tanto y son tan desconocidas&#8230; Abro hilo &#x1f447;<\/p>\n<p>\u2014 Alberto N\u00e1jera (@najera2000) <a href=\"https:\/\/twitter.com\/najera2000\/status\/1036068922389422080?ref_src=twsrc%5Etfw\">2 de septiembre de 2018<\/a><\/p><\/blockquote>\n<h5>&#8211; <a href=\"https:\/\/twitter.com\/najera2000\/status\/1054879197905281025\">Efectos del cambio clim\u00e1tico sobre la Salud, informe de Castilla-La Mancha<\/a>\u00a0(23 de octubre de 2018):<\/h5>\n<blockquote class=\"twitter-tweet\">\n<p dir=\"ltr\" lang=\"es\">Hoy se celebra el <a href=\"https:\/\/twitter.com\/hashtag\/D%C3%ADaInternacional?src=hash&amp;ref_src=twsrc%5Etfw\">#D\u00edaInternacional<\/a> contra el <a href=\"https:\/\/twitter.com\/hashtag\/CambioClim%C3%A1tico?src=hash&amp;ref_src=twsrc%5Etfw\">#CambioClim\u00e1tico<\/a>. <a href=\"https:\/\/twitter.com\/gobjccm?ref_src=twsrc%5Etfw\">@gobjccm<\/a> y <a href=\"https:\/\/twitter.com\/uclm_es?ref_src=twsrc%5Etfw\">@uclm_es<\/a> presentan en Toledo el II Informe coordinado por <a href=\"https:\/\/twitter.com\/JG_Cantero?ref_src=twsrc%5Etfw\">@JG_Cantero<\/a>. CC <a href=\"https:\/\/twitter.com\/CMNUCC?ref_src=twsrc%5Etfw\">@CMNUCC<\/a> <a href=\"https:\/\/twitter.com\/UNFCCC?ref_src=twsrc%5Etfw\">@UNFCCC<\/a> <a href=\"https:\/\/twitter.com\/PEspinosaC?ref_src=twsrc%5Etfw\">@PEspinosaC<\/a><\/p>\n<p>Resumen del cap\u00edtulo \u00abEfectos del Cambio Clim\u00e1tico sobre la Salud Humana en Castilla\u2013La Mancha\u00bb <a href=\"https:\/\/t.co\/2P9AXZoewR\">pic.twitter.com\/2P9AXZoewR<\/a><\/p>\n<p>\u2014 Alberto N\u00e1jera (@najera2000) <a href=\"https:\/\/twitter.com\/najera2000\/status\/1054879197905281025?ref_src=twsrc%5Etfw\">23 de octubre de 2018<\/a><\/p><\/blockquote>\n<h5>&#8211; <a href=\"https:\/\/twitter.com\/najera2000\/status\/1066466337562771462\">SIDA en los 90, un dif\u00edcil camino<\/a>\u00a0(24 de noviembre de 2018):<\/h5>\n<blockquote class=\"twitter-tweet\">\n<p dir=\"ltr\" lang=\"es\">En 1991, mi padre, anatomopat\u00f3logo, trabajaba en el Instituto de Salud Carlos III en la C\/ Sinesio Delgado de Madrid, con pacientes afectados por el SIDA, investigaba, hac\u00eda autopsias, etc. Ese a\u00f1o, hoy hace 27, muri\u00f3 Freddie Mercury. <a href=\"https:\/\/t.co\/LZNZOJG9p0\">pic.twitter.com\/LZNZOJG9p0<\/a><\/p>\n<p>\u2014 Alberto N\u00e1jera (@najera2000) <a href=\"https:\/\/twitter.com\/najera2000\/status\/1066466337562771462?ref_src=twsrc%5Etfw\">24 de noviembre de 2018<\/a><\/p><\/blockquote>\n<p>&nbsp;<\/p>\n<p style=\"text-align: center\">\n","protected":false},"excerpt":{"rendered":"<p>Desde hace relativamente poco tiempo, Twitter permite la elaboraci\u00f3n de \u00abhilos\u00bb o tuits encadenados en los que poder expresar una idea, partidita en trocitos, masticada, en p\u00edldoras de tuits cortos que, en conjunto, tendr\u00e1n una extensi\u00f3n mayor, proporcionando a trav\u00e9s de la red de microblogging, otro ecosistema para aquellos que est\u00e9n interesados. En esta secci\u00f3n, [&hellip;]<\/p>\n","protected":false},"author":410,"featured_media":0,"parent":0,"menu_order":0,"comment_status":"closed","ping_status":"closed","template":"","meta":{"footnotes":""},"class_list":["post-1328","page","type-page","status-publish","hentry"],"_links":{"self":[{"href":"https:\/\/blog.uclm.es\/albertonajera\/wp-json\/wp\/v2\/pages\/1328","targetHints":{"allow":["GET"]}}],"collection":[{"href":"https:\/\/blog.uclm.es\/albertonajera\/wp-json\/wp\/v2\/pages"}],"about":[{"href":"https:\/\/blog.uclm.es\/albertonajera\/wp-json\/wp\/v2\/types\/page"}],"author":[{"embeddable":true,"href":"https:\/\/blog.uclm.es\/albertonajera\/wp-json\/wp\/v2\/users\/410"}],"replies":[{"embeddable":true,"href":"https:\/\/blog.uclm.es\/albertonajera\/wp-json\/wp\/v2\/comments?post=1328"}],"version-history":[{"count":0,"href":"https:\/\/blog.uclm.es\/albertonajera\/wp-json\/wp\/v2\/pages\/1328\/revisions"}],"wp:attachment":[{"href":"https:\/\/blog.uclm.es\/albertonajera\/wp-json\/wp\/v2\/media?parent=1328"}],"curies":[{"name":"wp","href":"https:\/\/api.w.org\/{rel}","templated":true}]}}