{"id":1189,"date":"2017-06-06T12:12:16","date_gmt":"2017-06-06T10:12:16","guid":{"rendered":"http:\/\/blog.uclm.es\/albertonajera\/?page_id=1189"},"modified":"2017-06-06T12:12:16","modified_gmt":"2017-06-06T10:12:16","slug":"en-los-medios","status":"publish","type":"page","link":"https:\/\/blog.uclm.es\/albertonajera\/en-los-medios\/","title":{"rendered":"En los medios&#8230;"},"content":{"rendered":"<p>En esta secci\u00f3n, voy a intentar ir colgando entrevistas, charlas y dem\u00e1s:<\/p>\n<ul>\n<li><a href=\"http:\/\/play.cadenaser.com\/audio\/020RD010000000115337\/\">Primer \u00abConCiencia\u00bb en Cadena Ser Albacete, 14\/11\/2018: Ciencia y Pseudociencia<\/a>.<\/li>\n<li><a href=\"http:\/\/cadenaser.com\/emisora\/2018\/10\/24\/radio_albacete\/1540381623_821362.amp.html?__twitter_impression=true\">Cambio Clim\u00e1tico y Salud en Cadena Ser, 24\/10\/2018<\/a>.<\/li>\n<li><a href=\"https:\/\/www.youtube.com\/watch?v=9GPJPVgZLxw\">Paseando entre los planetas del Parque Lineal de Albacete<\/a>.<\/li>\n<li><a href=\"https:\/\/www.ivoox.com\/22247993\">\u00abRadiaci\u00f3n electromagn\u00e9tica.Conversaci\u00f3n telef\u00f3nica completa con la Fundaci\u00f3n para la Salud Geoambiental\u00bb en La Zona Cr\u00edtica.<\/a><\/li>\n<li>\u00abMoriremos todos pero no por culpa de las antenas\u00bb en el V curso internacional de La Ci\u00e8ncia pren la paraula\u00bb de la Universidad de Alicante:\u00a0<a href=\"https:\/\/youtu.be\/hA4PIYdHL08\">https:\/\/youtu.be\/hA4PIYdHL08<\/a><\/li>\n<li>En la Mec\u00e1nica del Caracol en Radio Euskadi:\u00a0<a href=\"http:\/\/www.eitb.eus\/es\/radio\/radio-euskadi\/programas\/la-mecanica-del-caracol\/detalle\/5062180\/bulos-efectos-radiacion-antenas-moviles-wifi\/\">http:\/\/www.eitb.eus\/es\/radio\/radio-euskadi\/programas\/la-mecanica-del-caracol\/detalle\/5062180\/bulos-efectos-radiacion-antenas-moviles-wifi\/\u00a0<\/a><\/li>\n<li>Estando contigo. Castilla-La Mancha TV:\u00a0<a href=\"https:\/\/youtu.be\/tJthMU3oKfw\">https:\/\/youtu.be\/tJthMU3oKfw<\/a><\/li>\n<li>Programa \u00abEn el Punto de Mira\u00bb de Cuatro: <a href=\"http:\/\/www.mitele.es\/programas-tv\/en-el-punto-de-mira\/59351c96ca15da2b5c8b4600\/player\">http:\/\/www.mitele.es\/programas-tv\/en-el-punto-de-mira\/59351c96ca15da2b5c8b4600\/player<\/a><\/li>\n<li>Charla en \u00abTerapias Peligrosas\u00bb organizada por\u00a0Fisioterapia Sin Red y ARP-ASP: <a href=\"https:\/\/youtu.be\/JAOlnnraLGc?t=2736\">https:\/\/youtu.be\/JAOlnnraLGc?t=2736<\/a><\/li>\n<li>Esc\u00e9pticos en el Pub, Madrid: <a href=\"https:\/\/www.youtube.com\/watch?v=5kgnj5g1uX4\">https:\/\/www.youtube.com\/watch?v=5kgnj5g1uX4<\/a><\/li>\n<li>Entrevista en Radio Exterior de Espa\u00f1a: <a href=\"http:\/\/www.rtve.es\/m\/alacarta\/audios\/marca-espana\/marca-espana-ondas-electromagneticas-efectos-salud-29-05-17\/4039602\/?media=rne\">http:\/\/www.rtve.es\/m\/alacarta\/audios\/marca-espana\/marca-espana-ondas-electromagneticas-efectos-salud-29-05-17\/4039602\/?media=rne<\/a><\/li>\n<li>Programa \u00abDoble H\u00e9lice\u00bb en RNE 5 Tenerife:\u00a0<a href=\"http:\/\/www.ivoox.com\/antenas-moviles-nuestra-salud-audios-mp3_rf_18828918_1.html?var=web376&amp;utm_expid=113438436-40.gUPDUg6WTJSAl0nGhGrIGA.1&amp;utm_referrer=http%3A%2F%2Fwww.ivoox.com%2Fpodcast-doble-helice_sq_f160690_1.html\">http:\/\/www.ivoox.com\/antenas-moviles-nuestra-salud-audios-mp3_rf_18828918_1.html?var=web376&amp;utm_expid=113438436-40.gUPDUg6WTJSAl0nGhGrIGA.1&amp;utm_referrer=http%3A%2F%2Fwww.ivoox.com%2Fpodcast-doble-helice_sq_f160690_1.html<\/a><\/li>\n<li>Programa \u00abEntre probetas\u00bb de RNE:\u00a0<a href=\"http:\/\/www.rtve.es\/alacarta\/audios\/entre-probetas\/entre-probetas-dia-mundial-esclerosis-multiple-07-06-17\/4054245\/\">http:\/\/www.rtve.es\/alacarta\/audios\/entre-probetas\/entre-probetas-dia-mundial-esclerosis-multiple-07-06-17\/4054245\/<\/a><\/li>\n<li>Programa CienciaEs:\u00a0<a href=\"http:\/\/cienciaes.com\/entrevistas\/2011\/11\/18\/sumergidos-en-un-oceano-de-radiaciones-hablamos-con-alberto-najera-y-enrique-arribas\/\">http:\/\/cienciaes.com\/entrevistas\/2011\/11\/18\/sumergidos-en-un-oceano-de-radiaciones-hablamos-con-alberto-najera-y-enrique-arribas\/<\/a><\/li>\n<li>Hoy por hoy Cadena Ser Albacete a partir del minuto 1:20:00: <a href=\"http:\/\/play.cadenaser.com\/audio\/ser_albacete_hoyporhoyalbacete_20170601_122000_140000\/\">http:\/\/play.cadenaser.com\/audio\/ser_albacete_hoyporhoyalbacete_20170601_122000_140000\/<\/a><\/li>\n<\/ul>\n","protected":false},"excerpt":{"rendered":"<p>En esta secci\u00f3n, voy a intentar ir colgando entrevistas, charlas y dem\u00e1s: Primer \u00abConCiencia\u00bb en Cadena Ser Albacete, 14\/11\/2018: Ciencia y Pseudociencia. Cambio Clim\u00e1tico y Salud en Cadena Ser, 24\/10\/2018. Paseando entre los planetas del Parque Lineal de Albacete. \u00abRadiaci\u00f3n electromagn\u00e9tica.Conversaci\u00f3n telef\u00f3nica completa con la Fundaci\u00f3n para la Salud Geoambiental\u00bb en La Zona Cr\u00edtica. \u00abMoriremos [&hellip;]<\/p>\n","protected":false},"author":410,"featured_media":0,"parent":0,"menu_order":0,"comment_status":"closed","ping_status":"closed","template":"","meta":{"footnotes":""},"class_list":["post-1189","page","type-page","status-publish","hentry"],"_links":{"self":[{"href":"https:\/\/blog.uclm.es\/albertonajera\/wp-json\/wp\/v2\/pages\/1189","targetHints":{"allow":["GET"]}}],"collection":[{"href":"https:\/\/blog.uclm.es\/albertonajera\/wp-json\/wp\/v2\/pages"}],"about":[{"href":"https:\/\/blog.uclm.es\/albertonajera\/wp-json\/wp\/v2\/types\/page"}],"author":[{"embeddable":true,"href":"https:\/\/blog.uclm.es\/albertonajera\/wp-json\/wp\/v2\/users\/410"}],"replies":[{"embeddable":true,"href":"https:\/\/blog.uclm.es\/albertonajera\/wp-json\/wp\/v2\/comments?post=1189"}],"version-history":[{"count":0,"href":"https:\/\/blog.uclm.es\/albertonajera\/wp-json\/wp\/v2\/pages\/1189\/revisions"}],"wp:attachment":[{"href":"https:\/\/blog.uclm.es\/albertonajera\/wp-json\/wp\/v2\/media?parent=1189"}],"curies":[{"name":"wp","href":"https:\/\/api.w.org\/{rel}","templated":true}]}}