{"id":113,"date":"2012-11-04T22:54:10","date_gmt":"2012-11-04T21:54:10","guid":{"rendered":"http:\/\/blog.uclm.es\/albertonajera\/?page_id=113"},"modified":"2012-11-04T22:54:10","modified_gmt":"2012-11-04T21:54:10","slug":"master-universitario-en-biomedicina-experimental","status":"publish","type":"page","link":"https:\/\/blog.uclm.es\/albertonajera\/master-universitario-en-biomedicina-experimental\/","title":{"rendered":"Docencia en el M\u00e1ster Universitario en Biomedicina Experimental"},"content":{"rendered":"<p style=\"text-align: justify\">Los profesores del \u00c1rea de Conocimiento de Radiolog\u00eda y Medicina F\u00edsica (b\u00e1sica), participan en la docencia de las siguientes asignaturas:<\/p>\n<p style=\"text-align: justify\"><strong>CIENCIA Y TECNOLOG\u00cdA DEL ANIMAL DE EXPERIMENTACI\u00d3N<\/strong><\/p>\n<ul style=\"text-align: justify\">\n<li>T\u00edtulo: Principios b\u00e1sicos del an\u00e1lisis estad\u00edstico: elecci\u00f3n del tama\u00f1o de una muestra an\u00e1lisis de resultados.<\/li>\n<li>Sesi\u00f3n de 2 horas de duraci\u00f3n (0,2 ECTS)<\/li>\n<li>Profesorado: Alberto N\u00e1jera L\u00f3pez.<\/li>\n<\/ul>\n<div style=\"text-align: justify\"><\/div>\n<p style=\"text-align: justify\"><strong>EL PROCESO DE ELABORACI\u00d3N Y DIFUSI\u00d3N DEL CONOCIMIENTO CIENT\u00cdFICO<\/strong><\/p>\n<ul style=\"text-align: justify\">\n<li>T\u00edtulo: Gesti\u00f3n Bibliogr\u00e1fica I y II.<\/li>\n<li>2 Sesiones de 4 horas de duraci\u00f3n (0,8 ECTS)<\/li>\n<li>Profesorado: Alberto N\u00e1jera L\u00f3pez.<\/li>\n<\/ul>\n<div style=\"text-align: justify\"><\/div>\n<p style=\"text-align: justify\"><strong>FUNDAMENTOS MICROSCOP\u00cdA \u00d3PTICA Y ELECTR\u00d3NICA<\/strong><\/p>\n<ul style=\"text-align: justify\">\n<li>T\u00edtulo: Fundamentals of Optics (sesi\u00f3n en ingl\u00e9s).<\/li>\n<li>Sesi\u00f3n de 2 horas de duraci\u00f3n (0,2 ECTS)<\/li>\n<li>Profesorado: Alberto N\u00e1jera L\u00f3pez.<\/li>\n<\/ul>\n<div style=\"text-align: justify\"><\/div>\n<p style=\"text-align: justify\"><strong>FISIOLOG\u00cdA DE SISTEMAS BIOL\u00d3GICOS<\/strong><\/p>\n<ul style=\"text-align: justify\">\n<li>T\u00edtulo: T\u00e9cnicas computacionales con modelos biol\u00f3gicos.<\/li>\n<li>Sesi\u00f3n de 3 horas de duraci\u00f3n (0,3 ECTS)<\/li>\n<li>Profesorado: Alberto N\u00e1jera L\u00f3pez.<\/li>\n<\/ul>\n<div style=\"text-align: justify\"><\/div>\n<p style=\"text-align: justify\"><strong>APLICACI\u00d3N DE RADION\u00daCLIDOS EN INVESTIGACI\u00d3N BIOM\u00c9DICA<\/strong><\/p>\n<ul style=\"text-align: justify\">\n<li>T\u00edtulo: Aplicaciones de la radiactividad en investigaci\u00f3n. Medicina Nuclear (I y II) y Radiocirug\u00eda y Radiofarmacia (I y II).<\/li>\n<li>4 sesiones de 3 horas de duraci\u00f3n (1,2 ECTS)<\/li>\n<li>Profesorado: Alberto N\u00e1jera L\u00f3pez y Enrique Arribas Garde.<\/li>\n<\/ul>\n<div style=\"text-align: justify\"><\/div>\n<p style=\"text-align: justify\">Toda la informaci\u00f3n del Programa de M\u00e1ster en: <a href=\"http:\/\/www.mube.masteruniversitario.uclm.es\/\">http:\/\/www.mube.masteruniversitario.uclm.es\/<\/a><\/p>\n","protected":false},"excerpt":{"rendered":"<p>Los profesores del \u00c1rea de Conocimiento de Radiolog\u00eda y Medicina F\u00edsica (b\u00e1sica), participan en la docencia de las siguientes asignaturas: CIENCIA Y TECNOLOG\u00cdA DEL ANIMAL DE EXPERIMENTACI\u00d3N T\u00edtulo: Principios b\u00e1sicos del an\u00e1lisis estad\u00edstico: elecci\u00f3n del tama\u00f1o de una muestra an\u00e1lisis de resultados. Sesi\u00f3n de 2 horas de duraci\u00f3n (0,2 ECTS) Profesorado: Alberto N\u00e1jera L\u00f3pez. EL [&hellip;]<\/p>\n","protected":false},"author":410,"featured_media":0,"parent":0,"menu_order":0,"comment_status":"closed","ping_status":"closed","template":"page-fullwidth.php","meta":{"footnotes":""},"class_list":["post-113","page","type-page","status-publish","hentry"],"_links":{"self":[{"href":"https:\/\/blog.uclm.es\/albertonajera\/wp-json\/wp\/v2\/pages\/113","targetHints":{"allow":["GET"]}}],"collection":[{"href":"https:\/\/blog.uclm.es\/albertonajera\/wp-json\/wp\/v2\/pages"}],"about":[{"href":"https:\/\/blog.uclm.es\/albertonajera\/wp-json\/wp\/v2\/types\/page"}],"author":[{"embeddable":true,"href":"https:\/\/blog.uclm.es\/albertonajera\/wp-json\/wp\/v2\/users\/410"}],"replies":[{"embeddable":true,"href":"https:\/\/blog.uclm.es\/albertonajera\/wp-json\/wp\/v2\/comments?post=113"}],"version-history":[{"count":0,"href":"https:\/\/blog.uclm.es\/albertonajera\/wp-json\/wp\/v2\/pages\/113\/revisions"}],"wp:attachment":[{"href":"https:\/\/blog.uclm.es\/albertonajera\/wp-json\/wp\/v2\/media?parent=113"}],"curies":[{"name":"wp","href":"https:\/\/api.w.org\/{rel}","templated":true}]}}