{"id":83,"date":"2017-05-23T11:10:56","date_gmt":"2017-05-23T10:10:56","guid":{"rendered":"http:\/\/blogdev.uclm.es\/albertomunoz\/?page_id=83"},"modified":"2024-07-17T09:33:34","modified_gmt":"2024-07-17T08:33:34","slug":"administracion-y-direccion-de-empresas-analisis-contable","status":"publish","type":"page","link":"https:\/\/blog.uclm.es\/albertomunoz\/administracion-y-direccion-de-empresas-analisis-contable\/","title":{"rendered":"Administraci\u00f3n y Direcci\u00f3n de Empresas: An\u00e1lisis Contable"},"content":{"rendered":"","protected":false},"excerpt":{"rendered":"","protected":false},"author":101,"featured_media":0,"parent":0,"menu_order":0,"comment_status":"closed","ping_status":"closed","template":"","meta":{"footnotes":""},"class_list":["post-83","page","type-page","status-publish","hentry"],"_links":{"self":[{"href":"https:\/\/blog.uclm.es\/albertomunoz\/wp-json\/wp\/v2\/pages\/83","targetHints":{"allow":["GET"]}}],"collection":[{"href":"https:\/\/blog.uclm.es\/albertomunoz\/wp-json\/wp\/v2\/pages"}],"about":[{"href":"https:\/\/blog.uclm.es\/albertomunoz\/wp-json\/wp\/v2\/types\/page"}],"author":[{"embeddable":true,"href":"https:\/\/blog.uclm.es\/albertomunoz\/wp-json\/wp\/v2\/users\/101"}],"replies":[{"embeddable":true,"href":"https:\/\/blog.uclm.es\/albertomunoz\/wp-json\/wp\/v2\/comments?post=83"}],"version-history":[{"count":7,"href":"https:\/\/blog.uclm.es\/albertomunoz\/wp-json\/wp\/v2\/pages\/83\/revisions"}],"predecessor-version":[{"id":561,"href":"https:\/\/blog.uclm.es\/albertomunoz\/wp-json\/wp\/v2\/pages\/83\/revisions\/561"}],"wp:attachment":[{"href":"https:\/\/blog.uclm.es\/albertomunoz\/wp-json\/wp\/v2\/media?parent=83"}],"curies":[{"name":"wp","href":"https:\/\/api.w.org\/{rel}","templated":true}]}}