{"id":62,"date":"2021-06-04T10:24:49","date_gmt":"2021-06-04T09:24:49","guid":{"rendered":"https:\/\/blog.uclm.es\/aid\/?page_id=62"},"modified":"2021-06-04T10:24:49","modified_gmt":"2021-06-04T09:24:49","slug":"difusion-de-resultados","status":"publish","type":"page","link":"https:\/\/blog.uclm.es\/aid\/difusion-de-resultados\/","title":{"rendered":"Difusi\u00f3n"},"content":{"rendered":"\n<h2 class=\"wp-block-heading\"><li>Impartici\u00f3n de conferencias\/charlas divulgativas: <\/li><\/h2>\n\n\n\n<ul class=\"wp-block-list\"><li>Se han organizado charlas divulgativas en el Programa Universitario Jos\u00e9 Saramago (PUJS)\u00a0<em>50 plus<\/em>:<\/li><\/ul>\n\n\n\n<ol class=\"wp-block-list\"><li>Biomarcadores para la detecci\u00f3n de la soledad<\/li><li>Factores psicol\u00f3gicos que afectan a la soledad<\/li><\/ol>\n\n\n\n<h2 class=\"wp-block-heading\"><li>Organizaci\u00f3n de seminarios divulgativos: <\/li><\/h2>\n\n\n\n<ul class=\"wp-block-list\"><li>Se realizar\u00e1n seminarios divulgativos en la UCLM, y tambi\u00e9n en la Asociaci\u00f3n de Programas Universitarios para Mayores. A su vez se va a participar en la biblioteca municipal de Cuenca \u00abFerm\u00edn Caballero\u00bb, espec\u00edficamente con la Biblioteca Solidaria de Castilla-La Mancha, mediante un seminario divulgativo que muestre los resultados, que muestran que la soledad se puede detectar y tambi\u00e9n existen factores protectores que permiten disminuirla.<\/li><\/ul>\n\n\n\n<p><\/p>\n","protected":false},"excerpt":{"rendered":"<p>Impartici\u00f3n de conferencias\/charlas divulgativas: Se han organizado charlas divulgativas en el Programa Universitario Jos\u00e9 Saramago (PUJS)\u00a050 plus: Biomarcadores para la detecci\u00f3n de la soledad Factores psicol\u00f3gicos que afectan a la soledad Organizaci\u00f3n de seminarios divulgativos: Se realizar\u00e1n seminarios divulgativos en &hellip; <a href=\"https:\/\/blog.uclm.es\/aid\/difusion-de-resultados\/\">Sigue leyendo <span class=\"meta-nav\">&rarr;<\/span><\/a><\/p>\n","protected":false},"author":200,"featured_media":13,"parent":0,"menu_order":0,"comment_status":"closed","ping_status":"closed","template":"","meta":{"footnotes":""},"class_list":["post-62","page","type-page","status-publish","has-post-thumbnail","hentry"],"_links":{"self":[{"href":"https:\/\/blog.uclm.es\/aid\/wp-json\/wp\/v2\/pages\/62","targetHints":{"allow":["GET"]}}],"collection":[{"href":"https:\/\/blog.uclm.es\/aid\/wp-json\/wp\/v2\/pages"}],"about":[{"href":"https:\/\/blog.uclm.es\/aid\/wp-json\/wp\/v2\/types\/page"}],"author":[{"embeddable":true,"href":"https:\/\/blog.uclm.es\/aid\/wp-json\/wp\/v2\/users\/200"}],"replies":[{"embeddable":true,"href":"https:\/\/blog.uclm.es\/aid\/wp-json\/wp\/v2\/comments?post=62"}],"version-history":[{"count":0,"href":"https:\/\/blog.uclm.es\/aid\/wp-json\/wp\/v2\/pages\/62\/revisions"}],"wp:featuredmedia":[{"embeddable":true,"href":"https:\/\/blog.uclm.es\/aid\/wp-json\/wp\/v2\/media\/13"}],"wp:attachment":[{"href":"https:\/\/blog.uclm.es\/aid\/wp-json\/wp\/v2\/media?parent=62"}],"curies":[{"name":"wp","href":"https:\/\/api.w.org\/{rel}","templated":true}]}}