{"id":30,"date":"2021-06-04T09:28:56","date_gmt":"2021-06-04T08:28:56","guid":{"rendered":"https:\/\/blog.uclm.es\/aid\/?page_id=30"},"modified":"2021-06-04T09:28:56","modified_gmt":"2021-06-04T08:28:56","slug":"paquetes-de-trabajo","status":"publish","type":"page","link":"https:\/\/blog.uclm.es\/aid\/paquetes-de-trabajo\/","title":{"rendered":"Paquetes de trabajo"},"content":{"rendered":"\n<p><strong>Objetivo fundamental:<\/strong>&nbsp;El objetivo fundamental es el an\u00e1lisis de biomarcadores para evaluar las para evaluar su relaci\u00f3n con la integraci\u00f3n social.<\/p>\n\n\n\n<p><strong>Objetivo 1:<\/strong>&nbsp;Registro y an\u00e1lisis de biomarcadores.<\/p>\n\n\n\n<ul class=\"wp-block-list\"><li><strong>Hito 1.1:&nbsp;<\/strong>Registro de Biomarcadores.<\/li><li><strong>Hito 1.2:&nbsp;<\/strong>Resgistro de ECG y presi\u00f3n arterial durante 5 minutos.<\/li><li><strong>Hito 1.3:&nbsp;<\/strong>Registros Holter durante 24 horas.<\/li><li><strong>Hito 1.4:&nbsp;<\/strong>Procesado de las se\u00f1ales.<\/li><\/ul>\n\n\n\n<p><strong>Objetivo 2:&nbsp;<\/strong>Evaluaci\u00f3n de pruebas y cuestionarios.<\/p>\n\n\n\n<ul class=\"wp-block-list\"><li><strong>Hito 2.1:&nbsp;<\/strong>Elaboraci\u00f3n de cuestionarios.<\/li><li><strong>Hito 2.2:&nbsp;<\/strong>Cumplimentaci\u00f3n de cuestionarios.<\/li><li><strong>Hito 2.3:&nbsp;<\/strong>Valoraci\u00f3n de los resultados.<\/li><\/ul>\n\n\n\n<p><strong>Objetivo 3:&nbsp;<\/strong>Evaluaci\u00f3n de resultados de cuestionarios y de las respuestas fisiol\u00f3gicas<\/p>\n\n\n\n<ul class=\"wp-block-list\"><li><strong>Hito 3.1:&nbsp;<\/strong>Evaluaci\u00f3n de la relaci\u00f3n entre las respuestas fisiol\u00f3gicas y los resultados de integraci\u00f3n social, soledad y prop\u00f3sito la vida.<\/li><li><strong>Hito 3.3:&nbsp;<\/strong>Extracci\u00f3n de conclusiones y de indicadores fisiol\u00f3gicos que puedan prevenir el      aislamiento social y la soledad.<\/li><\/ul>\n","protected":false},"excerpt":{"rendered":"<p>Objetivo fundamental:&nbsp;El objetivo fundamental es el an\u00e1lisis de biomarcadores para evaluar las para evaluar su relaci\u00f3n con la integraci\u00f3n social. Objetivo 1:&nbsp;Registro y an\u00e1lisis de biomarcadores. Hito 1.1:&nbsp;Registro de Biomarcadores. Hito 1.2:&nbsp;Resgistro de ECG y presi\u00f3n arterial durante 5 minutos. &hellip; <a href=\"https:\/\/blog.uclm.es\/aid\/paquetes-de-trabajo\/\">Sigue leyendo <span class=\"meta-nav\">&rarr;<\/span><\/a><\/p>\n","protected":false},"author":200,"featured_media":73,"parent":0,"menu_order":0,"comment_status":"closed","ping_status":"closed","template":"","meta":{"footnotes":""},"class_list":["post-30","page","type-page","status-publish","has-post-thumbnail","hentry"],"_links":{"self":[{"href":"https:\/\/blog.uclm.es\/aid\/wp-json\/wp\/v2\/pages\/30","targetHints":{"allow":["GET"]}}],"collection":[{"href":"https:\/\/blog.uclm.es\/aid\/wp-json\/wp\/v2\/pages"}],"about":[{"href":"https:\/\/blog.uclm.es\/aid\/wp-json\/wp\/v2\/types\/page"}],"author":[{"embeddable":true,"href":"https:\/\/blog.uclm.es\/aid\/wp-json\/wp\/v2\/users\/200"}],"replies":[{"embeddable":true,"href":"https:\/\/blog.uclm.es\/aid\/wp-json\/wp\/v2\/comments?post=30"}],"version-history":[{"count":0,"href":"https:\/\/blog.uclm.es\/aid\/wp-json\/wp\/v2\/pages\/30\/revisions"}],"wp:featuredmedia":[{"embeddable":true,"href":"https:\/\/blog.uclm.es\/aid\/wp-json\/wp\/v2\/media\/73"}],"wp:attachment":[{"href":"https:\/\/blog.uclm.es\/aid\/wp-json\/wp\/v2\/media?parent=30"}],"curies":[{"name":"wp","href":"https:\/\/api.w.org\/{rel}","templated":true}]}}