{"id":29,"date":"2021-06-04T09:37:36","date_gmt":"2021-06-04T08:37:36","guid":{"rendered":"https:\/\/blog.uclm.es\/aid\/?page_id=29"},"modified":"2021-06-04T09:37:36","modified_gmt":"2021-06-04T08:37:36","slug":"investigadores","status":"publish","type":"page","link":"https:\/\/blog.uclm.es\/aid\/investigadores\/","title":{"rendered":"Investigadores"},"content":{"rendered":"\n<figure class=\"wp-block-table\"><table><tbody><tr><td><strong>Raqu<strong>el Cervig\u00f3n Abad<\/strong><br \/><\/strong>Profesor Titular de Universidad<br \/>Universidad de Castilla-La Mancha<br \/>Investigador Principal<br \/><br \/><strong>Henrique Leonel Gomes<br \/><\/strong>Associate Professor with aggregation<br \/>Universidade do Algarve<br \/><br \/><strong>C\u00e9sar S\u00e1nchez Mel\u00e9ndez<\/strong><br \/>Vicerrector de\u00a0<em>Cultura<\/em>, Deporte y Responsabilidad Social<br \/>Profesor Titular de Universidad<br \/>Universidad de Castilla-La Mancha<br \/><br \/><strong>Santiago Yubero Jim\u00e9nez<\/strong><br \/>Catedr\u00e1tico de Escuela Universitaria<br \/>Universidad de Castilla-La Mancha<br \/><br \/><strong>Jos\u00e9 Millet Roig<\/strong><br \/>atedr\u00e1tico de Universidad<br \/>Universidad Polit\u00e9cnica de Valencia<br \/><br \/><strong>Jos\u00e9 Manuel G\u00f3mez Pulido<br \/><\/strong>Profesor Titular de Universidad<br \/>Universidad de Alcal\u00e1<\/td><\/tr><\/tbody><\/table><\/figure>\n","protected":false},"excerpt":{"rendered":"<p>Raquel Cervig\u00f3n AbadProfesor Titular de UniversidadUniversidad de Castilla-La ManchaInvestigador Principal Henrique Leonel GomesAssociate Professor with aggregationUniversidade do Algarve C\u00e9sar S\u00e1nchez Mel\u00e9ndezVicerrector de\u00a0Cultura, Deporte y Responsabilidad SocialProfesor Titular de UniversidadUniversidad de Castilla-La Mancha Santiago Yubero Jim\u00e9nezCatedr\u00e1tico de Escuela UniversitariaUniversidad de Castilla-La &hellip; <a href=\"https:\/\/blog.uclm.es\/aid\/investigadores\/\">Sigue leyendo <span class=\"meta-nav\">&rarr;<\/span><\/a><\/p>\n","protected":false},"author":200,"featured_media":12,"parent":0,"menu_order":0,"comment_status":"closed","ping_status":"closed","template":"","meta":{"footnotes":""},"class_list":["post-29","page","type-page","status-publish","has-post-thumbnail","hentry"],"_links":{"self":[{"href":"https:\/\/blog.uclm.es\/aid\/wp-json\/wp\/v2\/pages\/29","targetHints":{"allow":["GET"]}}],"collection":[{"href":"https:\/\/blog.uclm.es\/aid\/wp-json\/wp\/v2\/pages"}],"about":[{"href":"https:\/\/blog.uclm.es\/aid\/wp-json\/wp\/v2\/types\/page"}],"author":[{"embeddable":true,"href":"https:\/\/blog.uclm.es\/aid\/wp-json\/wp\/v2\/users\/200"}],"replies":[{"embeddable":true,"href":"https:\/\/blog.uclm.es\/aid\/wp-json\/wp\/v2\/comments?post=29"}],"version-history":[{"count":0,"href":"https:\/\/blog.uclm.es\/aid\/wp-json\/wp\/v2\/pages\/29\/revisions"}],"wp:featuredmedia":[{"embeddable":true,"href":"https:\/\/blog.uclm.es\/aid\/wp-json\/wp\/v2\/media\/12"}],"wp:attachment":[{"href":"https:\/\/blog.uclm.es\/aid\/wp-json\/wp\/v2\/media?parent=29"}],"curies":[{"name":"wp","href":"https:\/\/api.w.org\/{rel}","templated":true}]}}