{"id":796,"date":"2015-03-05T10:04:39","date_gmt":"2015-03-05T09:04:39","guid":{"rendered":"http:\/\/blog.uclm.es\/ada\/?page_id=796"},"modified":"2015-03-05T10:04:39","modified_gmt":"2015-03-05T09:04:39","slug":"2015-2","status":"publish","type":"page","link":"https:\/\/blog.uclm.es\/ada\/publicaciones-publications\/2015-2\/","title":{"rendered":"2015"},"content":{"rendered":"<p style=\"text-align: justify\">Arroyo Jim\u00e9nez, L., \u00abLas bases constitucionales de la actividad administrativa de adjudicaci\u00f3n de derechos limitados en n\u00famero\u00bb, en\u00a0<em>La administraci\u00f3n de la escasez. Los fundamentos de la actividad administrativa de adjudicaci\u00f3n de derechos limitados en n\u00famero<\/em>, L. Arroyo y D. Utrilla(dirs.), Marcial Pons, 2015.<\/p>\n<p style=\"text-align: justify\">Arroyo Jim\u00e9nez, L., \u00abLa adjudicaci\u00f3n administrativa de recursos escasos\u201d,\u00a0<em>InDret\u00a0<\/em>1\/2015.<\/p>\n<div class=\"entry-content\">\n<p>Arroyo Jim\u00e9nez, L. \u00abLos derechos fundamentales de la Uni\u00f3n Europea y el Tribunal Constitucional\u00bb, <em>Revista Espa\u00f1ola de Derecho Administrativo<\/em>, n\u00fam. 174, 2015, p\u00e1gs. 343 y ss.<\/p>\n<\/div>\n<p style=\"text-align: justify\"><span style=\"line-height: 1.5\">Arroyo Jim\u00e9nez, L., Ortega, C., Beladiez, M. y Rodr\u00edguez de Santiago, J. M. (coords.), <\/span><em style=\"line-height: 1.5\">El juez del Derecho administrativo. Libro homenaje a Javier Delgado Barrio<\/em><span style=\"line-height: 1.5\">, Marcial Pons, 2015.<\/span><\/p>\n<p style=\"text-align: justify\">Arroyo Jim\u00e9nez, L., y Utrilla Fern\u00e1ndez-Bermejo , D. (dirs.), <em>La administraci\u00f3n de la escasez. Los fundamentos de la actividad administrativa de adjudicaci\u00f3n de derechos limitados en n\u00famero<\/em>, Marcial Pons, 2015, 259 p\u00e1gs.<\/p>\n<p style=\"text-align: justify\">Arroyo Jim\u00e9nez, L., y Utrilla Fern\u00e1ndez-Bermejo , D., \u00abAllocation of Limited Public Rights. Some Keystones for\u00a0a General Theory\u00bb,\u00a0<em>Ius Publicum<\/em>, 02\/2015.<\/p>\n<p style=\"text-align: justify\">Arroyo Jim\u00e9nez, L., y Utrilla Fern\u00e1ndez-Bermejo , D., \u00abPublic Participation and Infrastructure Planning in Spain\u00bb, en\u00a0<em>Public Participation in Infrastructure Planning<\/em>, Thomas Gross (ed), EPLS Esperia 2015.<\/p>\n<p style=\"text-align: justify\">Arroyo Jim\u00e9nez, L., y Utrilla Fern\u00e1ndez-Bermejo , D., \u00abLa actividad administrativa de adjudicaci\u00f3n de derechos limitados en n\u00famero. Bases conceptuales y metodol\u00f3gicas\u00bb, en\u00a0<em>La administraci\u00f3n de la escasez. Los fundamentos de la actividad administrativa de adjudicaci\u00f3n de derechos limitados en n\u00famero<\/em>, L. Arroyo y D. Utrilla (dirs.), Marcial Pons, 2015.<\/p>\n<p class=\"p1\">Beltr\u00e1n de Felipe, M., \u00abLos gobiernos locales y la democracia local seg\u00fan el Tribunal Constitucional\u00bb, <i>Revista Espa\u00f1ola de Derecho Administrativo<\/i> n\u00fam. 174 (2015), p\u00e1gs. 291 a 316<\/p>\n<p class=\"p1\"><span class=\"s1\">Beltr\u00e1n de Felipe, M., \u00ab<\/span>La alteraci\u00f3n del reparto de competencias jurisdiccionales en materia penal: la facultad de atracci\u00f3n y la avocaci\u00f3n\u00bb, <i>Revista General de Derecho Procesal<\/i> n\u00ba 36 (2015)<\/p>\n<p class=\"p1\">Delgado Piqueras, Francisco y Passos Gomes, Viviane: \u00abAlgunas reflexiones sobre la gesti\u00f3n integrada de las cuencas hidrogr\u00e1ficas compartidas\u201d, coautor con Viviane Passos Gomes, en el libro Agua y Derecho: Retos para el siglo XXI, Dirigido por Miguel Angel Benito L\u00f3pez, Thomson-Reuters Aranzadi, 2015, pags. 85 a 103, ISBN 978-84-9098-129-0.<\/p>\n<p>Delgado Piqueras, Francisco: \u201cLa situaci\u00f3n de Castilla-la Mancha en los nuevos planes hidrol\u00f3gicos\u201d,\u00a0 en el libro \u201cEl segundo ciclo de planificaci\u00f3n hidrol\u00f3gica en Espa\u00f1a (2010-2014), Embid Irujo (dir. ), Thomson Reuters Aranzadi, 2015, p\u00e1gs., 377 a 424, ISBN 978-84-9098-441-3.<\/p>\n<p style=\"text-align: justify\"><span style=\"line-height: 1.5\">Gallego C\u00f3rcoles, Isabel: \u201cLa modificaci\u00f3n de los contratos en la cuarta generaci\u00f3n de Directivas sobre contrataci\u00f3n p\u00fablica\u201d, <\/span><em style=\"line-height: 1.5\">X Congreso de la Asociaci\u00f3n Espa\u00f1ola de Profesores de Derecho Administrativo, <\/em><span style=\"line-height: 1.5\">febrero de 2015, disponible texto provisional <\/span><a style=\"line-height: 1.5\" href=\"http:\/\/www.aepda.es\/AEPDAPublicaciones-863-Actividades-Congresos-de-la-AEPDA-X-CONGRESO-DE-LA-AEPDA-PROGRAMA-Y-PONENCIAS.aspx\">aqu\u00ed<\/a><span style=\"line-height: 1.5\">.<\/span><\/p>\n<p style=\"text-align: justify\">Gallego C\u00f3rcoles, Isabel: \u201c\u00bfConvenio o contrato?\u201d, <em>Contrataci\u00f3n Administrativa Pr\u00e1ctica, <\/em>n\u00fam. 135, 2015, p\u00e1gs.\u00a0 76 a 80.<\/p>\n<p style=\"text-align: justify\">Gallego C\u00f3rcoles, Isabel: \u201cEl recurso a las capacidades de otras entidades (o del intento de concretar el r\u00e9gimen jur\u00eddico de la integraci\u00f3n de la solvencia mediante medios externos\u201d, en Gimeno Feli\u00fa, J.M.:\u00a0<em>Observatorio de Contratos P\u00fablicos 2014<\/em>, Ed. Aranzadi, 2015, p\u00e1gs. 189-230.<\/p>\n<p style=\"text-align: justify\">Gallego C\u00f3rcoles, Isabel: \u201cLa modificaci\u00f3n de los contratos en la nueva generaci\u00f3n de Directivas sobre contrataci\u00f3n p\u00fablica\u201d, en Gimeno Feli\u00fa, J.M.:\u00a0<em>Las nuevas Directiva de contrataci\u00f3n p\u00fablica<\/em>, Ed. Aranzadi, 2015, p\u00e1gs. 109-170.<\/p>\n<p style=\"text-align: justify\">Meix Cereceda, Pablo: \u00abAspectos competenciales y reformas curriculares: la Ley para la mejora de la calidad educativa en el marco de la Constituci\u00f3n\u00bb, en Fern\u00e1ndez Rodr\u00edguez, C. (Dir.):\u00a0<em>Claves de la reforma educativa. A prop\u00f3sito de la nueva Ley Org\u00e1nica para la mejora de la calidad educativa<\/em>, Ed. Colex, Madrid, 2015, p\u00e1gs. 57-82.<\/p>\n<p style=\"text-align: justify\">Meix Cereceda, Pablo: \u00abLa formaci\u00f3n del profesorado en el Estado auton\u00f3mico\u00bb, en Caballero S\u00e1nchez, R. (Dir.): <i>Sistema educativo y descentralizaci\u00f3n territorial<\/i>, Ed. Iustel, Madrid, 2015, p\u00e1gs. 219-238.<\/p>\n<p style=\"text-align: justify\">Nieto Garrido, Eva,\u00a0\u201cEl principio de autonom\u00eda local: an\u00e1lisis de la doctrina constitucional y aplicaci\u00f3n de la Ley de Racionalizaci\u00f3n y sostenibilidad de la Administraci\u00f3n Local. Posible extralimitaci\u00f3n de las competencias estatales. Defensa de la autonom\u00eda local ante el Tribunal Constitucional. Los reg\u00edmenes especiales\u201d, en Venancio Guti\u00e9rrez Colomina e Hilario Llavador Cisternes (coord.), <em>Ley de Racionalizaci\u00f3n y Sostenibilidad de la Administraci\u00f3n Local. Estudio sobre la aplicaci\u00f3n de la Ley 27\/2013, de 27 de diciembre<\/em>. Tirant Lo Blanch, Valencia, 2015, pp. 153. a 186.<\/p>\n<p style=\"text-align: justify\">Nieto Garrido, Eva,\u00a0\u201cTransparencia y acceso a los documentos versus derecho a la protecci\u00f3n de datos de car\u00e1cter personal en la reciente jurisprudencia del TJUE\u201d en<em> Protecci\u00f3n de datos, Transparencia y Acceso a la Informaci\u00f3n<\/em>, Jos\u00e9 Luis Pi\u00f1ar Ma\u00f1as (dir.), REUS, Madrid, 2015, pp. 59 a 92.<\/p>\n<p style=\"text-align: justify\">Plaza Mart\u00edn, Carmen,\u201cEl Dominio P\u00fablico Hidr\u00e1ulico\u201d en J. Gonz\u00e1lez Garc\u00eda, <em>Derecho de los bienes p\u00fablicos<\/em> (Coord.), Tirant lo Blanch, 2015,<b> <\/b>pp. 878-1094.<\/p>\n<p style=\"text-align: justify\">Utrilla Fern\u00e1ndez-Bermejo, Dolores,\u00a0<em>Expropiaci\u00f3n forzosa y beneficiario privado. Una reconstrucci\u00f3n sistem\u00e1tica<\/em>. Marcial Pons, Madrid, 2015.<\/p>\n<p style=\"text-align: justify\">Utrilla Fern\u00e1ndez-Bermejo, Dolores,\u00a0\u00abJustiprecio e insolvencia. Interpretaci\u00f3n y propuestas de reforma\u00bb, <em>Revista de Administraci\u00f3n P\u00fablica<\/em>, num. 197, 2015.<\/p>\n<p>Utrilla Fern\u00e1ndez-Bermejo, Dolores, \u00abJurisdicci\u00f3n contencioso-administrativa y responsabilidad patrimonial\u00bb, <em>Anuario de Derecho Municipal<\/em>, num. 8, 2015.<\/p>\n<p>Utrilla Fern\u00e1ndez-Bermejo, Dolores, \u00abInter\u00e9s p\u00fablico, actividades privadas y expropiaci\u00f3n en el Derecho comparado\u00bb, <em>InDret<\/em> 2\/2015.<\/p>\n<p>Utrilla Fern\u00e1ndez-Bermejo, Dolores, \u00abThe multilevel protection of the right of property in Europe\u00bb, <em>China-EU Law Journal<\/em>, 2015. DOI: 10.1007\/s12689-014-0050-z.<\/p>\n","protected":false},"excerpt":{"rendered":"<p>Arroyo Jim\u00e9nez, L., \u00abLas bases constitucionales de la actividad administrativa de adjudicaci\u00f3n de derechos limitados en n\u00famero\u00bb, en\u00a0La administraci\u00f3n de la escasez. Los fundamentos de la actividad administrativa de adjudicaci\u00f3n de derechos limitados en n\u00famero, L. Arroyo y D. Utrilla(dirs.), Marcial Pons, 2015. Arroyo Jim\u00e9nez, L., \u00abLa adjudicaci\u00f3n administrativa de recursos escasos\u201d,\u00a0InDret\u00a01\/2015. Arroyo Jim\u00e9nez, L. &hellip; <a href=\"https:\/\/blog.uclm.es\/ada\/publicaciones-publications\/2015-2\/\" class=\"more-link\">Continuar leyendo<span class=\"screen-reader-text\"> \u00ab2015\u00bb<\/span><\/a><\/p>\n","protected":false},"author":20,"featured_media":0,"parent":10,"menu_order":0,"comment_status":"closed","ping_status":"closed","template":"","meta":{"footnotes":""},"class_list":["post-796","page","type-page","status-publish","hentry"],"_links":{"self":[{"href":"https:\/\/blog.uclm.es\/ada\/wp-json\/wp\/v2\/pages\/796","targetHints":{"allow":["GET"]}}],"collection":[{"href":"https:\/\/blog.uclm.es\/ada\/wp-json\/wp\/v2\/pages"}],"about":[{"href":"https:\/\/blog.uclm.es\/ada\/wp-json\/wp\/v2\/types\/page"}],"author":[{"embeddable":true,"href":"https:\/\/blog.uclm.es\/ada\/wp-json\/wp\/v2\/users\/20"}],"replies":[{"embeddable":true,"href":"https:\/\/blog.uclm.es\/ada\/wp-json\/wp\/v2\/comments?post=796"}],"version-history":[{"count":0,"href":"https:\/\/blog.uclm.es\/ada\/wp-json\/wp\/v2\/pages\/796\/revisions"}],"up":[{"embeddable":true,"href":"https:\/\/blog.uclm.es\/ada\/wp-json\/wp\/v2\/pages\/10"}],"wp:attachment":[{"href":"https:\/\/blog.uclm.es\/ada\/wp-json\/wp\/v2\/media?parent=796"}],"curies":[{"name":"wp","href":"https:\/\/api.w.org\/{rel}","templated":true}]}}