{"id":619,"date":"2014-03-27T13:33:42","date_gmt":"2014-03-27T12:33:42","guid":{"rendered":"http:\/\/blog.uclm.es\/ada\/?page_id=619"},"modified":"2014-03-27T13:33:42","modified_gmt":"2014-03-27T12:33:42","slug":"2014-2","status":"publish","type":"page","link":"https:\/\/blog.uclm.es\/ada\/publicaciones-publications\/2014-2\/","title":{"rendered":"2014"},"content":{"rendered":"<p style=\"text-align: justify\"><span style=\"font-size: 10pt\">Alonso Garc\u00eda, M\u00aa Consuelo, \u201cLas modificaciones operadas en el r\u00e9gimen jur\u00eddico de los espacios naturales\u201d, en VVAA: <em>Observatorio de Pol\u00edticas ambientales 2014<\/em>. Thomson-Aranzadi, Cizur Menor (Navarra), 2014.<\/span><\/p>\n<p style=\"text-align: justify\"><span style=\"font-size: 10pt\">Alonso Garc\u00eda, M\u00aa Consuelo, \u201cLa legalizaci\u00f3n, por la modificaci\u00f3n de la Ley de Costas de 2013, de un negocio jur\u00eddico fraudulento: a prop\u00f3sito de las Sentencias del Tribunal Supremo de 5 de noviembre de 2013\u201d, Revista Vasca de Administraci\u00f3n P\u00fablica, 99\/100 de 2014. (P\u00e1gs: 239 a 251).<\/span><\/p>\n<p style=\"text-align: justify\"><span style=\"font-size: 10pt\"><span style=\"line-height: 1.5\">Arroyo Jim\u00e9nez, L., \u201cLa aplicaci\u00f3n judicial del Derecho de la Uni\u00f3n Europea y el derecho a la tutela judicial efectiva. Una propuesta de sistematizaci\u00f3n\u201d, 102 <\/span><em style=\"font-size: 10pt;line-height: 1.5\">Revista Espa\u00f1ola de Derecho Constitucional<\/em><span style=\"line-height: 1.5\">, 2014, 296-316.<\/span><\/span><\/p>\n<p style=\"text-align: justify\"><span style=\"font-size: 10pt\"><span style=\"font-family: georgia, palatino;line-height: 1.5\">Arroyo Jim\u00e9nez, L., \u201cInfrastructure Planning in Spain \u2013 Public Participation and Legal Protection\u201d, <\/span><em style=\"font-family: georgia, palatino;font-size: small;line-height: 1.5\">Journal for European Environmental and Planning Law<\/em><span style=\"font-family: georgia, palatino;line-height: 1.5\">, 11 (2014) 232-248.<\/span><\/span><\/p>\n<p style=\"text-align: justify\"><span style=\"font-size: 10pt\">Arroyo Jim\u00e9nez, L. y Ortega Carballo, C.,\u00a0\u201cTowards the modernization of the appeal for constitutional protection of fundamental rights in Spain\u201d, <em>European Public Law<\/em>, vol. 20, No 1, 2014.<\/span><\/p>\n<p style=\"text-align: justify\"><span style=\"font-size: 10pt\">Beltr\u00e1n de Felipe, Miguel,\u00a0\u0427\u0442\u043e \u0437\u043d\u0430\u0447\u0438\u0442 \u0436\u0438\u0442\u044c \u0432 \u0444\u0435\u0434\u0435\u0440\u0430\u0446\u0438\u0438? [Chto Znachit Zhit v Federacii?] [<i>What does it mean to live in Federation?<\/i>], en \u041e\u0431\u0449\u0430\u044f \u0442\u0435\u0442\u0440\u0430\u0434\u044c [Obschaya Tetrad] n\u00ba 2-3 (65) 2014, p\u00e1ginas 72-80.<\/span><\/p>\n<p style=\"text-align: justify\"><span style=\"line-height: 1.5;font-size: 10pt\">Cantero Martinez, Josefa, Universalidad y gratuidad de las prestaciones sanitarias p\u00fablicas. (Una perspectiva constitucional y desde los compromisos internacionales asumidos por el Estado espa\u00f1ol). Derecho y Salud. 24, pp. 108 &#8211; 131. 2014.<\/span><\/p>\n<p style=\"text-align: justify\"><span style=\"font-size: 10pt\">Cantero Martinez, Josefa, A vueltas con el Real Decreto Ley 162012 y sus medidas urgentes para la sostenibilidad del Sistema Nacional de Salud (editorial). Gaceta Sanitaria. 28, pp. 351 &#8211; 353. 2014.<\/span><\/p>\n<p style=\"text-align: justify\"><span style=\"font-size: 10pt\">Cantero Martinez, Josefa, R\u00e9gimen de contrataci\u00f3n y personal en la Comisi\u00f3n Nacional de los Mercados y la Competencia. Comentarios a la Ley de creaci\u00f3n de la Comisi\u00f3n Nacional de los Mercados y la Competencia. Obra colectiva dirigida por Matilde Carl\u00f3n Ruiz. Thomson-Civitas, 2014.<\/span><\/p>\n<p style=\"text-align: justify\"><span style=\"font-size: 10pt\">Cantero Martinez, Josefa, y otros. Instrumentos para la reorganizaci\u00f3n del personal en los supuestos de adaptaci\u00f3n, modificaci\u00f3n o extinci\u00f3n de unidades administrativas. Especial referencia los Planes de Ordenaci\u00f3n de Recursos Humanos. Empleo p\u00fablico y crisis. Obra dirigida por Federico Castillo Blanco. Instituto Universitario Garc\u00eda Oviedo, 2014.<\/span><\/p>\n<p style=\"text-align: justify\"><span style=\"font-size: 10pt\">Cantero Martinez, Josefa, La Funci\u00f3n P\u00fablica Local: del Estatuto B\u00e1sico a la Ley de Reforma Local de 2013. La autonom\u00eda colectiva en la Administraci\u00f3n Local. Thomson Reuters Aranzadi, 2014.<\/span><\/p>\n<p style=\"text-align: justify\"><span style=\"font-size: 10pt\">Cantero Martinez, Josefa, Tom\u00e1s Quintana L\u00f3pez; y otros. La reforma del r\u00e9gimen local (Comentario a la Ley 272013, de 27 de diciembre, de Racionalizaci\u00f3n y Sostenibilidad de la Administraci\u00f3n Local), dirigido\u00a0por Tom\u00e1s Quintana L\u00f3pez. Reforma Local y funci\u00f3n p\u00fablica. El nuevo r\u00e9gimen de los funcionarios locales con habilitaci\u00f3n de car\u00e1cter nacional. pp. 645 &#8211; 713. Tirant Lo Blanch, 2014.<\/span><\/p>\n<p style=\"text-align: justify\"><span style=\"font-size: 10pt\">Cantero Martinez, Josefa, Garrido Cuenca, Nuria Maria, Las fronteras del Derecho Biosanitario. Anuario de la Facultad de Derecho de la Universidad de Aut\u00f3noma de Madrid (UFDUAM).Ciudadan\u00eda, Asistencia Sanitaria y Uni\u00f3n Europea. 18 (2014), pp. 0 &#8211; 0. (Espa\u00f1a): 2014.<\/span><\/p>\n<p style=\"text-align: justify\"><span style=\"font-size: 10pt\">Cantero Martinez, Josefa, Libro Homenaje a Rafael Barranco Vela, obra colectiva coordinada por Francisco Balaguer Callej\u00f3n y Estanislao Arana Garc\u00eda. Constituci\u00f3n y derecho a la protecci\u00f3n de la salud. \u00bfExiste alg\u00fan\u00a0l\u00edmite frente a los recortes sanitarios? II, pp. 1511 &#8211; 1555. Thomson Reuters Aranzadi y Civitas, 2014.<\/span><\/p>\n<p style=\"text-align: justify\"><span style=\"font-size: 10pt\">Cantero Martinez, Josefa, Derecho y Salud. Las pol\u00edticas sanitarias de car\u00e1cter regresivo: \u00bfqu\u00e9 niveles de protecci\u00f3n ofrece nuestro ordenamiento jur\u00eddico? 23, n\u00famero 2, pp. 107 &#8211; 131. (Espa\u00f1a): Asociaci\u00f3n Juristas de la\u00a0Salud, 2013.<\/span><\/p>\n<p style=\"text-align: justify\"><span style=\"line-height: 1.5;font-size: 10pt\">Delgado Piqueras, F. Modificaci\u00f3n de los aprovechamientos de aguas subterr\u00e1neas privadas y su transformaci\u00f3n en concesiones\u201d, RJCLM n\u00ba 54, 2014, p\u00e1gs. 77 a 104.<\/span><\/p>\n<p style=\"text-align: justify\"><span style=\"font-size: 10pt\">Delgado Piqueras, F., \u201cEl redimensionamiento de las retribuciones de los cargos p\u00fablicos locales\u201d, en el libro Reforma del R\u00e9gimen Local, Domingo Zaballos (coord..), Aranzadi, 2014, ISBN 978-84-9059-316-5, pags. 331 a 370.<\/span><\/p>\n<p style=\"text-align: justify\">Delgado Piqueras, Francisco (Dir.): <em>Las Novedades del R\u00e9gimen Legal de las Aguas Subterr\u00e1neas<\/em>, n\u00famero monogr\u00e1fico de la RJCM n\u00ba 54, 2014, ISBN 84-505-64-73-5.<\/p>\n<p style=\"text-align: justify\">Delgado Piqueras, Francisco: \u201cModificaci\u00f3n de los aprovechamientos de aguas subterr\u00e1neas privadas y su transformaci\u00f3n en concesiones\u201d, RJCLM n\u00ba 54, 2014, p\u00e1gs. 77 a 104.<\/p>\n<p>Delgado Piqueras, Francisco y Ruiz Olmo, Irene: \u201cLa nueva regulaci\u00f3n legal de las energ\u00edas renovables: del r\u00e9gimen especial al r\u00e9gimen espec\u00edfico\u201d, en el libro <em>La\u00a0regulaci\u00f3n de las energ\u00edas renovables ante el cambio clim\u00e1tico<\/em>,\u00a0 Alenza Garc\u00eda (dir), Aranzadi, 2014, isbn: 978-84-9059-857-3, pags. 59 a 96.<\/p>\n<p><span style=\"font-size: 10pt\">Gallego Corc\u00f3les, Isabel: \u201cLa formalizaci\u00f3n\u201d, en Contratos civiles, mercantiles, p\u00fablicos, laborales e internacionales, con sus implicaciones tributarias \/ coord. por Jos\u00e9 Manuel Almud\u00ed Cid, Miguel Angel Mart\u00ednez Lago; Mariano Yzquierdo Tolsada (dir.), 2014, vol. XVI, pp. 235 a 277.<\/span><\/p>\n<p><span style=\"font-size: 10pt\">Gallego Corc\u00f3les, Isabel: \u201cLos procedimientos de recurso en materia de adjudicaci\u00f3n de contratos p\u00fablicos en la jurisprudencia del Tribunal de Justicia de la Uni\u00f3n Europea\u201d, en Libro Homenaje al profesor Barranco Vela, Vol. II, Civitas \u2013 Thomson Reuters, Navarra, 2014, pp. 2759 a 2784.<\/span><\/p>\n<p><span style=\"font-size: 10pt\">Gallego Corc\u00f3les, Isabel: \u201cLos procedimientos de adjudicaci\u00f3n en la nueva Directiva sobre contrataci\u00f3n p\u00fablica\u201d, en la obra colectiva Observatorio de Contratos P\u00fablicos 2013, Thomson Reuters, Navarra, 2014, pp. 165 a 232.<\/span><\/p>\n<p><span style=\"font-size: 10pt\">Gallego C\u00f3rcoles, Isabel: \u201cLa prevenci\u00f3n de la corrupci\u00f3n en la contrataci\u00f3n p\u00fablica\u201d, en Nieto Mart\u00edn, A.\/Maroto Calatayud, M.:\u00a0<em>\u201cPublic compliance: prevenci\u00f3n de la corrupci\u00f3n en administraticones p\u00fablicas y Partidos Pol\u00edticos<\/em>, Ed. Universidad de Castilla-La Mancha, 2014, p\u00e1gs. 61-92.<\/span><\/p>\n<p style=\"text-align: justify\"><span style=\"font-size: 10pt\">Garrido Cuenca, N., \u201cHacia una construcci\u00f3n del derecho a la salud como contenido del derecho fundamental a una vida digna y de calidad: el \u2018m\u00ednimo vital\u2019 como l\u00edmite de la sostenibilidad econ\u00f3mica\u201d, en Libro Homenaje al profesor Barranco Vela, Vol.II, Civitas &#8211; Thomson Reuters, Navarra, 2014, pp.1555-1586.<\/span><\/p>\n<p style=\"text-align: justify\"><span style=\"font-size: 10pt\">Garrido Cuenca, N. y Delgado Piqueras, F., \u00a0\u201cCastilla-La Mancha: nuevos recortes de la pol\u00edtica hidr\u00e1ulica nacional\u201d, en\u00a0 Observatorio de Pol\u00edticas Ambientales, L\u00f3pez Ram\u00f3n (coord.) Aranzadi, ISBN 978-84-9059-594-7, 2014, p\u00e1gs.. 691 a 708.<\/span><\/p>\n<p style=\"text-align: justify\"><span style=\"font-size: 10pt\">Garrido Cuenca, N., \u201cA vueltas con la vacuna de la varicela. Cuestiones jur\u00eddicas, transparencia y salud p\u00fablica frente a lobbies e intereses econ\u00f3micos, en Blog de la Asociaci\u00f3n Juristas de la Salud, http:\/\/www.ajs.es\/blog\/category\/sin-categoria\/<\/span><\/p>\n<p style=\"text-align: justify\"><span style=\"font-size: 10pt\">Maeso Seco, L. F., \u00abEl r\u00e9gimen del empleo p\u00fablico local\u00bb,\u00a0en\u00a0Palomar Olmeda, A. (Dir.),<em> Practicum Local<\/em>, Edit. Thomson-Aranzadi, Cizur Menor (Navarra), 2014. pp. 537 a 639.<\/span><\/p>\n<p style=\"text-align: justify\"><span style=\"font-size: 10pt\">Maeso Seco, L.F., \u00abFunci\u00f3n directiva y funcionarios con habilitaci\u00f3n de car\u00e1cter nacional: algunas reflexiones al hilo de la Ley 27\/2013, de 27 de diciembre\u00bb, en Fuentetaja Pastor, J.A. (Dir.) La\u00a0funci\u00f3n p\u00fablica local: del Estatuto B\u00e1sico a la Ley de Reforma Local de 2013, Edit.\u00a0Thomson-Aranzadi, Cizur Menor (Navarra), 2014,\u00a0pp. 335 a 413.<\/span><\/p>\n<p style=\"text-align: justify\"><span style=\"font-size: 10pt\">Maeso Seco, L.F., \u00abAdministrative Law\/Droit Administratif\u00bb (Spain\/Espagne), en <em>European Review of Public Law\/Revue Europ\u00e9enne de Droit Public<\/em>, Vol. 25, 4\/2013-2014, pp. 2119 a 2179.<\/span><\/p>\n<p style=\"text-align: justify\"><span style=\"font-size: 10pt\"><span style=\"line-height: 1.5\">Mart\u00edn Delgado, Isaac: \u201c<\/span><span style=\"line-height: 1.5;color: #000000\">Transparencia, reutilizaci\u00f3n y datos abiertos. Algunas reflexiones generales sobre el acceso libre a la informaci\u00f3n p\u00fablica\u201d, <em>R\u00e9gimen jur\u00eddico de la transparencia del sector p\u00fablico<\/em><em>: del Derecho de acceso a la reutilizaci\u00f3n de la informaci\u00f3n<\/em> \/ coord. por Juli\u00e1n Valero Torrijos, Manuel Fern\u00e1ndez Salmer\u00f3n, 2014<\/span><span style=\"line-height: 1.5\">, ISBN 978-84-9059-433-9, p\u00e1gs. 367-406.<\/span><\/span><\/p>\n<p style=\"text-align: justify\"><span style=\"font-size: 10pt\">Mart\u00edn Delgado, Isaac: \u201cEl acceso a los datos del padr\u00f3n por administraciones p\u00fablicas distintas de la municipal en materia de extranjer\u00eda\u201d, \u00a0<em>Revista Espa\u00f1ola de Derecho Administrativo<\/em>, n\u00fam. 161, 2014, p\u00e1gs. 101-130.<\/span><\/p>\n<p style=\"text-align: justify\"><span style=\"font-size: 10pt\">Mart\u00edn Delgado, Isaac: \u00a0\u201cLa contrataci\u00f3n p\u00fablica electr\u00f3nica\u201d, en <em>Contratos civiles, mercantiles, p\u00fablicos, laborales e internacionales, con sus implicaciones tributarias<\/em> \/ coord. por Jos\u00e9 Manuel Almud\u00ed Cid, Miguel Angel Mart\u00ednez Lago; Mariano Yzquierdo Tolsada (dir.), 2014, vol. XVI, p\u00e1gs. 277-326.<\/span><\/p>\n<p style=\"text-align: justify\"><span style=\"font-size: 10pt\">Mart\u00edn Delgado, Isaac: \u201cEl procedimiento por inejecuci\u00f3n como garant\u00eda del sistema jurisdiccional europeo\u201d, en <em>Revista de Derecho Comunitario, Internacional y Derechos Humanos<\/em>, n\u00fam. 3, 2014.<\/span><\/p>\n<p style=\"text-align: justify\"><span style=\"font-size: 10pt\">Mart\u00edn Delgado, Isaac: \u201cMulticrisis en la Uni\u00f3n Europea;\u2028 algunas lecciones que aprender para caminar hacia una mejor Europa\u201d, en <em>Pol\u00edtica Internacional e Integraci\u00f3n Regional Comparada en Am\u00e9rica Latina, <\/em>Universidad Nacional de Costa Rica, San Jos\u00e9, 2014, p\u00e1gs. 45 a 64.<\/span><\/p>\n<p style=\"text-align: justify\"><span style=\"font-size: 10pt\">Mart\u00edn Delgado, Isaac: Pr\u00f3logo al libro <em>El protocolo de Tegucigalpa: Tratado marco del Sistema de la Integraci\u00f3n Centroamericana, <\/em>C\u00e9sar Ernesto Salazar Grande, Orbi.iure, San Salvador, 2014.<\/span><\/p>\n<p style=\"text-align: justify\"><span style=\"font-size: 10pt\">Mart\u00edn Delgado, Isaac, y Ortega \u00c1lvarez, Luis Ignacio: Organizaci\u00f3n Administrativa. Informe Anual 2014, <em>Ius Publicum<\/em>.<\/span><\/p>\n<p style=\"text-align: justify\"><span style=\"font-size: 10pt\">Meix Cereceda, Pablo,\u00a0<em>El derecho a la educaci\u00f3n en el sistema internacional y europeo<\/em>, Ed. Tirant lo Blanch, Valencia, 2014.<\/span><\/p>\n<p style=\"text-align: justify\"><span style=\"font-size: 10pt;text-align: justify;line-height: 1.5\">Meix Cereceda, Pablo, \u00abLa evaluaci\u00f3n externa de los alumnos y la incierta b\u00fasqueda de la calidad en la ense\u00f1anza\u00bb, en El Cronista del Estado Social y Democr\u00e1tico de Derecho, n\u00fam. 46, 2014, 64-75.<\/span><\/p>\n<p style=\"text-align: justify\"><span style=\"font-size: 10pt;text-align: justify;line-height: 1.5\">Meix Cereceda, Pablo, \u00abIntegraci\u00f3n y derechos humanos: la Uni\u00f3n Europea, el Consejo de Europa y la Carta de Niza\u00bb, en <em>Revista de Derecho Comunitario, Internacional y Derechos Humanos<\/em> (Universidad de Costa Rica), n\u00fam. 3, 2014.<\/span><\/p>\n<p style=\"text-align: justify\"><span style=\"font-size: 10pt\">Morcillo Moreno, Juana, <em>Validez y eficacia de los derechos estatutarios. En especial, el proyecto de reforma castellano-manchego<\/em>, Ed. Cortes de Castilla &#8211; La Mancha, Toledo, 2014.<i><br \/>\n<\/i><\/span><\/p>\n<p class=\"p1\" style=\"text-align: justify\"><span style=\"font-size: 10pt\">Morcillo Moreno, Juana, \u201cEl pretendido impulso a la Administraci\u00f3n Provincial en la reforma espa\u00f1ola de 2013\u201d, <i>Istituzioni del Federalismo<\/i>, n\u00fam.\u00a02\u00a0(2014), pp. 361 a 392.<\/span><\/p>\n<p class=\"p1\" style=\"text-align: justify\"><span style=\"font-size: 10pt\">Morcillo Moreno, Juana,\u201cLa racionalizaci\u00f3n de los entes locales en Italia: a la sombra de la incertidumbre\u201d, <i>Revista de Administraci\u00f3n P\u00fablica<\/i>, n\u00fam. 195 (2014), pp. 303 a 336.<\/span><\/p>\n<p class=\"p1\" style=\"text-align: justify\"><span style=\"font-size: 10pt\"><span style=\"text-align: justify;line-height: 1.5\">Moreno Molina, J. A., \u201cLa influencia del Acuerdo de Contrataci\u00f3n P\u00fablica de la OMC sobre la Directiva 2014\/24\/UE\u201d, en AAVV (dir. Gimeno Feli\u00fa, J.M., coord. Bernal Blay, M.A.), <\/span><em style=\"font-size: 10pt;line-height: 1.5\">Observatorio de Contratos P\u00fablicos 2013<\/em><span style=\"text-align: justify;line-height: 1.5\">, Aranzadi, Cizur Menor (Navarra), 2014, p\u00e1gs. 123 a 164. ISBN 978-84-9059-706-4.<\/span><\/span><\/p>\n<p style=\"text-align: justify\"><span style=\"font-size: 10pt\">Moreno Molina, J. A., \u201cLa modernizaci\u00f3n de la contrataci\u00f3n p\u00fablica. El proceso de reforma de las directivas europeas sobre contratos p\u00fablicos\u201d, en <em>Reforma del Estado y Transformaci\u00f3n del Derecho Administrativo<\/em> (Dir. Rodriguez Arana y Garc\u00eda P\u00e9rez; Coord. Pern\u00e1s Garc\u00eda y Aymerich Cano), Bubok Publishing, La Coru\u00f1a, 2014, p\u00e1gs. 161 a 193. ISBN papel: 978-84-686-5098-2. ISBN digital: 978-84-686-5100-2.<\/span><\/p>\n<p style=\"text-align: justify\"><span style=\"font-size: 10pt\">Moreno Molina, J. A., \u201cLa incidencia de la Ley de Emprendedores en el Derecho administrativo. En especial, en materia de contrataci\u00f3n p\u00fablica\u201d (junto a Pintos Santiago, J.), <em>Revista Jur\u00eddica de Castilla-la Mancha<\/em> n\u00ba 55 (2014), p\u00e1gs. 49 a 64.<\/span><\/p>\n<p style=\"text-align: justify\"><span style=\"font-size: 10pt\">Moreno Molina, J. A., \u201cLas nuevas Directivas de la Uni\u00f3n Europea sobre contratos p\u00fablicos\u201d, EL Derecho. Diario de Doctrina y Jurisprudencia n\u00ba 13536 (2014), p\u00e1ginas 1 a 5. ISSN 1666-8987.<\/span><\/p>\n<p style=\"text-align: justify\"><span style=\"font-size: 10pt\">Moreno Molina, J. A., Derechos humanos y protecci\u00f3n de las personas con discapacidad\u201d, Revista Direitos e Garant\u00edas Fundamentais, volumen 14, n\u00ba 2 (2013), p\u00e1gs. 353 a 365. ISSN 1980-7864.<\/span><\/p>\n<p style=\"text-align: justify\"><span style=\"font-size: 10pt\">Moreno Molina, J. A., \u00abLa Carta Iberoamericana de los Derechos y Deberes del Ciudadano: una excelente manifestaci\u00f3n del derecho fundamental a la buena Administraci\u00f3n\u00bb, <em>Actualidad Administrativa<\/em> n\u00ba 3 (2014), p\u00e1gs. 291 a 297.<\/span><\/p>\n<p style=\"text-align: justify\"><span style=\"font-size: 10pt\"><span style=\"line-height: 1.5\">Nieto Garrido, Eva, \u00abEmplazamiento personal a los afectados por la modificaci\u00f3n puntual del planeamiento urban\u00edstico en el contencioso-administrativo\u00bb, <\/span><em style=\"font-size: 10pt;line-height: 1.5\">Revista de Derecho Urban\u00edstico y Medio Ambiente<\/em><span style=\"line-height: 1.5\">, n\u00fam. 287, 2014, \u00a01-21.<\/span><\/span><\/p>\n<p style=\"text-align: justify\"><span style=\"font-size: 10pt\">Nieto Garrido, Eva, \u201cLa reforma de las entidades instrumentales por la ley de racionalizaci\u00f3n y sostenibilidad de la administraci\u00f3n local\u201d. <em>Revista Espa\u00f1ola de Derecho Administrativo<\/em> n\u00ba 165, julio-septiembre 2014, pp. 103 a 145.<\/span><\/p>\n<p style=\"text-align: justify\"><span style=\"font-size: 10pt\">Ortega \u00c1lvarez, Luis. Comunicaci\u00f3n \u201d<em>Reciente Jurisprudencia del Tribunal Constitucional sobre la Democracia Local<\/em>\u201d presentada en la jornada t\u00e9cnica del Cicle de Jornades Governs Locals: KM 0, La reforma del sector p\u00fablic local. Com afecten els projectes de llei de reforma local als ens instrumentals que conformen el sector p\u00fablic local?, \u00a0Barcelona, 10 de diciembre de 2013.<\/span><\/p>\n<p style=\"text-align: justify\"><span style=\"font-size: 10pt\">Ortega \u00c1lvarez, Luis. Concepto de medio ambiente. En <em>Tratado de derecho ambiental<\/em> . Directores, Luis Ortega \u00c1lvarez, M\u00aa Consuelo Alonso Garc\u00eda ; coordinadora, Rosario de Vicente Mart\u00ednez. Valencia : Tirant lo blanch, 2013, pag. 31-54.<\/span><\/p>\n<p style=\"text-align: justify\"><span style=\"font-size: 10pt\">Ortega \u00c1lvarez,Luis. \u00a0<em>Los Entes locales en la Comunidad Aut\u00f3noma de Castilla La Mancha<\/em>. En Derecho local de Castilla-La Mancha , Francisco Delgado Piqueras (director). Madrid: Iustel, 2013 ; pag. 31-68.<\/span><\/p>\n<p style=\"text-align: justify\"><span style=\"font-size: 10pt\">Ortega \u00c1lvarez, Luis. <em>La democracia local en la reciente jurisprudencia del Tribunal Constitucional<\/em>. En Libro homenaje al profesor Rafael Barranco Vela; Cizur Menor, (Navarra): Civitas, (2014) ; p. 2391-240\u2028.<\/span><\/p>\n<p style=\"text-align: justify\"><span style=\"font-size: 10pt\">Ortega \u00c1lvarez, Luis. Pr\u00f3logo del libro <em>El derecho a la educaci\u00f3n en el sistema internacional y europeo<\/em>, Pablo Meix Cereceda, Tirant Lo Blanch, 2014. Pag. 13-19.<\/span><\/p>\n<p style=\"text-align: justify\"><span style=\"font-size: 10pt\"><span style=\"line-height: 1.5\">Ortega \u00c1lvarez, Luis Ignacio; Mart\u00edn Delgado, Isaac: Organizaci\u00f3n Administrativa. Informe Anual 2014, <\/span><em style=\"font-size: 10pt;line-height: 1.5\">Ius Publicum<\/em><span style=\"line-height: 1.5\">, disponible en http:\/\/www.ius-publicum.com\/repository\/uploads\/07_07_2014_10_08_L.-Ortega-I.-Martin&#8212;Organizacion-administrativa.pdf<\/span><\/span><\/p>\n<p style=\"text-align: justify\"><span style=\"font-size: 10pt\">Puerta Seguido, F.. Los conflictos constitucionales sobre los \u00f3rganos auton\u00f3micos de expropiaci\u00f3n forzosa. Revista de Derecho urban\u00edstico, n\u00ba 290, junio 2014.<\/span><\/p>\n<p style=\"text-align: justify\"><span style=\"font-size: 10pt\">Puerta Seguido, F.. La naturaleza jur\u00eddica y el \u00e1mbito objetivo y subjetivo de la subasta electr\u00f3nica en la nueva Directiva general de la contrataci\u00f3n p\u00fablica. Contrataci\u00f3n administrativa pr\u00e1ctica: revista de la contrataci\u00f3n administrativa y de los contratistas. 1 &#8211; 132, pp. 39 &#8211; 46.<\/span><\/p>\n<p style=\"text-align: justify\"><span style=\"font-size: 10pt\">Puerta Seguido, Francisco; Jes\u00fas Punz\u00f3n Moraleda; Alma Patricia Dom\u00ednguez Alonso. La nueva regulaci\u00f3n en la Directiva de la fase de ejecuci\u00f3n de los contratos y la repercusi\u00f3n de la jurisprudencia del TJUE en materia de modificaci\u00f3n de contratos. Contrataci\u00f3n Administrativa Pr\u00e1ctica. 1 &#8211; 129, pp. 22 &#8211; 34.<\/span><\/p>\n<p style=\"text-align: justify\"><span style=\"font-size: 10pt\">Punz\u00f3n Moraleda, Jes\u00fas; Francisco Puerta Seguido. Procesos Concursales y Contrataci\u00f3n P\u00fablica. Revista Espa\u00f1ola de Derecho Administrativo. 161, pp. 223 &#8211; 259.<\/span><\/p>\n<p style=\"text-align: justify\"><span style=\"line-height: 1.5;font-size: 10pt\">Ramos P\u00e9rez \u2013Olivares, Alfredo; Jos\u00e9 Antonio Moreno Molina; Francisco Puerta Seguido; Jes\u00fas Punz\u00f3n Moraleda. La Contrataci\u00f3n P\u00fablica. An\u00e1lisis de la preparaci\u00f3n y adjudicaci\u00f3n de los contratos. 1, pp. 0 &#8211; 570. Lima (Per\u00fa): Ed. CEFIC, 01\/11\/2014.<\/span><\/p>\n<p style=\"text-align: justify\"><span style=\"line-height: 1.5;font-size: 10pt\">Ruiz Olmo, I. y Delgado Piqueras, F. \u201cLa nueva regulaci\u00f3n legal de las energ\u00edas renovables: del r\u00e9gimen especial al r\u00e9gimen espec\u00edfico\u201d, en el libro La regulaci\u00f3n de las energ\u00edas renovables ante el cambio clim\u00e1tico, \u00a0Alenza Garc\u00eda (dir), Aranzadi, 2014, isbn: 978-84-9059-857-3, pags. 59 a 96.<\/span><\/p>\n<p style=\"text-align: justify\"><span style=\"font-size: 10pt\"><span style=\"line-height: 1.5\">Utrilla Fern\u00e1ndez-Bermejo,\u00a0Dolores, Tutela judicial, garant\u00eda patrimonial e insolvencia de la Administraci\u00f3n: acerca de los asuntos De Luca c. Italia y Pennino c. Italia (SSTEDH de 24 de septiembre de 2013), <\/span><em style=\"line-height: 1.5\">Revista de Derecho Constitucional Europeo<\/em><span style=\"line-height: 1.5\">, 21 (2014).<\/span><\/span><\/p>\n<p style=\"text-align: justify\"><span style=\"font-size: 10pt\">Utrilla Fern\u00e1ndez-Bermejo,\u00a0Dolores, Conflictual Administrative Law and the European Perspective, <em>Int\u2019l J. Const. L. Blog<\/em>, Aug. 23, 2014,\u00a0<em>available at<\/em>: http:\/\/www.iconnectblog.com\/2014\/08\/article-review-dolores-utrilla-on-giulio-napolitanos-conflicts-and-strategies-in-administrative-law.<\/span><\/p>\n","protected":false},"excerpt":{"rendered":"<p>Alonso Garc\u00eda, M\u00aa Consuelo, \u201cLas modificaciones operadas en el r\u00e9gimen jur\u00eddico de los espacios naturales\u201d, en VVAA: Observatorio de Pol\u00edticas ambientales 2014. Thomson-Aranzadi, Cizur Menor (Navarra), 2014. Alonso Garc\u00eda, M\u00aa Consuelo, \u201cLa legalizaci\u00f3n, por la modificaci\u00f3n de la Ley de Costas de 2013, de un negocio jur\u00eddico fraudulento: a prop\u00f3sito de las Sentencias del Tribunal &hellip; <a href=\"https:\/\/blog.uclm.es\/ada\/publicaciones-publications\/2014-2\/\" class=\"more-link\">Continuar leyendo<span class=\"screen-reader-text\"> \u00ab2014\u00bb<\/span><\/a><\/p>\n","protected":false},"author":20,"featured_media":0,"parent":10,"menu_order":0,"comment_status":"closed","ping_status":"open","template":"","meta":{"footnotes":""},"class_list":["post-619","page","type-page","status-publish","hentry"],"_links":{"self":[{"href":"https:\/\/blog.uclm.es\/ada\/wp-json\/wp\/v2\/pages\/619","targetHints":{"allow":["GET"]}}],"collection":[{"href":"https:\/\/blog.uclm.es\/ada\/wp-json\/wp\/v2\/pages"}],"about":[{"href":"https:\/\/blog.uclm.es\/ada\/wp-json\/wp\/v2\/types\/page"}],"author":[{"embeddable":true,"href":"https:\/\/blog.uclm.es\/ada\/wp-json\/wp\/v2\/users\/20"}],"replies":[{"embeddable":true,"href":"https:\/\/blog.uclm.es\/ada\/wp-json\/wp\/v2\/comments?post=619"}],"version-history":[{"count":0,"href":"https:\/\/blog.uclm.es\/ada\/wp-json\/wp\/v2\/pages\/619\/revisions"}],"up":[{"embeddable":true,"href":"https:\/\/blog.uclm.es\/ada\/wp-json\/wp\/v2\/pages\/10"}],"wp:attachment":[{"href":"https:\/\/blog.uclm.es\/ada\/wp-json\/wp\/v2\/media?parent=619"}],"curies":[{"name":"wp","href":"https:\/\/api.w.org\/{rel}","templated":true}]}}