{"id":46,"date":"2012-12-27T19:00:19","date_gmt":"2012-12-27T19:00:19","guid":{"rendered":"http:\/\/blog.uclm.es\/luisarroyo\/?page_id=46"},"modified":"2012-12-27T19:00:19","modified_gmt":"2012-12-27T19:00:19","slug":"2010-2","status":"publish","type":"page","link":"https:\/\/blog.uclm.es\/ada\/publicaciones-publications\/2010-2\/","title":{"rendered":"2010"},"content":{"rendered":"<p>Consuelo Alonso Garc\u00eda, \u201cNueva perspectiva de las actividades clasificadas\u201d, <em>La calidad del aire y la protecci\u00f3n de la atm\u00f3sfera, <\/em>Aranzadi, Cizur Menor, 2010.<\/p>\n<p>Consuelo Alonso Garc\u00eda, \u201cLa consolidaci\u00f3n de la normativa ambiental y el progresivo afianzamiento de la pol\u00edtica protectora\u201d, en <em>Observatorio de Pol\u00edticas ambientales 2010<\/em>, Aranzadi, Cizur Menor, 2010.<\/p>\n<p>Consuelo Alonso Garc\u00eda, \u201cLa responsabilidad del Estado-Legislador: reformulaci\u00f3n de la teor\u00eda\u201d, <em>El Cronista del Estado Social y Democr\u00e1tico de Derecho<\/em>, n\u00fam. 12, 2010.<\/p>\n<p>Luis Arroyo Jim\u00e9nez, \u00abPublic services\u00bb, en L. Ortega, L. Arroyo y C. Plaza (eds.), <em>Spanish Administrative Law under European Influence<\/em>, Europa Law Publishing, 2010 pp. 145-165.<\/p>\n<p>Miguel Beltr\u00e1n de Felipe, \u201cLos nuevos instrumentos municipales de planeamiento urban\u00edstico-territorial. El ejemplo de los planes de vivienda\u201d, <em>Anuario de Derecho Municipal<\/em> n\u00ba 4 (2010), p\u00e1gs. 97-132.<\/p>\n<p>Miguel Beltr\u00e1n de Felipe, \u201c\u00bfQu\u00e9 es el derecho a la identidad?\u201d, en <em>Robo de identidad y protecci\u00f3n de datos, <\/em>Artemi Rallo y Luis Arroyo Zapatero (coords.), Aranzadi, Pamplona, 2010, p\u00e1gs. 35-63.<\/p>\n<p>Miguel Beltr\u00e1n de Felipe,\u00a0 \u201cLas legislaciones de vivienda social\u201d, <em>Ciudad y Territorio. Estudios Territoriales<\/em>, n\u00ba 161-162 (2009), p\u00e1gs. 453 a 472. Se public\u00f3 en ingl\u00e9s con el t\u00edtulo \u201cSocial Housing Legislation\u201d, en VV.AA. <em>Social Housing and City<\/em>, Ministerio de Vivienda, Madrid, 2010, p\u00e1gs. 15-40.<\/p>\n<p>Francisco Delgado Piqueras, \u201cLa pol\u00edtica europea de fomento de las energ\u00edas renovables frente al cambio clim\u00e1tico\u201d, en Derecho y Cambio Clim\u00e1tico, compilado por M.P. Garc\u00eda Pach\u00f3n y O.D. Amaya Navas, Univ. Externado de Colombia, 2010, ISBN 978-958-710-617-6, p\u00e1gs. 263 a 312.<\/p>\n<p>Francisco Delgado Piqueras, \u201cLa irrupci\u00f3n del cambio clim\u00e1tico en el Derecho Europeo de Aguas\u201d, \u201cT\u00e9cnicas de protecci\u00f3n de las aguas minerales y termales en el Derecho espa\u00f1ol\u201d, en el libro Derecho de Aguas, tomo IV, Universidad Externado de Colombia, 2010, ISBN\u00a0 978-958-710-572-8, p\u00e1gs. 111 a 148.<\/p>\n<p>Francisco Delgado Piqueras, Josefa Cantero Mart\u00ednez: \u201cLas organizaciones interprofesionales como forma de autorregulaci\u00f3n de intereses privados, alternativa al modelo corporativo p\u00fablico\u201d, en el libro \u201cLa Administraci\u00f3n P\u00fablica entre dos siglos\u201d, coord. Manuel Arenilla S\u00e1ez, INAP, 2010,\u00a0 ISBN\u00a0 978-84-7351-396-8, p\u00e1gs. 1319 a 1340.<\/p>\n<p>Francisco Delgado Piqueras, \u201cLa naturaleza jur\u00eddica de la energ\u00eda e\u00f3lica\u201d, en el libro \u201cEnerg\u00eda e\u00f3lica: cuestiones jur\u00eddicas, econ\u00f3micas y ambientales\u201d, Civitas, 2010, ISBN 978-84-470-3554-0, p\u00e1gs. 205 a 248.<\/p>\n<p>Francisco Delgado Piqueras, El r\u00e9gimen de aprovechamiento de la energ\u00eda e\u00f3lica en Castilla-La Mancha; Medio Ambiente &amp; Derecho. Revista Electr\u00f3nica de Derecho Ambiental, n\u00ba 21 junio 2010, 27 p\u00e1ginas.<\/p>\n<p>Alma Patricia Dom\u00ednguez, <em>La organizaci\u00f3n administrativa de las aguas continentales en M\u00e9xico. Un estudio comparado desde el Derecho espa\u00f1ol<\/em>, Serie Doctrina Jur\u00eddica del Instituto de Investigaciones Jur\u00eddicas, Universidad Nacional Aut\u00f3noma de M\u00e9xico, M\u00e9xico, 2010.<\/p>\n<p>Alma Patricia Dom\u00ednguez, \u201cPensi\u00f3n de viudedad tras matrimonio celebrado por el rito gitano. Comentario a la STEDH de 8 de diciembre de 2009\u201d, Diario La Ley n\u00ba 7356 (2010), p\u00e1ginas 10 a 12. ISSN 1138-9907.<\/p>\n<p>Alma Patricia Dom\u00ednguez, \u201cEl acceso a la justicia administrativa en Espa\u00f1a\u201d, en AAVV, <em>Directos Fundamentais e a funcao do Estado nos planos interno e internacional<\/em> (direcci\u00f3n TUFFI SALIBA, ASSAGRA DE ALMEIDA Y GOMES J\u00daNIOR), colecci\u00f3n \u201cDirectos Fundamentais Individuais e Coletivos\u201d, Arraes Editores, Belo Horizonte, 2010, p\u00e1gs. 459 a 482. ISBN 978-85-62741-17-3.<\/p>\n<p>Josefa Cantero Mart\u00ednez, \u201cCapacidad legal del menor y rechazo al tratamiento m\u00e9dico\u201d, en <em>Bio\u00e9tica y Pediatr\u00eda. Proyectos de vida plena<\/em>, pp. 375-388, Ed. Sociedad de Pediatr\u00eda de Castilla-La Mancha y Madrid, Madrid, 2010.<\/p>\n<p>Josefa Cantero Mart\u00ednez, \u201cEl modelo de gesti\u00f3n de los recursos humanos. Analog\u00edas y diferencias con el Estatuto B\u00e1sico del Empleado P\u00fablico\u201d, en <em>Gesti\u00f3n p\u00fablica de la Administraci\u00f3n de Justicia<\/em>, pp. 119-167, Ed. Aranzadi, Navarra, 2010.<\/p>\n<p>Josefa Cantero Mart\u00ednez, \u201cMinor\u00eda de edad y consentimiento informado\u201d en Federico de Montalvo J\u00e4\u00e4skek\u00e4inen y Mar\u00eda Isabel \u00c1lvarez V\u00e9lez (Coords.): \u201cLa familia ante la enfermedad\u201d, pp. 87-117, Ed. Universidad Pontificia de Comillas, Madrid 2010.<\/p>\n<p>Josefa Cantero Mart\u00ednez, \u201cLas organizaciones interprofesionales como forma de autorregulaci\u00f3n de intereses privados alternativa al modelo corporativo p\u00fablico\u201d, en Manuel Arenilla S\u00e1ez (Coord.): <em>La Administraci\u00f3n P\u00fablica entre dos siglos (Ciencia de la Administraci\u00f3n, Ciencia Pol\u00edtica y Derecho Administrativo), Libro Homenaje al Profesor Mariano Baena<\/em>, p\u00e1ginas 1319-1341, Ed. INAP, Madrid, 2010, ISBN: 978-84-7351-396-8, ISBN en e-book: 978-84-7088-911-0.<\/p>\n<p>Isabel Gallego C\u00f3rcoles, \u201cComentario a la Ley 34\/2010\u201d y \u201cComentario a los art. 22 a 82 de la Ley de Contratos del Sector P\u00fablico\u201d,\u00a0 en VVAA, <em>Contrataci\u00f3n del Sector P\u00fablico Local, <\/em>2\u00ba Ed., La Ley, 2010, ISBN: 978-84-7052-501-8, pp. XIX a LXX y pp. 209 a 664.<\/p>\n<p>Isabel Gallego C\u00f3rcoles, \u201cLa recepci\u00f3n en el contrato de obras p\u00fablicas (I)\u201d, <em>Contrataci\u00f3n administrativa pr\u00e1ctica,<\/em> n\u00fam. 93, 2010, p\u00e1gs. 58-65.<\/p>\n<p>Isabel Gallego C\u00f3rcoles, \u201cEjecuci\u00f3n y cumplimiento de contrato de suministro\u201d, <em>Contrataci\u00f3n administrativa pr\u00e1ctica,<\/em> n\u00fam. 95, 2010, p\u00e1gs. 43-54.<\/p>\n<p>Isabel Gallego C\u00f3rcoles, \u201cContrataci\u00f3n conjunta de elaboraci\u00f3n de proyecto y ejecuci\u00f3n de obras (I)\u201d, <em>Contrataci\u00f3n administrativa pr\u00e1ctica, Contrataci\u00f3n administrativa pr\u00e1ctica, <\/em>n\u00fam. 96,\u00a0 p\u00e1gs. 63-70.<\/p>\n<p>Isabel Gallego C\u00f3rcoles, \u201cContrataci\u00f3n conjunta de elaboraci\u00f3n de proyecto y ejecuci\u00f3n de obras (y II)\u201d, <em>Contrataci\u00f3n administrativa pr\u00e1ctica,<\/em> N\u00ba. 97, 2010, p\u00e1gs. 63-72.<\/p>\n<p>Isabel Gallego C\u00f3rcoles, \u201cContrato administrativo de obras y doctrina del riesgo imprevisible (I)\u201d<em> Contrataci\u00f3n administrativa pr\u00e1ctica,<\/em> N\u00ba. 98, 2010, p\u00e1g. 73.<\/p>\n<p>Isabel Gallego C\u00f3rcoles, \u201cContratos administrativos especiales\u201d, <em>Contrataci\u00f3n administrativa pr\u00e1ctica<\/em>, n\u00fam. 100, 2010, pp. 60-67.<\/p>\n<p>Isabel Gallego C\u00f3rcoles, \u201cContratos administrativos especiales\u201d, <em>Contrataci\u00f3n administrativa pr\u00e1ctica,<\/em> n\u00fam. 101, 2010, pp. 52-61.<\/p>\n<p>Isabel Gallego C\u00f3rcoles, \u201cProcedimiento restringido (I)\u201d, <em>Contrataci\u00f3n administrativa pr\u00e1ctica, <\/em>\u00a0N\u00ba. 103, 2010, p\u00e1g. 58.<\/p>\n<p>Isabel Gallego C\u00f3rcoles, \u201cProcedimiento restringido (y II)\u201d, <em>Contrataci\u00f3n administrativa pr\u00e1ctica,<\/em> N\u00ba. 104, 2010, p\u00e1gs. 54-64.<\/p>\n<p>Nuria Garrido Cuenca, Francisco Delgado Piqueras, \u201cLos convenios urban\u00edsticos\u201d, en Jim\u00e9nez Ib<em>, 2010.n-Aranzadi, Navarra, 2010: haiental, <\/em>\u00e1\u00f1ez, S. y Carrillo Morente, J.A. (Dirs.): <em>Derecho de la ordenaci\u00f3n del territorio y urban\u00edstico de Castilla-La Mancha<\/em>, Ed.Thomson-Aranzadi, Navarra, pp.189-212, 2010.<\/p>\n<p>Nuria Garrido Cuenca, Francisco Delgado Piqueras, \u201cPatrimonios P\u00fablicos del Suelo\u201d, en Jim\u00e9nez Ib<em>, 2010.n-Aranzadi, Navarra, 2010: haiental, <\/em>\u00e1\u00f1ez, S. y Carrillo Morente, J.A. (Dirs.): <em>Derecho de la ordenaci\u00f3n del territorio y urban\u00edstico de Castilla-La Mancha<\/em>, Ed. Thomson-Aranzadi, Navarra, pp.721-773, 2010.<\/p>\n<p>Nuria Garrido Cuenca, \u201cEl Estatuto del aragon\u00e9s: ciudadan\u00eda y derechos\u201d, en Bermejo Vera, J. y L\u00f3pez Ram\u00f3n, F. (Dirs.): <em>Tratado de Derecho P\u00fablico Aragon\u00e9s<\/em>, Ed. Thomson Reuters-Civitas, Pamplona, pp. 253-289, 2010.<\/p>\n<p>Nuria Garrido Cuenca, \u201cLegislaci\u00f3n b\u00e1sica: el impacto ambiental de la Directiva de Servicios\u201d, en L\u00f3pez Ram\u00f3n, F. (Coord.):<em> Observatorio de Pol\u00edticas Ambientales,<\/em> Ed. Thomson-Aranzadi, pp. 183-207, 2010.<\/p>\n<p>Nuria Garrido Cuenca, \u201cCastilla-La Mancha: El reto de la sostenibilidad en un contexto de escasez presupuestaria\u201d, en L\u00f3pez Ram\u00f3n, F. (Coord.):<em> Observatorio de Pol\u00edticas Ambientales,<\/em> Ed. Thomson-Aranzadi, pp. 459-481, 2010.<\/p>\n<p>Nuria Garrido Cuenca, Francisco Delgado Piqueras, \u201cEl r\u00e9gimen de aprovechamiento de la energ\u00eda e\u00f3lica en Castilla-La Mancha\u201d, en <em>Re<\/em>v<em>ista electr\u00f3nica de Derecho Ambiental, <\/em>n\u00fam.21, (27 p\u00e1ginas), junio de 2010.<\/p>\n<p>Nuria Garrido Cuenca, \u201cDerecho y Pol\u00edticas ambientales en Castilla-La Mancha; enero-junio 2010\u201d, en <em>Revista Catalana de Dret Ambiental<\/em>, ISSN 2014-038X, Vol-I, n\u00ba1, (34 p\u00e1ginas), 2010.<\/p>\n<p>Nuria Garrido Cuenca, \u201cJurisprudencia ambiental en Castilla-La Mancha; enero-junio 2010\u201d, en <em>Revista Catalana de Dret Ambiental<\/em>, ISSN 2014-038X, Vol-I, n\u00ba1,\u00a0 (11 p\u00e1ginas), 2010.<\/p>\n<p>Nuria Garrido Cuenca, <em>\u201c<\/em>Derecho y Pol\u00edticas ambientales en Castilla-La Mancha; julio-diciembre 2010\u201d, en <em>Revista Catalana de Dret Ambiental<\/em>, ISSN 2014-038X, Vol-I, n\u00ba1, (34 p\u00e1ginas), 2010.<\/p>\n<p>Nuria Garrido Cuenca, \u201cJurisprudencia ambiental en Castilla-La Mancha; julio-diciembre 2010\u201d, en <em>Revista Catalana de Dret Ambiental<\/em>, ISSN 2014-038X, Vol-I, n\u00ba1, (23 p\u00e1ginas), 2010.<\/p>\n<p>Luis F. Maeso Seco,\u00a0 <em>La alta direcci\u00f3n p\u00fablica: an\u00e1lisis y propuestas<\/em> (junto con Ortega \u00c1lvarez, L.), Edit. INAP, Madrid, 2010.<\/p>\n<p>Luis F. Maeso Seco, \u00a0\u201cAdministrative Law \u2013 Spain\u201d, en <em>Revue europeenne de droit public<\/em>\/ <em>European review of public law<\/em> , Vol. 22, n\u00ba. 4, 2010 (Ejemplar dedicado a: The John Anastopoulos Lecture \/ Conf\u00e9rence Jean Anastopoulos), p\u00e1gs. 1199-1247.<\/p>\n<p>Luis F. Maeso Seco,\u00a0 \u201cFunci\u00f3n directiva y directivos p\u00fablicos en la administraci\u00f3n de justicia: en lo macro (ministerio-consejer\u00edas) y en lo micro (oficina judicial y secretarios judiciales)\u201d, en Palomar Olmeda, A. (Dir.), <em>Gesti\u00f3n p\u00fablica de la administraci\u00f3n de justicia<\/em>, Edit. Aranzadi, Pamplona, 2010, p\u00e1gs. 205-320.<\/p>\n<p>Luis F. Maeso Seco, \u00a0\u201cReflexiones en torno a la encomienda del EBEP a favor de los ejecutivos para establecer el r\u00e9gimen del personal directivo profesional\u201d, en Ortega \u00c1lvarez, L., y Maeso Seco, L. F. (Coord.), <em>La alta direcci\u00f3n p\u00fablica: an\u00e1lisis y propuestas<\/em>, Edit. INAP, Madrid, 2010, p\u00e1gs. 19-46.<\/p>\n<p>Luis F. Maeso Seco, \u00a0\u201cLa \u2018cuesti\u00f3n directiva\u2019 y el r\u00e9gimen jur\u00eddico del personal directivo AGE: algunas ideas para la toma de decisiones en la materia\u201d, en Ortega \u00c1lvarez, L., y Maeso Seco, L. F. (Coord.), <em>La alta direcci\u00f3n p\u00fablica: an\u00e1lisis y propuestas<\/em>, Edit. INAP, Madrid, 2010, p\u00e1gs. 73-112.<\/p>\n<p>Isaac Mart\u00edn Delgado, \u201cConcepto y r\u00e9gimen jur\u00eddico de la sede (administrativa) electr\u00f3nica\u201d, en<em>\u00a0Administraci\u00f3n electr\u00f3nica: la Ley\/2007, de 22 de junio, de acceso electr\u00f3nico de los ciudadanos a los Servicios P\u00fablicos y los retos jur\u00eddicos del e-gobierno en Espa\u00f1a<\/em>, L. Cotino\u00a0 Hueso y J. Valero Torrijos (Coords.), Tirant lo Blanch, Valencia, 2010.<\/p>\n<p>Isaac Mart\u00edn Delgado, \u201cLa Gesti\u00f3n electr\u00f3nica del procedimiento administrativo\u201d, en <em>Administraci\u00f3n electr\u00f3nica: estudios, buenas pr\u00e1cticas y experiencias en el \u00e1mbito local<\/em>, Cristina De la Hera Pascual (Coord.), Fundaci\u00f3n Democracia y Gobierno Local, Barcelona, 2010.<\/p>\n<p>Pablo Meix Cereceda, \u00a0Elize K\u00fcng, \u201cLegal Status of Languages in Education: the cases of South Africa and Spain\u201d, en <em>International Journal for Education Law and Policy<\/em>, vol. 6, nums. 1-2, pp. 33-50, 2010, ISSN: 1574-3454.<\/p>\n<p>Pablo Meix Cereceda, \u00a0\u201dVariaciones sobre la Constituci\u00f3n y los derechos fundamentales\u201d, en <em>Revista Aragonesa de Administraci\u00f3n P\u00fablica<\/em>, n\u00fam. 36, pp. 423-447, 2010. ISSN: 1133-4797 y en la revista digital del CEMCI, ISSN 1989-2470 <a href=\"http:\/\/www.cemci.org\/revista\/revista8\/pdf\/recension.pdf\">http:\/\/www.cemci.org\/revista\/revista8\/pdf\/recension.pdf<\/a>.<\/p>\n<p>Juana Morcillo Moreno, \u201cLa participaci\u00f3n auton\u00f3mica en Instituciones Internacionales\u201d, dentro del libro <em>Reformas estatutarias y Organizaci\u00f3n Institucional<\/em>,dirigido por el prof. Balaguer Callej\u00f3n, ed. Instituto Andaluz de Administraci\u00f3n P\u00fablica, Sevilla, 2010, p\u00e1gs. 687 a 706.<\/p>\n<p>Juana Morcillo Moreno, \u201cLas TIC en el marco de la globalizaci\u00f3n: pasado, presente y futuro de la Administraci\u00f3n electr\u00f3nica\u201d, <em>Diario La Ley<\/em>, n\u00fam. 7470 (2010), p\u00e1gs. 3 y ss.<\/p>\n<p>Jos\u00e9 Antonio Moreno Molina,<em> La reforma de la Ley de Contratos del Sector P\u00fablico en materia de recursos<\/em>, Wolters Kluwer La Ley, Madrid, 2010.1, p. 15.<\/p>\n<p>Jos\u00e9 Antonio Moreno Molina,\u201cEl nuevo derecho de la contrataci\u00f3n p\u00fablica: de las prerrogativas de la Administraci\u00f3n a la garant\u00eda de los principios generales\u201d, en AAVV, <em>La Administraci\u00f3n P\u00fablica entre dos siglos. Homenaje a Mariano Baena del Alc\u00e1zar<\/em> (ARENILLA SAEZ, M., coord.), Instituto Nacional de Administraci\u00f3n P\u00fablica, Madrid, 2010, p\u00e1gs. 1525 a 1539.<\/p>\n<p>Jos\u00e9 Antonio Moreno Molina,\u201cSustainable forest management in the law 3\/2008 of Castilla la Mancha and adjustment to state law and the European Union on the matter\u201d, en AAVV (Editors: J. Mondejar-Jimenez et al.), <em>Research Studies on Tourism and Environment<\/em>, Nova Science Publishers, Inc., Nueva York (EEUU), Cap. 24, p\u00e1gs. 1-9.<\/p>\n<p>Jos\u00e9 Antonio Moreno Molina,\u201cContratos p\u00fablicos y discapacidad\u201d, en AAVV (coordinador GONZ\u00c1LEZ-BADIA FRAGA, J.), <em>Entidades locales y derecho de discapacidad<\/em>, CEMCI, Granada, 2010, p\u00e1gs. 181 a 208.<\/p>\n<p>Jos\u00e9 Antonio Moreno Molina,\u201cEl acceso a la justicia administrativa en Espa\u00f1a\u201d (junto a DOM\u00cdNGUEZ ALONSO, A.P.), en AAVV, Directos Fundamentais e a funcao do Estado nos planos interno e internacional (direcci\u00f3n TUFFI SALIBA, ASSAGRA DE ALMEIDA Y GOMES J\u00daNIOR), colecci\u00f3n \u201cDirectos Fundamentais Individuais e Coletivos\u201d, Arraes Editores, Belo Horizonte, 2010, p\u00e1gs. 459 a 482.<\/p>\n<p>Jos\u00e9 Antonio Moreno Molina,\u201cPublic Procurement\u201d, <em>Spanish Administrative Law Under European Influence<\/em> (edited by LUIS ORTEGA, LUIS ARROYO, CARMEN PLAZA), Europa Law Publishing, Groningen, 2010, p\u00e1gs. 83-105.<\/p>\n<p>Jos\u00e9 Antonio Moreno Molina,\u201cLos nuevos supuestos especiales de nulidad de los contratos introducidos en la LCSP por la Ley 34\/2010\u201d, <em>Contrataci\u00f3n Administrativa Pr\u00e1ctica<\/em> n\u00ba 103 (2010), p\u00e1gs. 35 a 42.<\/p>\n<p>Jos\u00e9 Antonio Moreno Molina,\u201cLa Ley 34\/2010, de 5 de agosto, de modificaci\u00f3n de la Ley de Contratos del Sector P\u00fablico en materia de recursos y su incidencia en Castilla-La Mancha\u201d, <em>Revista Jur\u00eddica de Castilla-La Mancha<\/em> n\u00fam. 49 (2010), p\u00e1gs. 97-123.<\/p>\n<p>Jos\u00e9 Antonio Moreno Molina,\u201cLas \u00faltimas reformas de la LCSP y en especial la Ley 34\/2010, de 5 de agosto, de modificaci\u00f3n de la LCSP, la Ley de Contratos en los Sectores Especiales y la Ley de la Jurisdicci\u00f3n Contencioso Administrativa\u201d, <em>Contrataci\u00f3n Administrativa Pr\u00e1ctica,<\/em> n\u00ba 102 (2010), p\u00e1gs. 3 a 32.<\/p>\n<p>Jos\u00e9 Antonio Moreno Molina,\u201dLa Ley 34\/2010 y la adaptaci\u00f3n en Espa\u00f1a del derecho de la Uni\u00f3n Europea en materia de recursos en los procedimientos de adjudicaci\u00f3n de contratos p\u00fablicos\u201d, Revista General de Derecho Administrativo n\u00ba 25 (2010), RI \u00a7409645, p\u00e1gs. 1 a 29. ISSN 1696-9650.<\/p>\n<p>Eva Nieto Garrido e Isaac Mart\u00edn Delgado, <em>El Derecho administrativo en el Tratado de Lisboa<\/em>, Marcial Pons, Madrid\/Barcelona, 2010.<\/p>\n<p>Eva Nieto Garrido, \u201cLa revisi\u00f3n de las bases del orden constitucional de distribuci\u00f3n de competencias. A prop\u00f3sito de la STC 31\/2010, de 28 de junio\u201d, <em>Revista General de Derecho Administrativo<\/em>, vol. 25, 2010.<\/p>\n<p>Luis Ortega \u00c1lvarez, \u201cA comparison with the Spanish Regulation of Administrative Procedures\u201d, <em>Italian Journal of Public Law<\/em>, n\u00ba. 2, 2010, 295-307.<\/p>\n<p>Luis Ortega \u00c1lvarez, \u201cLa posici\u00f3n de los Estatutos de Autonom\u00eda con relaci\u00f3n a las competencias estatales tras la sentencia del Tribunal Constitucional 31\/2010 de 28 de junio, sobre el Estatuto de Autonom\u00eda de Catalu\u00f1a\u201d, <em>Revista Espa\u00f1ola de Derecho Constitucional<\/em>, n\u00ba. 90, 2010, 267-285.<\/p>\n<p>Luis Ortega \u00c1lvarez, Luis Arroyo Jim\u00e9nez y Carmen Plaza (eds.), <em>Spanish Administrative Law under European Influence<\/em>, Europa Law Publishing, 2010.<\/p>\n<p>Luis Ortega \u00c1lvarez y Luis F. Maeso Seco (coords.), <em>La alta direcci\u00f3n p\u00fablica: an\u00e1lisis y propuestas<\/em>, INAP, Madrid, 2010.<\/p>\n<div align=\"justify\"><\/div>\n<div align=\"justify\">\n<p>Carmen Plaza Mart\u00edn, \u201cMisure straordinarie per la riduzione del deficit in Spagna: un\u2019inversione di marcia nel governo dell\u2019economia e nella pol\u00edtica fiscale\u201d, Giornale di Diritto Amministrativo, 2010, pp 1306-1309.<\/p>\n<p>Carmen Plaza Mart\u00edn, \u00bfState liability for legislative injustice, National Procedural Autonomy and the Principle of Equivalence: going too far in Transportes Urbanos?, Review of European Administrative Law, Vol. 3 (2), 2010, pp. 27-51, Paris Legal Publishers, Groningen, The Netherlands<\/p>\n<p>Carmen Plaza Mart\u00edn, \u201cLa CNMV: Funciones y Potestades en Materias de OPAS\u201d, en J. Juste y A. Castells (Dir.), Estudio sistem\u00e1tico del r\u00e9gimen de las ofertas p\u00fablicas de Adquisici\u00f3n en el Derecho Espa\u00f1ol, Tirant lo Blanch, valencia, 2010, pp. 593-629.<\/p>\n<p>Luis Ortega Alvarez y Carmen Plaza, \u201cOn the Transformation of Spanish Administrative (Procedural) Law under the Influence of European Law\u201d, en J. Schwarze (Dir.), L\u2019Etat Actuel et les Perspectives du Droit Administratif Europ\u00e9en, Bruylant, Bruselas, 2010, pp. 137-174.<\/p>\n<p>Francisco Puerta Seguido, \u00a0\u201cla nueva organizaci\u00f3n administrativa de las valoraciones expropiatorias. Especial referencia al jurado regional de valoraciones de Castilla-La Mancha\u201d. <em>Revista Jur\u00eddica de Castilla-La Mancha<\/em>, n\u00ba. 48, 2.010.<\/div>\n<p>Jes\u00fas Punz\u00f3n Moraleda y Francisco S\u00e1nchez Rodr\u00edguez, \u201cComentario a las modificaciones introducidas por la ley 15\/2010, de 5 de julio \u2013 Modificaci\u00f3n de la Ley 3\/2004, de 29-12-2004, por la que se establecen medidas de lucha contra la morosidad en las operaciones comerciales- y su afectaci\u00f3n a la Ley 30\/2007, de 30 de octubre, de Contratos del Sector P\u00fablico\u201d, <em>Revista jur\u00eddica de Castilla \u2013 La Mancha<\/em>, n\u00ba. 49, 2010.<\/p>\n<p>Jes\u00fas Punz\u00f3n Moraleda y Francisco S\u00e1nchez Rodr\u00edguez, \u201cLa incidencia de los derechos fundamentales en la configuraci\u00f3n legal de las federaciones deportivas: el derecho de asociaci\u00f3n\u201d, <em>Revista jur\u00eddica de deporte y entretenimiento: deportes, juegos de azar, entretenimiento y m\u00fasica<\/em>, n\u00ba. 28, 2010.<\/p>\n<p>Jes\u00fas Punz\u00f3n Moraleda y Francisco S\u00e1nchez Rodr\u00edguez, \u201cEl \u201csellado de tiempo\u201d (\u201ctime-stamping\u201d) como garant\u00eda del \u201cno repudio temporal\u201d en la Ley de Acceso Electr\u00f3nico de los ciudadanos a las Administraciones P\u00fablicas\u201d, en <em>Administraci\u00f3n electr\u00f3nica: la Ley\/2007, de 22 de junio, de acceso electr\u00f3nico de los ciudadanos a los Servicios P\u00fablicos y los retos jur\u00eddicos del e-gobierno en Espa\u00f1a<\/em>, L. Cotino Hueso y Juli\u00e1n Valero Torrijos (coords.), 2010.<\/p>\n<p>Dolores Utrilla Fern\u00e1ndez-Bermejo, \u00abLa garant\u00eda patrimonial ante actos normativos l\u00edcitos en Derecho comunitario: entre la responsabilidad patrimonial objetiva y el derecho de propiedad\u00bb, <em>Revista de Administraci\u00f3n P\u00fablica<\/em>, n\u00famero 181 (enero-abril 2010), pp. 219-235.<\/p>\n","protected":false},"excerpt":{"rendered":"<p>Consuelo Alonso Garc\u00eda, \u201cNueva perspectiva de las actividades clasificadas\u201d, La calidad del aire y la protecci\u00f3n de la atm\u00f3sfera, Aranzadi, Cizur Menor, 2010. Consuelo Alonso Garc\u00eda, \u201cLa consolidaci\u00f3n de la normativa ambiental y el progresivo afianzamiento de la pol\u00edtica protectora\u201d, en Observatorio de Pol\u00edticas ambientales 2010, Aranzadi, Cizur Menor, 2010. Consuelo Alonso Garc\u00eda, \u201cLa responsabilidad &hellip; <a href=\"https:\/\/blog.uclm.es\/ada\/publicaciones-publications\/2010-2\/\" class=\"more-link\">Continuar leyendo<span class=\"screen-reader-text\"> \u00ab2010\u00bb<\/span><\/a><\/p>\n","protected":false},"author":11,"featured_media":0,"parent":10,"menu_order":3,"comment_status":"open","ping_status":"open","template":"","meta":{"footnotes":""},"class_list":["post-46","page","type-page","status-publish","hentry"],"_links":{"self":[{"href":"https:\/\/blog.uclm.es\/ada\/wp-json\/wp\/v2\/pages\/46","targetHints":{"allow":["GET"]}}],"collection":[{"href":"https:\/\/blog.uclm.es\/ada\/wp-json\/wp\/v2\/pages"}],"about":[{"href":"https:\/\/blog.uclm.es\/ada\/wp-json\/wp\/v2\/types\/page"}],"author":[{"embeddable":true,"href":"https:\/\/blog.uclm.es\/ada\/wp-json\/wp\/v2\/users\/11"}],"replies":[{"embeddable":true,"href":"https:\/\/blog.uclm.es\/ada\/wp-json\/wp\/v2\/comments?post=46"}],"version-history":[{"count":0,"href":"https:\/\/blog.uclm.es\/ada\/wp-json\/wp\/v2\/pages\/46\/revisions"}],"up":[{"embeddable":true,"href":"https:\/\/blog.uclm.es\/ada\/wp-json\/wp\/v2\/pages\/10"}],"wp:attachment":[{"href":"https:\/\/blog.uclm.es\/ada\/wp-json\/wp\/v2\/media?parent=46"}],"curies":[{"name":"wp","href":"https:\/\/api.w.org\/{rel}","templated":true}]}}