{"id":444,"date":"2013-06-12T19:02:34","date_gmt":"2013-06-12T18:02:34","guid":{"rendered":"http:\/\/blog.uclm.es\/ada\/?page_id=444"},"modified":"2024-10-28T11:32:51","modified_gmt":"2024-10-28T10:32:51","slug":"susana-de-la-sierra","status":"publish","type":"page","link":"https:\/\/blog.uclm.es\/ada\/profesorado\/susana-de-la-sierra\/","title":{"rendered":"Susana de la Sierra"},"content":{"rendered":"<p>Susana de la Sierra es Catedr\u00e1tica de Derecho Administrativo en el campus de Toledo. Licenciada por la Universidad de Cantabria en 1998, realiz\u00f3 un M\u00e1ster en Derecho alem\u00e1n y comparado en la Universidad de Bayreuth (Alemania) gracias a una beca de la Fundaci\u00f3n <i>La Caixa <\/i>y del Servicio Alem\u00e1n de Intercambio de Estudiantes (DAAD). En el marco del M\u00e1ster y bajo la direcci\u00f3n de Rudolf Streinz, Catedr\u00e1tico de Derecho Europeo, prepar\u00f3 el trabajo \u201c<i>Die Europ\u00e4ische Menschenrechtskonvention im innerstaatlichen Recht Deutschlands und Spaniens. Positives Recht und Verfassungsrechtsprechung<\/i>\u201d (La Convenci\u00f3n Europea de Derechos Humanos en los ordenamientos jur\u00eddicos alem\u00e1n y espa\u00f1ol. Derecho positivo y jurisprudencia constitucional). A la Universidad de Bayreuth, donde ya hab\u00eda cursado tambi\u00e9n el \u00faltimo a\u00f1o de la Licenciatura, ha regresado en diversas ocasiones, en particular para participar como docente cada a\u00f1o en el curso <i>Einf\u00fchrung in das spanische Recht<\/i>, dirigido por el profesor Stefan Leible.<\/p>\n<p>Fue investigadora predoctoral durante cuatro a\u00f1os en el Instituto Universitario Europeo de Florencia, gracias a una beca del Ministerio espa\u00f1ol de Asuntos Exteriores. All\u00ed se especializ\u00f3 en Derecho P\u00fablico Comparado en el marco de la integraci\u00f3n europea y prepar\u00f3 una tesis doctoral dirigida por los profesores Jacques Ziller y Luis Mart\u00edn Rebollo. La tesis fue defendida en franc\u00e9s en Florencia en 2003 ante un tribunal presidido por D. Eduardo Garc\u00eda de Enterr\u00eda y recibi\u00f3 una distinci\u00f3n especial en el Premio de Tesis 2004 que concede el Grupo Europeo de Derecho P\u00fablico. El trabajo vers\u00f3 sobre las medidas cautelares en la jurisdicci\u00f3n contencioso-administrativa en Alemania, Francia y Espa\u00f1a, as\u00ed como en el Derecho comunitario, y conten\u00eda, adem\u00e1s, un extenso cap\u00edtulo sobre la teor\u00eda del m\u00e9todo comparado. Durante el periodo de elaboraci\u00f3n de la tesis estuvo invitada como investigadora en el Consejo de Estado franc\u00e9s en Par\u00eds, as\u00ed como en la Universidad Humboldt de Berl\u00edn.<\/p>\n<p>Tras su incorporaci\u00f3n a la Universidad de Castilla-La Mancha en octubre de 2003, ha mantenido su v\u00ednculo con el Instituto Universitario Europeo, lugar al que tambi\u00e9n ha regresado en varios momentos, sea para participar en actividades acad\u00e9micas concretas sea como <i>Visiting Fellow <\/i>por periodos m\u00e1s extensos. En este periodo postdoctoral se ha especializado en Derecho del cine y, para ello, ha acudido como profesora invitada a la Universidad de Oxford durante el verano de 2005 y a la Universidad de Columbia en Nueva York en el a\u00f1o 2007, gracias a una beca <i>Fulbright <\/i>del programa especial de relaciones entre Estados Unidos y la Uni\u00f3n Europea.<\/p>\n<p>Sus l\u00edneas de investigaci\u00f3n son, fundamentalmente, el Derecho P\u00fablico Comparado en el marco de la integraci\u00f3n europea, la justicia administrativa, el Derecho de la Cultura (en particular, el cine) y la relaci\u00f3n entre medios de comunicaci\u00f3n y democracia. Es investigadora principal del equipo espa\u00f1ol en el proyecto del S\u00e9ptimo Programa Marco de la Comisi\u00f3n Europea <i>Revisi\u00f3n de las pol\u00edticas europeas sobre medios de comunicaci\u00f3n: Evaluaci\u00f3n y exigencia de medios libres e independientes en las democracias europeas<\/i> (MEDIADEM: <a href=\"http:\/\/www.mediadem.eliamep.gr\/\">http:\/\/www.mediadem.eliamep.gr<\/a>). Ha coordinado tres libros colectivos y cuenta con m\u00e1s de cuarenta publicaciones, incluidas tres monograf\u00edas, en castellano, alem\u00e1n, franc\u00e9s e ingl\u00e9s.<\/p>\n<p>Adem\u00e1s de la investigaci\u00f3n, ha impartido docencia en diversas titulaciones, en cursos de postgrado y en seminarios especializados. Comparte la opini\u00f3n de quienes consideran que la Universidad tiene una funci\u00f3n social de primer orden y que ello se plasma de manera espec\u00edfica en la clase, donde m\u00e1s all\u00e1 de transmitir conocimientos se habr\u00eda de ejercitar (en condiciones ideales, probablemente) el an\u00e1lisis cr\u00edtico de la realidad (jur\u00eddica), la independencia en el aprendizaje y el valor del esfuerzo.<\/p>\n<p>Ha desempe\u00f1ado diversas tareas de gesti\u00f3n en la Universidad, en particular en el \u00e1mbito de las relaciones internacionales y de la investigaci\u00f3n, y participa activamente en la pol\u00edtica social universitaria. Es miembro desde su constituci\u00f3n de la Comisi\u00f3n Mujer y Ciencia de la Facultad de Ciencias Jur\u00eddicas y Sociales de Toledo.<\/p>\n<p>Habla con fluidez alem\u00e1n, franc\u00e9s, ingl\u00e9s e italiano y ha realizado cursos avanzados de ruso, uno de ellos en la Universidad de San Petersburgo. Su inter\u00e9s por otras culturas y por las relaciones internacionales se ha plasmado hasta la fecha en el impulso de la firma de convenios de colaboraci\u00f3n entre la UCLM y la Universidad de Bayreuth, la Universidad de Kent (Reino Unido) y la Universidad Federal de Siberia, en Krasnoyarsk. En esta \u00faltima ha impartido un curso introductorio sobre la Uni\u00f3n Europea dirigido a un excelente grupo de estudiantes pertenecientes a la rama inglesa del Departamento de Derecho Comparado.<\/p>\n\n\n<p><\/p>\n","protected":false},"excerpt":{"rendered":"<p>Susana de la Sierra es Catedr\u00e1tica de Derecho Administrativo en el campus de Toledo. Licenciada por la Universidad de Cantabria en 1998, realiz\u00f3 un M\u00e1ster en Derecho alem\u00e1n y comparado en la Universidad de Bayreuth (Alemania) gracias a una beca de la Fundaci\u00f3n La Caixa y del Servicio Alem\u00e1n de Intercambio de Estudiantes (DAAD). En &hellip; <a href=\"https:\/\/blog.uclm.es\/ada\/profesorado\/susana-de-la-sierra\/\" class=\"more-link\">Continuar leyendo<span class=\"screen-reader-text\"> \u00abSusana de la Sierra\u00bb<\/span><\/a><\/p>\n","protected":false},"author":11,"featured_media":0,"parent":1624,"menu_order":0,"comment_status":"closed","ping_status":"open","template":"","meta":{"footnotes":""},"class_list":["post-444","page","type-page","status-publish","hentry"],"_links":{"self":[{"href":"https:\/\/blog.uclm.es\/ada\/wp-json\/wp\/v2\/pages\/444","targetHints":{"allow":["GET"]}}],"collection":[{"href":"https:\/\/blog.uclm.es\/ada\/wp-json\/wp\/v2\/pages"}],"about":[{"href":"https:\/\/blog.uclm.es\/ada\/wp-json\/wp\/v2\/types\/page"}],"author":[{"embeddable":true,"href":"https:\/\/blog.uclm.es\/ada\/wp-json\/wp\/v2\/users\/11"}],"replies":[{"embeddable":true,"href":"https:\/\/blog.uclm.es\/ada\/wp-json\/wp\/v2\/comments?post=444"}],"version-history":[{"count":2,"href":"https:\/\/blog.uclm.es\/ada\/wp-json\/wp\/v2\/pages\/444\/revisions"}],"predecessor-version":[{"id":1799,"href":"https:\/\/blog.uclm.es\/ada\/wp-json\/wp\/v2\/pages\/444\/revisions\/1799"}],"up":[{"embeddable":true,"href":"https:\/\/blog.uclm.es\/ada\/wp-json\/wp\/v2\/pages\/1624"}],"wp:attachment":[{"href":"https:\/\/blog.uclm.es\/ada\/wp-json\/wp\/v2\/media?parent=444"}],"curies":[{"name":"wp","href":"https:\/\/api.w.org\/{rel}","templated":true}]}}