{"id":432,"date":"2013-06-12T18:58:51","date_gmt":"2013-06-12T17:58:51","guid":{"rendered":"http:\/\/blog.uclm.es\/ada\/?page_id=432"},"modified":"2024-10-28T11:22:20","modified_gmt":"2024-10-28T10:22:20","slug":"juani-morcillo-moreno","status":"publish","type":"page","link":"https:\/\/blog.uclm.es\/ada\/profesorado\/juani-morcillo-moreno\/","title":{"rendered":"Juana Morcillo Moreno"},"content":{"rendered":"<p>Catedr\u00e1tica de Derecho Administrativo en la UCLM desde 2023.<\/p>\n<p>Nace en Hell\u00edn (Albacete) en 1974. Se licencia en Derecho por la Universidad de Castilla-La Mancha en 1996, obteniendo el Premio Extraordinario de Licenciatura.<\/p>\n<p>Entre 1997 y 1998 realiza los cursos de Doctorado en la Universidad de Castilla-La Mancha al tiempo que inicia su carrera docente e investigadora como becaria de la Junta de Comunidades de Castilla-la Mancha. Realiza su tesis doctoral sobre la prejudicialidad en el Derecho administrativo, obteniendo el Doctorado en septiembre de 2004 con la calificaci\u00f3n de sobresaliente <i>cum<\/i> <i>laude<\/i> por unanimidad.<\/p>\n<p>En septiembre de 1999 y 2000, becada por la Academy of European Public Law (Grecia), particip\u00f3 activamente en su 5\u00aa y 6\u00aa sesi\u00f3n con intervenciones sobre Derechos humanos y Unificaci\u00f3n de Derecho europeo.<\/p>\n<p>Ha disfrutado de estancias de investigaci\u00f3n en las universidades de Oxford, La Sapienza (Roma), Calabria (con beca postdoctoral de la Junta de Comunidades de Castilla-La Mancha), Bolonia, Roma Tres y Pretoria (Sud\u00e1frica).<\/p>\n<p>Es autora de tres monograf\u00edas, de varios cap\u00edtulos de libros y de numerosos art\u00edculos en revistas especializadas. Habla ingl\u00e9s, franc\u00e9s e italiano.<\/p>\n<p>Ense\u00f1a Derecho Administrativo en la Facultad de Derecho de Albacete. Tambi\u00e9n ha sido profesora colaboradora en la Universidad Nacional de Educaci\u00f3n a Distancia (Centro Asociado de Albacete).<\/p>\n<p>Ha sido Juez sustituta de los partidos judiciales de Albacete y provincia entre 2002 y 2010.<\/p>\n","protected":false},"excerpt":{"rendered":"<p>Catedr\u00e1tica de Derecho Administrativo en la UCLM desde 2023. Nace en Hell\u00edn (Albacete) en 1974. Se licencia en Derecho por la Universidad de Castilla-La Mancha en 1996, obteniendo el Premio Extraordinario de Licenciatura. Entre 1997 y 1998 realiza los cursos de Doctorado en la Universidad de Castilla-La Mancha al tiempo que inicia su carrera docente &hellip; <a href=\"https:\/\/blog.uclm.es\/ada\/profesorado\/juani-morcillo-moreno\/\" class=\"more-link\">Continuar leyendo<span class=\"screen-reader-text\"> \u00abJuana Morcillo Moreno\u00bb<\/span><\/a><\/p>\n","protected":false},"author":11,"featured_media":0,"parent":1624,"menu_order":0,"comment_status":"closed","ping_status":"open","template":"","meta":{"footnotes":""},"class_list":["post-432","page","type-page","status-publish","hentry"],"_links":{"self":[{"href":"https:\/\/blog.uclm.es\/ada\/wp-json\/wp\/v2\/pages\/432","targetHints":{"allow":["GET"]}}],"collection":[{"href":"https:\/\/blog.uclm.es\/ada\/wp-json\/wp\/v2\/pages"}],"about":[{"href":"https:\/\/blog.uclm.es\/ada\/wp-json\/wp\/v2\/types\/page"}],"author":[{"embeddable":true,"href":"https:\/\/blog.uclm.es\/ada\/wp-json\/wp\/v2\/users\/11"}],"replies":[{"embeddable":true,"href":"https:\/\/blog.uclm.es\/ada\/wp-json\/wp\/v2\/comments?post=432"}],"version-history":[{"count":3,"href":"https:\/\/blog.uclm.es\/ada\/wp-json\/wp\/v2\/pages\/432\/revisions"}],"predecessor-version":[{"id":1797,"href":"https:\/\/blog.uclm.es\/ada\/wp-json\/wp\/v2\/pages\/432\/revisions\/1797"}],"up":[{"embeddable":true,"href":"https:\/\/blog.uclm.es\/ada\/wp-json\/wp\/v2\/pages\/1624"}],"wp:attachment":[{"href":"https:\/\/blog.uclm.es\/ada\/wp-json\/wp\/v2\/media?parent=432"}],"curies":[{"name":"wp","href":"https:\/\/api.w.org\/{rel}","templated":true}]}}