{"id":426,"date":"2013-06-12T18:55:58","date_gmt":"2013-06-12T17:55:58","guid":{"rendered":"http:\/\/blog.uclm.es\/ada\/?page_id=426"},"modified":"2013-06-12T18:55:58","modified_gmt":"2013-06-12T17:55:58","slug":"426-2","status":"publish","type":"page","link":"https:\/\/blog.uclm.es\/ada\/profesorado\/426-2\/","title":{"rendered":"Miguel Beltr\u00e1n de Felipe"},"content":{"rendered":"<p>Facultad de Derecho y Ciencias Sociales, Ciudad Real<\/p>\n<p>Universidad de Castilla-La Mancha<\/p>\n<p>Ronda de Toledo s\/n<\/p>\n<p>13.071 \u2013 Ciudad Real<\/p>\n<p>Tel\u00e9fono: 926295300\/3587<\/p>\n<p>Correo electr\u00f3nico: <a href=\"mailto:Miguel.Beltran@uclm.es\">Miguel.Beltran@uclm.es<\/a><\/p>\n<p>Miguel Beltr\u00e1n de Felipe es Catedr\u00e1tico de Derecho Administrativo en la UCLM. Ha sido profesor en las Universidades Complutense y de Georgetown (EEUU). Trabaj\u00f3 cuatro a\u00f1os como Letrado en el Tribunal Constitucional. Fue Subdirector General de Estudios e Informes en la Secretar\u00eda de Estado de Relaciones con las Cortes, en el Ministerio de la Presidencia, y Presidente del Jurado Regional de Valoraciones de la JCCM. Ha sido igualmente becario Fulbright, consultor externo de la Organizaci\u00f3n de los Estados Americanos, y Congressional Fellow en la C\u00e1mara de Representantes del Congreso de los EEUU. Es autor de seis monograf\u00edas, de quince cap\u00edtulos de libros o trabajos en obras colectivas y de dos docenas de art\u00edculos y trabajos en revistas nacionales e internacionales. Sus publicaciones tienen por objeto vivienda y urbanismo, expropiaci\u00f3n forzosa, arbitraje internacional de inversiones, sanciones administrativas, jurisdicci\u00f3n contencioso-administrativa, derechos fundamentales y derecho p\u00fablico econ\u00f3mico.<\/p>\n","protected":false},"excerpt":{"rendered":"<p>Facultad de Derecho y Ciencias Sociales, Ciudad Real Universidad de Castilla-La Mancha Ronda de Toledo s\/n 13.071 \u2013 Ciudad Real Tel\u00e9fono: 926295300\/3587 Correo electr\u00f3nico: Miguel.Beltran@uclm.es Miguel Beltr\u00e1n de Felipe es Catedr\u00e1tico de Derecho Administrativo en la UCLM. Ha sido profesor en las Universidades Complutense y de Georgetown (EEUU). Trabaj\u00f3 cuatro a\u00f1os como Letrado en el &hellip; <a href=\"https:\/\/blog.uclm.es\/ada\/profesorado\/426-2\/\" class=\"more-link\">Continuar leyendo<span class=\"screen-reader-text\"> \u00abMiguel Beltr\u00e1n de Felipe\u00bb<\/span><\/a><\/p>\n","protected":false},"author":11,"featured_media":0,"parent":1624,"menu_order":0,"comment_status":"closed","ping_status":"open","template":"","meta":{"footnotes":""},"class_list":["post-426","page","type-page","status-publish","hentry"],"_links":{"self":[{"href":"https:\/\/blog.uclm.es\/ada\/wp-json\/wp\/v2\/pages\/426","targetHints":{"allow":["GET"]}}],"collection":[{"href":"https:\/\/blog.uclm.es\/ada\/wp-json\/wp\/v2\/pages"}],"about":[{"href":"https:\/\/blog.uclm.es\/ada\/wp-json\/wp\/v2\/types\/page"}],"author":[{"embeddable":true,"href":"https:\/\/blog.uclm.es\/ada\/wp-json\/wp\/v2\/users\/11"}],"replies":[{"embeddable":true,"href":"https:\/\/blog.uclm.es\/ada\/wp-json\/wp\/v2\/comments?post=426"}],"version-history":[{"count":0,"href":"https:\/\/blog.uclm.es\/ada\/wp-json\/wp\/v2\/pages\/426\/revisions"}],"up":[{"embeddable":true,"href":"https:\/\/blog.uclm.es\/ada\/wp-json\/wp\/v2\/pages\/1624"}],"wp:attachment":[{"href":"https:\/\/blog.uclm.es\/ada\/wp-json\/wp\/v2\/media?parent=426"}],"curies":[{"name":"wp","href":"https:\/\/api.w.org\/{rel}","templated":true}]}}